{"id":867,"date":"2025-11-14T13:44:13","date_gmt":"2025-11-14T18:44:13","guid":{"rendered":"https:\/\/dxplastiques.com\/?page_id=867"},"modified":"2025-12-05T13:23:27","modified_gmt":"2025-12-05T18:23:27","slug":"demande-de-soumission","status":"publish","type":"page","link":"https:\/\/dxplastiques.com\/fr\/demande-de-soumission\/","title":{"rendered":"Demande de soumission"},"content":{"rendered":"<div id=\"pl-867\"  class=\"panel-layout\" ><div id=\"pg-867-0\"  class=\"panel-grid panel-has-style\" ><div class=\"row_spacing_top panel-row-style panel-row-style-for-867-0\" ><div id=\"pgc-867-0-0\"  class=\"panel-grid-cell panel-grid-cell-empty\" ><\/div><div id=\"pgc-867-0-1\"  class=\"panel-grid-cell panel-grid-cell-mobile-last\" ><div id=\"panel-867-0-1-0\" class=\"so-panel widget widget_black-studio-tinymce widget_black_studio_tinymce panel-first-child panel-last-child\" data-index=\"0\" ><div class=\"last_no_mb img_left_overlap_center panel-widget-style panel-widget-style-for-867-0-1-0\" ><div class=\"textwidget\"><h1 style=\"text-align: center;\"><span class=\"title_black_upp\">Soumettre un projet de thermoformage<\/span><\/h1>\n<p style=\"text-align: center;\"><span class=\"title_box_grey\">Partagez les d\u00e9tails de votre projet pour une \u00e9valuation technique et une proposition adapt\u00e9e \u00e0 vos besoins de production.<\/span><\/p>\n<p style=\"text-align: center;\">Que vous soyez en phase de d\u00e9veloppement, de prototypage ou de production, notre \u00e9quipe technique analyse chaque projet avec rigueur pour vous proposer la solution de fabrication la plus efficace.<\/p>\n<p style=\"text-align: center;\">Remplissez le formulaire ci-dessous en pr\u00e9cisant le type de pi\u00e8ce, le volume estim\u00e9 et, si possible, les sp\u00e9cifications techniques ou fichiers disponibles (dessin, CAD, photo).<\/p>\n<p style=\"text-align: center;\">Nos sp\u00e9cialistes \u00e9valueront votre demande et communiqueront avec vous rapidement pour discuter de la faisabilit\u00e9, des options de mat\u00e9riaux et des proc\u00e9d\u00e9s les mieux adapt\u00e9s \u00e0 votre application.<\/p>\n<\/div><\/div><\/div><\/div><div id=\"pgc-867-0-2\"  class=\"panel-grid-cell panel-grid-cell-empty\" ><\/div><\/div><\/div><div id=\"pg-867-1\"  class=\"panel-grid panel-has-style\" ><div class=\"row_spacing_bottom panel-row-style panel-row-style-for-867-1\" ><div id=\"pgc-867-1-0\"  class=\"panel-grid-cell\" ><div id=\"panel-867-1-0-0\" class=\"so-panel widget widget_black-studio-tinymce widget_black_studio_tinymce panel-first-child panel-last-child\" data-index=\"1\" ><div class=\"box_grey box_grey_line_left extension_left panel-widget-style panel-widget-style-for-867-1-0-0\" ><div class=\"textwidget\">\n<div class=\"wpcf7 no-js\" id=\"wpcf7-f872-o1\" lang=\"fr-FR\" dir=\"ltr\" data-wpcf7-id=\"872\">\n<div class=\"screen-reader-response\"><p role=\"status\" aria-live=\"polite\" aria-atomic=\"true\"><\/p> <ul><\/ul><\/div>\n<form action=\"\/fr\/wp-json\/wp\/v2\/pages\/867#wpcf7-f872-o1\" method=\"post\" class=\"wpcf7-form init\" aria-label=\"Formulaire de contact\" enctype=\"multipart\/form-data\" novalidate=\"novalidate\" data-status=\"init\">\n<fieldset class=\"hidden-fields-container\"><input type=\"hidden\" name=\"_wpcf7\" value=\"872\" \/><input type=\"hidden\" name=\"_wpcf7_version\" value=\"6.1.5\" \/><input type=\"hidden\" name=\"_wpcf7_locale\" value=\"fr_FR\" \/><input type=\"hidden\" name=\"_wpcf7_unit_tag\" value=\"wpcf7-f872-o1\" \/><input type=\"hidden\" name=\"_wpcf7_container_post\" value=\"0\" \/><input type=\"hidden\" name=\"_wpcf7_posted_data_hash\" value=\"\" \/><input type=\"hidden\" name=\"_wpcf7_recaptcha_response\" value=\"\" \/>\n<\/fieldset>\n<p style=\"text-align: center;\"><span class=\"title_box_white\">Informations de contact<\/span><\/p>\n<div class=\"form_left\">\n    <strong>Pr\u00e9nom et nom*<\/strong><br \/>\n    <span class=\"wpcf7-form-control-wrap\" data-name=\"nom\"><input size=\"40\" maxlength=\"400\" class=\"wpcf7-form-control wpcf7-text wpcf7-validates-as-required\" aria-required=\"true\" aria-invalid=\"false\" value=\"\" type=\"text\" name=\"nom\" \/><\/span>\n<\/div>\n<div class=\"form_right\">\n    <strong>Courriel*<\/strong><br \/>\n    <span class=\"wpcf7-form-control-wrap\" data-name=\"courriel\"><input size=\"40\" maxlength=\"400\" class=\"wpcf7-form-control wpcf7-email wpcf7-validates-as-required wpcf7-text wpcf7-validates-as-email\" aria-required=\"true\" aria-invalid=\"false\" value=\"\" type=\"email\" name=\"courriel\" \/><\/span>\n<\/div>\n<div class=\"clear\"><\/div>\n<div class=\"form_left\">\n    <strong>Entreprise<\/strong><br \/>\n    <span class=\"wpcf7-form-control-wrap\" data-name=\"entreprise\"><input size=\"40\" maxlength=\"400\" class=\"wpcf7-form-control wpcf7-text\" aria-invalid=\"false\" value=\"\" type=\"text\" name=\"entreprise\" \/><\/span>\n<\/div>\n<div class=\"form_right\">\n    <strong>T\u00e9l\u00e9phone<\/strong><br \/>\n    <span class=\"wpcf7-form-control-wrap\" data-name=\"phone\"><input size=\"40\" maxlength=\"400\" class=\"wpcf7-form-control wpcf7-tel wpcf7-text wpcf7-validates-as-tel\" aria-invalid=\"false\" value=\"\" type=\"tel\" name=\"phone\" \/><\/span>\n<\/div>\n<div class=\"clear\"><br><\/div>\n<hr\/ style=\"height:3px;background:white;\">\n\n<p style=\"text-align: center;\"><span class=\"title_box_white\">Type de projet<\/span><\/p>\n<div class=\"form_full\">\n<div class=\"form_center\">\n    <strong>Quel type de projet souhaitez-vous r\u00e9aliser?*<\/strong><br \/>\n    <span class=\"wpcf7-form-control-wrap\" data-name=\"type_projet\"><select class=\"wpcf7-form-control wpcf7-select wpcf7-validates-as-required\" aria-required=\"true\" aria-invalid=\"false\" name=\"type_projet\"><option value=\"\">Choisir...<\/option><option value=\"Prototype \/ D\u00e9veloppement initial\">Prototype \/ D\u00e9veloppement initial<\/option><option value=\"Production d\u2019une pi\u00e8ce par moulage\">Production d\u2019une pi\u00e8ce par moulage<\/option><option value=\"Production d\u2019une pi\u00e8ce par usinage\">Production d\u2019une pi\u00e8ce par usinage<\/option><option value=\"Autre (avec champ texte libre)\">Autre (avec champ texte libre)<\/option><\/select><\/span>\n<\/div>\n<\/div>\n<div class=\"clear\"><br><\/div>\n<hr\/ style=\"height:3px;background:white;\">\n\n<p style=\"text-align: center;\"><span class=\"title_box_white\">Volume et mati\u00e8re<\/span><\/p>\n<div class=\"form_left\">\n    <strong>Quantit\u00e9 annuelle estim\u00e9e<\/strong><br \/>\n<span class=\"wpcf7-form-control-wrap\" data-name=\"quantite\"><select class=\"wpcf7-form-control wpcf7-select wpcf7-validates-as-required\" aria-required=\"true\" aria-invalid=\"false\" name=\"quantite\"><option value=\"\">Choisir...<\/option><option value=\"Moins de 50 unit\u00e9s\">Moins de 50 unit\u00e9s<\/option><option value=\"50 \u00e0 500 unit\u00e9s\">50 \u00e0 500 unit\u00e9s<\/option><option value=\"500 \u00e0 5000 unit\u00e9s\">500 \u00e0 5000 unit\u00e9s<\/option><option value=\"Plus de 5000 unit\u00e9s\">Plus de 5000 unit\u00e9s<\/option><\/select><\/span>\n<\/div>\n<div class=\"form_right\">\n    <strong>Type de plastique d\u00e9sir\u00e9 (si connu)<\/strong><br \/>\n<span class=\"wpcf7-form-control-wrap\" data-name=\"type_plastique\"><select class=\"wpcf7-form-control wpcf7-select wpcf7-validates-as-required\" aria-required=\"true\" aria-invalid=\"false\" name=\"type_plastique\"><option value=\"\">Choisir...<\/option><option value=\"ABS\">ABS<\/option><option value=\"Poly\u00e9thyl\u00e8ne\">Poly\u00e9thyl\u00e8ne<\/option><option value=\"Polycarbonate\">Polycarbonate<\/option><option value=\"Acrylique\">Acrylique<\/option><option value=\"PETG\">PETG<\/option><option value=\"Kydex\">Kydex<\/option><option value=\"Je ne sais pas (\u00e0 recommander)\">Je ne sais pas (\u00e0 recommander)<\/option><\/select><\/span>\n<\/div>\n<div class=\"clear\"><br><\/div>\n<hr\/ style=\"height:3px;background:white;\">\n\n\n<p style=\"text-align: center;\"><span class=\"title_box_white\">D\u00e9tails suppl\u00e9mentaires<\/span><\/p>\n<div class=\"form_full\">\n<div class=\"form_center\">\n    <strong>Avez-vous un dessin, un fichier CAD ou une photo \u00e0 joindre?<\/strong><br \/>\n    <span class=\"wpcf7-form-control-wrap\" data-name=\"fichier\"><input size=\"40\" class=\"wpcf7-form-control wpcf7-file\" id=\"fichier_file\" accept=\".pdf,.txt,.doc,.docx,.rtf,.xls,.xlsx,.jpg,.png,.stp,.step,.igs,.iges\" aria-invalid=\"false\" type=\"file\" name=\"fichier\" \/><\/span>\n<div class=\"clear\"><\/div>\n<\/div>\n<div class=\"form_center\">\n<br>\n<span class=\"wpcf7-form-control-wrap\" data-name=\"fichier2\"><input size=\"40\" class=\"wpcf7-form-control wpcf7-file\" id=\"fichier_file2\" accept=\".pdf,.txt,.doc,.docx,.rtf,.xls,.xlsx,.jpg,.png,.stp,.step,.igs,.iges\" aria-invalid=\"false\" type=\"file\" name=\"fichier2\" \/><\/span>\n<div class=\"clear\"><\/div>\n<\/div>\n<div class=\"form_center\">\n<br>\n<span class=\"wpcf7-form-control-wrap\" data-name=\"fichier3\"><input size=\"40\" class=\"wpcf7-form-control wpcf7-file\" id=\"fichier_file3\" accept=\".pdf,.txt,.doc,.docx,.rtf,.xls,.xlsx,.jpg,.png,.stp,.step,.igs,.iges\" aria-invalid=\"false\" type=\"file\" name=\"fichier3\" \/><\/span>\n<div class=\"clear\"><\/div>\n<\/div>\n<div class=\"form_center\">\n<br>\n<span class=\"wpcf7-form-control-wrap\" data-name=\"fichier4\"><input size=\"40\" class=\"wpcf7-form-control wpcf7-file\" id=\"fichier_file4\" accept=\".pdf,.txt,.doc,.docx,.rtf,.xls,.xlsx,.jpg,.png,.stp,.step,.igs,.iges\" aria-invalid=\"false\" type=\"file\" name=\"fichier4\" \/><\/span>\n<div class=\"clear\"><\/div>\n<\/div>\n<div class=\"form_center\">\n<br>\n<span class=\"wpcf7-form-control-wrap\" data-name=\"fichier5\"><input size=\"40\" class=\"wpcf7-form-control wpcf7-file\" id=\"fichier_file5\" accept=\".pdf,.txt,.doc,.docx,.rtf,.xls,.xlsx,.jpg,.png,.stp,.step,.igs,.iges\" aria-invalid=\"false\" type=\"file\" name=\"fichier5\" \/><\/span>\n<br><br>\n<p>Le poids total ne doit pas d\u00e9passer 25 Mo et 5 Mo par fichier.<\/p>\n<div class=\"clear\"><\/div>\n<\/div>\n<\/div>\n<div class=\"clear\"><br><\/div>\n<hr\/ style=\"height:3px;background:white;\">\n\n<p style=\"text-align: center;\"><span class=\"title_box_white\">Message libre<\/span><\/p>\n<div class=\"form_full\">\n<div class=\"form_center\">\n    <span class=\"wpcf7-form-control-wrap\" data-name=\"message\"><textarea cols=\"40\" rows=\"10\" maxlength=\"2000\" class=\"wpcf7-form-control wpcf7-textarea wpcf7-validates-as-required\" aria-required=\"true\" aria-invalid=\"false\" name=\"message\"><\/textarea><\/span>\n<\/div>\n<\/div>\n<div class=\"clear\"><\/div>\n<div class=\"form_end text_center text-center\" style=\"display:block;\">\n<p class=\"small_text text_center text-center\">*Champs obligatoires<br>Ce site est prot\u00e9g\u00e9 par reCAPTCHA et la <a target=\"_blank\" href=\"https:\/\/policies.google.com\/privacy?hl=fr\">Politique de confidentialit\u00e9<\/a> et les <a target=\"_blank\" href=\"https:\/\/policies.google.com\/terms?hl=fr\">Conditions d'utilisation<\/a> de Google s'appliquent.<\/p><div class=\"clear\"><\/div><div class=\"btn_wrap\"><input class=\"wpcf7-form-control wpcf7-submit has-spinner\" type=\"submit\" value=\"ENVOYER MON PROJET +\" \/><\/div>\n<\/div><div class=\"wpcf7-response-output\" aria-hidden=\"true\"><\/div>\n<\/form>\n<\/div>\n<\/div><\/div><\/div><\/div><\/div><\/div><\/div>","protected":false},"excerpt":{"rendered":"<p>Soumettre un projet de thermoformage Partagez les d\u00e9tails de votre projet pour une \u00e9valuation technique et une proposition adapt\u00e9e \u00e0 vos besoins de production. Que vous soyez en phase de d\u00e9veloppement, de prototypage ou de production, notre \u00e9quipe technique analyse chaque projet avec rigueur pour vous proposer la solution de fabrication la plus efficace. Remplissez [&hellip;]<\/p>\n","protected":false},"author":1,"featured_media":0,"parent":0,"menu_order":80,"comment_status":"closed","ping_status":"closed","template":"","meta":{"_acf_changed":false,"footnotes":""},"class_list":["post-867","page","type-page","status-publish","hentry"],"acf":[],"yoast_head":"<!-- This site is optimized with the Yoast SEO plugin v27.3 - https:\/\/yoast.com\/product\/yoast-seo-wordpress\/ -->\n<title>Soumettre un projet de thermoformage<\/title>\n<meta name=\"description\" content=\"Partagez les d\u00e9tails de votre projet pour une \u00e9valuation technique et une proposition adapt\u00e9e \u00e0 vos besoins de production.\" \/>\n<meta name=\"robots\" content=\"index, follow, max-snippet:-1, max-image-preview:large, max-video-preview:-1\" \/>\n<link rel=\"canonical\" href=\"https:\/\/dxplastiques.com\/fr\/demande-de-soumission\/\" \/>\n<meta property=\"og:locale\" content=\"fr_FR\" \/>\n<meta property=\"og:type\" content=\"article\" \/>\n<meta property=\"og:title\" content=\"Soumettre un projet de thermoformage\" \/>\n<meta property=\"og:description\" content=\"Partagez les d\u00e9tails de votre projet pour une \u00e9valuation technique et une proposition adapt\u00e9e \u00e0 vos besoins de production.\" \/>\n<meta property=\"og:url\" content=\"https:\/\/dxplastiques.com\/fr\/demande-de-soumission\/\" \/>\n<meta property=\"og:site_name\" content=\"DX Plastiques\" \/>\n<meta property=\"article:modified_time\" content=\"2025-12-05T18:23:27+00:00\" \/>\n<meta property=\"og:image\" content=\"https:\/\/dxplastiques.com\/wp-content\/uploads\/2025\/12\/image_share.png\" \/>\n\t<meta property=\"og:image:width\" content=\"1200\" \/>\n\t<meta property=\"og:image:height\" content=\"628\" \/>\n\t<meta property=\"og:image:type\" content=\"image\/png\" \/>\n<meta name=\"twitter:card\" content=\"summary_large_image\" \/>\n<meta name=\"twitter:label1\" content=\"Dur\u00e9e de lecture estim\u00e9e\" \/>\n\t<meta name=\"twitter:data1\" content=\"1 minute\" \/>\n<script type=\"application\/ld+json\" class=\"yoast-schema-graph\">{\"@context\":\"https:\\\/\\\/schema.org\",\"@graph\":[{\"@type\":\"WebPage\",\"@id\":\"https:\\\/\\\/dxplastiques.com\\\/fr\\\/demande-de-soumission\\\/\",\"url\":\"https:\\\/\\\/dxplastiques.com\\\/fr\\\/demande-de-soumission\\\/\",\"name\":\"Soumettre un projet de thermoformage\",\"isPartOf\":{\"@id\":\"https:\\\/\\\/dxplastiques.com\\\/fr\\\/#website\"},\"datePublished\":\"2025-11-14T18:44:13+00:00\",\"dateModified\":\"2025-12-05T18:23:27+00:00\",\"description\":\"Partagez les d\u00e9tails de votre projet pour une \u00e9valuation technique et une proposition adapt\u00e9e \u00e0 vos besoins de production.\",\"breadcrumb\":{\"@id\":\"https:\\\/\\\/dxplastiques.com\\\/fr\\\/demande-de-soumission\\\/#breadcrumb\"},\"inLanguage\":\"fr-FR\",\"potentialAction\":[{\"@type\":\"ReadAction\",\"target\":[\"https:\\\/\\\/dxplastiques.com\\\/fr\\\/demande-de-soumission\\\/\"]}]},{\"@type\":\"BreadcrumbList\",\"@id\":\"https:\\\/\\\/dxplastiques.com\\\/fr\\\/demande-de-soumission\\\/#breadcrumb\",\"itemListElement\":[{\"@type\":\"ListItem\",\"position\":1,\"name\":\"Accueil\",\"item\":\"https:\\\/\\\/dxplastiques.com\\\/fr\\\/\"},{\"@type\":\"ListItem\",\"position\":2,\"name\":\"Demande de soumission\"}]},{\"@type\":\"WebSite\",\"@id\":\"https:\\\/\\\/dxplastiques.com\\\/fr\\\/#website\",\"url\":\"https:\\\/\\\/dxplastiques.com\\\/fr\\\/\",\"name\":\"DX Plastiques\",\"description\":\"\",\"potentialAction\":[{\"@type\":\"SearchAction\",\"target\":{\"@type\":\"EntryPoint\",\"urlTemplate\":\"https:\\\/\\\/dxplastiques.com\\\/fr\\\/?s={search_term_string}\"},\"query-input\":{\"@type\":\"PropertyValueSpecification\",\"valueRequired\":true,\"valueName\":\"search_term_string\"}}],\"inLanguage\":\"fr-FR\"}]}<\/script>\n<!-- \/ Yoast SEO plugin. -->","yoast_head_json":{"title":"Soumettre un projet de thermoformage","description":"Partagez les d\u00e9tails de votre projet pour une \u00e9valuation technique et une proposition adapt\u00e9e \u00e0 vos besoins de production.","robots":{"index":"index","follow":"follow","max-snippet":"max-snippet:-1","max-image-preview":"max-image-preview:large","max-video-preview":"max-video-preview:-1"},"canonical":"https:\/\/dxplastiques.com\/fr\/demande-de-soumission\/","og_locale":"fr_FR","og_type":"article","og_title":"Soumettre un projet de thermoformage","og_description":"Partagez les d\u00e9tails de votre projet pour une \u00e9valuation technique et une proposition adapt\u00e9e \u00e0 vos besoins de production.","og_url":"https:\/\/dxplastiques.com\/fr\/demande-de-soumission\/","og_site_name":"DX Plastiques","article_modified_time":"2025-12-05T18:23:27+00:00","og_image":[{"width":1200,"height":628,"url":"https:\/\/dxplastiques.com\/wp-content\/uploads\/2025\/12\/image_share.png","type":"image\/png"}],"twitter_card":"summary_large_image","twitter_misc":{"Dur\u00e9e de lecture estim\u00e9e":"1 minute"},"schema":{"@context":"https:\/\/schema.org","@graph":[{"@type":"WebPage","@id":"https:\/\/dxplastiques.com\/fr\/demande-de-soumission\/","url":"https:\/\/dxplastiques.com\/fr\/demande-de-soumission\/","name":"Soumettre un projet de thermoformage","isPartOf":{"@id":"https:\/\/dxplastiques.com\/fr\/#website"},"datePublished":"2025-11-14T18:44:13+00:00","dateModified":"2025-12-05T18:23:27+00:00","description":"Partagez les d\u00e9tails de votre projet pour une \u00e9valuation technique et une proposition adapt\u00e9e \u00e0 vos besoins de production.","breadcrumb":{"@id":"https:\/\/dxplastiques.com\/fr\/demande-de-soumission\/#breadcrumb"},"inLanguage":"fr-FR","potentialAction":[{"@type":"ReadAction","target":["https:\/\/dxplastiques.com\/fr\/demande-de-soumission\/"]}]},{"@type":"BreadcrumbList","@id":"https:\/\/dxplastiques.com\/fr\/demande-de-soumission\/#breadcrumb","itemListElement":[{"@type":"ListItem","position":1,"name":"Accueil","item":"https:\/\/dxplastiques.com\/fr\/"},{"@type":"ListItem","position":2,"name":"Demande de soumission"}]},{"@type":"WebSite","@id":"https:\/\/dxplastiques.com\/fr\/#website","url":"https:\/\/dxplastiques.com\/fr\/","name":"DX Plastiques","description":"","potentialAction":[{"@type":"SearchAction","target":{"@type":"EntryPoint","urlTemplate":"https:\/\/dxplastiques.com\/fr\/?s={search_term_string}"},"query-input":{"@type":"PropertyValueSpecification","valueRequired":true,"valueName":"search_term_string"}}],"inLanguage":"fr-FR"}]}},"_links":{"self":[{"href":"https:\/\/dxplastiques.com\/fr\/wp-json\/wp\/v2\/pages\/867","targetHints":{"allow":["GET"]}}],"collection":[{"href":"https:\/\/dxplastiques.com\/fr\/wp-json\/wp\/v2\/pages"}],"about":[{"href":"https:\/\/dxplastiques.com\/fr\/wp-json\/wp\/v2\/types\/page"}],"author":[{"embeddable":true,"href":"https:\/\/dxplastiques.com\/fr\/wp-json\/wp\/v2\/users\/1"}],"replies":[{"embeddable":true,"href":"https:\/\/dxplastiques.com\/fr\/wp-json\/wp\/v2\/comments?post=867"}],"version-history":[{"count":6,"href":"https:\/\/dxplastiques.com\/fr\/wp-json\/wp\/v2\/pages\/867\/revisions"}],"predecessor-version":[{"id":898,"href":"https:\/\/dxplastiques.com\/fr\/wp-json\/wp\/v2\/pages\/867\/revisions\/898"}],"wp:attachment":[{"href":"https:\/\/dxplastiques.com\/fr\/wp-json\/wp\/v2\/media?parent=867"}],"curies":[{"name":"wp","href":"https:\/\/api.w.org\/{rel}","templated":true}]}}