{"id":71,"date":"2021-07-06T09:20:04","date_gmt":"2021-07-06T13:20:04","guid":{"rendered":"https:\/\/dxplastiques.com\/?page_id=71"},"modified":"2025-12-05T13:56:41","modified_gmt":"2025-12-05T18:56:41","slug":"entreprise","status":"publish","type":"page","link":"https:\/\/dxplastiques.com\/fr\/a-propos\/entreprise\/","title":{"rendered":"L&rsquo;entreprise"},"content":{"rendered":"<div id=\"pl-71\"  class=\"panel-layout\" ><div id=\"pg-71-0\"  class=\"panel-grid panel-has-style\" ><div class=\"row_spacing panel-row-style panel-row-style-for-71-0\" ><div id=\"pgc-71-0-0\"  class=\"panel-grid-cell panel-grid-cell-empty\" ><\/div><div id=\"pgc-71-0-1\"  class=\"panel-grid-cell panel-grid-cell-mobile-last\" ><div id=\"panel-71-0-1-0\" class=\"so-panel widget widget_black-studio-tinymce widget_black_studio_tinymce panel-first-child panel-last-child\" data-index=\"0\" ><div class=\"textwidget\"><h1 style=\"text-align: center;\"><span class=\"title_black_upp\">Votre partenaire de choix en thermoformage de plastique<\/span><\/h1>\n<p style=\"text-align: center;\"><span class=\"title_box_grey\">DX Plastiques<\/span><\/p>\n<p style=\"text-align: center;\">DX Plastiques avec son \u00e9quipe exp\u00e9riment\u00e9e, ses \u00e9quipements performants et son usine de 13 500 pieds carr\u00e9s se positionnent comme un incontournable dans le domaine du thermoformage.<\/p>\n<\/div><\/div><\/div><div id=\"pgc-71-0-2\"  class=\"panel-grid-cell panel-grid-cell-empty\" ><\/div><\/div><\/div><div id=\"pg-71-1\"  class=\"panel-grid panel-has-style\" ><div class=\"row_spacing_bottom panel-row-style panel-row-style-for-71-1\" ><div id=\"pgc-71-1-0\"  class=\"panel-grid-cell\" ><div id=\"panel-71-1-0-0\" class=\"so-panel widget widget_black-studio-tinymce widget_black_studio_tinymce panel-first-child panel-last-child\" data-index=\"1\" ><div class=\"img_year panel-widget-style panel-widget-style-for-71-1-0-0\" ><div class=\"textwidget\"><p><img loading=\"lazy\" decoding=\"async\" class=\"alignnone size-full wp-image-83\" src=\"https:\/\/dxplastiques.com\/wp-content\/uploads\/2021\/07\/qualite_thermoformage.jpg\" alt=\"qualite thermoformage\" width=\"500\" height=\"388\" \/><\/p>\n<p><span class=\"title_box_black\">1992 \u00e0 2011<\/span><\/p>\n<h2><span class=\"big_text\">OFFRIR LA QUALIT\u00c9 EN THERMOFORMAGE<\/span><\/h2>\n<p>C\u2019est d\u2019abord sous le nom de D\u00e9coplex que l\u2019entreprise a vu le jour en 1992. Decoplex pour (DECOR &amp; PLEXIGLASS au d\u00e9part) \u00e9tait \u00e0<br \/>\nl\u2019\u00e9poque sp\u00e9cialis\u00e9 dans les d\u00e9buts dans la fabrication de lampes en acrylique et les pr\u00e9sentoirs, pour \u00e9voluer au fils des ann\u00e9es dans le thermoformage industriel d\u2019o\u00f9 la transition vers son nom actuel DX plastiques plus appropri\u00e9s) Gr\u00e2ce \u00e0 des gens passionn\u00e9s ayant le souci de l\u2019excellence et de la satisfaction des clients, l\u2019entreprise en moulage de plastique s\u2019est b\u00e2ti une r\u00e9putation enviable dans le milieu.<\/p>\n<p>Agrandissements successifs et implantation des meilleures technologies et \u00e9quipements ont permis de r\u00e9pondre \u00e0 une demande sans cesse croissante.<\/p>\n<\/div><\/div><\/div><\/div><div id=\"pgc-71-1-1\"  class=\"panel-grid-cell panel-grid-cell-empty\" ><\/div><div id=\"pgc-71-1-2\"  class=\"panel-grid-cell\" ><div id=\"panel-71-1-2-0\" class=\"so-panel widget widget_black-studio-tinymce widget_black_studio_tinymce panel-first-child panel-last-child\" data-index=\"2\" ><div class=\"img_year panel-widget-style panel-widget-style-for-71-1-2-0\" ><div class=\"textwidget\"><p><img loading=\"lazy\" decoding=\"async\" class=\"alignnone size-full wp-image-82\" src=\"https:\/\/dxplastiques.com\/wp-content\/uploads\/2021\/07\/moulage_de_plastique.jpg\" alt=\"moulage de plastique\" width=\"500\" height=\"388\" \/><\/p>\n<p><span class=\"title_box_black\">2011<\/span><\/p>\n<h2><span class=\"big_text\">RENOUVEAU POUR L\u2019ENTREPRISE DE MOULAGE DE PLASTIQUE<\/span><\/h2>\n<p>DX Plastiques b\u00e9n\u00e9ficie de l\u2019arriv\u00e9e de nouveaux actionnaires en 2011. Ce groupe de Beaucerons comptant plus de 40 ans d\u2019exp\u00e9rience dans le domaine manufacturier apporte innovation et d\u00e9veloppement de nouvelles fa\u00e7ons de faire r\u00e9pondant ainsi aux exigences de plus en plus pointues de la client\u00e8le.<\/p>\n<p>L\u2019expertise en thermoformage de l\u2019entreprise continue d\u2019attirer de nombreux clients.<\/p>\n<\/div><\/div><\/div><\/div><div id=\"pgc-71-1-3\"  class=\"panel-grid-cell panel-grid-cell-empty\" ><\/div><div id=\"pgc-71-1-4\"  class=\"panel-grid-cell\" ><div id=\"panel-71-1-4-0\" class=\"so-panel widget widget_black-studio-tinymce widget_black_studio_tinymce panel-first-child panel-last-child\" data-index=\"3\" ><div class=\"img_year list_style panel-widget-style panel-widget-style-for-71-1-4-0\" ><div class=\"textwidget\"><p><img loading=\"lazy\" decoding=\"async\" class=\"alignnone size-full wp-image-84\" src=\"https:\/\/dxplastiques.com\/wp-content\/uploads\/2021\/07\/thermoformage_avenir.jpg\" alt=\"thermoformage avenir\" width=\"500\" height=\"388\" \/><\/p>\n<p><span class=\"title_box_black\">2019<\/span><\/p>\n<h2><span class=\"big_text\">DX PLASTIQUES R\u00c9SOLUMENT TOURN\u00c9E VERS L\u2019AVENIR<\/span><\/h2>\n<p>Mike Doyon devient l\u2019unique propri\u00e9taire de l\u2019entreprise de thermoformage en d\u00e9cembre 2019. Il entame avec son \u00e9quipe un virage vers l\u2019industrie 4.0 s\u2019appliquant \u00e0 l\u2019ensemble du processus.<\/p>\n<p>DX Plastiques est ainsi pr\u00eat \u00e0 faire face aux enjeux actuels et futurs li\u00e9s \u00e0 la mondialisation de l\u2019\u00e9conomie\u00a0:<\/p>\n<ul>\n<li>Diminution des d\u00e9lais et cycles de renouvellement de produit plus rapide<\/li>\n<li>Augmentation des exigences qualit\u00e9<\/li>\n<li>Explosion des technologies<\/li>\n<li>Compression des marges b\u00e9n\u00e9ficiaires<\/li>\n<\/ul>\n<\/div><\/div><\/div><\/div><\/div><\/div><div id=\"pg-71-2\"  class=\"panel-grid panel-has-style\" ><div class=\"red_row row_spacing panel-row-style panel-row-style-for-71-2\" ><div id=\"pgc-71-2-0\"  class=\"panel-grid-cell\" ><div id=\"panel-71-2-0-0\" class=\"so-panel widget widget_black-studio-tinymce widget_black_studio_tinymce panel-first-child panel-last-child\" data-index=\"4\" ><div class=\"textwidget\"><p style=\"text-align: center;\"><span class=\"title_box_white\">DX Plastiques<\/span><\/p>\n<p style=\"text-align: center;\"><span class=\"title_black_upp\">l\u2019exp\u00e9rience \u00e0 votre service!<\/span><\/p>\n<p style=\"text-align: center;\"><span class=\"big_text\">Vous avez un projet de thermoformage de plastique? Faites-en part \u00e0 notre \u00e9quipe.<\/span><\/p>\n<p style=\"text-align: center;\"><span class=\"btn_plus\"><a href=\"\/fr\/nous-joindre\">Nous joindre <em>+<\/em><\/a><\/span><\/p>\n<\/div><\/div><\/div><\/div><\/div><div id=\"pg-71-3\"  class=\"panel-grid panel-has-style\" ><div class=\"row_spacing_bottom panel-row-style panel-row-style-for-71-3\" ><div id=\"pgc-71-3-0\"  class=\"panel-grid-cell\" ><div id=\"panel-71-3-0-0\" class=\"widget_text so-panel widget widget_custom_html panel-first-child panel-last-child\" data-index=\"5\" ><div class=\"textwidget custom-html-widget\">&nbsp;<\/div><\/div><\/div><\/div><\/div><\/div>","protected":false},"excerpt":{"rendered":"<p>Votre partenaire de choix en thermoformage de plastique DX Plastiques DX Plastiques avec son \u00e9quipe exp\u00e9riment\u00e9e, ses \u00e9quipements performants et son usine de 13 500 pieds carr\u00e9s se positionnent comme un incontournable dans le domaine du thermoformage. 1992 \u00e0 2011 OFFRIR LA QUALIT\u00c9 EN THERMOFORMAGE C\u2019est d\u2019abord sous le nom de D\u00e9coplex que l\u2019entreprise a [&hellip;]<\/p>\n","protected":false},"author":1,"featured_media":0,"parent":69,"menu_order":1,"comment_status":"closed","ping_status":"closed","template":"","meta":{"_acf_changed":false,"footnotes":""},"class_list":["post-71","page","type-page","status-publish","hentry"],"acf":[],"yoast_head":"<!-- This site is optimized with the Yoast SEO plugin v27.3 - https:\/\/yoast.com\/product\/yoast-seo-wordpress\/ -->\n<title>Thermoformage : notre sp\u00e9cialit\u00e9 depuis 1992<\/title>\n<meta name=\"description\" content=\"\u00c9quipe exp\u00e9riment\u00e9e, \u00e9quipements performants, accompagnement personnalis\u00e9 : voil\u00e0 notre offre pour vos projets de thermoformage\" \/>\n<meta name=\"robots\" content=\"index, follow, max-snippet:-1, max-image-preview:large, max-video-preview:-1\" \/>\n<link rel=\"canonical\" href=\"https:\/\/dxplastiques.com\/fr\/a-propos\/entreprise\/\" \/>\n<meta property=\"og:locale\" content=\"fr_FR\" \/>\n<meta property=\"og:type\" content=\"article\" \/>\n<meta property=\"og:title\" content=\"Thermoformage : notre sp\u00e9cialit\u00e9 depuis 1992\" \/>\n<meta property=\"og:description\" content=\"\u00c9quipe exp\u00e9riment\u00e9e, \u00e9quipements performants, accompagnement personnalis\u00e9 : voil\u00e0 notre offre pour vos projets de thermoformage\" \/>\n<meta property=\"og:url\" content=\"https:\/\/dxplastiques.com\/fr\/a-propos\/entreprise\/\" \/>\n<meta property=\"og:site_name\" content=\"DX Plastiques\" \/>\n<meta property=\"article:modified_time\" content=\"2025-12-05T18:56:41+00:00\" \/>\n<meta property=\"og:image\" content=\"https:\/\/dxplastiques.com\/wp-content\/uploads\/2021\/07\/facebook_share.png\" \/>\n\t<meta property=\"og:image:width\" content=\"1200\" \/>\n\t<meta property=\"og:image:height\" content=\"628\" \/>\n\t<meta property=\"og:image:type\" content=\"image\/png\" \/>\n<meta name=\"twitter:card\" content=\"summary_large_image\" \/>\n<meta name=\"twitter:label1\" content=\"Dur\u00e9e de lecture estim\u00e9e\" \/>\n\t<meta name=\"twitter:data1\" content=\"3 minutes\" \/>\n<script type=\"application\/ld+json\" class=\"yoast-schema-graph\">{\"@context\":\"https:\\\/\\\/schema.org\",\"@graph\":[{\"@type\":\"WebPage\",\"@id\":\"https:\\\/\\\/dxplastiques.com\\\/fr\\\/a-propos\\\/entreprise\\\/\",\"url\":\"https:\\\/\\\/dxplastiques.com\\\/fr\\\/a-propos\\\/entreprise\\\/\",\"name\":\"Thermoformage : notre sp\u00e9cialit\u00e9 depuis 1992\",\"isPartOf\":{\"@id\":\"https:\\\/\\\/dxplastiques.com\\\/fr\\\/#website\"},\"primaryImageOfPage\":{\"@id\":\"https:\\\/\\\/dxplastiques.com\\\/fr\\\/a-propos\\\/entreprise\\\/#primaryimage\"},\"image\":{\"@id\":\"https:\\\/\\\/dxplastiques.com\\\/fr\\\/a-propos\\\/entreprise\\\/#primaryimage\"},\"thumbnailUrl\":\"https:\\\/\\\/dxplastiques.com\\\/wp-content\\\/uploads\\\/2021\\\/07\\\/qualite_thermoformage.jpg\",\"datePublished\":\"2021-07-06T13:20:04+00:00\",\"dateModified\":\"2025-12-05T18:56:41+00:00\",\"description\":\"\u00c9quipe exp\u00e9riment\u00e9e, \u00e9quipements performants, accompagnement personnalis\u00e9 : voil\u00e0 notre offre pour vos projets de thermoformage\",\"breadcrumb\":{\"@id\":\"https:\\\/\\\/dxplastiques.com\\\/fr\\\/a-propos\\\/entreprise\\\/#breadcrumb\"},\"inLanguage\":\"fr-FR\",\"potentialAction\":[{\"@type\":\"ReadAction\",\"target\":[\"https:\\\/\\\/dxplastiques.com\\\/fr\\\/a-propos\\\/entreprise\\\/\"]}]},{\"@type\":\"ImageObject\",\"inLanguage\":\"fr-FR\",\"@id\":\"https:\\\/\\\/dxplastiques.com\\\/fr\\\/a-propos\\\/entreprise\\\/#primaryimage\",\"url\":\"https:\\\/\\\/dxplastiques.com\\\/wp-content\\\/uploads\\\/2021\\\/07\\\/qualite_thermoformage.jpg\",\"contentUrl\":\"https:\\\/\\\/dxplastiques.com\\\/wp-content\\\/uploads\\\/2021\\\/07\\\/qualite_thermoformage.jpg\"},{\"@type\":\"BreadcrumbList\",\"@id\":\"https:\\\/\\\/dxplastiques.com\\\/fr\\\/a-propos\\\/entreprise\\\/#breadcrumb\",\"itemListElement\":[{\"@type\":\"ListItem\",\"position\":1,\"name\":\"Accueil\",\"item\":\"https:\\\/\\\/dxplastiques.com\\\/fr\\\/\"},{\"@type\":\"ListItem\",\"position\":2,\"name\":\"\u00c0 propos\",\"item\":\"https:\\\/\\\/dxplastiques.com\\\/fr\\\/a-propos\\\/\"},{\"@type\":\"ListItem\",\"position\":3,\"name\":\"L&rsquo;entreprise\"}]},{\"@type\":\"WebSite\",\"@id\":\"https:\\\/\\\/dxplastiques.com\\\/fr\\\/#website\",\"url\":\"https:\\\/\\\/dxplastiques.com\\\/fr\\\/\",\"name\":\"DX Plastiques\",\"description\":\"\",\"potentialAction\":[{\"@type\":\"SearchAction\",\"target\":{\"@type\":\"EntryPoint\",\"urlTemplate\":\"https:\\\/\\\/dxplastiques.com\\\/fr\\\/?s={search_term_string}\"},\"query-input\":{\"@type\":\"PropertyValueSpecification\",\"valueRequired\":true,\"valueName\":\"search_term_string\"}}],\"inLanguage\":\"fr-FR\"}]}<\/script>\n<!-- \/ Yoast SEO plugin. -->","yoast_head_json":{"title":"Thermoformage : notre sp\u00e9cialit\u00e9 depuis 1992","description":"\u00c9quipe exp\u00e9riment\u00e9e, \u00e9quipements performants, accompagnement personnalis\u00e9 : voil\u00e0 notre offre pour vos projets de thermoformage","robots":{"index":"index","follow":"follow","max-snippet":"max-snippet:-1","max-image-preview":"max-image-preview:large","max-video-preview":"max-video-preview:-1"},"canonical":"https:\/\/dxplastiques.com\/fr\/a-propos\/entreprise\/","og_locale":"fr_FR","og_type":"article","og_title":"Thermoformage : notre sp\u00e9cialit\u00e9 depuis 1992","og_description":"\u00c9quipe exp\u00e9riment\u00e9e, \u00e9quipements performants, accompagnement personnalis\u00e9 : voil\u00e0 notre offre pour vos projets de thermoformage","og_url":"https:\/\/dxplastiques.com\/fr\/a-propos\/entreprise\/","og_site_name":"DX Plastiques","article_modified_time":"2025-12-05T18:56:41+00:00","og_image":[{"width":1200,"height":628,"url":"https:\/\/dxplastiques.com\/wp-content\/uploads\/2021\/07\/facebook_share.png","type":"image\/png"}],"twitter_card":"summary_large_image","twitter_misc":{"Dur\u00e9e de lecture estim\u00e9e":"3 minutes"},"schema":{"@context":"https:\/\/schema.org","@graph":[{"@type":"WebPage","@id":"https:\/\/dxplastiques.com\/fr\/a-propos\/entreprise\/","url":"https:\/\/dxplastiques.com\/fr\/a-propos\/entreprise\/","name":"Thermoformage : notre sp\u00e9cialit\u00e9 depuis 1992","isPartOf":{"@id":"https:\/\/dxplastiques.com\/fr\/#website"},"primaryImageOfPage":{"@id":"https:\/\/dxplastiques.com\/fr\/a-propos\/entreprise\/#primaryimage"},"image":{"@id":"https:\/\/dxplastiques.com\/fr\/a-propos\/entreprise\/#primaryimage"},"thumbnailUrl":"https:\/\/dxplastiques.com\/wp-content\/uploads\/2021\/07\/qualite_thermoformage.jpg","datePublished":"2021-07-06T13:20:04+00:00","dateModified":"2025-12-05T18:56:41+00:00","description":"\u00c9quipe exp\u00e9riment\u00e9e, \u00e9quipements performants, accompagnement personnalis\u00e9 : voil\u00e0 notre offre pour vos projets de thermoformage","breadcrumb":{"@id":"https:\/\/dxplastiques.com\/fr\/a-propos\/entreprise\/#breadcrumb"},"inLanguage":"fr-FR","potentialAction":[{"@type":"ReadAction","target":["https:\/\/dxplastiques.com\/fr\/a-propos\/entreprise\/"]}]},{"@type":"ImageObject","inLanguage":"fr-FR","@id":"https:\/\/dxplastiques.com\/fr\/a-propos\/entreprise\/#primaryimage","url":"https:\/\/dxplastiques.com\/wp-content\/uploads\/2021\/07\/qualite_thermoformage.jpg","contentUrl":"https:\/\/dxplastiques.com\/wp-content\/uploads\/2021\/07\/qualite_thermoformage.jpg"},{"@type":"BreadcrumbList","@id":"https:\/\/dxplastiques.com\/fr\/a-propos\/entreprise\/#breadcrumb","itemListElement":[{"@type":"ListItem","position":1,"name":"Accueil","item":"https:\/\/dxplastiques.com\/fr\/"},{"@type":"ListItem","position":2,"name":"\u00c0 propos","item":"https:\/\/dxplastiques.com\/fr\/a-propos\/"},{"@type":"ListItem","position":3,"name":"L&rsquo;entreprise"}]},{"@type":"WebSite","@id":"https:\/\/dxplastiques.com\/fr\/#website","url":"https:\/\/dxplastiques.com\/fr\/","name":"DX Plastiques","description":"","potentialAction":[{"@type":"SearchAction","target":{"@type":"EntryPoint","urlTemplate":"https:\/\/dxplastiques.com\/fr\/?s={search_term_string}"},"query-input":{"@type":"PropertyValueSpecification","valueRequired":true,"valueName":"search_term_string"}}],"inLanguage":"fr-FR"}]}},"_links":{"self":[{"href":"https:\/\/dxplastiques.com\/fr\/wp-json\/wp\/v2\/pages\/71","targetHints":{"allow":["GET"]}}],"collection":[{"href":"https:\/\/dxplastiques.com\/fr\/wp-json\/wp\/v2\/pages"}],"about":[{"href":"https:\/\/dxplastiques.com\/fr\/wp-json\/wp\/v2\/types\/page"}],"author":[{"embeddable":true,"href":"https:\/\/dxplastiques.com\/fr\/wp-json\/wp\/v2\/users\/1"}],"replies":[{"embeddable":true,"href":"https:\/\/dxplastiques.com\/fr\/wp-json\/wp\/v2\/comments?post=71"}],"version-history":[{"count":7,"href":"https:\/\/dxplastiques.com\/fr\/wp-json\/wp\/v2\/pages\/71\/revisions"}],"predecessor-version":[{"id":938,"href":"https:\/\/dxplastiques.com\/fr\/wp-json\/wp\/v2\/pages\/71\/revisions\/938"}],"up":[{"embeddable":true,"href":"https:\/\/dxplastiques.com\/fr\/wp-json\/wp\/v2\/pages\/69"}],"wp:attachment":[{"href":"https:\/\/dxplastiques.com\/fr\/wp-json\/wp\/v2\/media?parent=71"}],"curies":[{"name":"wp","href":"https:\/\/api.w.org\/{rel}","templated":true}]}}