{"id":456,"date":"2021-07-08T10:45:46","date_gmt":"2021-07-08T14:45:46","guid":{"rendered":"https:\/\/dxplastiques.com\/?page_id=456"},"modified":"2025-12-05T14:14:21","modified_gmt":"2025-12-05T19:14:21","slug":"smart-pan","status":"publish","type":"page","link":"https:\/\/dxplastiques.com\/fr\/produits\/smart-pan\/","title":{"rendered":"Smart Pan"},"content":{"rendered":"<div id=\"pl-456\"  class=\"panel-layout\" ><div id=\"pg-456-0\"  class=\"panel-grid panel-has-style\" ><div class=\"row_spacing panel-row-style panel-row-style-for-456-0\" ><div id=\"pgc-456-0-0\"  class=\"panel-grid-cell\" ><div id=\"panel-456-0-0-0\" class=\"so-panel widget widget_black-studio-tinymce widget_black_studio_tinymce panel-first-child panel-last-child\" data-index=\"0\" ><div class=\"list_style panel-widget-style panel-widget-style-for-456-0-0-0\" ><div class=\"textwidget\"><h1><span class=\"title_black_upp\">Smart Pan : \u00e9vitez les d\u00e9g\u00e2ts d\u2019un chauffe-eau qui fuit<\/span><\/h1>\n<p><span class=\"title_box_grey\">DX Plastiques<\/span><\/p>\n<p>DX Plastiques est partenaire pour la fabrication par thermoformage des bassins de r\u00e9cup\u00e9ration d\u2019eau Smart Pan. Install\u00e9s sous le chauffe-eau, ces bassins de r\u00e9tention permettent d\u2019\u00e9viter bien des d\u00e9g\u00e2ts en cas de bris du r\u00e9servoir.<\/p>\n<p>De taille unique, le Smart Pan est de conception solide et convient tout aussi bien aux propri\u00e9t\u00e9s r\u00e9sidentielles que commerciales. Son bassin de 8 po de profondeur permet d\u2019accumuler une bonne quantit\u00e9 d\u2019eau qui est automatiquement \u00e9vacu\u00e9e vers un drain ou une fosse existante gr\u00e2ce \u00e0 une pompe de puisard.<\/p>\n<\/div><\/div><\/div><\/div><div id=\"pgc-456-0-1\"  class=\"panel-grid-cell panel-grid-cell-empty\" ><\/div><div id=\"pgc-456-0-2\"  class=\"panel-grid-cell\" ><div id=\"panel-456-0-2-0\" class=\"so-panel widget widget_black-studio-tinymce widget_black_studio_tinymce panel-first-child panel-last-child\" data-index=\"1\" ><div class=\"textwidget\"><p><img loading=\"lazy\" decoding=\"async\" class=\"alignnone size-full wp-image-457\" src=\"https:\/\/dxplastiques.com\/wp-content\/uploads\/2021\/07\/smart_pan_plastiques.jpg\" alt=\"smart pan plastiques\" width=\"1030\" height=\"609\" \/><\/p>\n<\/div><\/div><\/div><\/div><\/div><div id=\"pg-456-1\"  class=\"panel-grid panel-has-style\" ><div class=\"blue_row row_spacing panel-row-style panel-row-style-for-456-1\" ><div id=\"pgc-456-1-0\"  class=\"panel-grid-cell\" ><div id=\"panel-456-1-0-0\" class=\"so-panel widget widget_black-studio-tinymce widget_black_studio_tinymce panel-first-child panel-last-child\" data-index=\"2\" ><div class=\"textwidget\"><p style=\"text-align: center;\"><span class=\"title_black_upp\">Pour en savoir plus sur le Smart\u00a0Pan, <\/span><br \/>\n<span class=\"title_black_upp\">visitez le <span style=\"color: #dddddd;\"><a style=\"color: #dddddd;\" href=\"https:\/\/smartpan.ca\/\" target=\"_blank\" rel=\"noopener\">www.smartpan.ca<\/a><\/span><\/span><\/p>\n<\/div><\/div><\/div><\/div><\/div><div id=\"pg-456-2\"  class=\"panel-grid panel-has-style\" ><div class=\"row_spacing_bottom panel-row-style panel-row-style-for-456-2\" ><div id=\"pgc-456-2-0\"  class=\"panel-grid-cell\" ><div id=\"panel-456-2-0-0\" class=\"widget_text so-panel widget widget_custom_html panel-first-child panel-last-child\" data-index=\"3\" ><div class=\"textwidget custom-html-widget\">&nbsp;<\/div><\/div><\/div><\/div><\/div><\/div>","protected":false},"excerpt":{"rendered":"<p>Smart Pan : \u00e9vitez les d\u00e9g\u00e2ts d\u2019un chauffe-eau qui fuit DX Plastiques DX Plastiques est partenaire pour la fabrication par thermoformage des bassins de r\u00e9cup\u00e9ration d\u2019eau Smart Pan. Install\u00e9s sous le chauffe-eau, ces bassins de r\u00e9tention permettent d\u2019\u00e9viter bien des d\u00e9g\u00e2ts en cas de bris du r\u00e9servoir. De taille unique, le Smart Pan est de [&hellip;]<\/p>\n","protected":false},"author":1,"featured_media":0,"parent":431,"menu_order":4,"comment_status":"closed","ping_status":"closed","template":"page.php","meta":{"_acf_changed":false,"footnotes":""},"class_list":["post-456","page","type-page","status-publish","hentry"],"acf":[],"yoast_head":"<!-- This site is optimized with the Yoast SEO plugin v27.4 - https:\/\/yoast.com\/product\/yoast-seo-wordpress\/ -->\n<title>Smart Pan : protection fuite du r\u00e9servoir d\u2019eau chaude<\/title>\n<meta name=\"description\" content=\"Notre plateforme sur\u00e9lev\u00e9e avec bassin de grande capacit\u00e9 pr\u00e9vient les d\u00e9g\u00e2ts d\u2019eau caus\u00e9s par un r\u00e9servoir d\u2019eau chaude qui fuit.\" \/>\n<meta name=\"robots\" content=\"index, follow, max-snippet:-1, max-image-preview:large, max-video-preview:-1\" \/>\n<link rel=\"canonical\" href=\"https:\/\/dxplastiques.com\/fr\/produits\/smart-pan\/\" \/>\n<meta property=\"og:locale\" content=\"fr_FR\" \/>\n<meta property=\"og:type\" content=\"article\" \/>\n<meta property=\"og:title\" content=\"Smart Pan : protection fuite du r\u00e9servoir d\u2019eau chaude\" \/>\n<meta property=\"og:description\" content=\"Notre plateforme sur\u00e9lev\u00e9e avec bassin de grande capacit\u00e9 pr\u00e9vient les d\u00e9g\u00e2ts d\u2019eau caus\u00e9s par un r\u00e9servoir d\u2019eau chaude qui fuit.\" \/>\n<meta property=\"og:url\" content=\"https:\/\/dxplastiques.com\/fr\/produits\/smart-pan\/\" \/>\n<meta property=\"og:site_name\" content=\"DX Plastiques\" \/>\n<meta property=\"article:modified_time\" content=\"2025-12-05T19:14:21+00:00\" \/>\n<meta property=\"og:image\" content=\"https:\/\/dxplastiques.com\/wp-content\/uploads\/2021\/07\/facebook_share.png\" \/>\n\t<meta property=\"og:image:width\" content=\"1200\" \/>\n\t<meta property=\"og:image:height\" content=\"628\" \/>\n\t<meta property=\"og:image:type\" content=\"image\/png\" \/>\n<meta name=\"twitter:card\" content=\"summary_large_image\" \/>\n<meta name=\"twitter:label1\" content=\"Dur\u00e9e de lecture estim\u00e9e\" \/>\n\t<meta name=\"twitter:data1\" content=\"1 minute\" \/>\n<script type=\"application\/ld+json\" class=\"yoast-schema-graph\">{\"@context\":\"https:\\\/\\\/schema.org\",\"@graph\":[{\"@type\":\"WebPage\",\"@id\":\"https:\\\/\\\/dxplastiques.com\\\/fr\\\/produits\\\/smart-pan\\\/\",\"url\":\"https:\\\/\\\/dxplastiques.com\\\/fr\\\/produits\\\/smart-pan\\\/\",\"name\":\"Smart Pan : protection fuite du r\u00e9servoir d\u2019eau chaude\",\"isPartOf\":{\"@id\":\"https:\\\/\\\/dxplastiques.com\\\/fr\\\/#website\"},\"primaryImageOfPage\":{\"@id\":\"https:\\\/\\\/dxplastiques.com\\\/fr\\\/produits\\\/smart-pan\\\/#primaryimage\"},\"image\":{\"@id\":\"https:\\\/\\\/dxplastiques.com\\\/fr\\\/produits\\\/smart-pan\\\/#primaryimage\"},\"thumbnailUrl\":\"https:\\\/\\\/dxplastiques.com\\\/wp-content\\\/uploads\\\/2021\\\/07\\\/smart_pan_plastiques.jpg\",\"datePublished\":\"2021-07-08T14:45:46+00:00\",\"dateModified\":\"2025-12-05T19:14:21+00:00\",\"description\":\"Notre plateforme sur\u00e9lev\u00e9e avec bassin de grande capacit\u00e9 pr\u00e9vient les d\u00e9g\u00e2ts d\u2019eau caus\u00e9s par un r\u00e9servoir d\u2019eau chaude qui fuit.\",\"breadcrumb\":{\"@id\":\"https:\\\/\\\/dxplastiques.com\\\/fr\\\/produits\\\/smart-pan\\\/#breadcrumb\"},\"inLanguage\":\"fr-FR\",\"potentialAction\":[{\"@type\":\"ReadAction\",\"target\":[\"https:\\\/\\\/dxplastiques.com\\\/fr\\\/produits\\\/smart-pan\\\/\"]}]},{\"@type\":\"ImageObject\",\"inLanguage\":\"fr-FR\",\"@id\":\"https:\\\/\\\/dxplastiques.com\\\/fr\\\/produits\\\/smart-pan\\\/#primaryimage\",\"url\":\"https:\\\/\\\/dxplastiques.com\\\/wp-content\\\/uploads\\\/2021\\\/07\\\/smart_pan_plastiques.jpg\",\"contentUrl\":\"https:\\\/\\\/dxplastiques.com\\\/wp-content\\\/uploads\\\/2021\\\/07\\\/smart_pan_plastiques.jpg\"},{\"@type\":\"BreadcrumbList\",\"@id\":\"https:\\\/\\\/dxplastiques.com\\\/fr\\\/produits\\\/smart-pan\\\/#breadcrumb\",\"itemListElement\":[{\"@type\":\"ListItem\",\"position\":1,\"name\":\"Accueil\",\"item\":\"https:\\\/\\\/dxplastiques.com\\\/fr\\\/\"},{\"@type\":\"ListItem\",\"position\":2,\"name\":\"Produits\",\"item\":\"https:\\\/\\\/dxplastiques.com\\\/fr\\\/produits\\\/\"},{\"@type\":\"ListItem\",\"position\":3,\"name\":\"Smart Pan\"}]},{\"@type\":\"WebSite\",\"@id\":\"https:\\\/\\\/dxplastiques.com\\\/fr\\\/#website\",\"url\":\"https:\\\/\\\/dxplastiques.com\\\/fr\\\/\",\"name\":\"DX Plastiques\",\"description\":\"\",\"potentialAction\":[{\"@type\":\"SearchAction\",\"target\":{\"@type\":\"EntryPoint\",\"urlTemplate\":\"https:\\\/\\\/dxplastiques.com\\\/fr\\\/?s={search_term_string}\"},\"query-input\":{\"@type\":\"PropertyValueSpecification\",\"valueRequired\":true,\"valueName\":\"search_term_string\"}}],\"inLanguage\":\"fr-FR\"}]}<\/script>\n<!-- \/ Yoast SEO plugin. -->","yoast_head_json":{"title":"Smart Pan : protection fuite du r\u00e9servoir d\u2019eau chaude","description":"Notre plateforme sur\u00e9lev\u00e9e avec bassin de grande capacit\u00e9 pr\u00e9vient les d\u00e9g\u00e2ts d\u2019eau caus\u00e9s par un r\u00e9servoir d\u2019eau chaude qui fuit.","robots":{"index":"index","follow":"follow","max-snippet":"max-snippet:-1","max-image-preview":"max-image-preview:large","max-video-preview":"max-video-preview:-1"},"canonical":"https:\/\/dxplastiques.com\/fr\/produits\/smart-pan\/","og_locale":"fr_FR","og_type":"article","og_title":"Smart Pan : protection fuite du r\u00e9servoir d\u2019eau chaude","og_description":"Notre plateforme sur\u00e9lev\u00e9e avec bassin de grande capacit\u00e9 pr\u00e9vient les d\u00e9g\u00e2ts d\u2019eau caus\u00e9s par un r\u00e9servoir d\u2019eau chaude qui fuit.","og_url":"https:\/\/dxplastiques.com\/fr\/produits\/smart-pan\/","og_site_name":"DX Plastiques","article_modified_time":"2025-12-05T19:14:21+00:00","og_image":[{"width":1200,"height":628,"url":"https:\/\/dxplastiques.com\/wp-content\/uploads\/2021\/07\/facebook_share.png","type":"image\/png"}],"twitter_card":"summary_large_image","twitter_misc":{"Dur\u00e9e de lecture estim\u00e9e":"1 minute"},"schema":{"@context":"https:\/\/schema.org","@graph":[{"@type":"WebPage","@id":"https:\/\/dxplastiques.com\/fr\/produits\/smart-pan\/","url":"https:\/\/dxplastiques.com\/fr\/produits\/smart-pan\/","name":"Smart Pan : protection fuite du r\u00e9servoir d\u2019eau chaude","isPartOf":{"@id":"https:\/\/dxplastiques.com\/fr\/#website"},"primaryImageOfPage":{"@id":"https:\/\/dxplastiques.com\/fr\/produits\/smart-pan\/#primaryimage"},"image":{"@id":"https:\/\/dxplastiques.com\/fr\/produits\/smart-pan\/#primaryimage"},"thumbnailUrl":"https:\/\/dxplastiques.com\/wp-content\/uploads\/2021\/07\/smart_pan_plastiques.jpg","datePublished":"2021-07-08T14:45:46+00:00","dateModified":"2025-12-05T19:14:21+00:00","description":"Notre plateforme sur\u00e9lev\u00e9e avec bassin de grande capacit\u00e9 pr\u00e9vient les d\u00e9g\u00e2ts d\u2019eau caus\u00e9s par un r\u00e9servoir d\u2019eau chaude qui fuit.","breadcrumb":{"@id":"https:\/\/dxplastiques.com\/fr\/produits\/smart-pan\/#breadcrumb"},"inLanguage":"fr-FR","potentialAction":[{"@type":"ReadAction","target":["https:\/\/dxplastiques.com\/fr\/produits\/smart-pan\/"]}]},{"@type":"ImageObject","inLanguage":"fr-FR","@id":"https:\/\/dxplastiques.com\/fr\/produits\/smart-pan\/#primaryimage","url":"https:\/\/dxplastiques.com\/wp-content\/uploads\/2021\/07\/smart_pan_plastiques.jpg","contentUrl":"https:\/\/dxplastiques.com\/wp-content\/uploads\/2021\/07\/smart_pan_plastiques.jpg"},{"@type":"BreadcrumbList","@id":"https:\/\/dxplastiques.com\/fr\/produits\/smart-pan\/#breadcrumb","itemListElement":[{"@type":"ListItem","position":1,"name":"Accueil","item":"https:\/\/dxplastiques.com\/fr\/"},{"@type":"ListItem","position":2,"name":"Produits","item":"https:\/\/dxplastiques.com\/fr\/produits\/"},{"@type":"ListItem","position":3,"name":"Smart Pan"}]},{"@type":"WebSite","@id":"https:\/\/dxplastiques.com\/fr\/#website","url":"https:\/\/dxplastiques.com\/fr\/","name":"DX Plastiques","description":"","potentialAction":[{"@type":"SearchAction","target":{"@type":"EntryPoint","urlTemplate":"https:\/\/dxplastiques.com\/fr\/?s={search_term_string}"},"query-input":{"@type":"PropertyValueSpecification","valueRequired":true,"valueName":"search_term_string"}}],"inLanguage":"fr-FR"}]}},"_links":{"self":[{"href":"https:\/\/dxplastiques.com\/fr\/wp-json\/wp\/v2\/pages\/456","targetHints":{"allow":["GET"]}}],"collection":[{"href":"https:\/\/dxplastiques.com\/fr\/wp-json\/wp\/v2\/pages"}],"about":[{"href":"https:\/\/dxplastiques.com\/fr\/wp-json\/wp\/v2\/types\/page"}],"author":[{"embeddable":true,"href":"https:\/\/dxplastiques.com\/fr\/wp-json\/wp\/v2\/users\/1"}],"replies":[{"embeddable":true,"href":"https:\/\/dxplastiques.com\/fr\/wp-json\/wp\/v2\/comments?post=456"}],"version-history":[{"count":7,"href":"https:\/\/dxplastiques.com\/fr\/wp-json\/wp\/v2\/pages\/456\/revisions"}],"predecessor-version":[{"id":966,"href":"https:\/\/dxplastiques.com\/fr\/wp-json\/wp\/v2\/pages\/456\/revisions\/966"}],"up":[{"embeddable":true,"href":"https:\/\/dxplastiques.com\/fr\/wp-json\/wp\/v2\/pages\/431"}],"wp:attachment":[{"href":"https:\/\/dxplastiques.com\/fr\/wp-json\/wp\/v2\/media?parent=456"}],"curies":[{"name":"wp","href":"https:\/\/api.w.org\/{rel}","templated":true}]}}