{"id":450,"date":"2021-07-08T10:38:53","date_gmt":"2021-07-08T14:38:53","guid":{"rendered":"https:\/\/dxplastiques.com\/?page_id=450"},"modified":"2025-12-05T14:13:23","modified_gmt":"2025-12-05T19:13:23","slug":"les-domaines-et-marches","status":"publish","type":"page","link":"https:\/\/dxplastiques.com\/fr\/produits\/les-domaines-et-marches\/","title":{"rendered":"Les domaines et march\u00e9s"},"content":{"rendered":"<div id=\"pl-450\"  class=\"panel-layout\" ><div id=\"pg-450-0\"  class=\"panel-grid panel-has-style\" ><div class=\"row_spacing panel-row-style panel-row-style-for-450-0\" ><div id=\"pgc-450-0-0\"  class=\"panel-grid-cell\" ><div id=\"panel-450-0-0-0\" class=\"so-panel widget widget_black-studio-tinymce widget_black_studio_tinymce panel-first-child panel-last-child\" data-index=\"0\" ><div class=\"list_style panel-widget-style panel-widget-style-for-450-0-0-0\" ><div class=\"textwidget\"><h1><span class=\"title_black_upp\">Notre polyvalence en thermoformage<\/span><\/h1>\n<p><span class=\"title_box_grey\">DX Plastiques<\/span><\/p>\n<p>Notre \u00e9quipe est pass\u00e9e ma\u00eetre dans l\u2019art de fabriquer des pi\u00e8ces en plastique thermoform\u00e9es qui vous donneront satisfaction. Nous gardons en inventaire plus de 4000 moules et gabarits d\u2019usinage que nous fabriquons pour nos clients. Petit ou grand projet, notre flexibilit\u00e9, notre transparence, notre collaboration et notre accompagnement vous assurent un r\u00e9sultat sans surprise.<\/p>\n<p>Nous fabriquons des pi\u00e8ces de plastique par thermoformage pour les secteurs d\u2019activit\u00e9 suivants\u00a0:<\/p>\n<ul>\n<li>Industriel<\/li>\n<li>Transport<\/li>\n<li>M\u00e9dical<\/li>\n<li>Alimentation<\/li>\n<li>Sport et loisir<\/li>\n<li>Environnemental<\/li>\n<li>Cosm\u00e9tique<\/li>\n<\/ul>\n<\/div><\/div><\/div><\/div><div id=\"pgc-450-0-1\"  class=\"panel-grid-cell panel-grid-cell-empty\" ><\/div><div id=\"pgc-450-0-2\"  class=\"panel-grid-cell\" ><div id=\"panel-450-0-2-0\" class=\"so-panel widget widget_black-studio-tinymce widget_black_studio_tinymce panel-first-child panel-last-child\" data-index=\"1\" ><div class=\"textwidget\"><p><img loading=\"lazy\" decoding=\"async\" src=\"https:\/\/dxplastiques.com\/wp-content\/uploads\/2025\/12\/domaines_thermoformage.jpg\" alt=\"domaines_thermoformage\" width=\"1030\" height=\"466\" class=\"alignnone size-full wp-image-962\" \/><\/p>\n<\/div><\/div><\/div><\/div><\/div><\/div>","protected":false},"excerpt":{"rendered":"<p>Notre polyvalence en thermoformage DX Plastiques Notre \u00e9quipe est pass\u00e9e ma\u00eetre dans l\u2019art de fabriquer des pi\u00e8ces en plastique thermoform\u00e9es qui vous donneront satisfaction. Nous gardons en inventaire plus de 4000 moules et gabarits d\u2019usinage que nous fabriquons pour nos clients. Petit ou grand projet, notre flexibilit\u00e9, notre transparence, notre collaboration et notre accompagnement vous [&hellip;]<\/p>\n","protected":false},"author":1,"featured_media":0,"parent":431,"menu_order":2,"comment_status":"closed","ping_status":"closed","template":"page-pre-footer.php","meta":{"_acf_changed":false,"footnotes":""},"class_list":["post-450","page","type-page","status-publish","hentry"],"acf":[],"yoast_head":"<!-- This site is optimized with the Yoast SEO plugin v27.4 - https:\/\/yoast.com\/product\/yoast-seo-wordpress\/ -->\n<title>Thermoformage : les domaines d\u2019application<\/title>\n<meta name=\"description\" content=\"Les pi\u00e8ces de plastique fabriqu\u00e9es par thermoformage se retrouvent dans plusieurs secteurs d\u2019activit\u00e9, dont le transport, le m\u00e9dical, l\u2019alimentation, etc.\" \/>\n<meta name=\"robots\" content=\"index, follow, max-snippet:-1, max-image-preview:large, max-video-preview:-1\" \/>\n<link rel=\"canonical\" href=\"https:\/\/dxplastiques.com\/fr\/produits\/les-domaines-et-marches\/\" \/>\n<meta property=\"og:locale\" content=\"fr_FR\" \/>\n<meta property=\"og:type\" content=\"article\" \/>\n<meta property=\"og:title\" content=\"Thermoformage : les domaines d\u2019application\" \/>\n<meta property=\"og:description\" content=\"Les pi\u00e8ces de plastique fabriqu\u00e9es par thermoformage se retrouvent dans plusieurs secteurs d\u2019activit\u00e9, dont le transport, le m\u00e9dical, l\u2019alimentation, etc.\" \/>\n<meta property=\"og:url\" content=\"https:\/\/dxplastiques.com\/fr\/produits\/les-domaines-et-marches\/\" \/>\n<meta property=\"og:site_name\" content=\"DX Plastiques\" \/>\n<meta property=\"article:modified_time\" content=\"2025-12-05T19:13:23+00:00\" \/>\n<meta property=\"og:image\" content=\"https:\/\/dxplastiques.com\/wp-content\/uploads\/2021\/07\/facebook_share.png\" \/>\n\t<meta property=\"og:image:width\" content=\"1200\" \/>\n\t<meta property=\"og:image:height\" content=\"628\" \/>\n\t<meta property=\"og:image:type\" content=\"image\/png\" \/>\n<meta name=\"twitter:card\" content=\"summary_large_image\" \/>\n<meta name=\"twitter:label1\" content=\"Dur\u00e9e de lecture estim\u00e9e\" \/>\n\t<meta name=\"twitter:data1\" content=\"1 minute\" \/>\n<script type=\"application\/ld+json\" class=\"yoast-schema-graph\">{\"@context\":\"https:\\\/\\\/schema.org\",\"@graph\":[{\"@type\":\"WebPage\",\"@id\":\"https:\\\/\\\/dxplastiques.com\\\/fr\\\/produits\\\/les-domaines-et-marches\\\/\",\"url\":\"https:\\\/\\\/dxplastiques.com\\\/fr\\\/produits\\\/les-domaines-et-marches\\\/\",\"name\":\"Thermoformage : les domaines d\u2019application\",\"isPartOf\":{\"@id\":\"https:\\\/\\\/dxplastiques.com\\\/fr\\\/#website\"},\"primaryImageOfPage\":{\"@id\":\"https:\\\/\\\/dxplastiques.com\\\/fr\\\/produits\\\/les-domaines-et-marches\\\/#primaryimage\"},\"image\":{\"@id\":\"https:\\\/\\\/dxplastiques.com\\\/fr\\\/produits\\\/les-domaines-et-marches\\\/#primaryimage\"},\"thumbnailUrl\":\"https:\\\/\\\/dxplastiques.com\\\/wp-content\\\/uploads\\\/2025\\\/12\\\/domaines_thermoformage.jpg\",\"datePublished\":\"2021-07-08T14:38:53+00:00\",\"dateModified\":\"2025-12-05T19:13:23+00:00\",\"description\":\"Les pi\u00e8ces de plastique fabriqu\u00e9es par thermoformage se retrouvent dans plusieurs secteurs d\u2019activit\u00e9, dont le transport, le m\u00e9dical, l\u2019alimentation, etc.\",\"breadcrumb\":{\"@id\":\"https:\\\/\\\/dxplastiques.com\\\/fr\\\/produits\\\/les-domaines-et-marches\\\/#breadcrumb\"},\"inLanguage\":\"fr-FR\",\"potentialAction\":[{\"@type\":\"ReadAction\",\"target\":[\"https:\\\/\\\/dxplastiques.com\\\/fr\\\/produits\\\/les-domaines-et-marches\\\/\"]}]},{\"@type\":\"ImageObject\",\"inLanguage\":\"fr-FR\",\"@id\":\"https:\\\/\\\/dxplastiques.com\\\/fr\\\/produits\\\/les-domaines-et-marches\\\/#primaryimage\",\"url\":\"https:\\\/\\\/dxplastiques.com\\\/wp-content\\\/uploads\\\/2025\\\/12\\\/domaines_thermoformage.jpg\",\"contentUrl\":\"https:\\\/\\\/dxplastiques.com\\\/wp-content\\\/uploads\\\/2025\\\/12\\\/domaines_thermoformage.jpg\"},{\"@type\":\"BreadcrumbList\",\"@id\":\"https:\\\/\\\/dxplastiques.com\\\/fr\\\/produits\\\/les-domaines-et-marches\\\/#breadcrumb\",\"itemListElement\":[{\"@type\":\"ListItem\",\"position\":1,\"name\":\"Accueil\",\"item\":\"https:\\\/\\\/dxplastiques.com\\\/fr\\\/\"},{\"@type\":\"ListItem\",\"position\":2,\"name\":\"Produits\",\"item\":\"https:\\\/\\\/dxplastiques.com\\\/fr\\\/produits\\\/\"},{\"@type\":\"ListItem\",\"position\":3,\"name\":\"Les domaines et march\u00e9s\"}]},{\"@type\":\"WebSite\",\"@id\":\"https:\\\/\\\/dxplastiques.com\\\/fr\\\/#website\",\"url\":\"https:\\\/\\\/dxplastiques.com\\\/fr\\\/\",\"name\":\"DX Plastiques\",\"description\":\"\",\"potentialAction\":[{\"@type\":\"SearchAction\",\"target\":{\"@type\":\"EntryPoint\",\"urlTemplate\":\"https:\\\/\\\/dxplastiques.com\\\/fr\\\/?s={search_term_string}\"},\"query-input\":{\"@type\":\"PropertyValueSpecification\",\"valueRequired\":true,\"valueName\":\"search_term_string\"}}],\"inLanguage\":\"fr-FR\"}]}<\/script>\n<!-- \/ Yoast SEO plugin. -->","yoast_head_json":{"title":"Thermoformage : les domaines d\u2019application","description":"Les pi\u00e8ces de plastique fabriqu\u00e9es par thermoformage se retrouvent dans plusieurs secteurs d\u2019activit\u00e9, dont le transport, le m\u00e9dical, l\u2019alimentation, etc.","robots":{"index":"index","follow":"follow","max-snippet":"max-snippet:-1","max-image-preview":"max-image-preview:large","max-video-preview":"max-video-preview:-1"},"canonical":"https:\/\/dxplastiques.com\/fr\/produits\/les-domaines-et-marches\/","og_locale":"fr_FR","og_type":"article","og_title":"Thermoformage : les domaines d\u2019application","og_description":"Les pi\u00e8ces de plastique fabriqu\u00e9es par thermoformage se retrouvent dans plusieurs secteurs d\u2019activit\u00e9, dont le transport, le m\u00e9dical, l\u2019alimentation, etc.","og_url":"https:\/\/dxplastiques.com\/fr\/produits\/les-domaines-et-marches\/","og_site_name":"DX Plastiques","article_modified_time":"2025-12-05T19:13:23+00:00","og_image":[{"width":1200,"height":628,"url":"https:\/\/dxplastiques.com\/wp-content\/uploads\/2021\/07\/facebook_share.png","type":"image\/png"}],"twitter_card":"summary_large_image","twitter_misc":{"Dur\u00e9e de lecture estim\u00e9e":"1 minute"},"schema":{"@context":"https:\/\/schema.org","@graph":[{"@type":"WebPage","@id":"https:\/\/dxplastiques.com\/fr\/produits\/les-domaines-et-marches\/","url":"https:\/\/dxplastiques.com\/fr\/produits\/les-domaines-et-marches\/","name":"Thermoformage : les domaines d\u2019application","isPartOf":{"@id":"https:\/\/dxplastiques.com\/fr\/#website"},"primaryImageOfPage":{"@id":"https:\/\/dxplastiques.com\/fr\/produits\/les-domaines-et-marches\/#primaryimage"},"image":{"@id":"https:\/\/dxplastiques.com\/fr\/produits\/les-domaines-et-marches\/#primaryimage"},"thumbnailUrl":"https:\/\/dxplastiques.com\/wp-content\/uploads\/2025\/12\/domaines_thermoformage.jpg","datePublished":"2021-07-08T14:38:53+00:00","dateModified":"2025-12-05T19:13:23+00:00","description":"Les pi\u00e8ces de plastique fabriqu\u00e9es par thermoformage se retrouvent dans plusieurs secteurs d\u2019activit\u00e9, dont le transport, le m\u00e9dical, l\u2019alimentation, etc.","breadcrumb":{"@id":"https:\/\/dxplastiques.com\/fr\/produits\/les-domaines-et-marches\/#breadcrumb"},"inLanguage":"fr-FR","potentialAction":[{"@type":"ReadAction","target":["https:\/\/dxplastiques.com\/fr\/produits\/les-domaines-et-marches\/"]}]},{"@type":"ImageObject","inLanguage":"fr-FR","@id":"https:\/\/dxplastiques.com\/fr\/produits\/les-domaines-et-marches\/#primaryimage","url":"https:\/\/dxplastiques.com\/wp-content\/uploads\/2025\/12\/domaines_thermoformage.jpg","contentUrl":"https:\/\/dxplastiques.com\/wp-content\/uploads\/2025\/12\/domaines_thermoformage.jpg"},{"@type":"BreadcrumbList","@id":"https:\/\/dxplastiques.com\/fr\/produits\/les-domaines-et-marches\/#breadcrumb","itemListElement":[{"@type":"ListItem","position":1,"name":"Accueil","item":"https:\/\/dxplastiques.com\/fr\/"},{"@type":"ListItem","position":2,"name":"Produits","item":"https:\/\/dxplastiques.com\/fr\/produits\/"},{"@type":"ListItem","position":3,"name":"Les domaines et march\u00e9s"}]},{"@type":"WebSite","@id":"https:\/\/dxplastiques.com\/fr\/#website","url":"https:\/\/dxplastiques.com\/fr\/","name":"DX Plastiques","description":"","potentialAction":[{"@type":"SearchAction","target":{"@type":"EntryPoint","urlTemplate":"https:\/\/dxplastiques.com\/fr\/?s={search_term_string}"},"query-input":{"@type":"PropertyValueSpecification","valueRequired":true,"valueName":"search_term_string"}}],"inLanguage":"fr-FR"}]}},"_links":{"self":[{"href":"https:\/\/dxplastiques.com\/fr\/wp-json\/wp\/v2\/pages\/450","targetHints":{"allow":["GET"]}}],"collection":[{"href":"https:\/\/dxplastiques.com\/fr\/wp-json\/wp\/v2\/pages"}],"about":[{"href":"https:\/\/dxplastiques.com\/fr\/wp-json\/wp\/v2\/types\/page"}],"author":[{"embeddable":true,"href":"https:\/\/dxplastiques.com\/fr\/wp-json\/wp\/v2\/users\/1"}],"replies":[{"embeddable":true,"href":"https:\/\/dxplastiques.com\/fr\/wp-json\/wp\/v2\/comments?post=450"}],"version-history":[{"count":4,"href":"https:\/\/dxplastiques.com\/fr\/wp-json\/wp\/v2\/pages\/450\/revisions"}],"predecessor-version":[{"id":964,"href":"https:\/\/dxplastiques.com\/fr\/wp-json\/wp\/v2\/pages\/450\/revisions\/964"}],"up":[{"embeddable":true,"href":"https:\/\/dxplastiques.com\/fr\/wp-json\/wp\/v2\/pages\/431"}],"wp:attachment":[{"href":"https:\/\/dxplastiques.com\/fr\/wp-json\/wp\/v2\/media?parent=450"}],"curies":[{"name":"wp","href":"https:\/\/api.w.org\/{rel}","templated":true}]}}