{"id":433,"date":"2021-07-08T10:15:10","date_gmt":"2021-07-08T14:15:10","guid":{"rendered":"https:\/\/dxplastiques.com\/?page_id=433"},"modified":"2025-12-05T14:10:38","modified_gmt":"2025-12-05T19:10:38","slug":"matieres-premieres","status":"publish","type":"page","link":"https:\/\/dxplastiques.com\/fr\/produits\/matieres-premieres\/","title":{"rendered":"Mati\u00e8res premi\u00e8res"},"content":{"rendered":"<div id=\"pl-433\"  class=\"panel-layout\" ><div id=\"pg-433-0\"  class=\"panel-grid panel-has-style\" ><div class=\"row_spacing panel-row-style panel-row-style-for-433-0\" ><div id=\"pgc-433-0-0\"  class=\"panel-grid-cell\" ><div id=\"panel-433-0-0-0\" class=\"so-panel widget widget_black-studio-tinymce widget_black_studio_tinymce panel-first-child panel-last-child\" data-index=\"0\" ><div class=\"list_style panel-widget-style panel-widget-style-for-433-0-0-0\" ><div class=\"textwidget\"><h1><span class=\"title_black_upp\">Les mati\u00e8res plastiques utilis\u00e9es en thermoformage<\/span><\/h1>\n<p><span class=\"title_box_grey\">DX Plastiques<\/span><\/p>\n<p>On retrouve dans le domaine du thermoformage une grande gamme de mati\u00e8res utilisables pour la r\u00e9alisation de diverses pi\u00e8ces. On y utilise des mati\u00e8res thermoplastiques qui se d\u00e9forment au contact de la chaleur.<\/p>\n<\/div><\/div><\/div><\/div><div id=\"pgc-433-0-1\"  class=\"panel-grid-cell panel-grid-cell-empty\" ><\/div><div id=\"pgc-433-0-2\"  class=\"panel-grid-cell\" ><div id=\"panel-433-0-2-0\" class=\"so-panel widget widget_black-studio-tinymce widget_black_studio_tinymce panel-first-child panel-last-child\" data-index=\"1\" ><div class=\"textwidget\"><p><img loading=\"lazy\" decoding=\"async\" src=\"https:\/\/dxplastiques.com\/wp-content\/uploads\/2025\/12\/matieres_plastiques.jpg\" alt=\"matieres_plastiques\" width=\"1030\" height=\"466\" class=\"alignnone size-full wp-image-957\" \/><\/p>\n<\/div><\/div><\/div><\/div><\/div><div id=\"pg-433-1\"  class=\"panel-grid panel-has-style\" ><div class=\"row_lines panel-row-style panel-row-style-for-433-1\" ><div id=\"pgc-433-1-0\"  class=\"panel-grid-cell\" ><div id=\"panel-433-1-0-0\" class=\"so-panel widget widget_black-studio-tinymce widget_black_studio_tinymce panel-first-child panel-last-child\" data-index=\"2\" ><div class=\"box_grey box_left_extra_width list_style panel-widget-style panel-widget-style-for-433-1-0-0\" ><div class=\"textwidget\"><p><span class=\"big_text\">LES POLYM\u00c8RES LES PLUS UTILIS\u00c9S DANS LE DOMAINE SONT\u00a0:<\/span><\/p>\n<ul>\n<li>l\u2019acrylonitrile butadi\u00e8ne styr\u00e8ne (ABS)<\/li>\n<li>le poly\u00e9thyl\u00e8ne (PE)<\/li>\n<li>le polystyr\u00e8ne choc (HIPS)<\/li>\n<li>le polychlorure de vinyle (PVC)<\/li>\n<li>le polym\u00e9thacrylate de m\u00e9thyle (PMMA)<\/li>\n<li>le polycarbonate (PC)<\/li>\n<li>le polypropyl\u00e8ne (PP)<\/li>\n<li>le polystyr\u00e8ne (PS).<\/li>\n<\/ul>\n<\/div><\/div><\/div><\/div><div id=\"pgc-433-1-1\"  class=\"panel-grid-cell\" ><div id=\"panel-433-1-1-0\" class=\"so-panel widget widget_black-studio-tinymce widget_black_studio_tinymce panel-first-child panel-last-child\" data-index=\"3\" ><div class=\"textwidget\"><p><img loading=\"lazy\" decoding=\"async\" class=\"alignnone size-full wp-image-447\" src=\"https:\/\/dxplastiques.com\/wp-content\/uploads\/2021\/07\/les_polymeres.jpg\" alt=\"les polymeres\" width=\"740\" height=\"405\" \/><\/p>\n<\/div><\/div><\/div><div id=\"pgc-433-1-2\"  class=\"panel-grid-cell\" ><div id=\"panel-433-1-2-0\" class=\"so-panel widget widget_black-studio-tinymce widget_black_studio_tinymce panel-first-child panel-last-child\" data-index=\"4\" ><div class=\"box_dark box_right_extra_width list_style panel-widget-style panel-widget-style-for-433-1-2-0\" ><div class=\"textwidget\"><p><span class=\"big_text\">Il est aussi courant d\u2019utiliser des associations de plusieurs polym\u00e8res (ABS-PMMA, PS-PE) dont la plupart sont recyclables. La r\u00e9utilisation de plastique recycl\u00e9 est pratique courante et repr\u00e9sente un int\u00e9r\u00eat \u00e9conomique important.<\/span><\/p>\n<\/div><\/div><\/div><\/div><\/div><\/div><div id=\"pg-433-2\"  class=\"panel-grid panel-has-style\" ><div class=\"row_spacing row_lines panel-row-style panel-row-style-for-433-2\" ><div id=\"pgc-433-2-0\"  class=\"panel-grid-cell\" ><div id=\"panel-433-2-0-0\" class=\"so-panel widget widget_black-studio-tinymce widget_black_studio_tinymce panel-first-child panel-last-child\" data-index=\"5\" ><div class=\"box_dark list_style panel-widget-style panel-widget-style-for-433-2-0-0\" ><div class=\"textwidget\"><h2><span class=\"title_black_upp\">Comment choisit-on le polym\u00e8re ou le m\u00e9lange de polym\u00e8re le mieux adapt\u00e9 \u00e0 votre projet?<\/span><\/h2>\n<p><span class=\"big_text\">Plusieurs \u00e9l\u00e9ments seront pris en compte lors du choix du meilleur polym\u00e8re \u00e0 utiliser pour votre pi\u00e8ce thermoform\u00e9e\u00a0:<\/span><\/p>\n<ul>\n<li>la r\u00e9sistance aux frottements,<\/li>\n<li>la r\u00e9sistance au choc et \u00e0 l\u2019usure,<\/li>\n<li>la tenue aux temp\u00e9ratures extr\u00eames,<\/li>\n<li>la tenue aux produits chimiques, huiles et essences,<\/li>\n<li>la tenue aux UV,<\/li>\n<li>le respect des normes alimentaires,<\/li>\n<li>le respect des normes de s\u00e9curit\u00e9 (comportement au feu, isolation \u00e9lectrique),<\/li>\n<li>la capacit\u00e9 antid\u00e9rapante,<\/li>\n<li>la capacit\u00e9 de st\u00e9rilisation,<\/li>\n<li>la rigidit\u00e9 ou souplesse,<\/li>\n<li>la stabilit\u00e9 dimensionnelle,<\/li>\n<li>l\u2019aspect de surface : lisse, grain\u00e9, brillant, mat, d\u00e9poli, \u00ab\u00a0givr\u00e9\u00a0\u00bb, miroir, etc.,<\/li>\n<li>l\u2019esth\u00e9tique : transparent, diffusant, opaque, couleur,<\/li>\n<li>la r\u00e9sistance microbiologique (microban)<\/li>\n<li>etc.<\/li>\n<\/ul>\n<\/div><\/div><\/div><\/div><div id=\"pgc-433-2-1\"  class=\"panel-grid-cell panel-grid-cell-empty\" ><\/div><div id=\"pgc-433-2-2\"  class=\"panel-grid-cell\" ><div id=\"panel-433-2-2-0\" class=\"so-panel widget widget_black-studio-tinymce widget_black_studio_tinymce panel-first-child panel-last-child\" data-index=\"6\" ><div class=\"img_right_overlap_center mb-5 panel-widget-style panel-widget-style-for-433-2-2-0\" ><div class=\"textwidget\"><p><img loading=\"lazy\" decoding=\"async\" class=\"alignnone size-full wp-image-441\" src=\"https:\/\/dxplastiques.com\/wp-content\/uploads\/2021\/07\/choisir_polymere.jpg\" alt=\"choisir polymere\" width=\"880\" height=\"466\" \/><\/p>\n<\/div><\/div><\/div><\/div><\/div><\/div><\/div>","protected":false},"excerpt":{"rendered":"<p>Les mati\u00e8res plastiques utilis\u00e9es en thermoformage DX Plastiques On retrouve dans le domaine du thermoformage une grande gamme de mati\u00e8res utilisables pour la r\u00e9alisation de diverses pi\u00e8ces. On y utilise des mati\u00e8res thermoplastiques qui se d\u00e9forment au contact de la chaleur. LES POLYM\u00c8RES LES PLUS UTILIS\u00c9S DANS LE DOMAINE SONT\u00a0: l\u2019acrylonitrile butadi\u00e8ne styr\u00e8ne (ABS) le [&hellip;]<\/p>\n","protected":false},"author":1,"featured_media":0,"parent":431,"menu_order":1,"comment_status":"closed","ping_status":"closed","template":"page-pre-footer.php","meta":{"_acf_changed":false,"footnotes":""},"class_list":["post-433","page","type-page","status-publish","hentry"],"acf":[],"yoast_head":"<!-- This site is optimized with the Yoast SEO plugin v27.3 - https:\/\/yoast.com\/product\/yoast-seo-wordpress\/ -->\n<title>Quels polym\u00e8res sont utilis\u00e9s pour le thermoformage?<\/title>\n<meta name=\"description\" content=\"De nombreux crit\u00e8res guideront notre \u00e9quipe dans le choix du meilleur polym\u00e8re ou m\u00e9lange de polym\u00e8res qui convient \u00e0 votre pi\u00e8ce\" \/>\n<meta name=\"robots\" content=\"index, follow, max-snippet:-1, max-image-preview:large, max-video-preview:-1\" \/>\n<link rel=\"canonical\" href=\"https:\/\/dxplastiques.com\/fr\/produits\/matieres-premieres\/\" \/>\n<meta property=\"og:locale\" content=\"fr_FR\" \/>\n<meta property=\"og:type\" content=\"article\" \/>\n<meta property=\"og:title\" content=\"Quels polym\u00e8res sont utilis\u00e9s pour le thermoformage?\" \/>\n<meta property=\"og:description\" content=\"De nombreux crit\u00e8res guideront notre \u00e9quipe dans le choix du meilleur polym\u00e8re ou m\u00e9lange de polym\u00e8res qui convient \u00e0 votre pi\u00e8ce\" \/>\n<meta property=\"og:url\" content=\"https:\/\/dxplastiques.com\/fr\/produits\/matieres-premieres\/\" \/>\n<meta property=\"og:site_name\" content=\"DX Plastiques\" \/>\n<meta property=\"article:modified_time\" content=\"2025-12-05T19:10:38+00:00\" \/>\n<meta property=\"og:image\" content=\"https:\/\/dxplastiques.com\/wp-content\/uploads\/2021\/07\/facebook_share.png\" \/>\n\t<meta property=\"og:image:width\" content=\"1200\" \/>\n\t<meta property=\"og:image:height\" content=\"628\" \/>\n\t<meta property=\"og:image:type\" content=\"image\/png\" \/>\n<meta name=\"twitter:card\" content=\"summary_large_image\" \/>\n<meta name=\"twitter:label1\" content=\"Dur\u00e9e de lecture estim\u00e9e\" \/>\n\t<meta name=\"twitter:data1\" content=\"2 minutes\" \/>\n<script type=\"application\/ld+json\" class=\"yoast-schema-graph\">{\"@context\":\"https:\\\/\\\/schema.org\",\"@graph\":[{\"@type\":\"WebPage\",\"@id\":\"https:\\\/\\\/dxplastiques.com\\\/fr\\\/produits\\\/matieres-premieres\\\/\",\"url\":\"https:\\\/\\\/dxplastiques.com\\\/fr\\\/produits\\\/matieres-premieres\\\/\",\"name\":\"Quels polym\u00e8res sont utilis\u00e9s pour le thermoformage?\",\"isPartOf\":{\"@id\":\"https:\\\/\\\/dxplastiques.com\\\/fr\\\/#website\"},\"primaryImageOfPage\":{\"@id\":\"https:\\\/\\\/dxplastiques.com\\\/fr\\\/produits\\\/matieres-premieres\\\/#primaryimage\"},\"image\":{\"@id\":\"https:\\\/\\\/dxplastiques.com\\\/fr\\\/produits\\\/matieres-premieres\\\/#primaryimage\"},\"thumbnailUrl\":\"https:\\\/\\\/dxplastiques.com\\\/wp-content\\\/uploads\\\/2025\\\/12\\\/matieres_plastiques.jpg\",\"datePublished\":\"2021-07-08T14:15:10+00:00\",\"dateModified\":\"2025-12-05T19:10:38+00:00\",\"description\":\"De nombreux crit\u00e8res guideront notre \u00e9quipe dans le choix du meilleur polym\u00e8re ou m\u00e9lange de polym\u00e8res qui convient \u00e0 votre pi\u00e8ce\",\"breadcrumb\":{\"@id\":\"https:\\\/\\\/dxplastiques.com\\\/fr\\\/produits\\\/matieres-premieres\\\/#breadcrumb\"},\"inLanguage\":\"fr-FR\",\"potentialAction\":[{\"@type\":\"ReadAction\",\"target\":[\"https:\\\/\\\/dxplastiques.com\\\/fr\\\/produits\\\/matieres-premieres\\\/\"]}]},{\"@type\":\"ImageObject\",\"inLanguage\":\"fr-FR\",\"@id\":\"https:\\\/\\\/dxplastiques.com\\\/fr\\\/produits\\\/matieres-premieres\\\/#primaryimage\",\"url\":\"https:\\\/\\\/dxplastiques.com\\\/wp-content\\\/uploads\\\/2025\\\/12\\\/matieres_plastiques.jpg\",\"contentUrl\":\"https:\\\/\\\/dxplastiques.com\\\/wp-content\\\/uploads\\\/2025\\\/12\\\/matieres_plastiques.jpg\"},{\"@type\":\"BreadcrumbList\",\"@id\":\"https:\\\/\\\/dxplastiques.com\\\/fr\\\/produits\\\/matieres-premieres\\\/#breadcrumb\",\"itemListElement\":[{\"@type\":\"ListItem\",\"position\":1,\"name\":\"Accueil\",\"item\":\"https:\\\/\\\/dxplastiques.com\\\/fr\\\/\"},{\"@type\":\"ListItem\",\"position\":2,\"name\":\"Produits\",\"item\":\"https:\\\/\\\/dxplastiques.com\\\/fr\\\/produits\\\/\"},{\"@type\":\"ListItem\",\"position\":3,\"name\":\"Mati\u00e8res premi\u00e8res\"}]},{\"@type\":\"WebSite\",\"@id\":\"https:\\\/\\\/dxplastiques.com\\\/fr\\\/#website\",\"url\":\"https:\\\/\\\/dxplastiques.com\\\/fr\\\/\",\"name\":\"DX Plastiques\",\"description\":\"\",\"potentialAction\":[{\"@type\":\"SearchAction\",\"target\":{\"@type\":\"EntryPoint\",\"urlTemplate\":\"https:\\\/\\\/dxplastiques.com\\\/fr\\\/?s={search_term_string}\"},\"query-input\":{\"@type\":\"PropertyValueSpecification\",\"valueRequired\":true,\"valueName\":\"search_term_string\"}}],\"inLanguage\":\"fr-FR\"}]}<\/script>\n<!-- \/ Yoast SEO plugin. -->","yoast_head_json":{"title":"Quels polym\u00e8res sont utilis\u00e9s pour le thermoformage?","description":"De nombreux crit\u00e8res guideront notre \u00e9quipe dans le choix du meilleur polym\u00e8re ou m\u00e9lange de polym\u00e8res qui convient \u00e0 votre pi\u00e8ce","robots":{"index":"index","follow":"follow","max-snippet":"max-snippet:-1","max-image-preview":"max-image-preview:large","max-video-preview":"max-video-preview:-1"},"canonical":"https:\/\/dxplastiques.com\/fr\/produits\/matieres-premieres\/","og_locale":"fr_FR","og_type":"article","og_title":"Quels polym\u00e8res sont utilis\u00e9s pour le thermoformage?","og_description":"De nombreux crit\u00e8res guideront notre \u00e9quipe dans le choix du meilleur polym\u00e8re ou m\u00e9lange de polym\u00e8res qui convient \u00e0 votre pi\u00e8ce","og_url":"https:\/\/dxplastiques.com\/fr\/produits\/matieres-premieres\/","og_site_name":"DX Plastiques","article_modified_time":"2025-12-05T19:10:38+00:00","og_image":[{"width":1200,"height":628,"url":"https:\/\/dxplastiques.com\/wp-content\/uploads\/2021\/07\/facebook_share.png","type":"image\/png"}],"twitter_card":"summary_large_image","twitter_misc":{"Dur\u00e9e de lecture estim\u00e9e":"2 minutes"},"schema":{"@context":"https:\/\/schema.org","@graph":[{"@type":"WebPage","@id":"https:\/\/dxplastiques.com\/fr\/produits\/matieres-premieres\/","url":"https:\/\/dxplastiques.com\/fr\/produits\/matieres-premieres\/","name":"Quels polym\u00e8res sont utilis\u00e9s pour le thermoformage?","isPartOf":{"@id":"https:\/\/dxplastiques.com\/fr\/#website"},"primaryImageOfPage":{"@id":"https:\/\/dxplastiques.com\/fr\/produits\/matieres-premieres\/#primaryimage"},"image":{"@id":"https:\/\/dxplastiques.com\/fr\/produits\/matieres-premieres\/#primaryimage"},"thumbnailUrl":"https:\/\/dxplastiques.com\/wp-content\/uploads\/2025\/12\/matieres_plastiques.jpg","datePublished":"2021-07-08T14:15:10+00:00","dateModified":"2025-12-05T19:10:38+00:00","description":"De nombreux crit\u00e8res guideront notre \u00e9quipe dans le choix du meilleur polym\u00e8re ou m\u00e9lange de polym\u00e8res qui convient \u00e0 votre pi\u00e8ce","breadcrumb":{"@id":"https:\/\/dxplastiques.com\/fr\/produits\/matieres-premieres\/#breadcrumb"},"inLanguage":"fr-FR","potentialAction":[{"@type":"ReadAction","target":["https:\/\/dxplastiques.com\/fr\/produits\/matieres-premieres\/"]}]},{"@type":"ImageObject","inLanguage":"fr-FR","@id":"https:\/\/dxplastiques.com\/fr\/produits\/matieres-premieres\/#primaryimage","url":"https:\/\/dxplastiques.com\/wp-content\/uploads\/2025\/12\/matieres_plastiques.jpg","contentUrl":"https:\/\/dxplastiques.com\/wp-content\/uploads\/2025\/12\/matieres_plastiques.jpg"},{"@type":"BreadcrumbList","@id":"https:\/\/dxplastiques.com\/fr\/produits\/matieres-premieres\/#breadcrumb","itemListElement":[{"@type":"ListItem","position":1,"name":"Accueil","item":"https:\/\/dxplastiques.com\/fr\/"},{"@type":"ListItem","position":2,"name":"Produits","item":"https:\/\/dxplastiques.com\/fr\/produits\/"},{"@type":"ListItem","position":3,"name":"Mati\u00e8res premi\u00e8res"}]},{"@type":"WebSite","@id":"https:\/\/dxplastiques.com\/fr\/#website","url":"https:\/\/dxplastiques.com\/fr\/","name":"DX Plastiques","description":"","potentialAction":[{"@type":"SearchAction","target":{"@type":"EntryPoint","urlTemplate":"https:\/\/dxplastiques.com\/fr\/?s={search_term_string}"},"query-input":{"@type":"PropertyValueSpecification","valueRequired":true,"valueName":"search_term_string"}}],"inLanguage":"fr-FR"}]}},"_links":{"self":[{"href":"https:\/\/dxplastiques.com\/fr\/wp-json\/wp\/v2\/pages\/433","targetHints":{"allow":["GET"]}}],"collection":[{"href":"https:\/\/dxplastiques.com\/fr\/wp-json\/wp\/v2\/pages"}],"about":[{"href":"https:\/\/dxplastiques.com\/fr\/wp-json\/wp\/v2\/types\/page"}],"author":[{"embeddable":true,"href":"https:\/\/dxplastiques.com\/fr\/wp-json\/wp\/v2\/users\/1"}],"replies":[{"embeddable":true,"href":"https:\/\/dxplastiques.com\/fr\/wp-json\/wp\/v2\/comments?post=433"}],"version-history":[{"count":7,"href":"https:\/\/dxplastiques.com\/fr\/wp-json\/wp\/v2\/pages\/433\/revisions"}],"predecessor-version":[{"id":959,"href":"https:\/\/dxplastiques.com\/fr\/wp-json\/wp\/v2\/pages\/433\/revisions\/959"}],"up":[{"embeddable":true,"href":"https:\/\/dxplastiques.com\/fr\/wp-json\/wp\/v2\/pages\/431"}],"wp:attachment":[{"href":"https:\/\/dxplastiques.com\/fr\/wp-json\/wp\/v2\/media?parent=433"}],"curies":[{"name":"wp","href":"https:\/\/api.w.org\/{rel}","templated":true}]}}