{"id":425,"date":"2021-07-08T10:08:27","date_gmt":"2021-07-08T14:08:27","guid":{"rendered":"https:\/\/dxplastiques.com\/?page_id=425"},"modified":"2025-12-05T13:54:44","modified_gmt":"2025-12-05T18:54:44","slug":"thermoformage-par-compression","status":"publish","type":"page","link":"https:\/\/dxplastiques.com\/fr\/les-procedes\/thermoformage-par-compression\/","title":{"rendered":"Thermoformage par compression"},"content":{"rendered":"<div id=\"pl-425\"  class=\"panel-layout\" ><div id=\"pg-425-0\"  class=\"panel-grid panel-has-style\" ><div class=\"row_spacing panel-row-style panel-row-style-for-425-0\" ><div id=\"pgc-425-0-0\"  class=\"panel-grid-cell\" ><div id=\"panel-425-0-0-0\" class=\"so-panel widget widget_black-studio-tinymce widget_black_studio_tinymce panel-first-child panel-last-child\" data-index=\"0\" ><div class=\"list_style panel-widget-style panel-widget-style-for-425-0-0-0\" ><div class=\"textwidget\"><h1><span class=\"title_black_upp\">Thermoformage par compression<\/span><\/h1>\n<p><span class=\"title_box_grey\">DX Plastiques<\/span><\/p>\n<p>Le proc\u00e9d\u00e9 de thermoformage par compression est une m\u00e9thode qui consiste \u00e0 utiliser un moule m\u00e2le et un moule femelle et \u00e0 exercer une haute pression sur ceux-ci et la feuille de thermoplastique. L\u2019effet de compression et l\u2019application de chaleur permettent l\u2019obtention de la forme d\u00e9sir\u00e9e. L\u2019avantage de ce proc\u00e9d\u00e9 r\u00e9side dans des pi\u00e8ces solides qui r\u00e9sistent \u00e0 de hautes temp\u00e9ratures.<\/p>\n<\/div><\/div><\/div><\/div><div id=\"pgc-425-0-1\"  class=\"panel-grid-cell panel-grid-cell-empty\" ><\/div><div id=\"pgc-425-0-2\"  class=\"panel-grid-cell\" ><div id=\"panel-425-0-2-0\" class=\"so-panel widget widget_black-studio-tinymce widget_black_studio_tinymce panel-first-child panel-last-child\" data-index=\"1\" ><div class=\"textwidget\"><p style=\"text-align: center;\"><img loading=\"lazy\" decoding=\"async\" src=\"https:\/\/dxplastiques.com\/wp-content\/uploads\/2021\/07\/thermoformage_compression.gif\" alt=\"thermoformage compression\" width=\"511\" height=\"504\" class=\"alignnone size-full wp-image-519\" \/><\/p>\n<\/div><\/div><\/div><\/div><\/div><\/div>","protected":false},"excerpt":{"rendered":"<p>Thermoformage par compression DX Plastiques Le proc\u00e9d\u00e9 de thermoformage par compression est une m\u00e9thode qui consiste \u00e0 utiliser un moule m\u00e2le et un moule femelle et \u00e0 exercer une haute pression sur ceux-ci et la feuille de thermoplastique. L\u2019effet de compression et l\u2019application de chaleur permettent l\u2019obtention de la forme d\u00e9sir\u00e9e. L\u2019avantage de ce proc\u00e9d\u00e9 [&hellip;]<\/p>\n","protected":false},"author":1,"featured_media":0,"parent":409,"menu_order":3,"comment_status":"closed","ping_status":"closed","template":"page-pre-footer.php","meta":{"_acf_changed":false,"footnotes":""},"class_list":["post-425","page","type-page","status-publish","hentry"],"acf":[],"yoast_head":"<!-- This site is optimized with the Yoast SEO plugin v27.4 - https:\/\/yoast.com\/product\/yoast-seo-wordpress\/ -->\n<title>Thermoformage : proc\u00e9d\u00e9 par compression<\/title>\n<meta name=\"description\" content=\"\u00c0 l\u2019aide d\u2019un moule m\u00e2le et d\u2019un moule femelle, une forte pression est exerc\u00e9e sur la feuille de plastique chauff\u00e9e\" \/>\n<meta name=\"robots\" content=\"index, follow, max-snippet:-1, max-image-preview:large, max-video-preview:-1\" \/>\n<link rel=\"canonical\" href=\"https:\/\/dxplastiques.com\/fr\/les-procedes\/thermoformage-par-compression\/\" \/>\n<meta property=\"og:locale\" content=\"fr_FR\" \/>\n<meta property=\"og:type\" content=\"article\" \/>\n<meta property=\"og:title\" content=\"Thermoformage : proc\u00e9d\u00e9 par compression\" \/>\n<meta property=\"og:description\" content=\"\u00c0 l\u2019aide d\u2019un moule m\u00e2le et d\u2019un moule femelle, une forte pression est exerc\u00e9e sur la feuille de plastique chauff\u00e9e\" \/>\n<meta property=\"og:url\" content=\"https:\/\/dxplastiques.com\/fr\/les-procedes\/thermoformage-par-compression\/\" \/>\n<meta property=\"og:site_name\" content=\"DX Plastiques\" \/>\n<meta property=\"article:modified_time\" content=\"2025-12-05T18:54:44+00:00\" \/>\n<meta property=\"og:image\" content=\"https:\/\/dxplastiques.com\/wp-content\/uploads\/2021\/07\/facebook_share.png\" \/>\n\t<meta property=\"og:image:width\" content=\"1200\" \/>\n\t<meta property=\"og:image:height\" content=\"628\" \/>\n\t<meta property=\"og:image:type\" content=\"image\/png\" \/>\n<meta name=\"twitter:card\" content=\"summary_large_image\" \/>\n<meta name=\"twitter:label1\" content=\"Dur\u00e9e de lecture estim\u00e9e\" \/>\n\t<meta name=\"twitter:data1\" content=\"1 minute\" \/>\n<script type=\"application\/ld+json\" class=\"yoast-schema-graph\">{\"@context\":\"https:\\\/\\\/schema.org\",\"@graph\":[{\"@type\":\"WebPage\",\"@id\":\"https:\\\/\\\/dxplastiques.com\\\/fr\\\/les-procedes\\\/thermoformage-par-compression\\\/\",\"url\":\"https:\\\/\\\/dxplastiques.com\\\/fr\\\/les-procedes\\\/thermoformage-par-compression\\\/\",\"name\":\"Thermoformage : proc\u00e9d\u00e9 par compression\",\"isPartOf\":{\"@id\":\"https:\\\/\\\/dxplastiques.com\\\/fr\\\/#website\"},\"primaryImageOfPage\":{\"@id\":\"https:\\\/\\\/dxplastiques.com\\\/fr\\\/les-procedes\\\/thermoformage-par-compression\\\/#primaryimage\"},\"image\":{\"@id\":\"https:\\\/\\\/dxplastiques.com\\\/fr\\\/les-procedes\\\/thermoformage-par-compression\\\/#primaryimage\"},\"thumbnailUrl\":\"https:\\\/\\\/dxplastiques.com\\\/wp-content\\\/uploads\\\/2021\\\/07\\\/thermoformage_compression.gif\",\"datePublished\":\"2021-07-08T14:08:27+00:00\",\"dateModified\":\"2025-12-05T18:54:44+00:00\",\"description\":\"\u00c0 l\u2019aide d\u2019un moule m\u00e2le et d\u2019un moule femelle, une forte pression est exerc\u00e9e sur la feuille de plastique chauff\u00e9e\",\"breadcrumb\":{\"@id\":\"https:\\\/\\\/dxplastiques.com\\\/fr\\\/les-procedes\\\/thermoformage-par-compression\\\/#breadcrumb\"},\"inLanguage\":\"fr-FR\",\"potentialAction\":[{\"@type\":\"ReadAction\",\"target\":[\"https:\\\/\\\/dxplastiques.com\\\/fr\\\/les-procedes\\\/thermoformage-par-compression\\\/\"]}]},{\"@type\":\"ImageObject\",\"inLanguage\":\"fr-FR\",\"@id\":\"https:\\\/\\\/dxplastiques.com\\\/fr\\\/les-procedes\\\/thermoformage-par-compression\\\/#primaryimage\",\"url\":\"https:\\\/\\\/dxplastiques.com\\\/wp-content\\\/uploads\\\/2021\\\/07\\\/thermoformage_compression.gif\",\"contentUrl\":\"https:\\\/\\\/dxplastiques.com\\\/wp-content\\\/uploads\\\/2021\\\/07\\\/thermoformage_compression.gif\"},{\"@type\":\"BreadcrumbList\",\"@id\":\"https:\\\/\\\/dxplastiques.com\\\/fr\\\/les-procedes\\\/thermoformage-par-compression\\\/#breadcrumb\",\"itemListElement\":[{\"@type\":\"ListItem\",\"position\":1,\"name\":\"Accueil\",\"item\":\"https:\\\/\\\/dxplastiques.com\\\/fr\\\/\"},{\"@type\":\"ListItem\",\"position\":2,\"name\":\"Les proc\u00e9d\u00e9s\",\"item\":\"https:\\\/\\\/dxplastiques.com\\\/fr\\\/les-procedes\\\/\"},{\"@type\":\"ListItem\",\"position\":3,\"name\":\"Thermoformage par compression\"}]},{\"@type\":\"WebSite\",\"@id\":\"https:\\\/\\\/dxplastiques.com\\\/fr\\\/#website\",\"url\":\"https:\\\/\\\/dxplastiques.com\\\/fr\\\/\",\"name\":\"DX Plastiques\",\"description\":\"\",\"potentialAction\":[{\"@type\":\"SearchAction\",\"target\":{\"@type\":\"EntryPoint\",\"urlTemplate\":\"https:\\\/\\\/dxplastiques.com\\\/fr\\\/?s={search_term_string}\"},\"query-input\":{\"@type\":\"PropertyValueSpecification\",\"valueRequired\":true,\"valueName\":\"search_term_string\"}}],\"inLanguage\":\"fr-FR\"}]}<\/script>\n<!-- \/ Yoast SEO plugin. -->","yoast_head_json":{"title":"Thermoformage : proc\u00e9d\u00e9 par compression","description":"\u00c0 l\u2019aide d\u2019un moule m\u00e2le et d\u2019un moule femelle, une forte pression est exerc\u00e9e sur la feuille de plastique chauff\u00e9e","robots":{"index":"index","follow":"follow","max-snippet":"max-snippet:-1","max-image-preview":"max-image-preview:large","max-video-preview":"max-video-preview:-1"},"canonical":"https:\/\/dxplastiques.com\/fr\/les-procedes\/thermoformage-par-compression\/","og_locale":"fr_FR","og_type":"article","og_title":"Thermoformage : proc\u00e9d\u00e9 par compression","og_description":"\u00c0 l\u2019aide d\u2019un moule m\u00e2le et d\u2019un moule femelle, une forte pression est exerc\u00e9e sur la feuille de plastique chauff\u00e9e","og_url":"https:\/\/dxplastiques.com\/fr\/les-procedes\/thermoformage-par-compression\/","og_site_name":"DX Plastiques","article_modified_time":"2025-12-05T18:54:44+00:00","og_image":[{"width":1200,"height":628,"url":"https:\/\/dxplastiques.com\/wp-content\/uploads\/2021\/07\/facebook_share.png","type":"image\/png"}],"twitter_card":"summary_large_image","twitter_misc":{"Dur\u00e9e de lecture estim\u00e9e":"1 minute"},"schema":{"@context":"https:\/\/schema.org","@graph":[{"@type":"WebPage","@id":"https:\/\/dxplastiques.com\/fr\/les-procedes\/thermoformage-par-compression\/","url":"https:\/\/dxplastiques.com\/fr\/les-procedes\/thermoformage-par-compression\/","name":"Thermoformage : proc\u00e9d\u00e9 par compression","isPartOf":{"@id":"https:\/\/dxplastiques.com\/fr\/#website"},"primaryImageOfPage":{"@id":"https:\/\/dxplastiques.com\/fr\/les-procedes\/thermoformage-par-compression\/#primaryimage"},"image":{"@id":"https:\/\/dxplastiques.com\/fr\/les-procedes\/thermoformage-par-compression\/#primaryimage"},"thumbnailUrl":"https:\/\/dxplastiques.com\/wp-content\/uploads\/2021\/07\/thermoformage_compression.gif","datePublished":"2021-07-08T14:08:27+00:00","dateModified":"2025-12-05T18:54:44+00:00","description":"\u00c0 l\u2019aide d\u2019un moule m\u00e2le et d\u2019un moule femelle, une forte pression est exerc\u00e9e sur la feuille de plastique chauff\u00e9e","breadcrumb":{"@id":"https:\/\/dxplastiques.com\/fr\/les-procedes\/thermoformage-par-compression\/#breadcrumb"},"inLanguage":"fr-FR","potentialAction":[{"@type":"ReadAction","target":["https:\/\/dxplastiques.com\/fr\/les-procedes\/thermoformage-par-compression\/"]}]},{"@type":"ImageObject","inLanguage":"fr-FR","@id":"https:\/\/dxplastiques.com\/fr\/les-procedes\/thermoformage-par-compression\/#primaryimage","url":"https:\/\/dxplastiques.com\/wp-content\/uploads\/2021\/07\/thermoformage_compression.gif","contentUrl":"https:\/\/dxplastiques.com\/wp-content\/uploads\/2021\/07\/thermoformage_compression.gif"},{"@type":"BreadcrumbList","@id":"https:\/\/dxplastiques.com\/fr\/les-procedes\/thermoformage-par-compression\/#breadcrumb","itemListElement":[{"@type":"ListItem","position":1,"name":"Accueil","item":"https:\/\/dxplastiques.com\/fr\/"},{"@type":"ListItem","position":2,"name":"Les proc\u00e9d\u00e9s","item":"https:\/\/dxplastiques.com\/fr\/les-procedes\/"},{"@type":"ListItem","position":3,"name":"Thermoformage par compression"}]},{"@type":"WebSite","@id":"https:\/\/dxplastiques.com\/fr\/#website","url":"https:\/\/dxplastiques.com\/fr\/","name":"DX Plastiques","description":"","potentialAction":[{"@type":"SearchAction","target":{"@type":"EntryPoint","urlTemplate":"https:\/\/dxplastiques.com\/fr\/?s={search_term_string}"},"query-input":{"@type":"PropertyValueSpecification","valueRequired":true,"valueName":"search_term_string"}}],"inLanguage":"fr-FR"}]}},"_links":{"self":[{"href":"https:\/\/dxplastiques.com\/fr\/wp-json\/wp\/v2\/pages\/425","targetHints":{"allow":["GET"]}}],"collection":[{"href":"https:\/\/dxplastiques.com\/fr\/wp-json\/wp\/v2\/pages"}],"about":[{"href":"https:\/\/dxplastiques.com\/fr\/wp-json\/wp\/v2\/types\/page"}],"author":[{"embeddable":true,"href":"https:\/\/dxplastiques.com\/fr\/wp-json\/wp\/v2\/users\/1"}],"replies":[{"embeddable":true,"href":"https:\/\/dxplastiques.com\/fr\/wp-json\/wp\/v2\/comments?post=425"}],"version-history":[{"count":4,"href":"https:\/\/dxplastiques.com\/fr\/wp-json\/wp\/v2\/pages\/425\/revisions"}],"predecessor-version":[{"id":936,"href":"https:\/\/dxplastiques.com\/fr\/wp-json\/wp\/v2\/pages\/425\/revisions\/936"}],"up":[{"embeddable":true,"href":"https:\/\/dxplastiques.com\/fr\/wp-json\/wp\/v2\/pages\/409"}],"wp:attachment":[{"href":"https:\/\/dxplastiques.com\/fr\/wp-json\/wp\/v2\/media?parent=425"}],"curies":[{"name":"wp","href":"https:\/\/api.w.org\/{rel}","templated":true}]}}