{"id":419,"date":"2021-07-08T10:05:49","date_gmt":"2021-07-08T14:05:49","guid":{"rendered":"https:\/\/dxplastiques.com\/?page_id=419"},"modified":"2025-12-05T13:54:09","modified_gmt":"2025-12-05T18:54:09","slug":"thermoformage-par-pression","status":"publish","type":"page","link":"https:\/\/dxplastiques.com\/fr\/les-procedes\/thermoformage-par-pression\/","title":{"rendered":"Thermoformage par pression"},"content":{"rendered":"<div id=\"pl-419\"  class=\"panel-layout\" ><div id=\"pg-419-0\"  class=\"panel-grid panel-has-style\" ><div class=\"row_spacing panel-row-style panel-row-style-for-419-0\" ><div id=\"pgc-419-0-0\"  class=\"panel-grid-cell\" ><div id=\"panel-419-0-0-0\" class=\"so-panel widget widget_black-studio-tinymce widget_black_studio_tinymce panel-first-child panel-last-child\" data-index=\"0\" ><div class=\"list_style panel-widget-style panel-widget-style-for-419-0-0-0\" ><div class=\"textwidget\"><h1><span class=\"title_black_upp\">Thermoformage sous pression<\/span><\/h1>\n<p><span class=\"title_box_grey\">DX Plastiques<\/span><\/p>\n<p>Le proc\u00e9d\u00e9 de thermoformage sous pression utilise la m\u00eame m\u00e9thode que le moulage sous vide, mais une \u00e9tape de pression est exerc\u00e9e en plus. Cette pression est conditionn\u00e9e par de l\u2019air comprim\u00e9 et permet une meilleure pr\u00e9cision au niveau du moulage des d\u00e9tails. Cette technique mieux contr\u00f4l\u00e9e permet de cr\u00e9er des pi\u00e8ces dont la reproduction doit \u00eatre plus pr\u00e9cise et dont la conformit\u00e9 est plus grande.<\/p>\n<\/div><\/div><\/div><\/div><div id=\"pgc-419-0-1\"  class=\"panel-grid-cell panel-grid-cell-empty\" ><\/div><div id=\"pgc-419-0-2\"  class=\"panel-grid-cell\" ><div id=\"panel-419-0-2-0\" class=\"so-panel widget widget_black-studio-tinymce widget_black_studio_tinymce panel-first-child panel-last-child\" data-index=\"1\" ><div class=\"textwidget\"><p style=\"text-align: center;\"><img loading=\"lazy\" decoding=\"async\" src=\"https:\/\/dxplastiques.com\/wp-content\/uploads\/2021\/07\/thermoformage_pression.gif\" alt=\"thermoformage pression\" width=\"511\" height=\"504\" class=\"alignnone size-full wp-image-515\" \/><\/p>\n<\/div><\/div><\/div><\/div><\/div><\/div>","protected":false},"excerpt":{"rendered":"<p>Thermoformage sous pression DX Plastiques Le proc\u00e9d\u00e9 de thermoformage sous pression utilise la m\u00eame m\u00e9thode que le moulage sous vide, mais une \u00e9tape de pression est exerc\u00e9e en plus. Cette pression est conditionn\u00e9e par de l\u2019air comprim\u00e9 et permet une meilleure pr\u00e9cision au niveau du moulage des d\u00e9tails. Cette technique mieux contr\u00f4l\u00e9e permet de cr\u00e9er [&hellip;]<\/p>\n","protected":false},"author":1,"featured_media":0,"parent":409,"menu_order":2,"comment_status":"closed","ping_status":"closed","template":"page-pre-footer.php","meta":{"_acf_changed":false,"footnotes":""},"class_list":["post-419","page","type-page","status-publish","hentry"],"acf":[],"yoast_head":"<!-- This site is optimized with the Yoast SEO plugin v27.5 - https:\/\/yoast.com\/product\/yoast-seo-wordpress\/ -->\n<title>Thermoformage : le proc\u00e9d\u00e9 sous pression<\/title>\n<meta name=\"description\" content=\"En plus d\u2019utiliser le moulage sous vide, ce proc\u00e9d\u00e9 ajoute une pression suppl\u00e9mentaire permettant une meilleure pr\u00e9cision\" \/>\n<meta name=\"robots\" content=\"index, follow, max-snippet:-1, max-image-preview:large, max-video-preview:-1\" \/>\n<link rel=\"canonical\" href=\"https:\/\/dxplastiques.com\/fr\/les-procedes\/thermoformage-par-pression\/\" \/>\n<meta property=\"og:locale\" content=\"fr_FR\" \/>\n<meta property=\"og:type\" content=\"article\" \/>\n<meta property=\"og:title\" content=\"Thermoformage : le proc\u00e9d\u00e9 sous pression\" \/>\n<meta property=\"og:description\" content=\"En plus d\u2019utiliser le moulage sous vide, ce proc\u00e9d\u00e9 ajoute une pression suppl\u00e9mentaire permettant une meilleure pr\u00e9cision\" \/>\n<meta property=\"og:url\" content=\"https:\/\/dxplastiques.com\/fr\/les-procedes\/thermoformage-par-pression\/\" \/>\n<meta property=\"og:site_name\" content=\"DX Plastiques\" \/>\n<meta property=\"article:modified_time\" content=\"2025-12-05T18:54:09+00:00\" \/>\n<meta property=\"og:image\" content=\"https:\/\/dxplastiques.com\/wp-content\/uploads\/2021\/07\/thermoformage_pression.gif\" \/>\n\t<meta property=\"og:image:width\" content=\"511\" \/>\n\t<meta property=\"og:image:height\" content=\"504\" \/>\n\t<meta property=\"og:image:type\" content=\"image\/gif\" \/>\n<meta name=\"twitter:card\" content=\"summary_large_image\" \/>\n<meta name=\"twitter:label1\" content=\"Dur\u00e9e de lecture estim\u00e9e\" \/>\n\t<meta name=\"twitter:data1\" content=\"1 minute\" \/>\n<script type=\"application\/ld+json\" class=\"yoast-schema-graph\">{\"@context\":\"https:\\\/\\\/schema.org\",\"@graph\":[{\"@type\":\"WebPage\",\"@id\":\"https:\\\/\\\/dxplastiques.com\\\/fr\\\/les-procedes\\\/thermoformage-par-pression\\\/\",\"url\":\"https:\\\/\\\/dxplastiques.com\\\/fr\\\/les-procedes\\\/thermoformage-par-pression\\\/\",\"name\":\"Thermoformage : le proc\u00e9d\u00e9 sous pression\",\"isPartOf\":{\"@id\":\"https:\\\/\\\/dxplastiques.com\\\/fr\\\/#website\"},\"primaryImageOfPage\":{\"@id\":\"https:\\\/\\\/dxplastiques.com\\\/fr\\\/les-procedes\\\/thermoformage-par-pression\\\/#primaryimage\"},\"image\":{\"@id\":\"https:\\\/\\\/dxplastiques.com\\\/fr\\\/les-procedes\\\/thermoformage-par-pression\\\/#primaryimage\"},\"thumbnailUrl\":\"https:\\\/\\\/dxplastiques.com\\\/wp-content\\\/uploads\\\/2021\\\/07\\\/thermoformage_pression.gif\",\"datePublished\":\"2021-07-08T14:05:49+00:00\",\"dateModified\":\"2025-12-05T18:54:09+00:00\",\"description\":\"En plus d\u2019utiliser le moulage sous vide, ce proc\u00e9d\u00e9 ajoute une pression suppl\u00e9mentaire permettant une meilleure pr\u00e9cision\",\"breadcrumb\":{\"@id\":\"https:\\\/\\\/dxplastiques.com\\\/fr\\\/les-procedes\\\/thermoformage-par-pression\\\/#breadcrumb\"},\"inLanguage\":\"fr-FR\",\"potentialAction\":[{\"@type\":\"ReadAction\",\"target\":[\"https:\\\/\\\/dxplastiques.com\\\/fr\\\/les-procedes\\\/thermoformage-par-pression\\\/\"]}]},{\"@type\":\"ImageObject\",\"inLanguage\":\"fr-FR\",\"@id\":\"https:\\\/\\\/dxplastiques.com\\\/fr\\\/les-procedes\\\/thermoformage-par-pression\\\/#primaryimage\",\"url\":\"https:\\\/\\\/dxplastiques.com\\\/wp-content\\\/uploads\\\/2021\\\/07\\\/thermoformage_pression.gif\",\"contentUrl\":\"https:\\\/\\\/dxplastiques.com\\\/wp-content\\\/uploads\\\/2021\\\/07\\\/thermoformage_pression.gif\"},{\"@type\":\"BreadcrumbList\",\"@id\":\"https:\\\/\\\/dxplastiques.com\\\/fr\\\/les-procedes\\\/thermoformage-par-pression\\\/#breadcrumb\",\"itemListElement\":[{\"@type\":\"ListItem\",\"position\":1,\"name\":\"Accueil\",\"item\":\"https:\\\/\\\/dxplastiques.com\\\/fr\\\/\"},{\"@type\":\"ListItem\",\"position\":2,\"name\":\"Les proc\u00e9d\u00e9s\",\"item\":\"https:\\\/\\\/dxplastiques.com\\\/fr\\\/les-procedes\\\/\"},{\"@type\":\"ListItem\",\"position\":3,\"name\":\"Thermoformage par pression\"}]},{\"@type\":\"WebSite\",\"@id\":\"https:\\\/\\\/dxplastiques.com\\\/fr\\\/#website\",\"url\":\"https:\\\/\\\/dxplastiques.com\\\/fr\\\/\",\"name\":\"DX Plastiques\",\"description\":\"\",\"potentialAction\":[{\"@type\":\"SearchAction\",\"target\":{\"@type\":\"EntryPoint\",\"urlTemplate\":\"https:\\\/\\\/dxplastiques.com\\\/fr\\\/?s={search_term_string}\"},\"query-input\":{\"@type\":\"PropertyValueSpecification\",\"valueRequired\":true,\"valueName\":\"search_term_string\"}}],\"inLanguage\":\"fr-FR\"}]}<\/script>\n<!-- \/ Yoast SEO plugin. -->","yoast_head_json":{"title":"Thermoformage : le proc\u00e9d\u00e9 sous pression","description":"En plus d\u2019utiliser le moulage sous vide, ce proc\u00e9d\u00e9 ajoute une pression suppl\u00e9mentaire permettant une meilleure pr\u00e9cision","robots":{"index":"index","follow":"follow","max-snippet":"max-snippet:-1","max-image-preview":"max-image-preview:large","max-video-preview":"max-video-preview:-1"},"canonical":"https:\/\/dxplastiques.com\/fr\/les-procedes\/thermoformage-par-pression\/","og_locale":"fr_FR","og_type":"article","og_title":"Thermoformage : le proc\u00e9d\u00e9 sous pression","og_description":"En plus d\u2019utiliser le moulage sous vide, ce proc\u00e9d\u00e9 ajoute une pression suppl\u00e9mentaire permettant une meilleure pr\u00e9cision","og_url":"https:\/\/dxplastiques.com\/fr\/les-procedes\/thermoformage-par-pression\/","og_site_name":"DX Plastiques","article_modified_time":"2025-12-05T18:54:09+00:00","og_image":[{"width":511,"height":504,"url":"https:\/\/dxplastiques.com\/wp-content\/uploads\/2021\/07\/thermoformage_pression.gif","type":"image\/gif"}],"twitter_card":"summary_large_image","twitter_misc":{"Dur\u00e9e de lecture estim\u00e9e":"1 minute"},"schema":{"@context":"https:\/\/schema.org","@graph":[{"@type":"WebPage","@id":"https:\/\/dxplastiques.com\/fr\/les-procedes\/thermoformage-par-pression\/","url":"https:\/\/dxplastiques.com\/fr\/les-procedes\/thermoformage-par-pression\/","name":"Thermoformage : le proc\u00e9d\u00e9 sous pression","isPartOf":{"@id":"https:\/\/dxplastiques.com\/fr\/#website"},"primaryImageOfPage":{"@id":"https:\/\/dxplastiques.com\/fr\/les-procedes\/thermoformage-par-pression\/#primaryimage"},"image":{"@id":"https:\/\/dxplastiques.com\/fr\/les-procedes\/thermoformage-par-pression\/#primaryimage"},"thumbnailUrl":"https:\/\/dxplastiques.com\/wp-content\/uploads\/2021\/07\/thermoformage_pression.gif","datePublished":"2021-07-08T14:05:49+00:00","dateModified":"2025-12-05T18:54:09+00:00","description":"En plus d\u2019utiliser le moulage sous vide, ce proc\u00e9d\u00e9 ajoute une pression suppl\u00e9mentaire permettant une meilleure pr\u00e9cision","breadcrumb":{"@id":"https:\/\/dxplastiques.com\/fr\/les-procedes\/thermoformage-par-pression\/#breadcrumb"},"inLanguage":"fr-FR","potentialAction":[{"@type":"ReadAction","target":["https:\/\/dxplastiques.com\/fr\/les-procedes\/thermoformage-par-pression\/"]}]},{"@type":"ImageObject","inLanguage":"fr-FR","@id":"https:\/\/dxplastiques.com\/fr\/les-procedes\/thermoformage-par-pression\/#primaryimage","url":"https:\/\/dxplastiques.com\/wp-content\/uploads\/2021\/07\/thermoformage_pression.gif","contentUrl":"https:\/\/dxplastiques.com\/wp-content\/uploads\/2021\/07\/thermoformage_pression.gif"},{"@type":"BreadcrumbList","@id":"https:\/\/dxplastiques.com\/fr\/les-procedes\/thermoformage-par-pression\/#breadcrumb","itemListElement":[{"@type":"ListItem","position":1,"name":"Accueil","item":"https:\/\/dxplastiques.com\/fr\/"},{"@type":"ListItem","position":2,"name":"Les proc\u00e9d\u00e9s","item":"https:\/\/dxplastiques.com\/fr\/les-procedes\/"},{"@type":"ListItem","position":3,"name":"Thermoformage par pression"}]},{"@type":"WebSite","@id":"https:\/\/dxplastiques.com\/fr\/#website","url":"https:\/\/dxplastiques.com\/fr\/","name":"DX Plastiques","description":"","potentialAction":[{"@type":"SearchAction","target":{"@type":"EntryPoint","urlTemplate":"https:\/\/dxplastiques.com\/fr\/?s={search_term_string}"},"query-input":{"@type":"PropertyValueSpecification","valueRequired":true,"valueName":"search_term_string"}}],"inLanguage":"fr-FR"}]}},"_links":{"self":[{"href":"https:\/\/dxplastiques.com\/fr\/wp-json\/wp\/v2\/pages\/419","targetHints":{"allow":["GET"]}}],"collection":[{"href":"https:\/\/dxplastiques.com\/fr\/wp-json\/wp\/v2\/pages"}],"about":[{"href":"https:\/\/dxplastiques.com\/fr\/wp-json\/wp\/v2\/types\/page"}],"author":[{"embeddable":true,"href":"https:\/\/dxplastiques.com\/fr\/wp-json\/wp\/v2\/users\/1"}],"replies":[{"embeddable":true,"href":"https:\/\/dxplastiques.com\/fr\/wp-json\/wp\/v2\/comments?post=419"}],"version-history":[{"count":4,"href":"https:\/\/dxplastiques.com\/fr\/wp-json\/wp\/v2\/pages\/419\/revisions"}],"predecessor-version":[{"id":934,"href":"https:\/\/dxplastiques.com\/fr\/wp-json\/wp\/v2\/pages\/419\/revisions\/934"}],"up":[{"embeddable":true,"href":"https:\/\/dxplastiques.com\/fr\/wp-json\/wp\/v2\/pages\/409"}],"wp:attachment":[{"href":"https:\/\/dxplastiques.com\/fr\/wp-json\/wp\/v2\/media?parent=419"}],"curies":[{"name":"wp","href":"https:\/\/api.w.org\/{rel}","templated":true}]}}