{"id":411,"date":"2021-07-08T10:02:47","date_gmt":"2021-07-08T14:02:47","guid":{"rendered":"https:\/\/dxplastiques.com\/?page_id=411"},"modified":"2025-12-05T13:53:27","modified_gmt":"2025-12-05T18:53:27","slug":"thermoformage-par-vacuum","status":"publish","type":"page","link":"https:\/\/dxplastiques.com\/fr\/les-procedes\/thermoformage-par-vacuum\/","title":{"rendered":"Thermoformage par vacuum"},"content":{"rendered":"<div id=\"pl-411\"  class=\"panel-layout\" ><div id=\"pg-411-0\"  class=\"panel-grid panel-has-style\" ><div class=\"row_spacing panel-row-style panel-row-style-for-411-0\" ><div id=\"pgc-411-0-0\"  class=\"panel-grid-cell\" ><div id=\"panel-411-0-0-0\" class=\"so-panel widget widget_black-studio-tinymce widget_black_studio_tinymce panel-first-child panel-last-child\" data-index=\"0\" ><div class=\"list_style panel-widget-style panel-widget-style-for-411-0-0-0\" ><div class=\"textwidget\"><h1><span class=\"title_black_upp\">Thermoformage par vacuum<\/span><\/h1>\n<p><span class=\"title_box_grey\">DX Plastiques<\/span><\/p>\n<p>Le proc\u00e9d\u00e9 de thermoformage par vacuum, aussi appel\u00e9 la m\u00e9thode sous vide, est la m\u00e9thode la plus r\u00e9pandue dans l\u2019industrie du moulage. C\u2019est un processus simple qui consiste \u00e0 soumettre la feuille de thermoplastique \u00e0 la chaleur puis de la placer sur un moule. On profite ensuite de la ductilit\u00e9 de la feuille pour mettre en forme la pi\u00e8ce.<\/p>\n<\/div><\/div><\/div><\/div><div id=\"pgc-411-0-1\"  class=\"panel-grid-cell panel-grid-cell-empty\" ><\/div><div id=\"pgc-411-0-2\"  class=\"panel-grid-cell\" ><div id=\"panel-411-0-2-0\" class=\"so-panel widget widget_black-studio-tinymce widget_black_studio_tinymce panel-first-child panel-last-child\" data-index=\"1\" ><div class=\"textwidget\"><p style=\"text-align: center;\"><img loading=\"lazy\" decoding=\"async\" src=\"https:\/\/dxplastiques.com\/wp-content\/uploads\/2021\/07\/thermoformage_vacuum.gif\" alt=\"thermoformage vacuum\" width=\"511\" height=\"337\" class=\"alignnone size-full wp-image-517\" \/><\/p>\n<\/div><\/div><\/div><\/div><\/div><\/div>","protected":false},"excerpt":{"rendered":"<p>Thermoformage par vacuum DX Plastiques Le proc\u00e9d\u00e9 de thermoformage par vacuum, aussi appel\u00e9 la m\u00e9thode sous vide, est la m\u00e9thode la plus r\u00e9pandue dans l\u2019industrie du moulage. C\u2019est un processus simple qui consiste \u00e0 soumettre la feuille de thermoplastique \u00e0 la chaleur puis de la placer sur un moule. On profite ensuite de la ductilit\u00e9 [&hellip;]<\/p>\n","protected":false},"author":1,"featured_media":0,"parent":409,"menu_order":1,"comment_status":"closed","ping_status":"closed","template":"page-pre-footer.php","meta":{"_acf_changed":false,"footnotes":""},"class_list":["post-411","page","type-page","status-publish","hentry"],"acf":[],"yoast_head":"<!-- This site is optimized with the Yoast SEO plugin v27.3 - https:\/\/yoast.com\/product\/yoast-seo-wordpress\/ -->\n<title>Proc\u00e9d\u00e9 de thermoformage : le vacuum<\/title>\n<meta name=\"description\" content=\"Faire le vide pour cr\u00e9er, voil\u00e0 la fa\u00e7on de faire avec ce proc\u00e9d\u00e9 de thermoformage\" \/>\n<meta name=\"robots\" content=\"index, follow, max-snippet:-1, max-image-preview:large, max-video-preview:-1\" \/>\n<link rel=\"canonical\" href=\"https:\/\/dxplastiques.com\/fr\/les-procedes\/thermoformage-par-vacuum\/\" \/>\n<meta property=\"og:locale\" content=\"fr_FR\" \/>\n<meta property=\"og:type\" content=\"article\" \/>\n<meta property=\"og:title\" content=\"Proc\u00e9d\u00e9 de thermoformage : le vacuum\" \/>\n<meta property=\"og:description\" content=\"Faire le vide pour cr\u00e9er, voil\u00e0 la fa\u00e7on de faire avec ce proc\u00e9d\u00e9 de thermoformage\" \/>\n<meta property=\"og:url\" content=\"https:\/\/dxplastiques.com\/fr\/les-procedes\/thermoformage-par-vacuum\/\" \/>\n<meta property=\"og:site_name\" content=\"DX Plastiques\" \/>\n<meta property=\"article:modified_time\" content=\"2025-12-05T18:53:27+00:00\" \/>\n<meta property=\"og:image\" content=\"https:\/\/dxplastiques.com\/wp-content\/uploads\/2021\/07\/thermoformage_vacuum.gif\" \/>\n\t<meta property=\"og:image:width\" content=\"511\" \/>\n\t<meta property=\"og:image:height\" content=\"337\" \/>\n\t<meta property=\"og:image:type\" content=\"image\/gif\" \/>\n<meta name=\"twitter:card\" content=\"summary_large_image\" \/>\n<meta name=\"twitter:label1\" content=\"Dur\u00e9e de lecture estim\u00e9e\" \/>\n\t<meta name=\"twitter:data1\" content=\"1 minute\" \/>\n<script type=\"application\/ld+json\" class=\"yoast-schema-graph\">{\"@context\":\"https:\\\/\\\/schema.org\",\"@graph\":[{\"@type\":\"WebPage\",\"@id\":\"https:\\\/\\\/dxplastiques.com\\\/fr\\\/les-procedes\\\/thermoformage-par-vacuum\\\/\",\"url\":\"https:\\\/\\\/dxplastiques.com\\\/fr\\\/les-procedes\\\/thermoformage-par-vacuum\\\/\",\"name\":\"Proc\u00e9d\u00e9 de thermoformage : le vacuum\",\"isPartOf\":{\"@id\":\"https:\\\/\\\/dxplastiques.com\\\/fr\\\/#website\"},\"primaryImageOfPage\":{\"@id\":\"https:\\\/\\\/dxplastiques.com\\\/fr\\\/les-procedes\\\/thermoformage-par-vacuum\\\/#primaryimage\"},\"image\":{\"@id\":\"https:\\\/\\\/dxplastiques.com\\\/fr\\\/les-procedes\\\/thermoformage-par-vacuum\\\/#primaryimage\"},\"thumbnailUrl\":\"https:\\\/\\\/dxplastiques.com\\\/wp-content\\\/uploads\\\/2021\\\/07\\\/thermoformage_vacuum.gif\",\"datePublished\":\"2021-07-08T14:02:47+00:00\",\"dateModified\":\"2025-12-05T18:53:27+00:00\",\"description\":\"Faire le vide pour cr\u00e9er, voil\u00e0 la fa\u00e7on de faire avec ce proc\u00e9d\u00e9 de thermoformage\",\"breadcrumb\":{\"@id\":\"https:\\\/\\\/dxplastiques.com\\\/fr\\\/les-procedes\\\/thermoformage-par-vacuum\\\/#breadcrumb\"},\"inLanguage\":\"fr-FR\",\"potentialAction\":[{\"@type\":\"ReadAction\",\"target\":[\"https:\\\/\\\/dxplastiques.com\\\/fr\\\/les-procedes\\\/thermoformage-par-vacuum\\\/\"]}]},{\"@type\":\"ImageObject\",\"inLanguage\":\"fr-FR\",\"@id\":\"https:\\\/\\\/dxplastiques.com\\\/fr\\\/les-procedes\\\/thermoformage-par-vacuum\\\/#primaryimage\",\"url\":\"https:\\\/\\\/dxplastiques.com\\\/wp-content\\\/uploads\\\/2021\\\/07\\\/thermoformage_vacuum.gif\",\"contentUrl\":\"https:\\\/\\\/dxplastiques.com\\\/wp-content\\\/uploads\\\/2021\\\/07\\\/thermoformage_vacuum.gif\"},{\"@type\":\"BreadcrumbList\",\"@id\":\"https:\\\/\\\/dxplastiques.com\\\/fr\\\/les-procedes\\\/thermoformage-par-vacuum\\\/#breadcrumb\",\"itemListElement\":[{\"@type\":\"ListItem\",\"position\":1,\"name\":\"Accueil\",\"item\":\"https:\\\/\\\/dxplastiques.com\\\/fr\\\/\"},{\"@type\":\"ListItem\",\"position\":2,\"name\":\"Les proc\u00e9d\u00e9s\",\"item\":\"https:\\\/\\\/dxplastiques.com\\\/fr\\\/les-procedes\\\/\"},{\"@type\":\"ListItem\",\"position\":3,\"name\":\"Thermoformage par vacuum\"}]},{\"@type\":\"WebSite\",\"@id\":\"https:\\\/\\\/dxplastiques.com\\\/fr\\\/#website\",\"url\":\"https:\\\/\\\/dxplastiques.com\\\/fr\\\/\",\"name\":\"DX Plastiques\",\"description\":\"\",\"potentialAction\":[{\"@type\":\"SearchAction\",\"target\":{\"@type\":\"EntryPoint\",\"urlTemplate\":\"https:\\\/\\\/dxplastiques.com\\\/fr\\\/?s={search_term_string}\"},\"query-input\":{\"@type\":\"PropertyValueSpecification\",\"valueRequired\":true,\"valueName\":\"search_term_string\"}}],\"inLanguage\":\"fr-FR\"}]}<\/script>\n<!-- \/ Yoast SEO plugin. -->","yoast_head_json":{"title":"Proc\u00e9d\u00e9 de thermoformage : le vacuum","description":"Faire le vide pour cr\u00e9er, voil\u00e0 la fa\u00e7on de faire avec ce proc\u00e9d\u00e9 de thermoformage","robots":{"index":"index","follow":"follow","max-snippet":"max-snippet:-1","max-image-preview":"max-image-preview:large","max-video-preview":"max-video-preview:-1"},"canonical":"https:\/\/dxplastiques.com\/fr\/les-procedes\/thermoformage-par-vacuum\/","og_locale":"fr_FR","og_type":"article","og_title":"Proc\u00e9d\u00e9 de thermoformage : le vacuum","og_description":"Faire le vide pour cr\u00e9er, voil\u00e0 la fa\u00e7on de faire avec ce proc\u00e9d\u00e9 de thermoformage","og_url":"https:\/\/dxplastiques.com\/fr\/les-procedes\/thermoformage-par-vacuum\/","og_site_name":"DX Plastiques","article_modified_time":"2025-12-05T18:53:27+00:00","og_image":[{"width":511,"height":337,"url":"https:\/\/dxplastiques.com\/wp-content\/uploads\/2021\/07\/thermoformage_vacuum.gif","type":"image\/gif"}],"twitter_card":"summary_large_image","twitter_misc":{"Dur\u00e9e de lecture estim\u00e9e":"1 minute"},"schema":{"@context":"https:\/\/schema.org","@graph":[{"@type":"WebPage","@id":"https:\/\/dxplastiques.com\/fr\/les-procedes\/thermoformage-par-vacuum\/","url":"https:\/\/dxplastiques.com\/fr\/les-procedes\/thermoformage-par-vacuum\/","name":"Proc\u00e9d\u00e9 de thermoformage : le vacuum","isPartOf":{"@id":"https:\/\/dxplastiques.com\/fr\/#website"},"primaryImageOfPage":{"@id":"https:\/\/dxplastiques.com\/fr\/les-procedes\/thermoformage-par-vacuum\/#primaryimage"},"image":{"@id":"https:\/\/dxplastiques.com\/fr\/les-procedes\/thermoformage-par-vacuum\/#primaryimage"},"thumbnailUrl":"https:\/\/dxplastiques.com\/wp-content\/uploads\/2021\/07\/thermoformage_vacuum.gif","datePublished":"2021-07-08T14:02:47+00:00","dateModified":"2025-12-05T18:53:27+00:00","description":"Faire le vide pour cr\u00e9er, voil\u00e0 la fa\u00e7on de faire avec ce proc\u00e9d\u00e9 de thermoformage","breadcrumb":{"@id":"https:\/\/dxplastiques.com\/fr\/les-procedes\/thermoformage-par-vacuum\/#breadcrumb"},"inLanguage":"fr-FR","potentialAction":[{"@type":"ReadAction","target":["https:\/\/dxplastiques.com\/fr\/les-procedes\/thermoformage-par-vacuum\/"]}]},{"@type":"ImageObject","inLanguage":"fr-FR","@id":"https:\/\/dxplastiques.com\/fr\/les-procedes\/thermoformage-par-vacuum\/#primaryimage","url":"https:\/\/dxplastiques.com\/wp-content\/uploads\/2021\/07\/thermoformage_vacuum.gif","contentUrl":"https:\/\/dxplastiques.com\/wp-content\/uploads\/2021\/07\/thermoformage_vacuum.gif"},{"@type":"BreadcrumbList","@id":"https:\/\/dxplastiques.com\/fr\/les-procedes\/thermoformage-par-vacuum\/#breadcrumb","itemListElement":[{"@type":"ListItem","position":1,"name":"Accueil","item":"https:\/\/dxplastiques.com\/fr\/"},{"@type":"ListItem","position":2,"name":"Les proc\u00e9d\u00e9s","item":"https:\/\/dxplastiques.com\/fr\/les-procedes\/"},{"@type":"ListItem","position":3,"name":"Thermoformage par vacuum"}]},{"@type":"WebSite","@id":"https:\/\/dxplastiques.com\/fr\/#website","url":"https:\/\/dxplastiques.com\/fr\/","name":"DX Plastiques","description":"","potentialAction":[{"@type":"SearchAction","target":{"@type":"EntryPoint","urlTemplate":"https:\/\/dxplastiques.com\/fr\/?s={search_term_string}"},"query-input":{"@type":"PropertyValueSpecification","valueRequired":true,"valueName":"search_term_string"}}],"inLanguage":"fr-FR"}]}},"_links":{"self":[{"href":"https:\/\/dxplastiques.com\/fr\/wp-json\/wp\/v2\/pages\/411","targetHints":{"allow":["GET"]}}],"collection":[{"href":"https:\/\/dxplastiques.com\/fr\/wp-json\/wp\/v2\/pages"}],"about":[{"href":"https:\/\/dxplastiques.com\/fr\/wp-json\/wp\/v2\/types\/page"}],"author":[{"embeddable":true,"href":"https:\/\/dxplastiques.com\/fr\/wp-json\/wp\/v2\/users\/1"}],"replies":[{"embeddable":true,"href":"https:\/\/dxplastiques.com\/fr\/wp-json\/wp\/v2\/comments?post=411"}],"version-history":[{"count":4,"href":"https:\/\/dxplastiques.com\/fr\/wp-json\/wp\/v2\/pages\/411\/revisions"}],"predecessor-version":[{"id":932,"href":"https:\/\/dxplastiques.com\/fr\/wp-json\/wp\/v2\/pages\/411\/revisions\/932"}],"up":[{"embeddable":true,"href":"https:\/\/dxplastiques.com\/fr\/wp-json\/wp\/v2\/pages\/409"}],"wp:attachment":[{"href":"https:\/\/dxplastiques.com\/fr\/wp-json\/wp\/v2\/media?parent=411"}],"curies":[{"name":"wp","href":"https:\/\/api.w.org\/{rel}","templated":true}]}}