{"id":389,"date":"2021-07-08T09:40:19","date_gmt":"2021-07-08T13:40:19","guid":{"rendered":"https:\/\/dxplastiques.com\/?page_id=389"},"modified":"2025-12-05T14:07:19","modified_gmt":"2025-12-05T19:07:19","slug":"questions-a-se-poser","status":"publish","type":"page","link":"https:\/\/dxplastiques.com\/fr\/thermoformage\/questions-a-se-poser\/","title":{"rendered":"Questions \u00e0 se poser"},"content":{"rendered":"<div id=\"pl-389\"  class=\"panel-layout\" ><div id=\"pg-389-0\"  class=\"panel-grid panel-has-style\" ><div class=\"row_spacing panel-row-style panel-row-style-for-389-0\" ><div id=\"pgc-389-0-0\"  class=\"panel-grid-cell panel-grid-cell-empty\" ><\/div><div id=\"pgc-389-0-1\"  class=\"panel-grid-cell panel-grid-cell-mobile-last\" ><div id=\"panel-389-0-1-0\" class=\"so-panel widget widget_black-studio-tinymce widget_black_studio_tinymce panel-first-child panel-last-child\" data-index=\"0\" ><div class=\"list_style panel-widget-style panel-widget-style-for-389-0-1-0\" ><div class=\"textwidget\"><h1 style=\"text-align: center;\"><span class=\"title_black_upp\">Comment d\u00e9terminer le meilleur proc\u00e9d\u00e9de thermoformage?<\/span><\/h1>\n<p style=\"text-align: center;\"><span class=\"title_box_grey\">DX Plastiques<\/span><\/p>\n<p style=\"text-align: center;\">Nos experts en thermoformage mettent l\u2019accent sur l\u2019accompagnement de chacun de nos clients dans son projet de moulage de pi\u00e8ces de plastique par thermoformage. Vous souhaitez vous pr\u00e9parer \u00e0 nous pr\u00e9senter votre projet? Voici quelques questions auxquelles vous aurez \u00e0 r\u00e9pondre.<\/p>\n<\/div><\/div><\/div><\/div><div id=\"pgc-389-0-2\"  class=\"panel-grid-cell panel-grid-cell-empty\" ><\/div><\/div><\/div><div id=\"pg-389-1\"  class=\"panel-grid panel-has-style\" ><div class=\"row_lines panel-row-style panel-row-style-for-389-1\" ><div id=\"pgc-389-1-0\"  class=\"panel-grid-cell\" ><div id=\"panel-389-1-0-0\" class=\"so-panel widget widget_black-studio-tinymce widget_black_studio_tinymce panel-first-child panel-last-child\" data-index=\"1\" ><div class=\"box_step box_step_1 panel-widget-style panel-widget-style-for-389-1-0-0\" ><div class=\"textwidget\"><p><img loading=\"lazy\" decoding=\"async\" class=\"alignnone size-full wp-image-390\" src=\"https:\/\/dxplastiques.com\/wp-content\/uploads\/2021\/07\/question_1.jpg\" alt=\"thermoformage\" width=\"371\" height=\"279\" \/><\/p>\n<\/div><\/div><\/div><\/div><div id=\"pgc-389-1-1\"  class=\"panel-grid-cell\" ><div id=\"panel-389-1-1-0\" class=\"so-panel widget widget_black-studio-tinymce widget_black_studio_tinymce panel-first-child panel-last-child\" data-index=\"2\" ><div class=\"box_step box_step_2 panel-widget-style panel-widget-style-for-389-1-1-0\" ><div class=\"textwidget\"><p><img loading=\"lazy\" decoding=\"async\" class=\"alignnone size-full wp-image-392\" src=\"https:\/\/dxplastiques.com\/wp-content\/uploads\/2021\/07\/question_2.jpg\" alt=\"thermoformage\" width=\"371\" height=\"279\" \/><\/p>\n<\/div><\/div><\/div><\/div><div id=\"pgc-389-1-2\"  class=\"panel-grid-cell\" ><div id=\"panel-389-1-2-0\" class=\"so-panel widget widget_black-studio-tinymce widget_black_studio_tinymce panel-first-child panel-last-child\" data-index=\"3\" ><div class=\"box_step box_step_3 panel-widget-style panel-widget-style-for-389-1-2-0\" ><div class=\"textwidget\"><p><img loading=\"lazy\" decoding=\"async\" class=\"alignnone size-full wp-image-394\" src=\"https:\/\/dxplastiques.com\/wp-content\/uploads\/2021\/07\/question_3.jpg\" alt=\"thermoformage\" width=\"371\" height=\"279\" \/><\/p>\n<\/div><\/div><\/div><\/div><div id=\"pgc-389-1-3\"  class=\"panel-grid-cell\" ><div id=\"panel-389-1-3-0\" class=\"so-panel widget widget_black-studio-tinymce widget_black_studio_tinymce panel-first-child panel-last-child\" data-index=\"4\" ><div class=\"box_step box_step_4 panel-widget-style panel-widget-style-for-389-1-3-0\" ><div class=\"textwidget\"><p><img loading=\"lazy\" decoding=\"async\" class=\"alignnone size-full wp-image-396\" src=\"https:\/\/dxplastiques.com\/wp-content\/uploads\/2021\/07\/question_4.jpg\" alt=\"thermoformage\" width=\"371\" height=\"279\" \/><\/p>\n<\/div><\/div><\/div><\/div><\/div><\/div><div id=\"pg-389-2\"  class=\"panel-grid panel-has-style\" ><div class=\"row_spacing panel-row-style panel-row-style-for-389-2\" ><div id=\"pgc-389-2-0\"  class=\"panel-grid-cell\" ><div id=\"panel-389-2-0-0\" class=\"so-panel widget widget_black-studio-tinymce widget_black_studio_tinymce panel-first-child panel-last-child\" data-index=\"5\" ><div class=\"list_style panel-widget-style panel-widget-style-for-389-2-0-0\" ><div class=\"textwidget\"><p><span class=\"big_text\">CONDITIONS D\u2019UTILISATION DE VOTRE PI\u00c8CE<\/span><\/p>\n<ul>\n<li>Utilisation finale<\/li>\n<li>Environnement d\u2019utilisation, \u00e0 l\u2019int\u00e9rieur ou \u00e0 l\u2019ext\u00e9rieur<\/li>\n<li>Propri\u00e9t\u00e9s m\u00e9caniques, chimiques ou thermiques particuli\u00e8res<\/li>\n<li>Frottement, chocs<\/li>\n<li>Normes d\u2019inflammabilit\u00e9, alimentaires ou autres conformit\u00e9s l\u00e9gales \u00e0 rencontrer<\/li>\n<\/ul>\n<\/div><\/div><\/div><\/div><div id=\"pgc-389-2-1\"  class=\"panel-grid-cell panel-grid-cell-empty\" ><\/div><div id=\"pgc-389-2-2\"  class=\"panel-grid-cell\" ><div id=\"panel-389-2-2-0\" class=\"so-panel widget widget_black-studio-tinymce widget_black_studio_tinymce panel-first-child panel-last-child\" data-index=\"6\" ><div class=\"list_style panel-widget-style panel-widget-style-for-389-2-2-0\" ><div class=\"textwidget\"><p><span class=\"big_text\">CARACT\u00c9RISTIQUES PHYSIQUES DE LA PI\u00c8CE<\/span><\/p>\n<ul>\n<li>Souple ou rigide<\/li>\n<li>Finition de la surface<\/li>\n<li>Dimensions du produit fini<\/li>\n<li>\u00c9paisseur d\u00e9sir\u00e9e<\/li>\n<li>Stabilit\u00e9 dimensionnelle ou non<\/li>\n<\/ul>\n<\/div><\/div><\/div><\/div><div id=\"pgc-389-2-3\"  class=\"panel-grid-cell panel-grid-cell-empty\" ><\/div><div id=\"pgc-389-2-4\"  class=\"panel-grid-cell\" ><div id=\"panel-389-2-4-0\" class=\"so-panel widget widget_black-studio-tinymce widget_black_studio_tinymce panel-first-child panel-last-child\" data-index=\"7\" ><div class=\"list_style panel-widget-style panel-widget-style-for-389-2-4-0\" ><div class=\"textwidget\"><p><span class=\"big_text\">QUESTIONS PRATICO-PRATIQUES<\/span><\/p>\n<ul>\n<li>Avez-vous un \u00e9chantillon de votre pi\u00e8ce?<\/li>\n<li>Existe-t-il des dessins, croquis 2D ou 3D de la pi\u00e8ce?<\/li>\n<li>Volume annuel pr\u00e9vu, quantit\u00e9s par commande et taux de renouvellement des commandes.<\/li>\n<\/ul>\n<\/div><\/div><\/div><\/div><\/div><\/div><div id=\"pg-389-3\"  class=\"panel-grid panel-has-style\" ><div class=\"row_spacing_bottom panel-row-style panel-row-style-for-389-3\" ><div id=\"pgc-389-3-0\"  class=\"panel-grid-cell panel-grid-cell-empty\" ><\/div><div id=\"pgc-389-3-1\"  class=\"panel-grid-cell panel-grid-cell-mobile-last\" ><div id=\"panel-389-3-1-0\" class=\"so-panel widget widget_black-studio-tinymce widget_black_studio_tinymce panel-first-child panel-last-child\" data-index=\"8\" ><div class=\"box_dark box_small box_row_full panel-widget-style panel-widget-style-for-389-3-1-0\" ><div class=\"textwidget\"><p style=\"text-align: center;\"><span class=\"title_black_upp\">Tous ces points influenceront le type de mati\u00e8re id\u00e9ale \u00e0 utiliser, le type de moules et le prix de fabrication.<\/span><\/p>\n<\/div><\/div><\/div><\/div><div id=\"pgc-389-3-2\"  class=\"panel-grid-cell panel-grid-cell-empty\" ><\/div><\/div><\/div><div id=\"pg-389-4\"  class=\"panel-grid panel-has-style\" ><div class=\"red_row row_spacing panel-row-style panel-row-style-for-389-4\" ><div id=\"pgc-389-4-0\"  class=\"panel-grid-cell panel-grid-cell-empty\" ><\/div><div id=\"pgc-389-4-1\"  class=\"panel-grid-cell panel-grid-cell-mobile-last\" ><div id=\"panel-389-4-1-0\" class=\"so-panel widget widget_black-studio-tinymce widget_black_studio_tinymce panel-first-child panel-last-child\" data-index=\"9\" ><div class=\"textwidget\"><p style=\"text-align: center;\"><span class=\"title_box_white\">DX Plastiques<\/span><\/p>\n<p style=\"text-align: center;\"><span class=\"title_black_upp\">l\u2019exp\u00e9rience \u00e0 votre service!<\/span><\/p>\n<p style=\"text-align: center;\">Vous avez un projet de thermoformage de plastique? Faites-en part \u00e0 notre \u00e9quipe.<\/p>\n<p style=\"text-align: center;\"><span class=\"btn_plus\"><a href=\"\/fr\/nous-joindre\">Nous joindre <em>+<\/em><\/a><\/span><\/p>\n<\/div><\/div><\/div><div id=\"pgc-389-4-2\"  class=\"panel-grid-cell panel-grid-cell-empty\" ><\/div><\/div><\/div><div id=\"pg-389-5\"  class=\"panel-grid panel-has-style\" ><div class=\"row_spacing_bottom panel-row-style panel-row-style-for-389-5\" ><div id=\"pgc-389-5-0\"  class=\"panel-grid-cell\" ><div id=\"panel-389-5-0-0\" class=\"widget_text so-panel widget widget_custom_html panel-first-child panel-last-child\" data-index=\"10\" ><div class=\"textwidget custom-html-widget\">&nbsp;<\/div><\/div><\/div><\/div><\/div><\/div>","protected":false},"excerpt":{"rendered":"<p>Comment d\u00e9terminer le meilleur proc\u00e9d\u00e9de thermoformage? DX Plastiques Nos experts en thermoformage mettent l\u2019accent sur l\u2019accompagnement de chacun de nos clients dans son projet de moulage de pi\u00e8ces de plastique par thermoformage. Vous souhaitez vous pr\u00e9parer \u00e0 nous pr\u00e9senter votre projet? Voici quelques questions auxquelles vous aurez \u00e0 r\u00e9pondre.<\/p>\n","protected":false},"author":1,"featured_media":0,"parent":366,"menu_order":4,"comment_status":"closed","ping_status":"closed","template":"page.php","meta":{"_acf_changed":false,"footnotes":""},"class_list":["post-389","page","type-page","status-publish","hentry"],"acf":[],"yoast_head":"<!-- This site is optimized with the Yoast SEO plugin v27.3 - https:\/\/yoast.com\/product\/yoast-seo-wordpress\/ -->\n<title>Thermoformage : est-ce pour vous?<\/title>\n<meta name=\"description\" content=\"De nombreux aspects sont \u00e0 prendre en compte pour d\u00e9terminer si le thermoformage est adapt\u00e9 \u00e0 votre projet. En voici quelques-unes\" \/>\n<meta name=\"robots\" content=\"index, follow, max-snippet:-1, max-image-preview:large, max-video-preview:-1\" \/>\n<link rel=\"canonical\" href=\"https:\/\/dxplastiques.com\/fr\/thermoformage\/questions-a-se-poser\/\" \/>\n<meta property=\"og:locale\" content=\"fr_FR\" \/>\n<meta property=\"og:type\" content=\"article\" \/>\n<meta property=\"og:title\" content=\"Thermoformage : est-ce pour vous?\" \/>\n<meta property=\"og:description\" content=\"De nombreux aspects sont \u00e0 prendre en compte pour d\u00e9terminer si le thermoformage est adapt\u00e9 \u00e0 votre projet. En voici quelques-unes\" \/>\n<meta property=\"og:url\" content=\"https:\/\/dxplastiques.com\/fr\/thermoformage\/questions-a-se-poser\/\" \/>\n<meta property=\"og:site_name\" content=\"DX Plastiques\" \/>\n<meta property=\"article:modified_time\" content=\"2025-12-05T19:07:19+00:00\" \/>\n<meta property=\"og:image\" content=\"https:\/\/dxplastiques.com\/wp-content\/uploads\/2021\/07\/facebook_share.png\" \/>\n\t<meta property=\"og:image:width\" content=\"1200\" \/>\n\t<meta property=\"og:image:height\" content=\"628\" \/>\n\t<meta property=\"og:image:type\" content=\"image\/png\" \/>\n<meta name=\"twitter:card\" content=\"summary_large_image\" \/>\n<meta name=\"twitter:label1\" content=\"Dur\u00e9e de lecture estim\u00e9e\" \/>\n\t<meta name=\"twitter:data1\" content=\"2 minutes\" \/>\n<script type=\"application\/ld+json\" class=\"yoast-schema-graph\">{\"@context\":\"https:\\\/\\\/schema.org\",\"@graph\":[{\"@type\":\"WebPage\",\"@id\":\"https:\\\/\\\/dxplastiques.com\\\/fr\\\/thermoformage\\\/questions-a-se-poser\\\/\",\"url\":\"https:\\\/\\\/dxplastiques.com\\\/fr\\\/thermoformage\\\/questions-a-se-poser\\\/\",\"name\":\"Thermoformage : est-ce pour vous?\",\"isPartOf\":{\"@id\":\"https:\\\/\\\/dxplastiques.com\\\/fr\\\/#website\"},\"primaryImageOfPage\":{\"@id\":\"https:\\\/\\\/dxplastiques.com\\\/fr\\\/thermoformage\\\/questions-a-se-poser\\\/#primaryimage\"},\"image\":{\"@id\":\"https:\\\/\\\/dxplastiques.com\\\/fr\\\/thermoformage\\\/questions-a-se-poser\\\/#primaryimage\"},\"thumbnailUrl\":\"https:\\\/\\\/dxplastiques.com\\\/wp-content\\\/uploads\\\/2021\\\/07\\\/question_1.jpg\",\"datePublished\":\"2021-07-08T13:40:19+00:00\",\"dateModified\":\"2025-12-05T19:07:19+00:00\",\"description\":\"De nombreux aspects sont \u00e0 prendre en compte pour d\u00e9terminer si le thermoformage est adapt\u00e9 \u00e0 votre projet. En voici quelques-unes\",\"breadcrumb\":{\"@id\":\"https:\\\/\\\/dxplastiques.com\\\/fr\\\/thermoformage\\\/questions-a-se-poser\\\/#breadcrumb\"},\"inLanguage\":\"fr-FR\",\"potentialAction\":[{\"@type\":\"ReadAction\",\"target\":[\"https:\\\/\\\/dxplastiques.com\\\/fr\\\/thermoformage\\\/questions-a-se-poser\\\/\"]}]},{\"@type\":\"ImageObject\",\"inLanguage\":\"fr-FR\",\"@id\":\"https:\\\/\\\/dxplastiques.com\\\/fr\\\/thermoformage\\\/questions-a-se-poser\\\/#primaryimage\",\"url\":\"https:\\\/\\\/dxplastiques.com\\\/wp-content\\\/uploads\\\/2021\\\/07\\\/question_1.jpg\",\"contentUrl\":\"https:\\\/\\\/dxplastiques.com\\\/wp-content\\\/uploads\\\/2021\\\/07\\\/question_1.jpg\"},{\"@type\":\"BreadcrumbList\",\"@id\":\"https:\\\/\\\/dxplastiques.com\\\/fr\\\/thermoformage\\\/questions-a-se-poser\\\/#breadcrumb\",\"itemListElement\":[{\"@type\":\"ListItem\",\"position\":1,\"name\":\"Accueil\",\"item\":\"https:\\\/\\\/dxplastiques.com\\\/fr\\\/\"},{\"@type\":\"ListItem\",\"position\":2,\"name\":\"Thermoformage\",\"item\":\"https:\\\/\\\/dxplastiques.com\\\/fr\\\/thermoforming\\\/\"},{\"@type\":\"ListItem\",\"position\":3,\"name\":\"Questions \u00e0 se poser\"}]},{\"@type\":\"WebSite\",\"@id\":\"https:\\\/\\\/dxplastiques.com\\\/fr\\\/#website\",\"url\":\"https:\\\/\\\/dxplastiques.com\\\/fr\\\/\",\"name\":\"DX Plastiques\",\"description\":\"\",\"potentialAction\":[{\"@type\":\"SearchAction\",\"target\":{\"@type\":\"EntryPoint\",\"urlTemplate\":\"https:\\\/\\\/dxplastiques.com\\\/fr\\\/?s={search_term_string}\"},\"query-input\":{\"@type\":\"PropertyValueSpecification\",\"valueRequired\":true,\"valueName\":\"search_term_string\"}}],\"inLanguage\":\"fr-FR\"}]}<\/script>\n<!-- \/ Yoast SEO plugin. -->","yoast_head_json":{"title":"Thermoformage : est-ce pour vous?","description":"De nombreux aspects sont \u00e0 prendre en compte pour d\u00e9terminer si le thermoformage est adapt\u00e9 \u00e0 votre projet. En voici quelques-unes","robots":{"index":"index","follow":"follow","max-snippet":"max-snippet:-1","max-image-preview":"max-image-preview:large","max-video-preview":"max-video-preview:-1"},"canonical":"https:\/\/dxplastiques.com\/fr\/thermoformage\/questions-a-se-poser\/","og_locale":"fr_FR","og_type":"article","og_title":"Thermoformage : est-ce pour vous?","og_description":"De nombreux aspects sont \u00e0 prendre en compte pour d\u00e9terminer si le thermoformage est adapt\u00e9 \u00e0 votre projet. En voici quelques-unes","og_url":"https:\/\/dxplastiques.com\/fr\/thermoformage\/questions-a-se-poser\/","og_site_name":"DX Plastiques","article_modified_time":"2025-12-05T19:07:19+00:00","og_image":[{"width":1200,"height":628,"url":"https:\/\/dxplastiques.com\/wp-content\/uploads\/2021\/07\/facebook_share.png","type":"image\/png"}],"twitter_card":"summary_large_image","twitter_misc":{"Dur\u00e9e de lecture estim\u00e9e":"2 minutes"},"schema":{"@context":"https:\/\/schema.org","@graph":[{"@type":"WebPage","@id":"https:\/\/dxplastiques.com\/fr\/thermoformage\/questions-a-se-poser\/","url":"https:\/\/dxplastiques.com\/fr\/thermoformage\/questions-a-se-poser\/","name":"Thermoformage : est-ce pour vous?","isPartOf":{"@id":"https:\/\/dxplastiques.com\/fr\/#website"},"primaryImageOfPage":{"@id":"https:\/\/dxplastiques.com\/fr\/thermoformage\/questions-a-se-poser\/#primaryimage"},"image":{"@id":"https:\/\/dxplastiques.com\/fr\/thermoformage\/questions-a-se-poser\/#primaryimage"},"thumbnailUrl":"https:\/\/dxplastiques.com\/wp-content\/uploads\/2021\/07\/question_1.jpg","datePublished":"2021-07-08T13:40:19+00:00","dateModified":"2025-12-05T19:07:19+00:00","description":"De nombreux aspects sont \u00e0 prendre en compte pour d\u00e9terminer si le thermoformage est adapt\u00e9 \u00e0 votre projet. En voici quelques-unes","breadcrumb":{"@id":"https:\/\/dxplastiques.com\/fr\/thermoformage\/questions-a-se-poser\/#breadcrumb"},"inLanguage":"fr-FR","potentialAction":[{"@type":"ReadAction","target":["https:\/\/dxplastiques.com\/fr\/thermoformage\/questions-a-se-poser\/"]}]},{"@type":"ImageObject","inLanguage":"fr-FR","@id":"https:\/\/dxplastiques.com\/fr\/thermoformage\/questions-a-se-poser\/#primaryimage","url":"https:\/\/dxplastiques.com\/wp-content\/uploads\/2021\/07\/question_1.jpg","contentUrl":"https:\/\/dxplastiques.com\/wp-content\/uploads\/2021\/07\/question_1.jpg"},{"@type":"BreadcrumbList","@id":"https:\/\/dxplastiques.com\/fr\/thermoformage\/questions-a-se-poser\/#breadcrumb","itemListElement":[{"@type":"ListItem","position":1,"name":"Accueil","item":"https:\/\/dxplastiques.com\/fr\/"},{"@type":"ListItem","position":2,"name":"Thermoformage","item":"https:\/\/dxplastiques.com\/fr\/thermoforming\/"},{"@type":"ListItem","position":3,"name":"Questions \u00e0 se poser"}]},{"@type":"WebSite","@id":"https:\/\/dxplastiques.com\/fr\/#website","url":"https:\/\/dxplastiques.com\/fr\/","name":"DX Plastiques","description":"","potentialAction":[{"@type":"SearchAction","target":{"@type":"EntryPoint","urlTemplate":"https:\/\/dxplastiques.com\/fr\/?s={search_term_string}"},"query-input":{"@type":"PropertyValueSpecification","valueRequired":true,"valueName":"search_term_string"}}],"inLanguage":"fr-FR"}]}},"_links":{"self":[{"href":"https:\/\/dxplastiques.com\/fr\/wp-json\/wp\/v2\/pages\/389","targetHints":{"allow":["GET"]}}],"collection":[{"href":"https:\/\/dxplastiques.com\/fr\/wp-json\/wp\/v2\/pages"}],"about":[{"href":"https:\/\/dxplastiques.com\/fr\/wp-json\/wp\/v2\/types\/page"}],"author":[{"embeddable":true,"href":"https:\/\/dxplastiques.com\/fr\/wp-json\/wp\/v2\/users\/1"}],"replies":[{"embeddable":true,"href":"https:\/\/dxplastiques.com\/fr\/wp-json\/wp\/v2\/comments?post=389"}],"version-history":[{"count":7,"href":"https:\/\/dxplastiques.com\/fr\/wp-json\/wp\/v2\/pages\/389\/revisions"}],"predecessor-version":[{"id":955,"href":"https:\/\/dxplastiques.com\/fr\/wp-json\/wp\/v2\/pages\/389\/revisions\/955"}],"up":[{"embeddable":true,"href":"https:\/\/dxplastiques.com\/fr\/wp-json\/wp\/v2\/pages\/366"}],"wp:attachment":[{"href":"https:\/\/dxplastiques.com\/fr\/wp-json\/wp\/v2\/media?parent=389"}],"curies":[{"name":"wp","href":"https:\/\/api.w.org\/{rel}","templated":true}]}}