{"id":381,"date":"2021-07-08T09:29:41","date_gmt":"2021-07-08T13:29:41","guid":{"rendered":"https:\/\/dxplastiques.com\/?page_id=381"},"modified":"2025-12-05T14:06:06","modified_gmt":"2025-12-05T19:06:06","slug":"les-avantages-du-thermoformage","status":"publish","type":"page","link":"https:\/\/dxplastiques.com\/fr\/thermoformage\/les-avantages-du-thermoformage\/","title":{"rendered":"Les avantages du thermoformage"},"content":{"rendered":"<div id=\"pl-381\"  class=\"panel-layout\" ><div id=\"pg-381-0\"  class=\"panel-grid panel-has-style\" ><div class=\"row_spacing panel-row-style panel-row-style-for-381-0\" ><div id=\"pgc-381-0-0\"  class=\"panel-grid-cell\" ><div id=\"panel-381-0-0-0\" class=\"so-panel widget widget_black-studio-tinymce widget_black_studio_tinymce panel-first-child panel-last-child\" data-index=\"0\" ><div class=\"textwidget\"><h1><span class=\"title_black_upp\">Les avantages du thermoformage<\/span><\/h1>\n<p><span class=\"title_box_grey\">DX Plastiques<\/span><\/p>\n<p>L\u2019accessibilit\u00e9 du thermoformage est sans contredit un de ses grands avantages. L\u2019investissement de d\u00e9part est \u00e9conomique et la production de courte s\u00e9rie ou de pi\u00e8ces complexes peut \u00eatre tr\u00e8s abordable, car le co\u00fbt de l\u2019outillage est faible et sa durabilit\u00e9 est remarquable.<\/p>\n<p>Des modifications ou des retouches peuvent ais\u00e9ment \u00eatre apport\u00e9es \u00e0 l\u2019\u00e9quipement pour offrir un maximum de possibilit\u00e9s. Les d\u00e9lais de production sont courts, car l\u2019\u00e9laboration des prototypes et la fabrication des moules sont ais\u00e9es.<\/p>\n<p>L\u2019apport technologique dans l\u2019offre des mati\u00e8res plastiques, la technicit\u00e9 des \u00e9quipements et des moules ainsi que l\u2019int\u00e9gration de traitements compl\u00e9mentaires engendrent des pi\u00e8ces de pr\u00e9cision et d\u2019une excellente d\u00e9finition, permettant de r\u00e9duire la t\u00e2che, et par le fait m\u00eame, les co\u00fbts de mise en \u0153uvre.<\/p>\n<\/div><\/div><\/div><div id=\"pgc-381-0-1\"  class=\"panel-grid-cell panel-grid-cell-empty\" ><\/div><div id=\"pgc-381-0-2\"  class=\"panel-grid-cell\" ><div id=\"panel-381-0-2-0\" class=\"so-panel widget widget_black-studio-tinymce widget_black_studio_tinymce panel-first-child panel-last-child\" data-index=\"1\" ><div class=\"textwidget\"><p><img loading=\"lazy\" decoding=\"async\" class=\"alignnone size-full wp-image-951\" src=\"https:\/\/dxplastiques.com\/wp-content\/uploads\/2025\/12\/avantages_thermoformage.jpg\" alt=\"avantages_thermoformage\" width=\"1030\" height=\"466\" \/><\/p>\n<\/div><\/div><\/div><\/div><\/div><div id=\"pg-381-1\"  class=\"panel-grid panel-has-style\" ><div class=\"row_spacing_bottom row_lines panel-row-style panel-row-style-for-381-1\" ><div id=\"pgc-381-1-0\"  class=\"panel-grid-cell\" ><div id=\"panel-381-1-0-0\" class=\"so-panel widget widget_black-studio-tinymce widget_black_studio_tinymce panel-first-child panel-last-child\" data-index=\"2\" ><div class=\"box_dark list_style box_left_extra_width panel-widget-style panel-widget-style-for-381-1-0-0\" ><div class=\"textwidget\"><h2><span class=\"title_black_upp\">Pourquoi opter pour <br \/>\nle thermoformage?<\/span><\/h2>\n<ul>\n<li><span class=\"big_text\">\u00c9conomique<\/span><\/li>\n<li><span class=\"big_text\">Rapide<\/span><\/li>\n<li><span class=\"big_text\">Multiempreintes<\/span><\/li>\n<li><span class=\"big_text\">S\u2019adapte \u00e0 l\u2019\u00e9volution du produit<\/span><\/li>\n<li><span class=\"big_text\">Pr\u00e9cis<\/span><\/li>\n<li><span class=\"big_text\">Utilisation possible de mati\u00e8re recycl\u00e9e<\/span><\/li>\n<\/ul>\n<\/div><\/div><\/div><\/div><div id=\"pgc-381-1-1\"  class=\"panel-grid-cell\" ><div id=\"panel-381-1-1-0\" class=\"so-panel widget widget_black-studio-tinymce widget_black_studio_tinymce panel-first-child panel-last-child\" data-index=\"3\" ><div class=\"img_right_overlap_center panel-widget-style panel-widget-style-for-381-1-1-0\" ><div class=\"textwidget\"><p><img loading=\"lazy\" decoding=\"async\" style=\"position: relative;\" class=\"alignnone size-full wp-image-384\" src=\"https:\/\/dxplastiques.com\/wp-content\/uploads\/2021\/07\/le_thermoformage.jpg\" alt=\"le thermoformage\" width=\"880\" height=\"466\" \/><\/p>\n<\/div><\/div><\/div><\/div><\/div><\/div><\/div>","protected":false},"excerpt":{"rendered":"<p>Les avantages du thermoformage DX Plastiques L\u2019accessibilit\u00e9 du thermoformage est sans contredit un de ses grands avantages. L\u2019investissement de d\u00e9part est \u00e9conomique et la production de courte s\u00e9rie ou de pi\u00e8ces complexes peut \u00eatre tr\u00e8s abordable, car le co\u00fbt de l\u2019outillage est faible et sa durabilit\u00e9 est remarquable. Des modifications ou des retouches peuvent ais\u00e9ment [&hellip;]<\/p>\n","protected":false},"author":1,"featured_media":0,"parent":366,"menu_order":3,"comment_status":"closed","ping_status":"closed","template":"page-pre-footer.php","meta":{"_acf_changed":false,"footnotes":""},"class_list":["post-381","page","type-page","status-publish","hentry"],"acf":[],"yoast_head":"<!-- This site is optimized with the Yoast SEO plugin v27.3 - https:\/\/yoast.com\/product\/yoast-seo-wordpress\/ -->\n<title>Pourquoi choisir le thermoformage pour vos pi\u00e8ces<\/title>\n<meta name=\"description\" content=\"Le thermoformage est \u00e9conomique, rapide, pr\u00e9cis et s\u2019adaptant facilement \u00e0 l\u2019\u00e9volution de votre produit\" \/>\n<meta name=\"robots\" content=\"index, follow, max-snippet:-1, max-image-preview:large, max-video-preview:-1\" \/>\n<link rel=\"canonical\" href=\"https:\/\/dxplastiques.com\/fr\/thermoformage\/les-avantages-du-thermoformage\/\" \/>\n<meta property=\"og:locale\" content=\"fr_FR\" \/>\n<meta property=\"og:type\" content=\"article\" \/>\n<meta property=\"og:title\" content=\"Pourquoi choisir le thermoformage pour vos pi\u00e8ces\" \/>\n<meta property=\"og:description\" content=\"Le thermoformage est \u00e9conomique, rapide, pr\u00e9cis et s\u2019adaptant facilement \u00e0 l\u2019\u00e9volution de votre produit\" \/>\n<meta property=\"og:url\" content=\"https:\/\/dxplastiques.com\/fr\/thermoformage\/les-avantages-du-thermoformage\/\" \/>\n<meta property=\"og:site_name\" content=\"DX Plastiques\" \/>\n<meta property=\"article:modified_time\" content=\"2025-12-05T19:06:06+00:00\" \/>\n<meta property=\"og:image\" content=\"https:\/\/dxplastiques.com\/wp-content\/uploads\/2025\/12\/avantages_thermoformage.jpg\" \/>\n\t<meta property=\"og:image:width\" content=\"1030\" \/>\n\t<meta property=\"og:image:height\" content=\"466\" \/>\n\t<meta property=\"og:image:type\" content=\"image\/jpeg\" \/>\n<meta name=\"twitter:card\" content=\"summary_large_image\" \/>\n<meta name=\"twitter:label1\" content=\"Dur\u00e9e de lecture estim\u00e9e\" \/>\n\t<meta name=\"twitter:data1\" content=\"2 minutes\" \/>\n<script type=\"application\/ld+json\" class=\"yoast-schema-graph\">{\"@context\":\"https:\\\/\\\/schema.org\",\"@graph\":[{\"@type\":\"WebPage\",\"@id\":\"https:\\\/\\\/dxplastiques.com\\\/fr\\\/thermoformage\\\/les-avantages-du-thermoformage\\\/\",\"url\":\"https:\\\/\\\/dxplastiques.com\\\/fr\\\/thermoformage\\\/les-avantages-du-thermoformage\\\/\",\"name\":\"Pourquoi choisir le thermoformage pour vos pi\u00e8ces\",\"isPartOf\":{\"@id\":\"https:\\\/\\\/dxplastiques.com\\\/fr\\\/#website\"},\"primaryImageOfPage\":{\"@id\":\"https:\\\/\\\/dxplastiques.com\\\/fr\\\/thermoformage\\\/les-avantages-du-thermoformage\\\/#primaryimage\"},\"image\":{\"@id\":\"https:\\\/\\\/dxplastiques.com\\\/fr\\\/thermoformage\\\/les-avantages-du-thermoformage\\\/#primaryimage\"},\"thumbnailUrl\":\"https:\\\/\\\/dxplastiques.com\\\/wp-content\\\/uploads\\\/2025\\\/12\\\/avantages_thermoformage.jpg\",\"datePublished\":\"2021-07-08T13:29:41+00:00\",\"dateModified\":\"2025-12-05T19:06:06+00:00\",\"description\":\"Le thermoformage est \u00e9conomique, rapide, pr\u00e9cis et s\u2019adaptant facilement \u00e0 l\u2019\u00e9volution de votre produit\",\"breadcrumb\":{\"@id\":\"https:\\\/\\\/dxplastiques.com\\\/fr\\\/thermoformage\\\/les-avantages-du-thermoformage\\\/#breadcrumb\"},\"inLanguage\":\"fr-FR\",\"potentialAction\":[{\"@type\":\"ReadAction\",\"target\":[\"https:\\\/\\\/dxplastiques.com\\\/fr\\\/thermoformage\\\/les-avantages-du-thermoformage\\\/\"]}]},{\"@type\":\"ImageObject\",\"inLanguage\":\"fr-FR\",\"@id\":\"https:\\\/\\\/dxplastiques.com\\\/fr\\\/thermoformage\\\/les-avantages-du-thermoformage\\\/#primaryimage\",\"url\":\"https:\\\/\\\/dxplastiques.com\\\/wp-content\\\/uploads\\\/2025\\\/12\\\/avantages_thermoformage.jpg\",\"contentUrl\":\"https:\\\/\\\/dxplastiques.com\\\/wp-content\\\/uploads\\\/2025\\\/12\\\/avantages_thermoformage.jpg\"},{\"@type\":\"BreadcrumbList\",\"@id\":\"https:\\\/\\\/dxplastiques.com\\\/fr\\\/thermoformage\\\/les-avantages-du-thermoformage\\\/#breadcrumb\",\"itemListElement\":[{\"@type\":\"ListItem\",\"position\":1,\"name\":\"Accueil\",\"item\":\"https:\\\/\\\/dxplastiques.com\\\/fr\\\/\"},{\"@type\":\"ListItem\",\"position\":2,\"name\":\"Thermoformage\",\"item\":\"https:\\\/\\\/dxplastiques.com\\\/fr\\\/thermoforming\\\/\"},{\"@type\":\"ListItem\",\"position\":3,\"name\":\"Les avantages du thermoformage\"}]},{\"@type\":\"WebSite\",\"@id\":\"https:\\\/\\\/dxplastiques.com\\\/fr\\\/#website\",\"url\":\"https:\\\/\\\/dxplastiques.com\\\/fr\\\/\",\"name\":\"DX Plastiques\",\"description\":\"\",\"potentialAction\":[{\"@type\":\"SearchAction\",\"target\":{\"@type\":\"EntryPoint\",\"urlTemplate\":\"https:\\\/\\\/dxplastiques.com\\\/fr\\\/?s={search_term_string}\"},\"query-input\":{\"@type\":\"PropertyValueSpecification\",\"valueRequired\":true,\"valueName\":\"search_term_string\"}}],\"inLanguage\":\"fr-FR\"}]}<\/script>\n<!-- \/ Yoast SEO plugin. -->","yoast_head_json":{"title":"Pourquoi choisir le thermoformage pour vos pi\u00e8ces","description":"Le thermoformage est \u00e9conomique, rapide, pr\u00e9cis et s\u2019adaptant facilement \u00e0 l\u2019\u00e9volution de votre produit","robots":{"index":"index","follow":"follow","max-snippet":"max-snippet:-1","max-image-preview":"max-image-preview:large","max-video-preview":"max-video-preview:-1"},"canonical":"https:\/\/dxplastiques.com\/fr\/thermoformage\/les-avantages-du-thermoformage\/","og_locale":"fr_FR","og_type":"article","og_title":"Pourquoi choisir le thermoformage pour vos pi\u00e8ces","og_description":"Le thermoformage est \u00e9conomique, rapide, pr\u00e9cis et s\u2019adaptant facilement \u00e0 l\u2019\u00e9volution de votre produit","og_url":"https:\/\/dxplastiques.com\/fr\/thermoformage\/les-avantages-du-thermoformage\/","og_site_name":"DX Plastiques","article_modified_time":"2025-12-05T19:06:06+00:00","og_image":[{"width":1030,"height":466,"url":"https:\/\/dxplastiques.com\/wp-content\/uploads\/2025\/12\/avantages_thermoformage.jpg","type":"image\/jpeg"}],"twitter_card":"summary_large_image","twitter_misc":{"Dur\u00e9e de lecture estim\u00e9e":"2 minutes"},"schema":{"@context":"https:\/\/schema.org","@graph":[{"@type":"WebPage","@id":"https:\/\/dxplastiques.com\/fr\/thermoformage\/les-avantages-du-thermoformage\/","url":"https:\/\/dxplastiques.com\/fr\/thermoformage\/les-avantages-du-thermoformage\/","name":"Pourquoi choisir le thermoformage pour vos pi\u00e8ces","isPartOf":{"@id":"https:\/\/dxplastiques.com\/fr\/#website"},"primaryImageOfPage":{"@id":"https:\/\/dxplastiques.com\/fr\/thermoformage\/les-avantages-du-thermoformage\/#primaryimage"},"image":{"@id":"https:\/\/dxplastiques.com\/fr\/thermoformage\/les-avantages-du-thermoformage\/#primaryimage"},"thumbnailUrl":"https:\/\/dxplastiques.com\/wp-content\/uploads\/2025\/12\/avantages_thermoformage.jpg","datePublished":"2021-07-08T13:29:41+00:00","dateModified":"2025-12-05T19:06:06+00:00","description":"Le thermoformage est \u00e9conomique, rapide, pr\u00e9cis et s\u2019adaptant facilement \u00e0 l\u2019\u00e9volution de votre produit","breadcrumb":{"@id":"https:\/\/dxplastiques.com\/fr\/thermoformage\/les-avantages-du-thermoformage\/#breadcrumb"},"inLanguage":"fr-FR","potentialAction":[{"@type":"ReadAction","target":["https:\/\/dxplastiques.com\/fr\/thermoformage\/les-avantages-du-thermoformage\/"]}]},{"@type":"ImageObject","inLanguage":"fr-FR","@id":"https:\/\/dxplastiques.com\/fr\/thermoformage\/les-avantages-du-thermoformage\/#primaryimage","url":"https:\/\/dxplastiques.com\/wp-content\/uploads\/2025\/12\/avantages_thermoformage.jpg","contentUrl":"https:\/\/dxplastiques.com\/wp-content\/uploads\/2025\/12\/avantages_thermoformage.jpg"},{"@type":"BreadcrumbList","@id":"https:\/\/dxplastiques.com\/fr\/thermoformage\/les-avantages-du-thermoformage\/#breadcrumb","itemListElement":[{"@type":"ListItem","position":1,"name":"Accueil","item":"https:\/\/dxplastiques.com\/fr\/"},{"@type":"ListItem","position":2,"name":"Thermoformage","item":"https:\/\/dxplastiques.com\/fr\/thermoforming\/"},{"@type":"ListItem","position":3,"name":"Les avantages du thermoformage"}]},{"@type":"WebSite","@id":"https:\/\/dxplastiques.com\/fr\/#website","url":"https:\/\/dxplastiques.com\/fr\/","name":"DX Plastiques","description":"","potentialAction":[{"@type":"SearchAction","target":{"@type":"EntryPoint","urlTemplate":"https:\/\/dxplastiques.com\/fr\/?s={search_term_string}"},"query-input":{"@type":"PropertyValueSpecification","valueRequired":true,"valueName":"search_term_string"}}],"inLanguage":"fr-FR"}]}},"_links":{"self":[{"href":"https:\/\/dxplastiques.com\/fr\/wp-json\/wp\/v2\/pages\/381","targetHints":{"allow":["GET"]}}],"collection":[{"href":"https:\/\/dxplastiques.com\/fr\/wp-json\/wp\/v2\/pages"}],"about":[{"href":"https:\/\/dxplastiques.com\/fr\/wp-json\/wp\/v2\/types\/page"}],"author":[{"embeddable":true,"href":"https:\/\/dxplastiques.com\/fr\/wp-json\/wp\/v2\/users\/1"}],"replies":[{"embeddable":true,"href":"https:\/\/dxplastiques.com\/fr\/wp-json\/wp\/v2\/comments?post=381"}],"version-history":[{"count":7,"href":"https:\/\/dxplastiques.com\/fr\/wp-json\/wp\/v2\/pages\/381\/revisions"}],"predecessor-version":[{"id":953,"href":"https:\/\/dxplastiques.com\/fr\/wp-json\/wp\/v2\/pages\/381\/revisions\/953"}],"up":[{"embeddable":true,"href":"https:\/\/dxplastiques.com\/fr\/wp-json\/wp\/v2\/pages\/366"}],"wp:attachment":[{"href":"https:\/\/dxplastiques.com\/fr\/wp-json\/wp\/v2\/media?parent=381"}],"curies":[{"name":"wp","href":"https:\/\/api.w.org\/{rel}","templated":true}]}}