{"id":375,"date":"2021-07-08T09:24:40","date_gmt":"2021-07-08T13:24:40","guid":{"rendered":"https:\/\/dxplastiques.com\/?page_id=375"},"modified":"2025-12-05T14:03:57","modified_gmt":"2025-12-05T19:03:57","slug":"les-possibilites","status":"publish","type":"page","link":"https:\/\/dxplastiques.com\/fr\/thermoformage\/les-possibilites\/","title":{"rendered":"Les possibilit\u00e9s"},"content":{"rendered":"<div id=\"pl-375\"  class=\"panel-layout\" ><div id=\"pg-375-0\"  class=\"panel-grid panel-has-style\" ><div class=\"row_spacing panel-row-style panel-row-style-for-375-0\" ><div id=\"pgc-375-0-0\"  class=\"panel-grid-cell\" ><div id=\"panel-375-0-0-0\" class=\"so-panel widget widget_black-studio-tinymce widget_black_studio_tinymce panel-first-child panel-last-child\" data-index=\"0\" ><div class=\"list_style panel-widget-style panel-widget-style-for-375-0-0-0\" ><div class=\"textwidget\"><h1><span class=\"title_black_upp\">Les possibilit\u00e9s du thermoformage<\/span><\/h1>\n<p><span class=\"title_box_grey\">DX Plastiques<\/span><\/p>\n<p>Le thermoformage offre de nombreuses alternatives en moulage plastique. Les possibilit\u00e9s de produits finis sont nombreuses avec l\u2019utilisation du thermoformage.<\/p>\n<p>Les produits thermoform\u00e9s peuvent allier r\u00e9sistance, l\u00e9g\u00e8ret\u00e9, transparence, translucidit\u00e9, opacit\u00e9, couleur, les rendant ainsi incontournables dans une multitude de domaines tels que\u00a0:<\/p>\n<ul>\n<li>le transport<\/li>\n<li>l\u2019emballage<\/li>\n<li>les \u00e9quipements de sport<\/li>\n<li>les \u00e9quipements m\u00e9dicaux et chirurgicaux<\/li>\n<li>l\u2019industrie a\u00e9ronautique et nautique<\/li>\n<li>l\u2019ameublement et les articles de bureau<\/li>\n<li>ou tout autre produit de design industriel.<\/li>\n<\/ul>\n<\/div><\/div><\/div><\/div><div id=\"pgc-375-0-1\"  class=\"panel-grid-cell panel-grid-cell-empty\" ><\/div><div id=\"pgc-375-0-2\"  class=\"panel-grid-cell\" ><div id=\"panel-375-0-2-0\" class=\"so-panel widget widget_black-studio-tinymce widget_black_studio_tinymce panel-first-child panel-last-child\" data-index=\"1\" ><div class=\"textwidget\"><p style=\"text-align: center;\"><span class=\"title_box_black\">Les possibilit\u00e9s du thermoformage sont infinies!<\/span><\/p>\n<p style=\"text-align: center;\"><img loading=\"lazy\" decoding=\"async\" class=\"alignnone size-full wp-image-376\" src=\"https:\/\/dxplastiques.com\/wp-content\/uploads\/2021\/07\/possibilites_thermoformage.jpg\" alt=\"possibilites thermoformage\" width=\"961\" height=\"510\" \/><\/p>\n<\/div><\/div><\/div><\/div><\/div><\/div>","protected":false},"excerpt":{"rendered":"<p>Les possibilit\u00e9s du thermoformage DX Plastiques Le thermoformage offre de nombreuses alternatives en moulage plastique. Les possibilit\u00e9s de produits finis sont nombreuses avec l\u2019utilisation du thermoformage. Les produits thermoform\u00e9s peuvent allier r\u00e9sistance, l\u00e9g\u00e8ret\u00e9, transparence, translucidit\u00e9, opacit\u00e9, couleur, les rendant ainsi incontournables dans une multitude de domaines tels que\u00a0: le transport l\u2019emballage les \u00e9quipements de sport [&hellip;]<\/p>\n","protected":false},"author":1,"featured_media":0,"parent":366,"menu_order":2,"comment_status":"closed","ping_status":"closed","template":"page-pre-footer.php","meta":{"_acf_changed":false,"footnotes":""},"class_list":["post-375","page","type-page","status-publish","hentry"],"acf":[],"yoast_head":"<!-- This site is optimized with the Yoast SEO plugin v27.4 - https:\/\/yoast.com\/product\/yoast-seo-wordpress\/ -->\n<title>Thermoformage : des possibilit\u00e9s quasi infinies<\/title>\n<meta name=\"description\" content=\"Les pi\u00e8ces thermoform\u00e9es peuvent int\u00e9grer de nombreuses caract\u00e9ristiques les rendant int\u00e9ressantes pour une multitude d\u2019usages\" \/>\n<meta name=\"robots\" content=\"index, follow, max-snippet:-1, max-image-preview:large, max-video-preview:-1\" \/>\n<link rel=\"canonical\" href=\"https:\/\/dxplastiques.com\/fr\/thermoformage\/les-possibilites\/\" \/>\n<meta property=\"og:locale\" content=\"fr_FR\" \/>\n<meta property=\"og:type\" content=\"article\" \/>\n<meta property=\"og:title\" content=\"Thermoformage : des possibilit\u00e9s quasi infinies\" \/>\n<meta property=\"og:description\" content=\"Les pi\u00e8ces thermoform\u00e9es peuvent int\u00e9grer de nombreuses caract\u00e9ristiques les rendant int\u00e9ressantes pour une multitude d\u2019usages\" \/>\n<meta property=\"og:url\" content=\"https:\/\/dxplastiques.com\/fr\/thermoformage\/les-possibilites\/\" \/>\n<meta property=\"og:site_name\" content=\"DX Plastiques\" \/>\n<meta property=\"article:modified_time\" content=\"2025-12-05T19:03:57+00:00\" \/>\n<meta property=\"og:image\" content=\"https:\/\/dxplastiques.com\/wp-content\/uploads\/2021\/07\/possibilites_thermoformage.jpg\" \/>\n\t<meta property=\"og:image:width\" content=\"961\" \/>\n\t<meta property=\"og:image:height\" content=\"510\" \/>\n\t<meta property=\"og:image:type\" content=\"image\/jpeg\" \/>\n<meta name=\"twitter:card\" content=\"summary_large_image\" \/>\n<meta name=\"twitter:label1\" content=\"Dur\u00e9e de lecture estim\u00e9e\" \/>\n\t<meta name=\"twitter:data1\" content=\"1 minute\" \/>\n<script type=\"application\/ld+json\" class=\"yoast-schema-graph\">{\"@context\":\"https:\\\/\\\/schema.org\",\"@graph\":[{\"@type\":\"WebPage\",\"@id\":\"https:\\\/\\\/dxplastiques.com\\\/fr\\\/thermoformage\\\/les-possibilites\\\/\",\"url\":\"https:\\\/\\\/dxplastiques.com\\\/fr\\\/thermoformage\\\/les-possibilites\\\/\",\"name\":\"Thermoformage : des possibilit\u00e9s quasi infinies\",\"isPartOf\":{\"@id\":\"https:\\\/\\\/dxplastiques.com\\\/fr\\\/#website\"},\"primaryImageOfPage\":{\"@id\":\"https:\\\/\\\/dxplastiques.com\\\/fr\\\/thermoformage\\\/les-possibilites\\\/#primaryimage\"},\"image\":{\"@id\":\"https:\\\/\\\/dxplastiques.com\\\/fr\\\/thermoformage\\\/les-possibilites\\\/#primaryimage\"},\"thumbnailUrl\":\"https:\\\/\\\/dxplastiques.com\\\/wp-content\\\/uploads\\\/2021\\\/07\\\/possibilites_thermoformage.jpg\",\"datePublished\":\"2021-07-08T13:24:40+00:00\",\"dateModified\":\"2025-12-05T19:03:57+00:00\",\"description\":\"Les pi\u00e8ces thermoform\u00e9es peuvent int\u00e9grer de nombreuses caract\u00e9ristiques les rendant int\u00e9ressantes pour une multitude d\u2019usages\",\"breadcrumb\":{\"@id\":\"https:\\\/\\\/dxplastiques.com\\\/fr\\\/thermoformage\\\/les-possibilites\\\/#breadcrumb\"},\"inLanguage\":\"fr-FR\",\"potentialAction\":[{\"@type\":\"ReadAction\",\"target\":[\"https:\\\/\\\/dxplastiques.com\\\/fr\\\/thermoformage\\\/les-possibilites\\\/\"]}]},{\"@type\":\"ImageObject\",\"inLanguage\":\"fr-FR\",\"@id\":\"https:\\\/\\\/dxplastiques.com\\\/fr\\\/thermoformage\\\/les-possibilites\\\/#primaryimage\",\"url\":\"https:\\\/\\\/dxplastiques.com\\\/wp-content\\\/uploads\\\/2021\\\/07\\\/possibilites_thermoformage.jpg\",\"contentUrl\":\"https:\\\/\\\/dxplastiques.com\\\/wp-content\\\/uploads\\\/2021\\\/07\\\/possibilites_thermoformage.jpg\"},{\"@type\":\"BreadcrumbList\",\"@id\":\"https:\\\/\\\/dxplastiques.com\\\/fr\\\/thermoformage\\\/les-possibilites\\\/#breadcrumb\",\"itemListElement\":[{\"@type\":\"ListItem\",\"position\":1,\"name\":\"Accueil\",\"item\":\"https:\\\/\\\/dxplastiques.com\\\/fr\\\/\"},{\"@type\":\"ListItem\",\"position\":2,\"name\":\"Thermoformage\",\"item\":\"https:\\\/\\\/dxplastiques.com\\\/fr\\\/thermoforming\\\/\"},{\"@type\":\"ListItem\",\"position\":3,\"name\":\"Les possibilit\u00e9s\"}]},{\"@type\":\"WebSite\",\"@id\":\"https:\\\/\\\/dxplastiques.com\\\/fr\\\/#website\",\"url\":\"https:\\\/\\\/dxplastiques.com\\\/fr\\\/\",\"name\":\"DX Plastiques\",\"description\":\"\",\"potentialAction\":[{\"@type\":\"SearchAction\",\"target\":{\"@type\":\"EntryPoint\",\"urlTemplate\":\"https:\\\/\\\/dxplastiques.com\\\/fr\\\/?s={search_term_string}\"},\"query-input\":{\"@type\":\"PropertyValueSpecification\",\"valueRequired\":true,\"valueName\":\"search_term_string\"}}],\"inLanguage\":\"fr-FR\"}]}<\/script>\n<!-- \/ Yoast SEO plugin. -->","yoast_head_json":{"title":"Thermoformage : des possibilit\u00e9s quasi infinies","description":"Les pi\u00e8ces thermoform\u00e9es peuvent int\u00e9grer de nombreuses caract\u00e9ristiques les rendant int\u00e9ressantes pour une multitude d\u2019usages","robots":{"index":"index","follow":"follow","max-snippet":"max-snippet:-1","max-image-preview":"max-image-preview:large","max-video-preview":"max-video-preview:-1"},"canonical":"https:\/\/dxplastiques.com\/fr\/thermoformage\/les-possibilites\/","og_locale":"fr_FR","og_type":"article","og_title":"Thermoformage : des possibilit\u00e9s quasi infinies","og_description":"Les pi\u00e8ces thermoform\u00e9es peuvent int\u00e9grer de nombreuses caract\u00e9ristiques les rendant int\u00e9ressantes pour une multitude d\u2019usages","og_url":"https:\/\/dxplastiques.com\/fr\/thermoformage\/les-possibilites\/","og_site_name":"DX Plastiques","article_modified_time":"2025-12-05T19:03:57+00:00","og_image":[{"width":961,"height":510,"url":"https:\/\/dxplastiques.com\/wp-content\/uploads\/2021\/07\/possibilites_thermoformage.jpg","type":"image\/jpeg"}],"twitter_card":"summary_large_image","twitter_misc":{"Dur\u00e9e de lecture estim\u00e9e":"1 minute"},"schema":{"@context":"https:\/\/schema.org","@graph":[{"@type":"WebPage","@id":"https:\/\/dxplastiques.com\/fr\/thermoformage\/les-possibilites\/","url":"https:\/\/dxplastiques.com\/fr\/thermoformage\/les-possibilites\/","name":"Thermoformage : des possibilit\u00e9s quasi infinies","isPartOf":{"@id":"https:\/\/dxplastiques.com\/fr\/#website"},"primaryImageOfPage":{"@id":"https:\/\/dxplastiques.com\/fr\/thermoformage\/les-possibilites\/#primaryimage"},"image":{"@id":"https:\/\/dxplastiques.com\/fr\/thermoformage\/les-possibilites\/#primaryimage"},"thumbnailUrl":"https:\/\/dxplastiques.com\/wp-content\/uploads\/2021\/07\/possibilites_thermoformage.jpg","datePublished":"2021-07-08T13:24:40+00:00","dateModified":"2025-12-05T19:03:57+00:00","description":"Les pi\u00e8ces thermoform\u00e9es peuvent int\u00e9grer de nombreuses caract\u00e9ristiques les rendant int\u00e9ressantes pour une multitude d\u2019usages","breadcrumb":{"@id":"https:\/\/dxplastiques.com\/fr\/thermoformage\/les-possibilites\/#breadcrumb"},"inLanguage":"fr-FR","potentialAction":[{"@type":"ReadAction","target":["https:\/\/dxplastiques.com\/fr\/thermoformage\/les-possibilites\/"]}]},{"@type":"ImageObject","inLanguage":"fr-FR","@id":"https:\/\/dxplastiques.com\/fr\/thermoformage\/les-possibilites\/#primaryimage","url":"https:\/\/dxplastiques.com\/wp-content\/uploads\/2021\/07\/possibilites_thermoformage.jpg","contentUrl":"https:\/\/dxplastiques.com\/wp-content\/uploads\/2021\/07\/possibilites_thermoformage.jpg"},{"@type":"BreadcrumbList","@id":"https:\/\/dxplastiques.com\/fr\/thermoformage\/les-possibilites\/#breadcrumb","itemListElement":[{"@type":"ListItem","position":1,"name":"Accueil","item":"https:\/\/dxplastiques.com\/fr\/"},{"@type":"ListItem","position":2,"name":"Thermoformage","item":"https:\/\/dxplastiques.com\/fr\/thermoforming\/"},{"@type":"ListItem","position":3,"name":"Les possibilit\u00e9s"}]},{"@type":"WebSite","@id":"https:\/\/dxplastiques.com\/fr\/#website","url":"https:\/\/dxplastiques.com\/fr\/","name":"DX Plastiques","description":"","potentialAction":[{"@type":"SearchAction","target":{"@type":"EntryPoint","urlTemplate":"https:\/\/dxplastiques.com\/fr\/?s={search_term_string}"},"query-input":{"@type":"PropertyValueSpecification","valueRequired":true,"valueName":"search_term_string"}}],"inLanguage":"fr-FR"}]}},"_links":{"self":[{"href":"https:\/\/dxplastiques.com\/fr\/wp-json\/wp\/v2\/pages\/375","targetHints":{"allow":["GET"]}}],"collection":[{"href":"https:\/\/dxplastiques.com\/fr\/wp-json\/wp\/v2\/pages"}],"about":[{"href":"https:\/\/dxplastiques.com\/fr\/wp-json\/wp\/v2\/types\/page"}],"author":[{"embeddable":true,"href":"https:\/\/dxplastiques.com\/fr\/wp-json\/wp\/v2\/users\/1"}],"replies":[{"embeddable":true,"href":"https:\/\/dxplastiques.com\/fr\/wp-json\/wp\/v2\/comments?post=375"}],"version-history":[{"count":4,"href":"https:\/\/dxplastiques.com\/fr\/wp-json\/wp\/v2\/pages\/375\/revisions"}],"predecessor-version":[{"id":948,"href":"https:\/\/dxplastiques.com\/fr\/wp-json\/wp\/v2\/pages\/375\/revisions\/948"}],"up":[{"embeddable":true,"href":"https:\/\/dxplastiques.com\/fr\/wp-json\/wp\/v2\/pages\/366"}],"wp:attachment":[{"href":"https:\/\/dxplastiques.com\/fr\/wp-json\/wp\/v2\/media?parent=375"}],"curies":[{"name":"wp","href":"https:\/\/api.w.org\/{rel}","templated":true}]}}