{"id":368,"date":"2021-07-08T09:20:15","date_gmt":"2021-07-08T13:20:15","guid":{"rendered":"https:\/\/dxplastiques.com\/?page_id=368"},"modified":"2025-12-05T14:02:56","modified_gmt":"2025-12-05T19:02:56","slug":"quest-ce-que-le-thermoformage","status":"publish","type":"page","link":"https:\/\/dxplastiques.com\/fr\/thermoformage\/quest-ce-que-le-thermoformage\/","title":{"rendered":"Qu\u2019est-ce que le thermoformage?"},"content":{"rendered":"<div id=\"pl-368\"  class=\"panel-layout\" ><div id=\"pg-368-0\"  class=\"panel-grid panel-has-style\" ><div class=\"row_spacing panel-row-style panel-row-style-for-368-0\" ><div id=\"pgc-368-0-0\"  class=\"panel-grid-cell\" ><div id=\"panel-368-0-0-0\" class=\"so-panel widget widget_black-studio-tinymce widget_black_studio_tinymce panel-first-child panel-last-child\" data-index=\"0\" ><div class=\"list_style panel-widget-style panel-widget-style-for-368-0-0-0\" ><div class=\"textwidget\"><h1><span class=\"title_black_upp\">Qu\u2019est-ce que le thermoformage?<\/span><\/h1>\n<p><span class=\"title_box_grey\">DX Plastiques<\/span><\/p>\n<p>Le thermoformage, c\u2019est l\u2019\u00e9quilibre parfait entre la chaleur et la mati\u00e8re plastique afin d\u2019y former une pi\u00e8ce avec pr\u00e9cision.<\/p>\n<p>Le thermoformage est une technique qui consiste \u00e0 prendre une feuille de thermoplastique et \u00e0 la placer sur un cadre afin de la chauffer pour la ramollir.<\/p>\n<p>On profite ainsi de la capacit\u00e9 du mat\u00e9riau \u00e0 se d\u00e9former sans se rompre pour le mettre en forme \u00e0 l\u2019aide d\u2019un moule. L\u2019air r\u00e9siduel entre le plateau qui porte le moule et la feuille chaude est alors \u00e9vacu\u00e9 par vacuum.<\/p>\n<p>La feuille adopte ainsi l\u2019empreinte du moule et nous obtenons la pi\u00e8ce recherch\u00e9e apr\u00e8s le refroidissement.<\/p>\n<\/div><\/div><\/div><\/div><div id=\"pgc-368-0-1\"  class=\"panel-grid-cell panel-grid-cell-empty\" ><\/div><div id=\"pgc-368-0-2\"  class=\"panel-grid-cell\" ><div id=\"panel-368-0-2-0\" class=\"so-panel widget widget_black-studio-tinymce widget_black_studio_tinymce panel-first-child panel-last-child\" data-index=\"1\" ><div class=\"textwidget\"><p><img loading=\"lazy\" decoding=\"async\" class=\"alignnone size-full wp-image-944\" src=\"https:\/\/dxplastiques.com\/wp-content\/uploads\/2025\/12\/image_thermoformage.jpg\" alt=\"thermoformage\" width=\"1030\" height=\"466\" \/><\/p>\n<\/div><\/div><\/div><\/div><\/div><\/div>","protected":false},"excerpt":{"rendered":"<p>Qu\u2019est-ce que le thermoformage? DX Plastiques Le thermoformage, c\u2019est l\u2019\u00e9quilibre parfait entre la chaleur et la mati\u00e8re plastique afin d\u2019y former une pi\u00e8ce avec pr\u00e9cision. Le thermoformage est une technique qui consiste \u00e0 prendre une feuille de thermoplastique et \u00e0 la placer sur un cadre afin de la chauffer pour la ramollir. On profite ainsi [&hellip;]<\/p>\n","protected":false},"author":1,"featured_media":0,"parent":366,"menu_order":1,"comment_status":"closed","ping_status":"closed","template":"page-pre-footer.php","meta":{"_acf_changed":false,"footnotes":""},"class_list":["post-368","page","type-page","status-publish","hentry"],"acf":[],"yoast_head":"<!-- This site is optimized with the Yoast SEO plugin v27.3 - https:\/\/yoast.com\/product\/yoast-seo-wordpress\/ -->\n<title>Thermoformage : d\u00e9finition et explications<\/title>\n<meta name=\"description\" content=\"Le thermoformage, c\u2019est l\u2019art de jouer avec les limites du plastique face \u00e0 la chaleur afin d\u2019en optimiser l\u2019utilisation pour vos pi\u00e8ces de plastique\" \/>\n<meta name=\"robots\" content=\"index, follow, max-snippet:-1, max-image-preview:large, max-video-preview:-1\" \/>\n<link rel=\"canonical\" href=\"https:\/\/dxplastiques.com\/fr\/thermoformage\/quest-ce-que-le-thermoformage\/\" \/>\n<meta property=\"og:locale\" content=\"fr_FR\" \/>\n<meta property=\"og:type\" content=\"article\" \/>\n<meta property=\"og:title\" content=\"Thermoformage : d\u00e9finition et explications\" \/>\n<meta property=\"og:description\" content=\"Le thermoformage, c\u2019est l\u2019art de jouer avec les limites du plastique face \u00e0 la chaleur afin d\u2019en optimiser l\u2019utilisation pour vos pi\u00e8ces de plastique\" \/>\n<meta property=\"og:url\" content=\"https:\/\/dxplastiques.com\/fr\/thermoformage\/quest-ce-que-le-thermoformage\/\" \/>\n<meta property=\"og:site_name\" content=\"DX Plastiques\" \/>\n<meta property=\"article:modified_time\" content=\"2025-12-05T19:02:56+00:00\" \/>\n<meta property=\"og:image\" content=\"https:\/\/dxplastiques.com\/wp-content\/uploads\/2021\/07\/facebook_share.png\" \/>\n\t<meta property=\"og:image:width\" content=\"1200\" \/>\n\t<meta property=\"og:image:height\" content=\"628\" \/>\n\t<meta property=\"og:image:type\" content=\"image\/png\" \/>\n<meta name=\"twitter:card\" content=\"summary_large_image\" \/>\n<meta name=\"twitter:label1\" content=\"Dur\u00e9e de lecture estim\u00e9e\" \/>\n\t<meta name=\"twitter:data1\" content=\"1 minute\" \/>\n<script type=\"application\/ld+json\" class=\"yoast-schema-graph\">{\"@context\":\"https:\\\/\\\/schema.org\",\"@graph\":[{\"@type\":\"WebPage\",\"@id\":\"https:\\\/\\\/dxplastiques.com\\\/fr\\\/thermoformage\\\/quest-ce-que-le-thermoformage\\\/\",\"url\":\"https:\\\/\\\/dxplastiques.com\\\/fr\\\/thermoformage\\\/quest-ce-que-le-thermoformage\\\/\",\"name\":\"Thermoformage : d\u00e9finition et explications\",\"isPartOf\":{\"@id\":\"https:\\\/\\\/dxplastiques.com\\\/fr\\\/#website\"},\"primaryImageOfPage\":{\"@id\":\"https:\\\/\\\/dxplastiques.com\\\/fr\\\/thermoformage\\\/quest-ce-que-le-thermoformage\\\/#primaryimage\"},\"image\":{\"@id\":\"https:\\\/\\\/dxplastiques.com\\\/fr\\\/thermoformage\\\/quest-ce-que-le-thermoformage\\\/#primaryimage\"},\"thumbnailUrl\":\"https:\\\/\\\/dxplastiques.com\\\/wp-content\\\/uploads\\\/2025\\\/12\\\/image_thermoformage.jpg\",\"datePublished\":\"2021-07-08T13:20:15+00:00\",\"dateModified\":\"2025-12-05T19:02:56+00:00\",\"description\":\"Le thermoformage, c\u2019est l\u2019art de jouer avec les limites du plastique face \u00e0 la chaleur afin d\u2019en optimiser l\u2019utilisation pour vos pi\u00e8ces de plastique\",\"breadcrumb\":{\"@id\":\"https:\\\/\\\/dxplastiques.com\\\/fr\\\/thermoformage\\\/quest-ce-que-le-thermoformage\\\/#breadcrumb\"},\"inLanguage\":\"fr-FR\",\"potentialAction\":[{\"@type\":\"ReadAction\",\"target\":[\"https:\\\/\\\/dxplastiques.com\\\/fr\\\/thermoformage\\\/quest-ce-que-le-thermoformage\\\/\"]}]},{\"@type\":\"ImageObject\",\"inLanguage\":\"fr-FR\",\"@id\":\"https:\\\/\\\/dxplastiques.com\\\/fr\\\/thermoformage\\\/quest-ce-que-le-thermoformage\\\/#primaryimage\",\"url\":\"https:\\\/\\\/dxplastiques.com\\\/wp-content\\\/uploads\\\/2025\\\/12\\\/image_thermoformage.jpg\",\"contentUrl\":\"https:\\\/\\\/dxplastiques.com\\\/wp-content\\\/uploads\\\/2025\\\/12\\\/image_thermoformage.jpg\"},{\"@type\":\"BreadcrumbList\",\"@id\":\"https:\\\/\\\/dxplastiques.com\\\/fr\\\/thermoformage\\\/quest-ce-que-le-thermoformage\\\/#breadcrumb\",\"itemListElement\":[{\"@type\":\"ListItem\",\"position\":1,\"name\":\"Accueil\",\"item\":\"https:\\\/\\\/dxplastiques.com\\\/fr\\\/\"},{\"@type\":\"ListItem\",\"position\":2,\"name\":\"Thermoformage\",\"item\":\"https:\\\/\\\/dxplastiques.com\\\/fr\\\/thermoforming\\\/\"},{\"@type\":\"ListItem\",\"position\":3,\"name\":\"Qu\u2019est-ce que le thermoformage?\"}]},{\"@type\":\"WebSite\",\"@id\":\"https:\\\/\\\/dxplastiques.com\\\/fr\\\/#website\",\"url\":\"https:\\\/\\\/dxplastiques.com\\\/fr\\\/\",\"name\":\"DX Plastiques\",\"description\":\"\",\"potentialAction\":[{\"@type\":\"SearchAction\",\"target\":{\"@type\":\"EntryPoint\",\"urlTemplate\":\"https:\\\/\\\/dxplastiques.com\\\/fr\\\/?s={search_term_string}\"},\"query-input\":{\"@type\":\"PropertyValueSpecification\",\"valueRequired\":true,\"valueName\":\"search_term_string\"}}],\"inLanguage\":\"fr-FR\"}]}<\/script>\n<!-- \/ Yoast SEO plugin. -->","yoast_head_json":{"title":"Thermoformage : d\u00e9finition et explications","description":"Le thermoformage, c\u2019est l\u2019art de jouer avec les limites du plastique face \u00e0 la chaleur afin d\u2019en optimiser l\u2019utilisation pour vos pi\u00e8ces de plastique","robots":{"index":"index","follow":"follow","max-snippet":"max-snippet:-1","max-image-preview":"max-image-preview:large","max-video-preview":"max-video-preview:-1"},"canonical":"https:\/\/dxplastiques.com\/fr\/thermoformage\/quest-ce-que-le-thermoformage\/","og_locale":"fr_FR","og_type":"article","og_title":"Thermoformage : d\u00e9finition et explications","og_description":"Le thermoformage, c\u2019est l\u2019art de jouer avec les limites du plastique face \u00e0 la chaleur afin d\u2019en optimiser l\u2019utilisation pour vos pi\u00e8ces de plastique","og_url":"https:\/\/dxplastiques.com\/fr\/thermoformage\/quest-ce-que-le-thermoformage\/","og_site_name":"DX Plastiques","article_modified_time":"2025-12-05T19:02:56+00:00","og_image":[{"width":1200,"height":628,"url":"https:\/\/dxplastiques.com\/wp-content\/uploads\/2021\/07\/facebook_share.png","type":"image\/png"}],"twitter_card":"summary_large_image","twitter_misc":{"Dur\u00e9e de lecture estim\u00e9e":"1 minute"},"schema":{"@context":"https:\/\/schema.org","@graph":[{"@type":"WebPage","@id":"https:\/\/dxplastiques.com\/fr\/thermoformage\/quest-ce-que-le-thermoformage\/","url":"https:\/\/dxplastiques.com\/fr\/thermoformage\/quest-ce-que-le-thermoformage\/","name":"Thermoformage : d\u00e9finition et explications","isPartOf":{"@id":"https:\/\/dxplastiques.com\/fr\/#website"},"primaryImageOfPage":{"@id":"https:\/\/dxplastiques.com\/fr\/thermoformage\/quest-ce-que-le-thermoformage\/#primaryimage"},"image":{"@id":"https:\/\/dxplastiques.com\/fr\/thermoformage\/quest-ce-que-le-thermoformage\/#primaryimage"},"thumbnailUrl":"https:\/\/dxplastiques.com\/wp-content\/uploads\/2025\/12\/image_thermoformage.jpg","datePublished":"2021-07-08T13:20:15+00:00","dateModified":"2025-12-05T19:02:56+00:00","description":"Le thermoformage, c\u2019est l\u2019art de jouer avec les limites du plastique face \u00e0 la chaleur afin d\u2019en optimiser l\u2019utilisation pour vos pi\u00e8ces de plastique","breadcrumb":{"@id":"https:\/\/dxplastiques.com\/fr\/thermoformage\/quest-ce-que-le-thermoformage\/#breadcrumb"},"inLanguage":"fr-FR","potentialAction":[{"@type":"ReadAction","target":["https:\/\/dxplastiques.com\/fr\/thermoformage\/quest-ce-que-le-thermoformage\/"]}]},{"@type":"ImageObject","inLanguage":"fr-FR","@id":"https:\/\/dxplastiques.com\/fr\/thermoformage\/quest-ce-que-le-thermoformage\/#primaryimage","url":"https:\/\/dxplastiques.com\/wp-content\/uploads\/2025\/12\/image_thermoformage.jpg","contentUrl":"https:\/\/dxplastiques.com\/wp-content\/uploads\/2025\/12\/image_thermoformage.jpg"},{"@type":"BreadcrumbList","@id":"https:\/\/dxplastiques.com\/fr\/thermoformage\/quest-ce-que-le-thermoformage\/#breadcrumb","itemListElement":[{"@type":"ListItem","position":1,"name":"Accueil","item":"https:\/\/dxplastiques.com\/fr\/"},{"@type":"ListItem","position":2,"name":"Thermoformage","item":"https:\/\/dxplastiques.com\/fr\/thermoforming\/"},{"@type":"ListItem","position":3,"name":"Qu\u2019est-ce que le thermoformage?"}]},{"@type":"WebSite","@id":"https:\/\/dxplastiques.com\/fr\/#website","url":"https:\/\/dxplastiques.com\/fr\/","name":"DX Plastiques","description":"","potentialAction":[{"@type":"SearchAction","target":{"@type":"EntryPoint","urlTemplate":"https:\/\/dxplastiques.com\/fr\/?s={search_term_string}"},"query-input":{"@type":"PropertyValueSpecification","valueRequired":true,"valueName":"search_term_string"}}],"inLanguage":"fr-FR"}]}},"_links":{"self":[{"href":"https:\/\/dxplastiques.com\/fr\/wp-json\/wp\/v2\/pages\/368","targetHints":{"allow":["GET"]}}],"collection":[{"href":"https:\/\/dxplastiques.com\/fr\/wp-json\/wp\/v2\/pages"}],"about":[{"href":"https:\/\/dxplastiques.com\/fr\/wp-json\/wp\/v2\/types\/page"}],"author":[{"embeddable":true,"href":"https:\/\/dxplastiques.com\/fr\/wp-json\/wp\/v2\/users\/1"}],"replies":[{"embeddable":true,"href":"https:\/\/dxplastiques.com\/fr\/wp-json\/wp\/v2\/comments?post=368"}],"version-history":[{"count":6,"href":"https:\/\/dxplastiques.com\/fr\/wp-json\/wp\/v2\/pages\/368\/revisions"}],"predecessor-version":[{"id":946,"href":"https:\/\/dxplastiques.com\/fr\/wp-json\/wp\/v2\/pages\/368\/revisions\/946"}],"up":[{"embeddable":true,"href":"https:\/\/dxplastiques.com\/fr\/wp-json\/wp\/v2\/pages\/366"}],"wp:attachment":[{"href":"https:\/\/dxplastiques.com\/fr\/wp-json\/wp\/v2\/media?parent=368"}],"curies":[{"name":"wp","href":"https:\/\/api.w.org\/{rel}","templated":true}]}}