{"id":357,"date":"2021-07-08T09:00:56","date_gmt":"2021-07-08T13:00:56","guid":{"rendered":"https:\/\/dxplastiques.com\/?page_id=357"},"modified":"2025-12-05T13:52:19","modified_gmt":"2025-12-05T18:52:19","slug":"entreposage","status":"publish","type":"page","link":"https:\/\/dxplastiques.com\/fr\/services\/entreposage\/","title":{"rendered":"Entreposage"},"content":{"rendered":"<div id=\"pl-357\"  class=\"panel-layout\" ><div id=\"pg-357-0\"  class=\"panel-grid panel-has-style\" ><div class=\"row_spacing panel-row-style panel-row-style-for-357-0\" ><div id=\"pgc-357-0-0\"  class=\"panel-grid-cell\" ><div id=\"panel-357-0-0-0\" class=\"so-panel widget widget_black-studio-tinymce widget_black_studio_tinymce panel-first-child panel-last-child\" data-index=\"0\" ><div class=\"list_style panel-widget-style panel-widget-style-for-357-0-0-0\" ><div class=\"textwidget\"><h1><span class=\"title_black_upp\">Entreposage de vos pi\u00e8ces thermoform\u00e9es<\/span><\/h1>\n<p><span class=\"title_box_grey\">DX Plastiques<\/span><\/p>\n<p>Nous offrons \u00e0 nos clients qui ont un besoin r\u00e9current et r\u00e9gulier de pi\u00e8ces thermoform\u00e9es d\u2019en produire en plus grande quantit\u00e9 et d\u2019en assumer l\u2019entreposage sous certaines conditions. Ainsi, vous avez toujours les pi\u00e8ces dont vous avez besoin, au moment o\u00f9 vous en avez besoin sans avoir \u00e0 en g\u00e9rer l\u2019inventaire. Notre \u00e9quipe \u00e9tudiera votre dossier afin d\u2019\u00e9tablir avec vous un programme d\u2019approvisionnement optimal.<\/p>\n<\/div><\/div><\/div><\/div><div id=\"pgc-357-0-1\"  class=\"panel-grid-cell panel-grid-cell-empty\" ><\/div><div id=\"pgc-357-0-2\"  class=\"panel-grid-cell\" ><div id=\"panel-357-0-2-0\" class=\"so-panel widget widget_black-studio-tinymce widget_black_studio_tinymce panel-first-child panel-last-child\" data-index=\"1\" ><div class=\"textwidget\"><p><img loading=\"lazy\" decoding=\"async\" class=\"alignnone size-full wp-image-928\" src=\"https:\/\/dxplastiques.com\/wp-content\/uploads\/2025\/12\/thermoformage_entreposage.jpg\" alt=\"thermoformage_entreposage\" width=\"1030\" height=\"466\" \/><\/p>\n<\/div><\/div><\/div><\/div><\/div><div id=\"pg-357-1\"  class=\"panel-grid panel-has-style\" ><div class=\"row_spacing_bottom panel-row-style panel-row-style-for-357-1\" ><div id=\"pgc-357-1-0\"  class=\"panel-grid-cell\" ><div id=\"panel-357-1-0-0\" class=\"so-panel widget widget_black-studio-tinymce widget_black_studio_tinymce panel-first-child panel-last-child\" data-index=\"2\" ><div class=\"textwidget\"><p><img loading=\"lazy\" decoding=\"async\" class=\"alignnone size-full wp-image-360\" src=\"https:\/\/dxplastiques.com\/wp-content\/uploads\/2021\/07\/entrepot_thermoformage.jpg\" alt=\"entrepot thermoformage\" width=\"1640\" height=\"466\" \/><\/p>\n<\/div><\/div><\/div><\/div><\/div><\/div>","protected":false},"excerpt":{"rendered":"<p>Entreposage de vos pi\u00e8ces thermoform\u00e9es DX Plastiques Nous offrons \u00e0 nos clients qui ont un besoin r\u00e9current et r\u00e9gulier de pi\u00e8ces thermoform\u00e9es d\u2019en produire en plus grande quantit\u00e9 et d\u2019en assumer l\u2019entreposage sous certaines conditions. Ainsi, vous avez toujours les pi\u00e8ces dont vous avez besoin, au moment o\u00f9 vous en avez besoin sans avoir \u00e0 [&hellip;]<\/p>\n","protected":false},"author":1,"featured_media":0,"parent":260,"menu_order":9,"comment_status":"closed","ping_status":"closed","template":"page-pre-footer.php","meta":{"_acf_changed":false,"footnotes":""},"class_list":["post-357","page","type-page","status-publish","hentry"],"acf":[],"yoast_head":"<!-- This site is optimized with the Yoast SEO plugin v27.4 - https:\/\/yoast.com\/product\/yoast-seo-wordpress\/ -->\n<title>Thermoformage : entreposage et livraison juste \u00e0 temps<\/title>\n<meta name=\"description\" content=\"Nous pouvons prendre en charge l\u2019entreposage de vos pi\u00e8ces d\u2019utilisation r\u00e9guli\u00e8re dans l\u2019ann\u00e9e et convenir avec vous d\u2019un programme d\u2019approvisionnement\" \/>\n<meta name=\"robots\" content=\"index, follow, max-snippet:-1, max-image-preview:large, max-video-preview:-1\" \/>\n<link rel=\"canonical\" href=\"https:\/\/dxplastiques.com\/fr\/services\/entreposage\/\" \/>\n<meta property=\"og:locale\" content=\"fr_FR\" \/>\n<meta property=\"og:type\" content=\"article\" \/>\n<meta property=\"og:title\" content=\"Thermoformage : entreposage et livraison juste \u00e0 temps\" \/>\n<meta property=\"og:description\" content=\"Nous pouvons prendre en charge l\u2019entreposage de vos pi\u00e8ces d\u2019utilisation r\u00e9guli\u00e8re dans l\u2019ann\u00e9e et convenir avec vous d\u2019un programme d\u2019approvisionnement\" \/>\n<meta property=\"og:url\" content=\"https:\/\/dxplastiques.com\/fr\/services\/entreposage\/\" \/>\n<meta property=\"og:site_name\" content=\"DX Plastiques\" \/>\n<meta property=\"article:modified_time\" content=\"2025-12-05T18:52:19+00:00\" \/>\n<meta property=\"og:image\" content=\"https:\/\/dxplastiques.com\/wp-content\/uploads\/2025\/12\/thermoformage_entreposage.jpg\" \/>\n\t<meta property=\"og:image:width\" content=\"1030\" \/>\n\t<meta property=\"og:image:height\" content=\"466\" \/>\n\t<meta property=\"og:image:type\" content=\"image\/jpeg\" \/>\n<meta name=\"twitter:card\" content=\"summary_large_image\" \/>\n<meta name=\"twitter:label1\" content=\"Dur\u00e9e de lecture estim\u00e9e\" \/>\n\t<meta name=\"twitter:data1\" content=\"1 minute\" \/>\n<script type=\"application\/ld+json\" class=\"yoast-schema-graph\">{\"@context\":\"https:\\\/\\\/schema.org\",\"@graph\":[{\"@type\":\"WebPage\",\"@id\":\"https:\\\/\\\/dxplastiques.com\\\/fr\\\/services\\\/entreposage\\\/\",\"url\":\"https:\\\/\\\/dxplastiques.com\\\/fr\\\/services\\\/entreposage\\\/\",\"name\":\"Thermoformage : entreposage et livraison juste \u00e0 temps\",\"isPartOf\":{\"@id\":\"https:\\\/\\\/dxplastiques.com\\\/fr\\\/#website\"},\"primaryImageOfPage\":{\"@id\":\"https:\\\/\\\/dxplastiques.com\\\/fr\\\/services\\\/entreposage\\\/#primaryimage\"},\"image\":{\"@id\":\"https:\\\/\\\/dxplastiques.com\\\/fr\\\/services\\\/entreposage\\\/#primaryimage\"},\"thumbnailUrl\":\"https:\\\/\\\/dxplastiques.com\\\/wp-content\\\/uploads\\\/2025\\\/12\\\/thermoformage_entreposage.jpg\",\"datePublished\":\"2021-07-08T13:00:56+00:00\",\"dateModified\":\"2025-12-05T18:52:19+00:00\",\"description\":\"Nous pouvons prendre en charge l\u2019entreposage de vos pi\u00e8ces d\u2019utilisation r\u00e9guli\u00e8re dans l\u2019ann\u00e9e et convenir avec vous d\u2019un programme d\u2019approvisionnement\",\"breadcrumb\":{\"@id\":\"https:\\\/\\\/dxplastiques.com\\\/fr\\\/services\\\/entreposage\\\/#breadcrumb\"},\"inLanguage\":\"fr-FR\",\"potentialAction\":[{\"@type\":\"ReadAction\",\"target\":[\"https:\\\/\\\/dxplastiques.com\\\/fr\\\/services\\\/entreposage\\\/\"]}]},{\"@type\":\"ImageObject\",\"inLanguage\":\"fr-FR\",\"@id\":\"https:\\\/\\\/dxplastiques.com\\\/fr\\\/services\\\/entreposage\\\/#primaryimage\",\"url\":\"https:\\\/\\\/dxplastiques.com\\\/wp-content\\\/uploads\\\/2025\\\/12\\\/thermoformage_entreposage.jpg\",\"contentUrl\":\"https:\\\/\\\/dxplastiques.com\\\/wp-content\\\/uploads\\\/2025\\\/12\\\/thermoformage_entreposage.jpg\"},{\"@type\":\"BreadcrumbList\",\"@id\":\"https:\\\/\\\/dxplastiques.com\\\/fr\\\/services\\\/entreposage\\\/#breadcrumb\",\"itemListElement\":[{\"@type\":\"ListItem\",\"position\":1,\"name\":\"Accueil\",\"item\":\"https:\\\/\\\/dxplastiques.com\\\/fr\\\/\"},{\"@type\":\"ListItem\",\"position\":2,\"name\":\"Services\",\"item\":\"https:\\\/\\\/dxplastiques.com\\\/fr\\\/services\\\/\"},{\"@type\":\"ListItem\",\"position\":3,\"name\":\"Entreposage\"}]},{\"@type\":\"WebSite\",\"@id\":\"https:\\\/\\\/dxplastiques.com\\\/fr\\\/#website\",\"url\":\"https:\\\/\\\/dxplastiques.com\\\/fr\\\/\",\"name\":\"DX Plastiques\",\"description\":\"\",\"potentialAction\":[{\"@type\":\"SearchAction\",\"target\":{\"@type\":\"EntryPoint\",\"urlTemplate\":\"https:\\\/\\\/dxplastiques.com\\\/fr\\\/?s={search_term_string}\"},\"query-input\":{\"@type\":\"PropertyValueSpecification\",\"valueRequired\":true,\"valueName\":\"search_term_string\"}}],\"inLanguage\":\"fr-FR\"}]}<\/script>\n<!-- \/ Yoast SEO plugin. -->","yoast_head_json":{"title":"Thermoformage : entreposage et livraison juste \u00e0 temps","description":"Nous pouvons prendre en charge l\u2019entreposage de vos pi\u00e8ces d\u2019utilisation r\u00e9guli\u00e8re dans l\u2019ann\u00e9e et convenir avec vous d\u2019un programme d\u2019approvisionnement","robots":{"index":"index","follow":"follow","max-snippet":"max-snippet:-1","max-image-preview":"max-image-preview:large","max-video-preview":"max-video-preview:-1"},"canonical":"https:\/\/dxplastiques.com\/fr\/services\/entreposage\/","og_locale":"fr_FR","og_type":"article","og_title":"Thermoformage : entreposage et livraison juste \u00e0 temps","og_description":"Nous pouvons prendre en charge l\u2019entreposage de vos pi\u00e8ces d\u2019utilisation r\u00e9guli\u00e8re dans l\u2019ann\u00e9e et convenir avec vous d\u2019un programme d\u2019approvisionnement","og_url":"https:\/\/dxplastiques.com\/fr\/services\/entreposage\/","og_site_name":"DX Plastiques","article_modified_time":"2025-12-05T18:52:19+00:00","og_image":[{"width":1030,"height":466,"url":"https:\/\/dxplastiques.com\/wp-content\/uploads\/2025\/12\/thermoformage_entreposage.jpg","type":"image\/jpeg"}],"twitter_card":"summary_large_image","twitter_misc":{"Dur\u00e9e de lecture estim\u00e9e":"1 minute"},"schema":{"@context":"https:\/\/schema.org","@graph":[{"@type":"WebPage","@id":"https:\/\/dxplastiques.com\/fr\/services\/entreposage\/","url":"https:\/\/dxplastiques.com\/fr\/services\/entreposage\/","name":"Thermoformage : entreposage et livraison juste \u00e0 temps","isPartOf":{"@id":"https:\/\/dxplastiques.com\/fr\/#website"},"primaryImageOfPage":{"@id":"https:\/\/dxplastiques.com\/fr\/services\/entreposage\/#primaryimage"},"image":{"@id":"https:\/\/dxplastiques.com\/fr\/services\/entreposage\/#primaryimage"},"thumbnailUrl":"https:\/\/dxplastiques.com\/wp-content\/uploads\/2025\/12\/thermoformage_entreposage.jpg","datePublished":"2021-07-08T13:00:56+00:00","dateModified":"2025-12-05T18:52:19+00:00","description":"Nous pouvons prendre en charge l\u2019entreposage de vos pi\u00e8ces d\u2019utilisation r\u00e9guli\u00e8re dans l\u2019ann\u00e9e et convenir avec vous d\u2019un programme d\u2019approvisionnement","breadcrumb":{"@id":"https:\/\/dxplastiques.com\/fr\/services\/entreposage\/#breadcrumb"},"inLanguage":"fr-FR","potentialAction":[{"@type":"ReadAction","target":["https:\/\/dxplastiques.com\/fr\/services\/entreposage\/"]}]},{"@type":"ImageObject","inLanguage":"fr-FR","@id":"https:\/\/dxplastiques.com\/fr\/services\/entreposage\/#primaryimage","url":"https:\/\/dxplastiques.com\/wp-content\/uploads\/2025\/12\/thermoformage_entreposage.jpg","contentUrl":"https:\/\/dxplastiques.com\/wp-content\/uploads\/2025\/12\/thermoformage_entreposage.jpg"},{"@type":"BreadcrumbList","@id":"https:\/\/dxplastiques.com\/fr\/services\/entreposage\/#breadcrumb","itemListElement":[{"@type":"ListItem","position":1,"name":"Accueil","item":"https:\/\/dxplastiques.com\/fr\/"},{"@type":"ListItem","position":2,"name":"Services","item":"https:\/\/dxplastiques.com\/fr\/services\/"},{"@type":"ListItem","position":3,"name":"Entreposage"}]},{"@type":"WebSite","@id":"https:\/\/dxplastiques.com\/fr\/#website","url":"https:\/\/dxplastiques.com\/fr\/","name":"DX Plastiques","description":"","potentialAction":[{"@type":"SearchAction","target":{"@type":"EntryPoint","urlTemplate":"https:\/\/dxplastiques.com\/fr\/?s={search_term_string}"},"query-input":{"@type":"PropertyValueSpecification","valueRequired":true,"valueName":"search_term_string"}}],"inLanguage":"fr-FR"}]}},"_links":{"self":[{"href":"https:\/\/dxplastiques.com\/fr\/wp-json\/wp\/v2\/pages\/357","targetHints":{"allow":["GET"]}}],"collection":[{"href":"https:\/\/dxplastiques.com\/fr\/wp-json\/wp\/v2\/pages"}],"about":[{"href":"https:\/\/dxplastiques.com\/fr\/wp-json\/wp\/v2\/types\/page"}],"author":[{"embeddable":true,"href":"https:\/\/dxplastiques.com\/fr\/wp-json\/wp\/v2\/users\/1"}],"replies":[{"embeddable":true,"href":"https:\/\/dxplastiques.com\/fr\/wp-json\/wp\/v2\/comments?post=357"}],"version-history":[{"count":4,"href":"https:\/\/dxplastiques.com\/fr\/wp-json\/wp\/v2\/pages\/357\/revisions"}],"predecessor-version":[{"id":930,"href":"https:\/\/dxplastiques.com\/fr\/wp-json\/wp\/v2\/pages\/357\/revisions\/930"}],"up":[{"embeddable":true,"href":"https:\/\/dxplastiques.com\/fr\/wp-json\/wp\/v2\/pages\/260"}],"wp:attachment":[{"href":"https:\/\/dxplastiques.com\/fr\/wp-json\/wp\/v2\/media?parent=357"}],"curies":[{"name":"wp","href":"https:\/\/api.w.org\/{rel}","templated":true}]}}