{"id":351,"date":"2021-07-08T08:56:30","date_gmt":"2021-07-08T12:56:30","guid":{"rendered":"https:\/\/dxplastiques.com\/?page_id=351"},"modified":"2025-12-05T13:49:54","modified_gmt":"2025-12-05T18:49:54","slug":"autres-services","status":"publish","type":"page","link":"https:\/\/dxplastiques.com\/fr\/services\/autres-services\/","title":{"rendered":"Autres services"},"content":{"rendered":"<div id=\"pl-351\"  class=\"panel-layout\" ><div id=\"pg-351-0\"  class=\"panel-grid panel-has-style\" ><div class=\"row_spacing panel-row-style panel-row-style-for-351-0\" ><div id=\"pgc-351-0-0\"  class=\"panel-grid-cell\" ><div id=\"panel-351-0-0-0\" class=\"so-panel widget widget_black-studio-tinymce widget_black_studio_tinymce panel-first-child panel-last-child\" data-index=\"0\" ><div class=\"list_style panel-widget-style panel-widget-style-for-351-0-0-0\" ><div class=\"textwidget\"><h1><span class=\"title_black_upp\">Autres services et op\u00e9rations secondaires<\/span><\/h1>\n<p><span class=\"title_box_grey\">DX Plastiques<\/span><\/p>\n<p>Nous sommes \u00e9quip\u00e9s pour livrer des produits finis avec, si n\u00e9cessaire, des traitements compl\u00e9mentaires\u00a0:<\/p>\n<ul>\n<li>D\u00e9coupe, usinage et per\u00e7age<\/li>\n<li>Rivetage, assemblage et collage<\/li>\n<li>Int\u00e9gration d\u2019\u00e9l\u00e9ments de fixation<\/li>\n<li>S\u00e9rigraphie, peinture, m\u00e9tallisation<\/li>\n<li>Impression laser<\/li>\n<\/ul>\n<\/div><\/div><\/div><\/div><div id=\"pgc-351-0-1\"  class=\"panel-grid-cell panel-grid-cell-empty\" ><\/div><div id=\"pgc-351-0-2\"  class=\"panel-grid-cell\" ><div id=\"panel-351-0-2-0\" class=\"so-panel widget widget_black-studio-tinymce widget_black_studio_tinymce panel-first-child panel-last-child\" data-index=\"1\" ><div class=\"textwidget\"><p><img loading=\"lazy\" decoding=\"async\" class=\"alignnone size-full wp-image-352\" src=\"https:\/\/dxplastiques.com\/wp-content\/uploads\/2021\/07\/services_thermoformage.jpg\" alt=\"services thermoformage\" width=\"961\" height=\"510\" \/><\/p>\n<\/div><\/div><\/div><\/div><\/div><\/div>","protected":false},"excerpt":{"rendered":"<p>Autres services et op\u00e9rations secondaires DX Plastiques Nous sommes \u00e9quip\u00e9s pour livrer des produits finis avec, si n\u00e9cessaire, des traitements compl\u00e9mentaires\u00a0: D\u00e9coupe, usinage et per\u00e7age Rivetage, assemblage et collage Int\u00e9gration d\u2019\u00e9l\u00e9ments de fixation S\u00e9rigraphie, peinture, m\u00e9tallisation Impression laser<\/p>\n","protected":false},"author":1,"featured_media":0,"parent":260,"menu_order":7,"comment_status":"closed","ping_status":"closed","template":"page-pre-footer.php","meta":{"_acf_changed":false,"footnotes":""},"class_list":["post-351","page","type-page","status-publish","hentry"],"acf":[],"yoast_head":"<!-- This site is optimized with the Yoast SEO plugin v27.4 - https:\/\/yoast.com\/product\/yoast-seo-wordpress\/ -->\n<title>Thermoformage : assemblage, d\u00e9coupe et s\u00e9rigraphie<\/title>\n<meta name=\"description\" content=\"Nous pouvons prendre en charge l\u2019assemblage complet de vos pi\u00e8ces, de la d\u00e9coupe jusqu\u2019\u00e0 la peinture en passant par l\u2019int\u00e9gration d\u2019\u00e9l\u00e9ments\" \/>\n<meta name=\"robots\" content=\"index, follow, max-snippet:-1, max-image-preview:large, max-video-preview:-1\" \/>\n<link rel=\"canonical\" href=\"https:\/\/dxplastiques.com\/fr\/services\/autres-services\/\" \/>\n<meta property=\"og:locale\" content=\"fr_FR\" \/>\n<meta property=\"og:type\" content=\"article\" \/>\n<meta property=\"og:title\" content=\"Thermoformage : assemblage, d\u00e9coupe et s\u00e9rigraphie\" \/>\n<meta property=\"og:description\" content=\"Nous pouvons prendre en charge l\u2019assemblage complet de vos pi\u00e8ces, de la d\u00e9coupe jusqu\u2019\u00e0 la peinture en passant par l\u2019int\u00e9gration d\u2019\u00e9l\u00e9ments\" \/>\n<meta property=\"og:url\" content=\"https:\/\/dxplastiques.com\/fr\/services\/autres-services\/\" \/>\n<meta property=\"og:site_name\" content=\"DX Plastiques\" \/>\n<meta property=\"article:modified_time\" content=\"2025-12-05T18:49:54+00:00\" \/>\n<meta property=\"og:image\" content=\"https:\/\/dxplastiques.com\/wp-content\/uploads\/2021\/07\/facebook_share.png\" \/>\n\t<meta property=\"og:image:width\" content=\"1200\" \/>\n\t<meta property=\"og:image:height\" content=\"628\" \/>\n\t<meta property=\"og:image:type\" content=\"image\/png\" \/>\n<meta name=\"twitter:card\" content=\"summary_large_image\" \/>\n<meta name=\"twitter:label1\" content=\"Dur\u00e9e de lecture estim\u00e9e\" \/>\n\t<meta name=\"twitter:data1\" content=\"1 minute\" \/>\n<script type=\"application\/ld+json\" class=\"yoast-schema-graph\">{\"@context\":\"https:\\\/\\\/schema.org\",\"@graph\":[{\"@type\":\"WebPage\",\"@id\":\"https:\\\/\\\/dxplastiques.com\\\/fr\\\/services\\\/autres-services\\\/\",\"url\":\"https:\\\/\\\/dxplastiques.com\\\/fr\\\/services\\\/autres-services\\\/\",\"name\":\"Thermoformage : assemblage, d\u00e9coupe et s\u00e9rigraphie\",\"isPartOf\":{\"@id\":\"https:\\\/\\\/dxplastiques.com\\\/fr\\\/#website\"},\"primaryImageOfPage\":{\"@id\":\"https:\\\/\\\/dxplastiques.com\\\/fr\\\/services\\\/autres-services\\\/#primaryimage\"},\"image\":{\"@id\":\"https:\\\/\\\/dxplastiques.com\\\/fr\\\/services\\\/autres-services\\\/#primaryimage\"},\"thumbnailUrl\":\"https:\\\/\\\/dxplastiques.com\\\/wp-content\\\/uploads\\\/2021\\\/07\\\/services_thermoformage.jpg\",\"datePublished\":\"2021-07-08T12:56:30+00:00\",\"dateModified\":\"2025-12-05T18:49:54+00:00\",\"description\":\"Nous pouvons prendre en charge l\u2019assemblage complet de vos pi\u00e8ces, de la d\u00e9coupe jusqu\u2019\u00e0 la peinture en passant par l\u2019int\u00e9gration d\u2019\u00e9l\u00e9ments\",\"breadcrumb\":{\"@id\":\"https:\\\/\\\/dxplastiques.com\\\/fr\\\/services\\\/autres-services\\\/#breadcrumb\"},\"inLanguage\":\"fr-FR\",\"potentialAction\":[{\"@type\":\"ReadAction\",\"target\":[\"https:\\\/\\\/dxplastiques.com\\\/fr\\\/services\\\/autres-services\\\/\"]}]},{\"@type\":\"ImageObject\",\"inLanguage\":\"fr-FR\",\"@id\":\"https:\\\/\\\/dxplastiques.com\\\/fr\\\/services\\\/autres-services\\\/#primaryimage\",\"url\":\"https:\\\/\\\/dxplastiques.com\\\/wp-content\\\/uploads\\\/2021\\\/07\\\/services_thermoformage.jpg\",\"contentUrl\":\"https:\\\/\\\/dxplastiques.com\\\/wp-content\\\/uploads\\\/2021\\\/07\\\/services_thermoformage.jpg\"},{\"@type\":\"BreadcrumbList\",\"@id\":\"https:\\\/\\\/dxplastiques.com\\\/fr\\\/services\\\/autres-services\\\/#breadcrumb\",\"itemListElement\":[{\"@type\":\"ListItem\",\"position\":1,\"name\":\"Accueil\",\"item\":\"https:\\\/\\\/dxplastiques.com\\\/fr\\\/\"},{\"@type\":\"ListItem\",\"position\":2,\"name\":\"Services\",\"item\":\"https:\\\/\\\/dxplastiques.com\\\/fr\\\/services\\\/\"},{\"@type\":\"ListItem\",\"position\":3,\"name\":\"Autres services\"}]},{\"@type\":\"WebSite\",\"@id\":\"https:\\\/\\\/dxplastiques.com\\\/fr\\\/#website\",\"url\":\"https:\\\/\\\/dxplastiques.com\\\/fr\\\/\",\"name\":\"DX Plastiques\",\"description\":\"\",\"potentialAction\":[{\"@type\":\"SearchAction\",\"target\":{\"@type\":\"EntryPoint\",\"urlTemplate\":\"https:\\\/\\\/dxplastiques.com\\\/fr\\\/?s={search_term_string}\"},\"query-input\":{\"@type\":\"PropertyValueSpecification\",\"valueRequired\":true,\"valueName\":\"search_term_string\"}}],\"inLanguage\":\"fr-FR\"}]}<\/script>\n<!-- \/ Yoast SEO plugin. -->","yoast_head_json":{"title":"Thermoformage : assemblage, d\u00e9coupe et s\u00e9rigraphie","description":"Nous pouvons prendre en charge l\u2019assemblage complet de vos pi\u00e8ces, de la d\u00e9coupe jusqu\u2019\u00e0 la peinture en passant par l\u2019int\u00e9gration d\u2019\u00e9l\u00e9ments","robots":{"index":"index","follow":"follow","max-snippet":"max-snippet:-1","max-image-preview":"max-image-preview:large","max-video-preview":"max-video-preview:-1"},"canonical":"https:\/\/dxplastiques.com\/fr\/services\/autres-services\/","og_locale":"fr_FR","og_type":"article","og_title":"Thermoformage : assemblage, d\u00e9coupe et s\u00e9rigraphie","og_description":"Nous pouvons prendre en charge l\u2019assemblage complet de vos pi\u00e8ces, de la d\u00e9coupe jusqu\u2019\u00e0 la peinture en passant par l\u2019int\u00e9gration d\u2019\u00e9l\u00e9ments","og_url":"https:\/\/dxplastiques.com\/fr\/services\/autres-services\/","og_site_name":"DX Plastiques","article_modified_time":"2025-12-05T18:49:54+00:00","og_image":[{"width":1200,"height":628,"url":"https:\/\/dxplastiques.com\/wp-content\/uploads\/2021\/07\/facebook_share.png","type":"image\/png"}],"twitter_card":"summary_large_image","twitter_misc":{"Dur\u00e9e de lecture estim\u00e9e":"1 minute"},"schema":{"@context":"https:\/\/schema.org","@graph":[{"@type":"WebPage","@id":"https:\/\/dxplastiques.com\/fr\/services\/autres-services\/","url":"https:\/\/dxplastiques.com\/fr\/services\/autres-services\/","name":"Thermoformage : assemblage, d\u00e9coupe et s\u00e9rigraphie","isPartOf":{"@id":"https:\/\/dxplastiques.com\/fr\/#website"},"primaryImageOfPage":{"@id":"https:\/\/dxplastiques.com\/fr\/services\/autres-services\/#primaryimage"},"image":{"@id":"https:\/\/dxplastiques.com\/fr\/services\/autres-services\/#primaryimage"},"thumbnailUrl":"https:\/\/dxplastiques.com\/wp-content\/uploads\/2021\/07\/services_thermoformage.jpg","datePublished":"2021-07-08T12:56:30+00:00","dateModified":"2025-12-05T18:49:54+00:00","description":"Nous pouvons prendre en charge l\u2019assemblage complet de vos pi\u00e8ces, de la d\u00e9coupe jusqu\u2019\u00e0 la peinture en passant par l\u2019int\u00e9gration d\u2019\u00e9l\u00e9ments","breadcrumb":{"@id":"https:\/\/dxplastiques.com\/fr\/services\/autres-services\/#breadcrumb"},"inLanguage":"fr-FR","potentialAction":[{"@type":"ReadAction","target":["https:\/\/dxplastiques.com\/fr\/services\/autres-services\/"]}]},{"@type":"ImageObject","inLanguage":"fr-FR","@id":"https:\/\/dxplastiques.com\/fr\/services\/autres-services\/#primaryimage","url":"https:\/\/dxplastiques.com\/wp-content\/uploads\/2021\/07\/services_thermoformage.jpg","contentUrl":"https:\/\/dxplastiques.com\/wp-content\/uploads\/2021\/07\/services_thermoformage.jpg"},{"@type":"BreadcrumbList","@id":"https:\/\/dxplastiques.com\/fr\/services\/autres-services\/#breadcrumb","itemListElement":[{"@type":"ListItem","position":1,"name":"Accueil","item":"https:\/\/dxplastiques.com\/fr\/"},{"@type":"ListItem","position":2,"name":"Services","item":"https:\/\/dxplastiques.com\/fr\/services\/"},{"@type":"ListItem","position":3,"name":"Autres services"}]},{"@type":"WebSite","@id":"https:\/\/dxplastiques.com\/fr\/#website","url":"https:\/\/dxplastiques.com\/fr\/","name":"DX Plastiques","description":"","potentialAction":[{"@type":"SearchAction","target":{"@type":"EntryPoint","urlTemplate":"https:\/\/dxplastiques.com\/fr\/?s={search_term_string}"},"query-input":{"@type":"PropertyValueSpecification","valueRequired":true,"valueName":"search_term_string"}}],"inLanguage":"fr-FR"}]}},"_links":{"self":[{"href":"https:\/\/dxplastiques.com\/fr\/wp-json\/wp\/v2\/pages\/351","targetHints":{"allow":["GET"]}}],"collection":[{"href":"https:\/\/dxplastiques.com\/fr\/wp-json\/wp\/v2\/pages"}],"about":[{"href":"https:\/\/dxplastiques.com\/fr\/wp-json\/wp\/v2\/types\/page"}],"author":[{"embeddable":true,"href":"https:\/\/dxplastiques.com\/fr\/wp-json\/wp\/v2\/users\/1"}],"replies":[{"embeddable":true,"href":"https:\/\/dxplastiques.com\/fr\/wp-json\/wp\/v2\/comments?post=351"}],"version-history":[{"count":4,"href":"https:\/\/dxplastiques.com\/fr\/wp-json\/wp\/v2\/pages\/351\/revisions"}],"predecessor-version":[{"id":925,"href":"https:\/\/dxplastiques.com\/fr\/wp-json\/wp\/v2\/pages\/351\/revisions\/925"}],"up":[{"embeddable":true,"href":"https:\/\/dxplastiques.com\/fr\/wp-json\/wp\/v2\/pages\/260"}],"wp:attachment":[{"href":"https:\/\/dxplastiques.com\/fr\/wp-json\/wp\/v2\/media?parent=351"}],"curies":[{"name":"wp","href":"https:\/\/api.w.org\/{rel}","templated":true}]}}