{"id":343,"date":"2021-07-08T08:53:33","date_gmt":"2021-07-08T12:53:33","guid":{"rendered":"https:\/\/dxplastiques.com\/?page_id=343"},"modified":"2025-12-05T13:48:48","modified_gmt":"2025-12-05T18:48:48","slug":"usinage-5-axes","status":"publish","type":"page","link":"https:\/\/dxplastiques.com\/fr\/services\/usinage-5-axes\/","title":{"rendered":"Usinage 5 axes"},"content":{"rendered":"<div id=\"pl-343\"  class=\"panel-layout\" ><div id=\"pg-343-0\"  class=\"panel-grid panel-has-style\" ><div class=\"row_spacing panel-row-style panel-row-style-for-343-0\" ><div id=\"pgc-343-0-0\"  class=\"panel-grid-cell\" ><div id=\"panel-343-0-0-0\" class=\"so-panel widget widget_black-studio-tinymce widget_black_studio_tinymce panel-first-child panel-last-child\" data-index=\"0\" ><div class=\"list_style panel-widget-style panel-widget-style-for-343-0-0-0\" ><div class=\"textwidget\"><h1><span class=\"title_black_upp\">Usinage 5 axes de pi\u00e8ces thermoform\u00e9es<\/span><\/h1>\n<p><span class=\"title_box_grey\">DX Plastiques<\/span><\/p>\n<p>Pour vos pi\u00e8ces thermoform\u00e9es plus complexes comportant des d\u00e9coupes sur plusieurs axes avec des parcours complexes et rigoureux, vous pouvez compter sur nos sp\u00e9cialistes de la programmation CNC. Ils disposent de 2 centres d\u2019usinage 5 axes de grande dimension et de deux robots pour r\u00e9pondre \u00e0 vos besoins avec toute la pr\u00e9cision que m\u00e9ritent vos pi\u00e8ces.<\/p>\n<\/div><\/div><\/div><\/div><div id=\"pgc-343-0-1\"  class=\"panel-grid-cell panel-grid-cell-empty\" ><\/div><div id=\"pgc-343-0-2\"  class=\"panel-grid-cell\" ><div id=\"panel-343-0-2-0\" class=\"so-panel widget widget_black-studio-tinymce widget_black_studio_tinymce panel-first-child panel-last-child\" data-index=\"1\" ><div class=\"textwidget\"><p><img loading=\"lazy\" decoding=\"async\" src=\"https:\/\/dxplastiques.com\/wp-content\/uploads\/2025\/12\/usinage_5_axes.jpg\" alt=\"usinage_5_axes\" width=\"1030\" height=\"466\" class=\"alignnone size-full wp-image-921\" \/><\/p>\n<\/div><\/div><\/div><\/div><\/div><div id=\"pg-343-1\"  class=\"panel-grid panel-has-style\" ><div class=\"row_spacing_bottom panel-row-style panel-row-style-for-343-1\" ><div id=\"pgc-343-1-0\"  class=\"panel-grid-cell\" ><div id=\"panel-343-1-0-0\" class=\"so-panel widget widget_media_video panel-first-child panel-last-child\" data-index=\"2\" ><div style=\"width:100%;\" class=\"wp-video\"><video class=\"wp-video-shortcode\" id=\"video-343-1\" preload=\"metadata\" controls=\"controls\"><source type=\"video\/youtube\" src=\"https:\/\/youtu.be\/9qTJCFnvTqA?_=1\" \/><a href=\"https:\/\/youtu.be\/9qTJCFnvTqA\">https:\/\/youtu.be\/9qTJCFnvTqA<\/a><\/video><\/div><\/div><\/div><div id=\"pgc-343-1-1\"  class=\"panel-grid-cell panel-grid-cell-empty\" ><\/div><div id=\"pgc-343-1-2\"  class=\"panel-grid-cell\" ><div id=\"panel-343-1-2-0\" class=\"so-panel widget widget_media_video panel-first-child panel-last-child\" data-index=\"3\" ><div style=\"width:100%;\" class=\"wp-video\"><video class=\"wp-video-shortcode\" id=\"video-343-2\" preload=\"metadata\" controls=\"controls\"><source type=\"video\/youtube\" src=\"https:\/\/youtu.be\/U0n6KPodIyY?_=2\" \/><a href=\"https:\/\/youtu.be\/U0n6KPodIyY\">https:\/\/youtu.be\/U0n6KPodIyY<\/a><\/video><\/div><\/div><\/div><\/div><\/div><\/div>","protected":false},"excerpt":{"rendered":"<p>Usinage 5 axes de pi\u00e8ces thermoform\u00e9es DX Plastiques Pour vos pi\u00e8ces thermoform\u00e9es plus complexes comportant des d\u00e9coupes sur plusieurs axes avec des parcours complexes et rigoureux, vous pouvez compter sur nos sp\u00e9cialistes de la programmation CNC. Ils disposent de 2 centres d\u2019usinage 5 axes de grande dimension et de deux robots pour r\u00e9pondre \u00e0 vos [&hellip;]<\/p>\n","protected":false},"author":1,"featured_media":0,"parent":260,"menu_order":4,"comment_status":"closed","ping_status":"closed","template":"page-pre-footer.php","meta":{"_acf_changed":false,"footnotes":""},"class_list":["post-343","page","type-page","status-publish","hentry"],"acf":[],"yoast_head":"<!-- This site is optimized with the Yoast SEO plugin v27.3 - https:\/\/yoast.com\/product\/yoast-seo-wordpress\/ -->\n<title>Thermoformage : usinage de vos pi\u00e8ces en plastique<\/title>\n<meta name=\"description\" content=\"Votre projet de pi\u00e8ces thermoform\u00e9es est complexe et comporte plusieurs d\u00e9coupes? Notre centre d\u2019usinage b\u00e9n\u00e9ficie des r\u00e9centes technologies\" \/>\n<meta name=\"robots\" content=\"index, follow, max-snippet:-1, max-image-preview:large, max-video-preview:-1\" \/>\n<link rel=\"canonical\" href=\"https:\/\/dxplastiques.com\/fr\/services\/usinage-5-axes\/\" \/>\n<meta property=\"og:locale\" content=\"fr_FR\" \/>\n<meta property=\"og:type\" content=\"article\" \/>\n<meta property=\"og:title\" content=\"Thermoformage : usinage de vos pi\u00e8ces en plastique\" \/>\n<meta property=\"og:description\" content=\"Votre projet de pi\u00e8ces thermoform\u00e9es est complexe et comporte plusieurs d\u00e9coupes? Notre centre d\u2019usinage b\u00e9n\u00e9ficie des r\u00e9centes technologies\" \/>\n<meta property=\"og:url\" content=\"https:\/\/dxplastiques.com\/fr\/services\/usinage-5-axes\/\" \/>\n<meta property=\"og:site_name\" content=\"DX Plastiques\" \/>\n<meta property=\"article:modified_time\" content=\"2025-12-05T18:48:48+00:00\" \/>\n<meta property=\"og:image\" content=\"https:\/\/dxplastiques.com\/wp-content\/uploads\/2021\/07\/facebook_share.png\" \/>\n\t<meta property=\"og:image:width\" content=\"1200\" \/>\n\t<meta property=\"og:image:height\" content=\"628\" \/>\n\t<meta property=\"og:image:type\" content=\"image\/png\" \/>\n<meta name=\"twitter:card\" content=\"summary_large_image\" \/>\n<meta name=\"twitter:label1\" content=\"Dur\u00e9e de lecture estim\u00e9e\" \/>\n\t<meta name=\"twitter:data1\" content=\"1 minute\" \/>\n<script type=\"application\/ld+json\" class=\"yoast-schema-graph\">{\"@context\":\"https:\\\/\\\/schema.org\",\"@graph\":[{\"@type\":\"WebPage\",\"@id\":\"https:\\\/\\\/dxplastiques.com\\\/fr\\\/services\\\/usinage-5-axes\\\/\",\"url\":\"https:\\\/\\\/dxplastiques.com\\\/fr\\\/services\\\/usinage-5-axes\\\/\",\"name\":\"Thermoformage : usinage de vos pi\u00e8ces en plastique\",\"isPartOf\":{\"@id\":\"https:\\\/\\\/dxplastiques.com\\\/fr\\\/#website\"},\"primaryImageOfPage\":{\"@id\":\"https:\\\/\\\/dxplastiques.com\\\/fr\\\/services\\\/usinage-5-axes\\\/#primaryimage\"},\"image\":{\"@id\":\"https:\\\/\\\/dxplastiques.com\\\/fr\\\/services\\\/usinage-5-axes\\\/#primaryimage\"},\"thumbnailUrl\":\"https:\\\/\\\/dxplastiques.com\\\/wp-content\\\/uploads\\\/2025\\\/12\\\/usinage_5_axes.jpg\",\"datePublished\":\"2021-07-08T12:53:33+00:00\",\"dateModified\":\"2025-12-05T18:48:48+00:00\",\"description\":\"Votre projet de pi\u00e8ces thermoform\u00e9es est complexe et comporte plusieurs d\u00e9coupes? Notre centre d\u2019usinage b\u00e9n\u00e9ficie des r\u00e9centes technologies\",\"breadcrumb\":{\"@id\":\"https:\\\/\\\/dxplastiques.com\\\/fr\\\/services\\\/usinage-5-axes\\\/#breadcrumb\"},\"inLanguage\":\"fr-FR\",\"potentialAction\":[{\"@type\":\"ReadAction\",\"target\":[\"https:\\\/\\\/dxplastiques.com\\\/fr\\\/services\\\/usinage-5-axes\\\/\"]}]},{\"@type\":\"ImageObject\",\"inLanguage\":\"fr-FR\",\"@id\":\"https:\\\/\\\/dxplastiques.com\\\/fr\\\/services\\\/usinage-5-axes\\\/#primaryimage\",\"url\":\"https:\\\/\\\/dxplastiques.com\\\/wp-content\\\/uploads\\\/2025\\\/12\\\/usinage_5_axes.jpg\",\"contentUrl\":\"https:\\\/\\\/dxplastiques.com\\\/wp-content\\\/uploads\\\/2025\\\/12\\\/usinage_5_axes.jpg\"},{\"@type\":\"BreadcrumbList\",\"@id\":\"https:\\\/\\\/dxplastiques.com\\\/fr\\\/services\\\/usinage-5-axes\\\/#breadcrumb\",\"itemListElement\":[{\"@type\":\"ListItem\",\"position\":1,\"name\":\"Accueil\",\"item\":\"https:\\\/\\\/dxplastiques.com\\\/fr\\\/\"},{\"@type\":\"ListItem\",\"position\":2,\"name\":\"Services\",\"item\":\"https:\\\/\\\/dxplastiques.com\\\/fr\\\/services\\\/\"},{\"@type\":\"ListItem\",\"position\":3,\"name\":\"Usinage 5 axes\"}]},{\"@type\":\"WebSite\",\"@id\":\"https:\\\/\\\/dxplastiques.com\\\/fr\\\/#website\",\"url\":\"https:\\\/\\\/dxplastiques.com\\\/fr\\\/\",\"name\":\"DX Plastiques\",\"description\":\"\",\"potentialAction\":[{\"@type\":\"SearchAction\",\"target\":{\"@type\":\"EntryPoint\",\"urlTemplate\":\"https:\\\/\\\/dxplastiques.com\\\/fr\\\/?s={search_term_string}\"},\"query-input\":{\"@type\":\"PropertyValueSpecification\",\"valueRequired\":true,\"valueName\":\"search_term_string\"}}],\"inLanguage\":\"fr-FR\"}]}<\/script>\n<!-- \/ Yoast SEO plugin. -->","yoast_head_json":{"title":"Thermoformage : usinage de vos pi\u00e8ces en plastique","description":"Votre projet de pi\u00e8ces thermoform\u00e9es est complexe et comporte plusieurs d\u00e9coupes? Notre centre d\u2019usinage b\u00e9n\u00e9ficie des r\u00e9centes technologies","robots":{"index":"index","follow":"follow","max-snippet":"max-snippet:-1","max-image-preview":"max-image-preview:large","max-video-preview":"max-video-preview:-1"},"canonical":"https:\/\/dxplastiques.com\/fr\/services\/usinage-5-axes\/","og_locale":"fr_FR","og_type":"article","og_title":"Thermoformage : usinage de vos pi\u00e8ces en plastique","og_description":"Votre projet de pi\u00e8ces thermoform\u00e9es est complexe et comporte plusieurs d\u00e9coupes? Notre centre d\u2019usinage b\u00e9n\u00e9ficie des r\u00e9centes technologies","og_url":"https:\/\/dxplastiques.com\/fr\/services\/usinage-5-axes\/","og_site_name":"DX Plastiques","article_modified_time":"2025-12-05T18:48:48+00:00","og_image":[{"width":1200,"height":628,"url":"https:\/\/dxplastiques.com\/wp-content\/uploads\/2021\/07\/facebook_share.png","type":"image\/png"}],"twitter_card":"summary_large_image","twitter_misc":{"Dur\u00e9e de lecture estim\u00e9e":"1 minute"},"schema":{"@context":"https:\/\/schema.org","@graph":[{"@type":"WebPage","@id":"https:\/\/dxplastiques.com\/fr\/services\/usinage-5-axes\/","url":"https:\/\/dxplastiques.com\/fr\/services\/usinage-5-axes\/","name":"Thermoformage : usinage de vos pi\u00e8ces en plastique","isPartOf":{"@id":"https:\/\/dxplastiques.com\/fr\/#website"},"primaryImageOfPage":{"@id":"https:\/\/dxplastiques.com\/fr\/services\/usinage-5-axes\/#primaryimage"},"image":{"@id":"https:\/\/dxplastiques.com\/fr\/services\/usinage-5-axes\/#primaryimage"},"thumbnailUrl":"https:\/\/dxplastiques.com\/wp-content\/uploads\/2025\/12\/usinage_5_axes.jpg","datePublished":"2021-07-08T12:53:33+00:00","dateModified":"2025-12-05T18:48:48+00:00","description":"Votre projet de pi\u00e8ces thermoform\u00e9es est complexe et comporte plusieurs d\u00e9coupes? Notre centre d\u2019usinage b\u00e9n\u00e9ficie des r\u00e9centes technologies","breadcrumb":{"@id":"https:\/\/dxplastiques.com\/fr\/services\/usinage-5-axes\/#breadcrumb"},"inLanguage":"fr-FR","potentialAction":[{"@type":"ReadAction","target":["https:\/\/dxplastiques.com\/fr\/services\/usinage-5-axes\/"]}]},{"@type":"ImageObject","inLanguage":"fr-FR","@id":"https:\/\/dxplastiques.com\/fr\/services\/usinage-5-axes\/#primaryimage","url":"https:\/\/dxplastiques.com\/wp-content\/uploads\/2025\/12\/usinage_5_axes.jpg","contentUrl":"https:\/\/dxplastiques.com\/wp-content\/uploads\/2025\/12\/usinage_5_axes.jpg"},{"@type":"BreadcrumbList","@id":"https:\/\/dxplastiques.com\/fr\/services\/usinage-5-axes\/#breadcrumb","itemListElement":[{"@type":"ListItem","position":1,"name":"Accueil","item":"https:\/\/dxplastiques.com\/fr\/"},{"@type":"ListItem","position":2,"name":"Services","item":"https:\/\/dxplastiques.com\/fr\/services\/"},{"@type":"ListItem","position":3,"name":"Usinage 5 axes"}]},{"@type":"WebSite","@id":"https:\/\/dxplastiques.com\/fr\/#website","url":"https:\/\/dxplastiques.com\/fr\/","name":"DX Plastiques","description":"","potentialAction":[{"@type":"SearchAction","target":{"@type":"EntryPoint","urlTemplate":"https:\/\/dxplastiques.com\/fr\/?s={search_term_string}"},"query-input":{"@type":"PropertyValueSpecification","valueRequired":true,"valueName":"search_term_string"}}],"inLanguage":"fr-FR"}]}},"_links":{"self":[{"href":"https:\/\/dxplastiques.com\/fr\/wp-json\/wp\/v2\/pages\/343","targetHints":{"allow":["GET"]}}],"collection":[{"href":"https:\/\/dxplastiques.com\/fr\/wp-json\/wp\/v2\/pages"}],"about":[{"href":"https:\/\/dxplastiques.com\/fr\/wp-json\/wp\/v2\/types\/page"}],"author":[{"embeddable":true,"href":"https:\/\/dxplastiques.com\/fr\/wp-json\/wp\/v2\/users\/1"}],"replies":[{"embeddable":true,"href":"https:\/\/dxplastiques.com\/fr\/wp-json\/wp\/v2\/comments?post=343"}],"version-history":[{"count":7,"href":"https:\/\/dxplastiques.com\/fr\/wp-json\/wp\/v2\/pages\/343\/revisions"}],"predecessor-version":[{"id":923,"href":"https:\/\/dxplastiques.com\/fr\/wp-json\/wp\/v2\/pages\/343\/revisions\/923"}],"up":[{"embeddable":true,"href":"https:\/\/dxplastiques.com\/fr\/wp-json\/wp\/v2\/pages\/260"}],"wp:attachment":[{"href":"https:\/\/dxplastiques.com\/fr\/wp-json\/wp\/v2\/media?parent=343"}],"curies":[{"name":"wp","href":"https:\/\/api.w.org\/{rel}","templated":true}]}}