{"id":324,"date":"2021-07-08T08:38:29","date_gmt":"2021-07-08T12:38:29","guid":{"rendered":"https:\/\/dxplastiques.com\/?page_id=324"},"modified":"2025-12-05T13:44:10","modified_gmt":"2025-12-05T18:44:10","slug":"thermoformage","status":"publish","type":"page","link":"https:\/\/dxplastiques.com\/fr\/services\/thermoformage\/","title":{"rendered":"Thermoformage"},"content":{"rendered":"<div id=\"pl-324\"  class=\"panel-layout\" ><div id=\"pg-324-0\"  class=\"panel-grid panel-has-style\" ><div class=\"row_spacing panel-row-style panel-row-style-for-324-0\" ><div id=\"pgc-324-0-0\"  class=\"panel-grid-cell\" ><div id=\"panel-324-0-0-0\" class=\"so-panel widget widget_black-studio-tinymce widget_black_studio_tinymce panel-first-child panel-last-child\" data-index=\"0\" ><div class=\"list_style panel-widget-style panel-widget-style-for-324-0-0-0\" ><div class=\"textwidget\"><h1><span class=\"title_box_grey\">Le thermoformage<\/span><br \/>\n<span class=\"title_black_upp\">comment \u00e7a marche?<\/span><\/h1>\n<p>Le thermoformage est une technique qui consiste \u00e0 prendre une feuille de thermoplastique et \u00e0 la placer sur un cadre afin de la chauffer pour la ramollir pour ensuite la mouler. Les pi\u00e8ces ainsi transform\u00e9es peuvent r\u00e9pondre aux exigences les plus \u00e9lev\u00e9es et conservent les propri\u00e9t\u00e9s de la mati\u00e8re choisie. Chez DX Plastiques, nous utilisons l\u2019un des trois proc\u00e9d\u00e9s de thermoformage selon la pi\u00e8ce \u00e0 produire\u00a0:<\/p>\n<ul>\n<li><a href=\"\/fr\/les-procedes\/thermoformage-par-vacuum\/\"><span class=\"big_text\">Le formage sous vide (vacuum)<\/span><\/a><\/li>\n<li><a href=\"\/fr\/les-procedes\/thermoformage-par-pression\/\"><span class=\"big_text\">Le formage par pression<\/span><\/a><\/li>\n<li><a href=\"\/fr\/les-procedes\/thermoformage-par-compression\/\"><span class=\"big_text\">Le formage par compression<\/span><\/a><\/li>\n<\/ul>\n<\/div><\/div><\/div><\/div><div id=\"pgc-324-0-1\"  class=\"panel-grid-cell panel-grid-cell-empty\" ><\/div><div id=\"pgc-324-0-2\"  class=\"panel-grid-cell\" ><div id=\"panel-324-0-2-0\" class=\"so-panel widget widget_black-studio-tinymce widget_black_studio_tinymce panel-first-child panel-last-child\" data-index=\"1\" ><div class=\"textwidget\"><p><img loading=\"lazy\" decoding=\"async\" src=\"https:\/\/dxplastiques.com\/wp-content\/uploads\/2025\/12\/etapes_thermoformage.jpg\" alt=\"etapes_thermoformage\" width=\"1030\" height=\"466\" class=\"alignnone size-full wp-image-914\" \/><\/p>\n<\/div><\/div><\/div><\/div><\/div><div id=\"pg-324-1\"  class=\"panel-grid panel-no-style\" ><div id=\"pgc-324-1-0\"  class=\"panel-grid-cell panel-grid-cell-empty\" ><\/div><div id=\"pgc-324-1-1\"  class=\"panel-grid-cell panel-grid-cell-mobile-last\" ><div id=\"panel-324-1-1-0\" class=\"so-panel widget widget_media_video panel-first-child panel-last-child\" data-index=\"2\" ><div style=\"width:100%;\" class=\"wp-video\"><video class=\"wp-video-shortcode\" id=\"video-324-1\" preload=\"metadata\" controls=\"controls\"><source type=\"video\/youtube\" src=\"https:\/\/www.youtube.com\/watch?v=5d6asTZkEE0&#038;_=1\" \/><a href=\"https:\/\/www.youtube.com\/watch?v=5d6asTZkEE0\">https:\/\/www.youtube.com\/watch?v=5d6asTZkEE0<\/a><\/video><\/div><\/div><\/div><div id=\"pgc-324-1-2\"  class=\"panel-grid-cell panel-grid-cell-empty\" ><\/div><\/div><div id=\"pg-324-2\"  class=\"panel-grid panel-has-style\" ><div class=\"row_custom panel-row-style panel-row-style-for-324-2\" ><div id=\"pgc-324-2-0\"  class=\"panel-grid-cell\" ><div id=\"panel-324-2-0-0\" class=\"so-panel widget widget_black-studio-tinymce widget_black_studio_tinymce panel-first-child panel-last-child\" data-index=\"3\" ><div class=\"textwidget\"><h2><span class=\"title_black_upp\">Les \u00e9tapes du thermoformage<\/span><\/h2>\n<\/div><\/div><\/div><\/div><\/div><div id=\"pg-324-3\"  class=\"panel-grid panel-has-style\" ><div class=\"row_custom row_lines row_lines_top panel-row-style panel-row-style-for-324-3\" ><div id=\"pgc-324-3-0\"  class=\"panel-grid-cell\" ><div id=\"panel-324-3-0-0\" class=\"so-panel widget widget_black-studio-tinymce widget_black_studio_tinymce panel-first-child panel-last-child\" data-index=\"4\" ><div class=\"box_step box_step_1 panel-widget-style panel-widget-style-for-324-3-0-0\" ><div class=\"textwidget\"><p><img loading=\"lazy\" decoding=\"async\" class=\"alignnone size-full wp-image-332\" src=\"https:\/\/dxplastiques.com\/wp-content\/uploads\/2021\/07\/etape_1.jpg\" alt=\"etape thermoformage\" width=\"303\" height=\"228\" \/><\/p>\n<p>Chauffage de la feuille de plastique dans le four<\/p>\n<\/div><\/div><\/div><\/div><div id=\"pgc-324-3-1\"  class=\"panel-grid-cell\" ><div id=\"panel-324-3-1-0\" class=\"so-panel widget widget_black-studio-tinymce widget_black_studio_tinymce panel-first-child panel-last-child\" data-index=\"5\" ><div class=\"box_step box_step_2 panel-widget-style panel-widget-style-for-324-3-1-0\" ><div class=\"textwidget\"><p><img loading=\"lazy\" decoding=\"async\" class=\"alignnone size-full wp-image-334\" src=\"https:\/\/dxplastiques.com\/wp-content\/uploads\/2021\/07\/etape_2.jpg\" alt=\"etape thermoformage\" width=\"303\" height=\"228\" \/><\/p>\n<p>Sortie du four de la feuille de plastique<\/p>\n<\/div><\/div><\/div><\/div><div id=\"pgc-324-3-2\"  class=\"panel-grid-cell\" ><div id=\"panel-324-3-2-0\" class=\"so-panel widget widget_black-studio-tinymce widget_black_studio_tinymce panel-first-child panel-last-child\" data-index=\"6\" ><div class=\"box_step box_step_3 panel-widget-style panel-widget-style-for-324-3-2-0\" ><div class=\"textwidget\"><p><img loading=\"lazy\" decoding=\"async\" class=\"alignnone size-full wp-image-336\" src=\"https:\/\/dxplastiques.com\/wp-content\/uploads\/2021\/07\/etape_3.jpg\" alt=\"etape thermoformage\" width=\"302\" height=\"228\" \/><\/p>\n<p>Moulage et mise en forme de la pi\u00e8ce<\/p>\n<\/div><\/div><\/div><\/div><div id=\"pgc-324-3-3\"  class=\"panel-grid-cell\" ><div id=\"panel-324-3-3-0\" class=\"so-panel widget widget_black-studio-tinymce widget_black_studio_tinymce panel-first-child panel-last-child\" data-index=\"7\" ><div class=\"box_step box_step_4 panel-widget-style panel-widget-style-for-324-3-3-0\" ><div class=\"textwidget\"><p><img loading=\"lazy\" decoding=\"async\" class=\"alignnone size-full wp-image-338\" src=\"https:\/\/dxplastiques.com\/wp-content\/uploads\/2021\/07\/etape_4.jpg\" alt=\"etape thermoformage\" width=\"303\" height=\"228\" \/><\/p>\n<p>Refroidissement<\/p>\n<\/div><\/div><\/div><\/div><div id=\"pgc-324-3-4\"  class=\"panel-grid-cell\" ><div id=\"panel-324-3-4-0\" class=\"so-panel widget widget_black-studio-tinymce widget_black_studio_tinymce panel-first-child panel-last-child\" data-index=\"8\" ><div class=\"box_step box_step_5 panel-widget-style panel-widget-style-for-324-3-4-0\" ><div class=\"textwidget\"><p><img loading=\"lazy\" decoding=\"async\" class=\"alignnone size-full wp-image-340\" src=\"https:\/\/dxplastiques.com\/wp-content\/uploads\/2021\/07\/etape_5.jpg\" alt=\"etape thermoformage\" width=\"303\" height=\"228\" \/><\/p>\n<p>D\u00e9moulage<\/p>\n<\/div><\/div><\/div><\/div><\/div><\/div><div id=\"pg-324-4\"  class=\"panel-grid panel-has-style\" ><div class=\"row_spacing row_lines panel-row-style panel-row-style-for-324-4\" ><div id=\"pgc-324-4-0\"  class=\"panel-grid-cell\" ><div id=\"panel-324-4-0-0\" class=\"so-panel widget widget_black-studio-tinymce widget_black_studio_tinymce panel-first-child panel-last-child\" data-index=\"9\" ><div class=\"box_dark list_style box_left_extra_width panel-widget-style panel-widget-style-for-324-4-0-0\" ><div class=\"textwidget\"><h2><span class=\"title_black_upp\">Nos \u00e9quipements de thermoformage<\/span><\/h2>\n<p>Notre technologie de thermoformage nous permet de mouler des feuilles de plastique mesurant 64 pouces de longueur par 48 pouces de largeur, ce qui permet de fabriquer des pi\u00e8ces pouvant mesurer jusqu\u2019\u00e0 24\u00a0pouces de hauteur et d\u2019une \u00e9paisseur allant de 1\/32 \u00e0 \u00bd\u00a0pouce.<\/p>\n<p>Nous utilisons les \u00e9quipements suivants\u00a0:<\/p>\n<ul>\n<li>Syst\u00e8me hydraulique pouvant \u00eatre utilis\u00e9 manuellement ou automatiquement<\/li>\n<li>Four \u00e0 \u00e9l\u00e9ments en c\u00e9ramique \u00e0 contr\u00f4le num\u00e9rique<\/li>\n<li>Four \u00e0 double plateau<\/li>\n<li>Temp\u00e9rature contr\u00f4lable par section sur 2 niveaux<\/li>\n<\/ul>\n<\/div><\/div><\/div><\/div><div id=\"pgc-324-4-1\"  class=\"panel-grid-cell\" ><div id=\"panel-324-4-1-0\" class=\"so-panel widget widget_black-studio-tinymce widget_black_studio_tinymce panel-first-child panel-last-child\" data-index=\"10\" ><div class=\"textwidget\"><p><img loading=\"lazy\" decoding=\"async\" class=\"alignnone size-full wp-image-327\" src=\"https:\/\/dxplastiques.com\/wp-content\/uploads\/2021\/07\/equipement_thermoformage.jpg\" alt=\"equipement thermoformage\" width=\"740\" height=\"466\" \/><\/p>\n<\/div><\/div><\/div><\/div><\/div><\/div>","protected":false},"excerpt":{"rendered":"<p>Le thermoformage comment \u00e7a marche? Le thermoformage est une technique qui consiste \u00e0 prendre une feuille de thermoplastique et \u00e0 la placer sur un cadre afin de la chauffer pour la ramollir pour ensuite la mouler. Les pi\u00e8ces ainsi transform\u00e9es peuvent r\u00e9pondre aux exigences les plus \u00e9lev\u00e9es et conservent les propri\u00e9t\u00e9s de la mati\u00e8re choisie. [&hellip;]<\/p>\n","protected":false},"author":1,"featured_media":0,"parent":260,"menu_order":3,"comment_status":"closed","ping_status":"closed","template":"page-pre-footer.php","meta":{"_acf_changed":false,"footnotes":""},"class_list":["post-324","page","type-page","status-publish","hentry"],"acf":[],"yoast_head":"<!-- This site is optimized with the Yoast SEO plugin v27.4 - https:\/\/yoast.com\/product\/yoast-seo-wordpress\/ -->\n<title>Comment se fait le thermoformage d\u2019une pi\u00e8ce<\/title>\n<meta name=\"description\" content=\"Lors de la fabrication de votre pi\u00e8ce, nous choisissons le proc\u00e9d\u00e9 de thermoformage le mieux adapt\u00e9\" \/>\n<meta name=\"robots\" content=\"index, follow, max-snippet:-1, max-image-preview:large, max-video-preview:-1\" \/>\n<link rel=\"canonical\" href=\"https:\/\/dxplastiques.com\/fr\/services\/thermoformage\/\" \/>\n<meta property=\"og:locale\" content=\"fr_FR\" \/>\n<meta property=\"og:type\" content=\"article\" \/>\n<meta property=\"og:title\" content=\"Comment se fait le thermoformage d\u2019une pi\u00e8ce\" \/>\n<meta property=\"og:description\" content=\"Lors de la fabrication de votre pi\u00e8ce, nous choisissons le proc\u00e9d\u00e9 de thermoformage le mieux adapt\u00e9\" \/>\n<meta property=\"og:url\" content=\"https:\/\/dxplastiques.com\/fr\/services\/thermoformage\/\" \/>\n<meta property=\"og:site_name\" content=\"DX Plastiques\" \/>\n<meta property=\"article:modified_time\" content=\"2025-12-05T18:44:10+00:00\" \/>\n<meta property=\"og:image\" content=\"https:\/\/dxplastiques.com\/wp-content\/uploads\/2021\/07\/facebook_share.png\" \/>\n\t<meta property=\"og:image:width\" content=\"1200\" \/>\n\t<meta property=\"og:image:height\" content=\"628\" \/>\n\t<meta property=\"og:image:type\" content=\"image\/png\" \/>\n<meta name=\"twitter:card\" content=\"summary_large_image\" \/>\n<meta name=\"twitter:label1\" content=\"Dur\u00e9e de lecture estim\u00e9e\" \/>\n\t<meta name=\"twitter:data1\" content=\"3 minutes\" \/>\n<script type=\"application\/ld+json\" class=\"yoast-schema-graph\">{\"@context\":\"https:\\\/\\\/schema.org\",\"@graph\":[{\"@type\":\"WebPage\",\"@id\":\"https:\\\/\\\/dxplastiques.com\\\/fr\\\/services\\\/thermoformage\\\/\",\"url\":\"https:\\\/\\\/dxplastiques.com\\\/fr\\\/services\\\/thermoformage\\\/\",\"name\":\"Comment se fait le thermoformage d\u2019une pi\u00e8ce\",\"isPartOf\":{\"@id\":\"https:\\\/\\\/dxplastiques.com\\\/fr\\\/#website\"},\"primaryImageOfPage\":{\"@id\":\"https:\\\/\\\/dxplastiques.com\\\/fr\\\/services\\\/thermoformage\\\/#primaryimage\"},\"image\":{\"@id\":\"https:\\\/\\\/dxplastiques.com\\\/fr\\\/services\\\/thermoformage\\\/#primaryimage\"},\"thumbnailUrl\":\"https:\\\/\\\/dxplastiques.com\\\/wp-content\\\/uploads\\\/2025\\\/12\\\/etapes_thermoformage.jpg\",\"datePublished\":\"2021-07-08T12:38:29+00:00\",\"dateModified\":\"2025-12-05T18:44:10+00:00\",\"description\":\"Lors de la fabrication de votre pi\u00e8ce, nous choisissons le proc\u00e9d\u00e9 de thermoformage le mieux adapt\u00e9\",\"breadcrumb\":{\"@id\":\"https:\\\/\\\/dxplastiques.com\\\/fr\\\/services\\\/thermoformage\\\/#breadcrumb\"},\"inLanguage\":\"fr-FR\",\"potentialAction\":[{\"@type\":\"ReadAction\",\"target\":[\"https:\\\/\\\/dxplastiques.com\\\/fr\\\/services\\\/thermoformage\\\/\"]}]},{\"@type\":\"ImageObject\",\"inLanguage\":\"fr-FR\",\"@id\":\"https:\\\/\\\/dxplastiques.com\\\/fr\\\/services\\\/thermoformage\\\/#primaryimage\",\"url\":\"https:\\\/\\\/dxplastiques.com\\\/wp-content\\\/uploads\\\/2025\\\/12\\\/etapes_thermoformage.jpg\",\"contentUrl\":\"https:\\\/\\\/dxplastiques.com\\\/wp-content\\\/uploads\\\/2025\\\/12\\\/etapes_thermoformage.jpg\"},{\"@type\":\"BreadcrumbList\",\"@id\":\"https:\\\/\\\/dxplastiques.com\\\/fr\\\/services\\\/thermoformage\\\/#breadcrumb\",\"itemListElement\":[{\"@type\":\"ListItem\",\"position\":1,\"name\":\"Accueil\",\"item\":\"https:\\\/\\\/dxplastiques.com\\\/fr\\\/\"},{\"@type\":\"ListItem\",\"position\":2,\"name\":\"Services\",\"item\":\"https:\\\/\\\/dxplastiques.com\\\/fr\\\/services\\\/\"},{\"@type\":\"ListItem\",\"position\":3,\"name\":\"Thermoformage\"}]},{\"@type\":\"WebSite\",\"@id\":\"https:\\\/\\\/dxplastiques.com\\\/fr\\\/#website\",\"url\":\"https:\\\/\\\/dxplastiques.com\\\/fr\\\/\",\"name\":\"DX Plastiques\",\"description\":\"\",\"potentialAction\":[{\"@type\":\"SearchAction\",\"target\":{\"@type\":\"EntryPoint\",\"urlTemplate\":\"https:\\\/\\\/dxplastiques.com\\\/fr\\\/?s={search_term_string}\"},\"query-input\":{\"@type\":\"PropertyValueSpecification\",\"valueRequired\":true,\"valueName\":\"search_term_string\"}}],\"inLanguage\":\"fr-FR\"}]}<\/script>\n<!-- \/ Yoast SEO plugin. -->","yoast_head_json":{"title":"Comment se fait le thermoformage d\u2019une pi\u00e8ce","description":"Lors de la fabrication de votre pi\u00e8ce, nous choisissons le proc\u00e9d\u00e9 de thermoformage le mieux adapt\u00e9","robots":{"index":"index","follow":"follow","max-snippet":"max-snippet:-1","max-image-preview":"max-image-preview:large","max-video-preview":"max-video-preview:-1"},"canonical":"https:\/\/dxplastiques.com\/fr\/services\/thermoformage\/","og_locale":"fr_FR","og_type":"article","og_title":"Comment se fait le thermoformage d\u2019une pi\u00e8ce","og_description":"Lors de la fabrication de votre pi\u00e8ce, nous choisissons le proc\u00e9d\u00e9 de thermoformage le mieux adapt\u00e9","og_url":"https:\/\/dxplastiques.com\/fr\/services\/thermoformage\/","og_site_name":"DX Plastiques","article_modified_time":"2025-12-05T18:44:10+00:00","og_image":[{"width":1200,"height":628,"url":"https:\/\/dxplastiques.com\/wp-content\/uploads\/2021\/07\/facebook_share.png","type":"image\/png"}],"twitter_card":"summary_large_image","twitter_misc":{"Dur\u00e9e de lecture estim\u00e9e":"3 minutes"},"schema":{"@context":"https:\/\/schema.org","@graph":[{"@type":"WebPage","@id":"https:\/\/dxplastiques.com\/fr\/services\/thermoformage\/","url":"https:\/\/dxplastiques.com\/fr\/services\/thermoformage\/","name":"Comment se fait le thermoformage d\u2019une pi\u00e8ce","isPartOf":{"@id":"https:\/\/dxplastiques.com\/fr\/#website"},"primaryImageOfPage":{"@id":"https:\/\/dxplastiques.com\/fr\/services\/thermoformage\/#primaryimage"},"image":{"@id":"https:\/\/dxplastiques.com\/fr\/services\/thermoformage\/#primaryimage"},"thumbnailUrl":"https:\/\/dxplastiques.com\/wp-content\/uploads\/2025\/12\/etapes_thermoformage.jpg","datePublished":"2021-07-08T12:38:29+00:00","dateModified":"2025-12-05T18:44:10+00:00","description":"Lors de la fabrication de votre pi\u00e8ce, nous choisissons le proc\u00e9d\u00e9 de thermoformage le mieux adapt\u00e9","breadcrumb":{"@id":"https:\/\/dxplastiques.com\/fr\/services\/thermoformage\/#breadcrumb"},"inLanguage":"fr-FR","potentialAction":[{"@type":"ReadAction","target":["https:\/\/dxplastiques.com\/fr\/services\/thermoformage\/"]}]},{"@type":"ImageObject","inLanguage":"fr-FR","@id":"https:\/\/dxplastiques.com\/fr\/services\/thermoformage\/#primaryimage","url":"https:\/\/dxplastiques.com\/wp-content\/uploads\/2025\/12\/etapes_thermoformage.jpg","contentUrl":"https:\/\/dxplastiques.com\/wp-content\/uploads\/2025\/12\/etapes_thermoformage.jpg"},{"@type":"BreadcrumbList","@id":"https:\/\/dxplastiques.com\/fr\/services\/thermoformage\/#breadcrumb","itemListElement":[{"@type":"ListItem","position":1,"name":"Accueil","item":"https:\/\/dxplastiques.com\/fr\/"},{"@type":"ListItem","position":2,"name":"Services","item":"https:\/\/dxplastiques.com\/fr\/services\/"},{"@type":"ListItem","position":3,"name":"Thermoformage"}]},{"@type":"WebSite","@id":"https:\/\/dxplastiques.com\/fr\/#website","url":"https:\/\/dxplastiques.com\/fr\/","name":"DX Plastiques","description":"","potentialAction":[{"@type":"SearchAction","target":{"@type":"EntryPoint","urlTemplate":"https:\/\/dxplastiques.com\/fr\/?s={search_term_string}"},"query-input":{"@type":"PropertyValueSpecification","valueRequired":true,"valueName":"search_term_string"}}],"inLanguage":"fr-FR"}]}},"_links":{"self":[{"href":"https:\/\/dxplastiques.com\/fr\/wp-json\/wp\/v2\/pages\/324","targetHints":{"allow":["GET"]}}],"collection":[{"href":"https:\/\/dxplastiques.com\/fr\/wp-json\/wp\/v2\/pages"}],"about":[{"href":"https:\/\/dxplastiques.com\/fr\/wp-json\/wp\/v2\/types\/page"}],"author":[{"embeddable":true,"href":"https:\/\/dxplastiques.com\/fr\/wp-json\/wp\/v2\/users\/1"}],"replies":[{"embeddable":true,"href":"https:\/\/dxplastiques.com\/fr\/wp-json\/wp\/v2\/comments?post=324"}],"version-history":[{"count":7,"href":"https:\/\/dxplastiques.com\/fr\/wp-json\/wp\/v2\/pages\/324\/revisions"}],"predecessor-version":[{"id":916,"href":"https:\/\/dxplastiques.com\/fr\/wp-json\/wp\/v2\/pages\/324\/revisions\/916"}],"up":[{"embeddable":true,"href":"https:\/\/dxplastiques.com\/fr\/wp-json\/wp\/v2\/pages\/260"}],"wp:attachment":[{"href":"https:\/\/dxplastiques.com\/fr\/wp-json\/wp\/v2\/media?parent=324"}],"curies":[{"name":"wp","href":"https:\/\/api.w.org\/{rel}","templated":true}]}}