{"id":3,"date":"2021-06-29T20:52:15","date_gmt":"2021-06-29T20:52:15","guid":{"rendered":"https:\/\/dxplastiques.com\/?page_id=3"},"modified":"2024-03-06T20:19:29","modified_gmt":"2024-03-07T01:19:29","slug":"politique-de-confidentialite","status":"publish","type":"page","link":"https:\/\/dxplastiques.com\/fr\/politique-de-confidentialite\/","title":{"rendered":"Politique de confidentialit\u00e9"},"content":{"rendered":"<div id=\"pl-3\"  class=\"panel-layout\" ><div id=\"pg-3-0\"  class=\"panel-grid panel-has-style\" ><div class=\"row_spacing panel-row-style panel-row-style-for-3-0\" ><div id=\"pgc-3-0-0\"  class=\"panel-grid-cell\" ><div id=\"panel-3-0-0-0\" class=\"so-panel widget widget_black-studio-tinymce widget_black_studio_tinymce panel-first-child panel-last-child\" data-index=\"0\" ><div class=\"textwidget\"><h1><span class=\"title_black_upp\" style=\"color: #890029;\">Politique de confidentialit\u00e9<\/span><\/h1>\n<p><strong>Introduction<\/strong><br \/>\nDevant le d\u00e9veloppement des nouveaux outils de communication, il est n\u00e9cessaire de porter une attention particuli\u00e8re \u00e0 la protection de la vie priv\u00e9e. C'est pourquoi, nous nous engageons \u00e0 respecter la confidentialit\u00e9 des renseignements personnels que nous collectons.<\/p>\n<hr \/>\n<p class=\"subtitle\">Collecte des renseignements personnels<\/p>\n<p>Nous collectons les renseignements suivants\u00a0:<\/p>\n<ul>\n<li>Nom<\/li>\n<li>Pr\u00e9nom<\/li>\n<li>Adresse \u00e9lectronique<\/li>\n<li>Num\u00e9ro de t\u00e9l\u00e9phone \/ t\u00e9l\u00e9copieur<\/li>\n<li>Entreprise<\/li>\n<li>CV<\/li>\n<\/ul>\n<p>Les renseignements personnels que nous collectons sont recueillis au travers de formulaires et gr\u00e2ce \u00e0 l'interactivit\u00e9 \u00e9tablie entre vous et notre site Web. Nous utilisons \u00e9galement, comme indiqu\u00e9 dans la section suivante, des fichiers t\u00e9moins et\/ou journaux pour r\u00e9unir des informations vous concernant.<\/p>\n<hr \/>\n<p class=\"subtitle\">Responsable de la protection des renseignements personnels<\/p>\n<p>Chez DX Plastiques le responsable de la protection des renseignements personnels est Simon Hamel.<\/p>\n<p>Pour le contacter :<br \/>\ncourriel : info@dxplastiques.com<\/p>\n<hr \/>\n<p class=\"subtitle\">Formulaires et interactivit\u00e9<\/p>\n<p>Vos renseignements personnels sont collect\u00e9s par le biais de formulaires, \u00e0 savoir\u00a0:<\/p>\n<ul>\n<li>Formulaire de demande d'informations<\/li>\n<li>Formulaire de demande d'emploi<\/li>\n<li>Formulaire de demande de rencontre<\/li>\n<\/ul>\n<p>Nous utilisons les renseignements ainsi collect\u00e9s pour les finalit\u00e9s suivantes\u00a0:<\/p>\n<ul>\n<li>Contact<\/li>\n<li>Gestion du site Web<\/li>\n<li>Suivi client<\/li>\n<\/ul>\n<hr \/>\n<p class=\"subtitle\">Fichiers journaux et t\u00e9moins<\/p>\n<p>Nous recueillons certaines informations par le biais de fichiers journaux (log file) et de fichiers t\u00e9moins (cookies). Il s'agit principalement des informations suivantes\u00a0:<\/p>\n<p class=\"subtitle\">Donn\u00e9es analytiques anonymes<\/p>\n<p>Nous utilisons des outils de r\u00e9cup\u00e9ration de donn\u00e9es anonymes comme la provenance, le type de navigateur utilis\u00e9, le nombre de pages vues, dans le but d'am\u00e9liorer notre site Internet et de mieux vous servir.<\/p>\n<ul>\n<li>Google Analytics - <a href=\"https:\/\/policies.google.com\/privacy?hl=fr\" target=\"_blank\" rel=\"noopener\">R\u00e8gles de confidentialit\u00e9 de Google Analytics<\/a><\/li>\n<li>Remarketing (publicit\u00e9)<br \/>\nCes donn\u00e9es nous permettent d'afficher de la publicit\u00e9 sur d'autres site selon vos int\u00e9r\u00eats lors de la navigation sur notre site. Vous pouvez en tout temps retirer ces informations en suivant la proc\u00e9dure des - <a href=\"https:\/\/policies.google.com\/privacy?hl=fr\" target=\"_blank\" rel=\"noopener\">R\u00e8gles de confidentialit\u00e9 de Google Analytics<\/a><\/li>\n<\/ul>\n<p>Le recours \u00e0 de tels fichiers nous permet\u00a0:<\/p>\n<ul>\n<li>D'obtenir des statistiques anonymes sur l'utilisation du site.<\/li>\n<li>D'am\u00e9liorer la qualit\u00e9 du contenu, l'affichage et les performances du site.<\/li>\n<\/ul>\n<hr \/>\n<p class=\"subtitle\">Droit d'opposition et de retrait<\/p>\n<p>Nous nous engageons \u00e0 vous offrir un droit d'opposition et de retrait quant \u00e0 vos renseignements personnels. Le droit d'opposition s'entend comme \u00e9tant la possibilit\u00e9 offerte aux internautes de refuser que leurs renseignements personnels soient utilis\u00e9s \u00e0 certaines fins mentionn\u00e9es lors de la collecte.<\/p>\n<p>Le droit de retrait s'entend comme \u00e9tant la possibilit\u00e9 offerte aux internautes de demander \u00e0 ce que leurs renseignements personnels ne figurent plus, par exemple, dans une liste de diffusion.<\/p>\n<p>Pour pouvoir exercer ces droits, vous pouvez nous \u00e9crire\u00a0:<br \/>\n1044, rue Renault,<br \/>\nL\u00e9vis QC G6Z 2Y8<br \/>\nCourriel : web@dxplastiques.com<br \/>\nT\u00e9l\u00e9phone : 418 834-4495<\/p>\n<hr \/>\n<p class=\"subtitle\">Droit d'acc\u00e8s<\/p>\n<p>Nous nous engageons \u00e0 reconna\u00eetre un droit d'acc\u00e8s et de rectification aux personnes concern\u00e9es d\u00e9sireuses de consulter, modifier, voire radier les informations les concernant.<\/p>\n<p>L'exercice de ce droit se fera par \u00e9crit ou par t\u00e9l\u00e9phone\u00a0:<br \/>\n1044, rue Renault,<br \/>\nL\u00e9vis QC G6Z 2Y8<br \/>\nCourriel : web@dxplastiques.com<br \/>\nT\u00e9l\u00e9phone : 418 834-4495<\/p>\n<hr \/>\n<p class=\"subtitle\">S\u00e9curit\u00e9<\/p>\n<p>Les renseignements personnels que nous collectons sont conserv\u00e9s dans un environnement s\u00e9curis\u00e9. Les personnes travaillant pour nous sont tenues de respecter la confidentialit\u00e9 de vos informations.<\/p>\n<p>Pour assurer la s\u00e9curit\u00e9 de vos renseignements personnels, nous avons recours aux mesures suivantes\u00a0:<\/p>\n<ul>\n<li>Protocole SSL (Secure Sockets Layer)<\/li>\n<li>Sauvegarde informatique<\/li>\n<li>Identifiant \/ mot de passe<\/li>\n<li>Pare-feu (Firewalls)<\/li>\n<\/ul>\n<p>Nous nous engageons \u00e0 maintenir un haut degr\u00e9 de confidentialit\u00e9 en int\u00e9grant les derni\u00e8res innovations technologiques permettant d'assurer la confidentialit\u00e9 de vos transactions. Toutefois, comme aucun m\u00e9canisme n'offre une s\u00e9curit\u00e9 maximale, une part de risque est toujours pr\u00e9sente lorsque l'on utilise Internet pour transmettre des renseignements personnels.<\/p>\n<\/div><\/div><\/div><\/div><\/div><\/div>","protected":false},"excerpt":{"rendered":"<p>Politique de confidentialit\u00e9 Introduction Devant le d\u00e9veloppement des nouveaux outils de communication, il est n\u00e9cessaire de porter une attention particuli\u00e8re \u00e0 la protection de la vie priv\u00e9e. C&rsquo;est pourquoi, nous nous engageons \u00e0 respecter la confidentialit\u00e9 des renseignements personnels que nous collectons. Collecte des renseignements personnels Nous collectons les renseignements suivants\u00a0: Nom Pr\u00e9nom Adresse \u00e9lectronique [&hellip;]<\/p>\n","protected":false},"author":1,"featured_media":0,"parent":0,"menu_order":100,"comment_status":"closed","ping_status":"open","template":"","meta":{"_acf_changed":false,"footnotes":""},"class_list":["post-3","page","type-page","status-publish","hentry"],"acf":[],"yoast_head":"<!-- This site is optimized with the Yoast SEO plugin v27.3 - https:\/\/yoast.com\/product\/yoast-seo-wordpress\/ -->\n<title>Politique de confidentialit\u00e9 - DX Plastiques<\/title>\n<meta name=\"robots\" content=\"index, follow, max-snippet:-1, max-image-preview:large, max-video-preview:-1\" \/>\n<link rel=\"canonical\" href=\"https:\/\/dxplastiques.com\/fr\/politique-de-confidentialite\/\" \/>\n<meta property=\"og:locale\" content=\"fr_FR\" \/>\n<meta property=\"og:type\" content=\"article\" \/>\n<meta property=\"og:title\" content=\"Politique de confidentialit\u00e9 - DX Plastiques\" \/>\n<meta property=\"og:description\" content=\"Politique de confidentialit\u00e9 Introduction Devant le d\u00e9veloppement des nouveaux outils de communication, il est n\u00e9cessaire de porter une attention particuli\u00e8re \u00e0 la protection de la vie priv\u00e9e. C&#039;est pourquoi, nous nous engageons \u00e0 respecter la confidentialit\u00e9 des renseignements personnels que nous collectons. Collecte des renseignements personnels Nous collectons les renseignements suivants\u00a0: Nom Pr\u00e9nom Adresse \u00e9lectronique [&hellip;]\" \/>\n<meta property=\"og:url\" content=\"https:\/\/dxplastiques.com\/fr\/politique-de-confidentialite\/\" \/>\n<meta property=\"og:site_name\" content=\"DX Plastiques\" \/>\n<meta property=\"article:modified_time\" content=\"2024-03-07T01:19:29+00:00\" \/>\n<meta property=\"og:image\" content=\"https:\/\/dxplastiques.com\/wp-content\/uploads\/2025\/12\/image_share.png\" \/>\n\t<meta property=\"og:image:width\" content=\"1200\" \/>\n\t<meta property=\"og:image:height\" content=\"628\" \/>\n\t<meta property=\"og:image:type\" content=\"image\/png\" \/>\n<meta name=\"twitter:card\" content=\"summary_large_image\" \/>\n<meta name=\"twitter:label1\" content=\"Dur\u00e9e de lecture estim\u00e9e\" \/>\n\t<meta name=\"twitter:data1\" content=\"3 minutes\" \/>\n<script type=\"application\/ld+json\" class=\"yoast-schema-graph\">{\"@context\":\"https:\\\/\\\/schema.org\",\"@graph\":[{\"@type\":\"WebPage\",\"@id\":\"https:\\\/\\\/dxplastiques.com\\\/fr\\\/politique-de-confidentialite\\\/\",\"url\":\"https:\\\/\\\/dxplastiques.com\\\/fr\\\/politique-de-confidentialite\\\/\",\"name\":\"Politique de confidentialit\u00e9 - DX Plastiques\",\"isPartOf\":{\"@id\":\"https:\\\/\\\/dxplastiques.com\\\/fr\\\/#website\"},\"datePublished\":\"2021-06-29T20:52:15+00:00\",\"dateModified\":\"2024-03-07T01:19:29+00:00\",\"breadcrumb\":{\"@id\":\"https:\\\/\\\/dxplastiques.com\\\/fr\\\/politique-de-confidentialite\\\/#breadcrumb\"},\"inLanguage\":\"fr-FR\",\"potentialAction\":[{\"@type\":\"ReadAction\",\"target\":[\"https:\\\/\\\/dxplastiques.com\\\/fr\\\/politique-de-confidentialite\\\/\"]}]},{\"@type\":\"BreadcrumbList\",\"@id\":\"https:\\\/\\\/dxplastiques.com\\\/fr\\\/politique-de-confidentialite\\\/#breadcrumb\",\"itemListElement\":[{\"@type\":\"ListItem\",\"position\":1,\"name\":\"Accueil\",\"item\":\"https:\\\/\\\/dxplastiques.com\\\/fr\\\/\"},{\"@type\":\"ListItem\",\"position\":2,\"name\":\"Politique de confidentialit\u00e9\"}]},{\"@type\":\"WebSite\",\"@id\":\"https:\\\/\\\/dxplastiques.com\\\/fr\\\/#website\",\"url\":\"https:\\\/\\\/dxplastiques.com\\\/fr\\\/\",\"name\":\"DX Plastiques\",\"description\":\"\",\"potentialAction\":[{\"@type\":\"SearchAction\",\"target\":{\"@type\":\"EntryPoint\",\"urlTemplate\":\"https:\\\/\\\/dxplastiques.com\\\/fr\\\/?s={search_term_string}\"},\"query-input\":{\"@type\":\"PropertyValueSpecification\",\"valueRequired\":true,\"valueName\":\"search_term_string\"}}],\"inLanguage\":\"fr-FR\"}]}<\/script>\n<!-- \/ Yoast SEO plugin. -->","yoast_head_json":{"title":"Politique de confidentialit\u00e9 - DX Plastiques","robots":{"index":"index","follow":"follow","max-snippet":"max-snippet:-1","max-image-preview":"max-image-preview:large","max-video-preview":"max-video-preview:-1"},"canonical":"https:\/\/dxplastiques.com\/fr\/politique-de-confidentialite\/","og_locale":"fr_FR","og_type":"article","og_title":"Politique de confidentialit\u00e9 - DX Plastiques","og_description":"Politique de confidentialit\u00e9 Introduction Devant le d\u00e9veloppement des nouveaux outils de communication, il est n\u00e9cessaire de porter une attention particuli\u00e8re \u00e0 la protection de la vie priv\u00e9e. C'est pourquoi, nous nous engageons \u00e0 respecter la confidentialit\u00e9 des renseignements personnels que nous collectons. Collecte des renseignements personnels Nous collectons les renseignements suivants\u00a0: Nom Pr\u00e9nom Adresse \u00e9lectronique [&hellip;]","og_url":"https:\/\/dxplastiques.com\/fr\/politique-de-confidentialite\/","og_site_name":"DX Plastiques","article_modified_time":"2024-03-07T01:19:29+00:00","og_image":[{"width":1200,"height":628,"url":"https:\/\/dxplastiques.com\/wp-content\/uploads\/2025\/12\/image_share.png","type":"image\/png"}],"twitter_card":"summary_large_image","twitter_misc":{"Dur\u00e9e de lecture estim\u00e9e":"3 minutes"},"schema":{"@context":"https:\/\/schema.org","@graph":[{"@type":"WebPage","@id":"https:\/\/dxplastiques.com\/fr\/politique-de-confidentialite\/","url":"https:\/\/dxplastiques.com\/fr\/politique-de-confidentialite\/","name":"Politique de confidentialit\u00e9 - DX Plastiques","isPartOf":{"@id":"https:\/\/dxplastiques.com\/fr\/#website"},"datePublished":"2021-06-29T20:52:15+00:00","dateModified":"2024-03-07T01:19:29+00:00","breadcrumb":{"@id":"https:\/\/dxplastiques.com\/fr\/politique-de-confidentialite\/#breadcrumb"},"inLanguage":"fr-FR","potentialAction":[{"@type":"ReadAction","target":["https:\/\/dxplastiques.com\/fr\/politique-de-confidentialite\/"]}]},{"@type":"BreadcrumbList","@id":"https:\/\/dxplastiques.com\/fr\/politique-de-confidentialite\/#breadcrumb","itemListElement":[{"@type":"ListItem","position":1,"name":"Accueil","item":"https:\/\/dxplastiques.com\/fr\/"},{"@type":"ListItem","position":2,"name":"Politique de confidentialit\u00e9"}]},{"@type":"WebSite","@id":"https:\/\/dxplastiques.com\/fr\/#website","url":"https:\/\/dxplastiques.com\/fr\/","name":"DX Plastiques","description":"","potentialAction":[{"@type":"SearchAction","target":{"@type":"EntryPoint","urlTemplate":"https:\/\/dxplastiques.com\/fr\/?s={search_term_string}"},"query-input":{"@type":"PropertyValueSpecification","valueRequired":true,"valueName":"search_term_string"}}],"inLanguage":"fr-FR"}]}},"_links":{"self":[{"href":"https:\/\/dxplastiques.com\/fr\/wp-json\/wp\/v2\/pages\/3","targetHints":{"allow":["GET"]}}],"collection":[{"href":"https:\/\/dxplastiques.com\/fr\/wp-json\/wp\/v2\/pages"}],"about":[{"href":"https:\/\/dxplastiques.com\/fr\/wp-json\/wp\/v2\/types\/page"}],"author":[{"embeddable":true,"href":"https:\/\/dxplastiques.com\/fr\/wp-json\/wp\/v2\/users\/1"}],"replies":[{"embeddable":true,"href":"https:\/\/dxplastiques.com\/fr\/wp-json\/wp\/v2\/comments?post=3"}],"version-history":[{"count":7,"href":"https:\/\/dxplastiques.com\/fr\/wp-json\/wp\/v2\/pages\/3\/revisions"}],"predecessor-version":[{"id":838,"href":"https:\/\/dxplastiques.com\/fr\/wp-json\/wp\/v2\/pages\/3\/revisions\/838"}],"wp:attachment":[{"href":"https:\/\/dxplastiques.com\/fr\/wp-json\/wp\/v2\/media?parent=3"}],"curies":[{"name":"wp","href":"https:\/\/api.w.org\/{rel}","templated":true}]}}