{"id":283,"date":"2021-07-07T16:35:50","date_gmt":"2021-07-07T20:35:50","guid":{"rendered":"https:\/\/dxplastiques.com\/?page_id=283"},"modified":"2025-12-05T13:40:17","modified_gmt":"2025-12-05T18:40:17","slug":"fabrication-de-moules","status":"publish","type":"page","link":"https:\/\/dxplastiques.com\/fr\/services\/fabrication-de-moules\/","title":{"rendered":"Fabrication de moules"},"content":{"rendered":"<div id=\"pl-283\"  class=\"panel-layout\" ><div id=\"pg-283-0\"  class=\"panel-grid panel-has-style\" ><div class=\"row_spacing panel-row-style panel-row-style-for-283-0\" ><div id=\"pgc-283-0-0\"  class=\"panel-grid-cell\" ><div id=\"panel-283-0-0-0\" class=\"so-panel widget widget_black-studio-tinymce widget_black_studio_tinymce panel-first-child panel-last-child\" data-index=\"0\" ><div class=\"list_style panel-widget-style panel-widget-style-for-283-0-0-0\" ><div class=\"textwidget\"><h1><span class=\"title_black_upp\">Expertise en fabrication de moules pour vos pi\u00e8ces thermoform\u00e9es<\/span><\/h1>\n<p><span class=\"title_box_grey\">DX Plastiques<\/span><\/p>\n<p>Notre \u00e9quipe vous proposera une solution r\u00e9aliste pour la fabrication de vos pi\u00e8ces par THERMOFORMAGE, adapt\u00e9e \u00e0 vos besoin qui tient compte de vos r\u00e9alit\u00e9s et contraintes en terme de volumes, durabilit\u00e9, d\u00e9lais etc\u2026<\/p>\n<p>Parce que les partenaires qui travaillent avec nous connaissent les param\u00e8tres inh\u00e9rents \u00e0 notre processus, nous pouvons donc prendre en charge votre conception, d\u00e8s le d\u00e9but si n\u00e9cessaire, et vous assister avec les services suivants :<\/p>\n<ul>\n<li><span class=\"big_text\">Mod\u00e9lisation 3D<\/span><\/li>\n<li><span class=\"big_text\">Impression 3D pour valider la conception<\/span><\/li>\n<\/ul>\n<\/div><\/div><\/div><\/div><div id=\"pgc-283-0-1\"  class=\"panel-grid-cell panel-grid-cell-empty\" ><\/div><div id=\"pgc-283-0-2\"  class=\"panel-grid-cell\" ><div id=\"panel-283-0-2-0\" class=\"so-panel widget widget_black-studio-tinymce widget_black_studio_tinymce panel-first-child\" data-index=\"1\" ><div class=\"textwidget\"><p><img loading=\"lazy\" decoding=\"async\" src=\"https:\/\/dxplastiques.com\/wp-content\/uploads\/2025\/12\/fabrication_moules.jpg\" alt=\"fabrication_moules\" width=\"1030\" height=\"466\" class=\"alignnone size-full wp-image-910\" \/><\/p>\n<\/div><\/div><div id=\"panel-283-0-2-1\" class=\"so-panel widget widget_black-studio-tinymce widget_black_studio_tinymce panel-last-child\" data-index=\"2\" ><div class=\"box_red box_red_full_right box_small panel-widget-style panel-widget-style-for-283-0-2-1\" ><div class=\"textwidget\"><p><span class=\"title_black_upp\">Travailler avec vous en \u00e9troite collaboration, voil\u00e0 la force de notre \u00e9quipe<\/span><\/p>\n<\/div><\/div><\/div><\/div><\/div><\/div><div id=\"pg-283-1\"  class=\"panel-grid panel-has-style\" ><div class=\"row_spacing_bottom panel-row-style panel-row-style-for-283-1\" ><div id=\"pgc-283-1-0\"  class=\"panel-grid-cell\" ><div id=\"panel-283-1-0-0\" class=\"so-panel widget widget_siteorigin-panels-builder panel-first-child\" data-index=\"3\" ><div class=\"box_dark panel-widget-style panel-widget-style-for-283-1-0-0\" ><div id=\"pl-w69332711606c5\"  class=\"panel-layout\" ><div id=\"pg-w69332711606c5-0\"  class=\"panel-grid panel-no-style\" ><div id=\"pgc-w69332711606c5-0-0\"  class=\"panel-grid-cell\" ><div id=\"panel-w69332711606c5-0-0-0\" class=\"so-panel widget widget_black-studio-tinymce widget_black_studio_tinymce panel-first-child panel-last-child\" data-index=\"0\" ><div class=\"textwidget\"><h2 style=\"text-align: center;\"><span class=\"title_black_upp\">Un large \u00e9ventail de mat\u00e9riaux<\/span><br \/><span class=\"title_box_white\">pour fabriquer des moules parfaitement adapt\u00e9s \u00e0 vos besoins<\/span><\/h2>\n<p style=\"text-align: center;\">Plusieurs caract\u00e9ristiques contribuent au choix du mat\u00e9riau \u00e0 utiliser pour la fabrication du moule qui servira au thermoformage de votre pi\u00e8ce dont le volume et la fr\u00e9quence de production ainsi que le niveau de d\u00e9tails attendu.<\/p>\n<\/div><\/div><\/div><\/div><div id=\"pg-w69332711606c5-1\"  class=\"panel-grid panel-has-style\" ><div class=\"row_materials panel-row-style panel-row-style-for-w69332711606c5-1\" ><div id=\"pgc-w69332711606c5-1-0\"  class=\"panel-grid-cell\" ><div id=\"panel-w69332711606c5-1-0-0\" class=\"so-panel widget widget_black-studio-tinymce widget_black_studio_tinymce panel-first-child panel-last-child\" data-index=\"1\" ><div class=\"list_style panel-widget-style panel-widget-style-for-w69332711606c5-1-0-0\" ><div class=\"textwidget\"><p><span class=\"big_text\">Mat\u00e9riaux en bois<\/span><\/p>\n<ul>\n<li>Fibre de pin<\/li>\n<li>\u00c9rable<\/li>\n<li>Mahogany<\/li>\n<li>Acajou<\/li>\n<\/ul>\n<\/div><\/div><\/div><\/div><div id=\"pgc-w69332711606c5-1-1\"  class=\"panel-grid-cell panel-grid-cell-empty\" ><\/div><div id=\"pgc-w69332711606c5-1-2\"  class=\"panel-grid-cell\" ><div id=\"panel-w69332711606c5-1-2-0\" class=\"so-panel widget widget_black-studio-tinymce widget_black_studio_tinymce panel-first-child panel-last-child\" data-index=\"2\" ><div class=\"list_style panel-widget-style panel-widget-style-for-w69332711606c5-1-2-0\" ><div class=\"textwidget\"><h3><span class=\"big_text\">Les avantages de la fabrication de moules en bois pour thermoformage<\/span><\/h3>\n<ul>\n<li>Peu dispendieux<\/li>\n<li>Cycle de d\u00e9veloppement rapide<\/li>\n<li>R\u00e9parations et modifications abordables<\/li>\n<li>Produits chez DX Plastiques<\/li>\n<\/ul>\n<\/div><\/div><\/div><\/div><\/div><\/div><div id=\"pg-w69332711606c5-2\"  class=\"panel-grid panel-has-style\" ><div class=\"row_materials panel-row-style panel-row-style-for-w69332711606c5-2\" ><div id=\"pgc-w69332711606c5-2-0\"  class=\"panel-grid-cell\" ><div id=\"panel-w69332711606c5-2-0-0\" class=\"so-panel widget widget_black-studio-tinymce widget_black_studio_tinymce panel-first-child panel-last-child\" data-index=\"3\" ><div class=\"list_style panel-widget-style panel-widget-style-for-w69332711606c5-2-0-0\" ><div class=\"textwidget\"><p><span class=\"big_text\">Mat\u00e9riaux en c\u00e9ramique<\/span><\/p>\n<ul>\n<li>Diff\u00e9rents composites<\/li>\n<\/ul>\n<\/div><\/div><\/div><\/div><div id=\"pgc-w69332711606c5-2-1\"  class=\"panel-grid-cell panel-grid-cell-empty\" ><\/div><div id=\"pgc-w69332711606c5-2-2\"  class=\"panel-grid-cell\" ><div id=\"panel-w69332711606c5-2-2-0\" class=\"so-panel widget widget_black-studio-tinymce widget_black_studio_tinymce panel-first-child panel-last-child\" data-index=\"4\" ><div class=\"list_style double_list panel-widget-style panel-widget-style-for-w69332711606c5-2-2-0\" ><div class=\"textwidget\"><h3><span class=\"big_text\">Les avantages d\u2019un moule en c\u00e9ramique pour le thermoformage<\/span><\/h3>\n<ul>\n<li>Cycle de d\u00e9veloppement moyennement rapide<\/li>\n<li>Surfaces tr\u00e8s lisses<\/li>\n<li>Pr\u00e9cision dimensionnelle \u00e9lev\u00e9e<\/li>\n<li>Stabilit\u00e9 thermique<\/li>\n<\/ul>\n<ul>\n<li>Possibilit\u00e9 \u00e9lev\u00e9e de pr\u00e9cision dimensionnelle<\/li>\n<li>Cadence de production moyenne \u00e9lev\u00e9e<\/li>\n<li>Plus l\u00e9ger \u00e0 manipuler que l\u2019Ur\u00e9thane<\/li>\n<\/ul>\n<\/div><\/div><\/div><\/div><\/div><\/div><div id=\"pg-w69332711606c5-3\"  class=\"panel-grid panel-has-style\" ><div class=\"row_materials panel-row-style panel-row-style-for-w69332711606c5-3\" ><div id=\"pgc-w69332711606c5-3-0\"  class=\"panel-grid-cell\" ><div id=\"panel-w69332711606c5-3-0-0\" class=\"so-panel widget widget_black-studio-tinymce widget_black_studio_tinymce panel-first-child panel-last-child\" data-index=\"5\" ><div class=\"list_style panel-widget-style panel-widget-style-for-w69332711606c5-3-0-0\" ><div class=\"textwidget\"><p><span class=\"big_text\">Mat\u00e9riaux en ur\u00e9thane<\/span><\/p>\n<ul>\n<li>Polyur\u00e9thane<\/li>\n<li>Renshape monobloc<\/li>\n<li>Epoxy<\/li>\n<li>Repro<\/li>\n<\/ul>\n<\/div><\/div><\/div><\/div><div id=\"pgc-w69332711606c5-3-1\"  class=\"panel-grid-cell panel-grid-cell-empty\" ><\/div><div id=\"pgc-w69332711606c5-3-2\"  class=\"panel-grid-cell\" ><div id=\"panel-w69332711606c5-3-2-0\" class=\"so-panel widget widget_black-studio-tinymce widget_black_studio_tinymce panel-first-child panel-last-child\" data-index=\"6\" ><div class=\"list_style panel-widget-style panel-widget-style-for-w69332711606c5-3-2-0\" ><div class=\"textwidget\"><h3><span class=\"big_text\">Les avantages de l\u2019ur\u00e9thane pour la fabrication de moules de thermoformage<\/span><\/h3>\n<ul>\n<li>Peu \u00e0 moyennement dispendieux \u00e0 produire<\/li>\n<li>R\u00e9parations abordables<\/li>\n<li>Produit par DX Plastiques<\/li>\n<\/ul>\n<\/div><\/div><\/div><\/div><\/div><\/div><div id=\"pg-w69332711606c5-4\"  class=\"panel-grid panel-has-style\" ><div class=\"row_materials panel-row-style panel-row-style-for-w69332711606c5-4\" ><div id=\"pgc-w69332711606c5-4-0\"  class=\"panel-grid-cell\" ><div id=\"panel-w69332711606c5-4-0-0\" class=\"so-panel widget widget_black-studio-tinymce widget_black_studio_tinymce panel-first-child panel-last-child\" data-index=\"7\" ><div class=\"list_style panel-widget-style panel-widget-style-for-w69332711606c5-4-0-0\" ><div class=\"textwidget\"><p><span class=\"big_text\">Mat\u00e9riaux en m\u00e9tal<\/span><\/p>\n<ul>\n<li>Aluminium coul\u00e9<\/li>\n<li>Al. Microporeux<\/li>\n<li>Acier chrom\u00e9<\/li>\n<li>Nickel<\/li>\n<\/ul>\n<\/div><\/div><\/div><\/div><div id=\"pgc-w69332711606c5-4-1\"  class=\"panel-grid-cell panel-grid-cell-empty\" ><\/div><div id=\"pgc-w69332711606c5-4-2\"  class=\"panel-grid-cell\" ><div id=\"panel-w69332711606c5-4-2-0\" class=\"so-panel widget widget_black-studio-tinymce widget_black_studio_tinymce panel-first-child panel-last-child\" data-index=\"8\" ><div class=\"list_style double_list panel-widget-style panel-widget-style-for-w69332711606c5-4-2-0\" ><div class=\"textwidget\"><h3><span class=\"big_text\">Les avantages du m\u00e9tal dans la fabrication de moules<\/span><\/h3>\n<ul>\n<li>Cadence de production tr\u00e8s \u00e9lev\u00e9e<\/li>\n<li>Meilleur fini de surface<\/li>\n<li>Bas co\u00fbt de maintenance<\/li>\n<li>Longue dur\u00e9e de vie (selon l\u2019utilisation)<\/li>\n<\/ul>\n<ul>\n<li>Pr\u00e9cision dimensionnelle tr\u00e8s \u00e9lev\u00e9e<\/li>\n<li>N\u00e9cessite un syst\u00e8me de refroidissement<\/li>\n<\/ul>\n<\/div><\/div><\/div><\/div><\/div><\/div><\/div><\/div><\/div><div id=\"panel-283-1-0-1\" class=\"so-panel widget widget_black-studio-tinymce widget_black_studio_tinymce panel-last-child\" data-index=\"4\" ><div class=\"box_red box_red_full_left box_small mt-5 box_short panel-widget-style panel-widget-style-for-283-1-0-1\" ><div class=\"textwidget\"><p><span class=\"title_black_upp\">Dx plastiques n\u2019offre pas le service de fabrication de moules seulement<\/span><\/p>\n<\/div><\/div><\/div><\/div><div id=\"pgc-283-1-1\"  class=\"panel-grid-cell\" ><div id=\"panel-283-1-1-0\" class=\"so-panel widget widget_black-studio-tinymce widget_black_studio_tinymce panel-first-child panel-last-child\" data-index=\"5\" ><div class=\"img_small_mobi mt-5 img_right_small_overlap md-p-mb-0 panel-widget-style panel-widget-style-for-283-1-1-0\" ><div class=\"textwidget\"><p><img loading=\"lazy\" decoding=\"async\" src=\"https:\/\/dxplastiques.com\/wp-content\/uploads\/2021\/07\/materiaux_photos.png\" alt=\"materiaux\" width=\"523\" height=\"1260\" class=\"alignnone size-full wp-image-510\" \/><\/p>\n<\/div><\/div><\/div><\/div><\/div><\/div><\/div>","protected":false},"excerpt":{"rendered":"<p>Expertise en fabrication de moules pour vos pi\u00e8ces thermoform\u00e9es DX Plastiques Notre \u00e9quipe vous proposera une solution r\u00e9aliste pour la fabrication de vos pi\u00e8ces par THERMOFORMAGE, adapt\u00e9e \u00e0 vos besoin qui tient compte de vos r\u00e9alit\u00e9s et contraintes en terme de volumes, durabilit\u00e9, d\u00e9lais etc\u2026 Parce que les partenaires qui travaillent avec nous connaissent les [&hellip;]<\/p>\n","protected":false},"author":1,"featured_media":0,"parent":260,"menu_order":2,"comment_status":"closed","ping_status":"closed","template":"page-pre-footer.php","meta":{"_acf_changed":false,"footnotes":""},"class_list":["post-283","page","type-page","status-publish","hentry"],"acf":[],"yoast_head":"<!-- This site is optimized with the Yoast SEO plugin v27.3 - https:\/\/yoast.com\/product\/yoast-seo-wordpress\/ -->\n<title>Thermoformage : fabrication de moules<\/title>\n<meta name=\"description\" content=\"Plusieurs des moules que nous utilisons sont fabriqu\u00e9s \u00e0 l\u2019interne, vous assurant ainsi des d\u00e9lais de livraison plus rapides\" \/>\n<meta name=\"robots\" content=\"index, follow, max-snippet:-1, max-image-preview:large, max-video-preview:-1\" \/>\n<link rel=\"canonical\" href=\"https:\/\/dxplastiques.com\/fr\/services\/fabrication-de-moules\/\" \/>\n<meta property=\"og:locale\" content=\"fr_FR\" \/>\n<meta property=\"og:type\" content=\"article\" \/>\n<meta property=\"og:title\" content=\"Thermoformage : fabrication de moules\" \/>\n<meta property=\"og:description\" content=\"Plusieurs des moules que nous utilisons sont fabriqu\u00e9s \u00e0 l\u2019interne, vous assurant ainsi des d\u00e9lais de livraison plus rapides\" \/>\n<meta property=\"og:url\" content=\"https:\/\/dxplastiques.com\/fr\/services\/fabrication-de-moules\/\" \/>\n<meta property=\"og:site_name\" content=\"DX Plastiques\" \/>\n<meta property=\"article:modified_time\" content=\"2025-12-05T18:40:17+00:00\" \/>\n<meta property=\"og:image\" content=\"https:\/\/dxplastiques.com\/wp-content\/uploads\/2025\/12\/fabrication_moules.jpg\" \/>\n\t<meta property=\"og:image:width\" content=\"1030\" \/>\n\t<meta property=\"og:image:height\" content=\"466\" \/>\n\t<meta property=\"og:image:type\" content=\"image\/jpeg\" \/>\n<meta name=\"twitter:card\" content=\"summary_large_image\" \/>\n<meta name=\"twitter:label1\" content=\"Dur\u00e9e de lecture estim\u00e9e\" \/>\n\t<meta name=\"twitter:data1\" content=\"3 minutes\" \/>\n<script type=\"application\/ld+json\" class=\"yoast-schema-graph\">{\"@context\":\"https:\\\/\\\/schema.org\",\"@graph\":[{\"@type\":\"WebPage\",\"@id\":\"https:\\\/\\\/dxplastiques.com\\\/fr\\\/services\\\/fabrication-de-moules\\\/\",\"url\":\"https:\\\/\\\/dxplastiques.com\\\/fr\\\/services\\\/fabrication-de-moules\\\/\",\"name\":\"Thermoformage : fabrication de moules\",\"isPartOf\":{\"@id\":\"https:\\\/\\\/dxplastiques.com\\\/fr\\\/#website\"},\"primaryImageOfPage\":{\"@id\":\"https:\\\/\\\/dxplastiques.com\\\/fr\\\/services\\\/fabrication-de-moules\\\/#primaryimage\"},\"image\":{\"@id\":\"https:\\\/\\\/dxplastiques.com\\\/fr\\\/services\\\/fabrication-de-moules\\\/#primaryimage\"},\"thumbnailUrl\":\"https:\\\/\\\/dxplastiques.com\\\/wp-content\\\/uploads\\\/2025\\\/12\\\/fabrication_moules.jpg\",\"datePublished\":\"2021-07-07T20:35:50+00:00\",\"dateModified\":\"2025-12-05T18:40:17+00:00\",\"description\":\"Plusieurs des moules que nous utilisons sont fabriqu\u00e9s \u00e0 l\u2019interne, vous assurant ainsi des d\u00e9lais de livraison plus rapides\",\"breadcrumb\":{\"@id\":\"https:\\\/\\\/dxplastiques.com\\\/fr\\\/services\\\/fabrication-de-moules\\\/#breadcrumb\"},\"inLanguage\":\"fr-FR\",\"potentialAction\":[{\"@type\":\"ReadAction\",\"target\":[\"https:\\\/\\\/dxplastiques.com\\\/fr\\\/services\\\/fabrication-de-moules\\\/\"]}]},{\"@type\":\"ImageObject\",\"inLanguage\":\"fr-FR\",\"@id\":\"https:\\\/\\\/dxplastiques.com\\\/fr\\\/services\\\/fabrication-de-moules\\\/#primaryimage\",\"url\":\"https:\\\/\\\/dxplastiques.com\\\/wp-content\\\/uploads\\\/2025\\\/12\\\/fabrication_moules.jpg\",\"contentUrl\":\"https:\\\/\\\/dxplastiques.com\\\/wp-content\\\/uploads\\\/2025\\\/12\\\/fabrication_moules.jpg\"},{\"@type\":\"BreadcrumbList\",\"@id\":\"https:\\\/\\\/dxplastiques.com\\\/fr\\\/services\\\/fabrication-de-moules\\\/#breadcrumb\",\"itemListElement\":[{\"@type\":\"ListItem\",\"position\":1,\"name\":\"Accueil\",\"item\":\"https:\\\/\\\/dxplastiques.com\\\/fr\\\/\"},{\"@type\":\"ListItem\",\"position\":2,\"name\":\"Services\",\"item\":\"https:\\\/\\\/dxplastiques.com\\\/fr\\\/services\\\/\"},{\"@type\":\"ListItem\",\"position\":3,\"name\":\"Fabrication de moules\"}]},{\"@type\":\"WebSite\",\"@id\":\"https:\\\/\\\/dxplastiques.com\\\/fr\\\/#website\",\"url\":\"https:\\\/\\\/dxplastiques.com\\\/fr\\\/\",\"name\":\"DX Plastiques\",\"description\":\"\",\"potentialAction\":[{\"@type\":\"SearchAction\",\"target\":{\"@type\":\"EntryPoint\",\"urlTemplate\":\"https:\\\/\\\/dxplastiques.com\\\/fr\\\/?s={search_term_string}\"},\"query-input\":{\"@type\":\"PropertyValueSpecification\",\"valueRequired\":true,\"valueName\":\"search_term_string\"}}],\"inLanguage\":\"fr-FR\"}]}<\/script>\n<!-- \/ Yoast SEO plugin. -->","yoast_head_json":{"title":"Thermoformage : fabrication de moules","description":"Plusieurs des moules que nous utilisons sont fabriqu\u00e9s \u00e0 l\u2019interne, vous assurant ainsi des d\u00e9lais de livraison plus rapides","robots":{"index":"index","follow":"follow","max-snippet":"max-snippet:-1","max-image-preview":"max-image-preview:large","max-video-preview":"max-video-preview:-1"},"canonical":"https:\/\/dxplastiques.com\/fr\/services\/fabrication-de-moules\/","og_locale":"fr_FR","og_type":"article","og_title":"Thermoformage : fabrication de moules","og_description":"Plusieurs des moules que nous utilisons sont fabriqu\u00e9s \u00e0 l\u2019interne, vous assurant ainsi des d\u00e9lais de livraison plus rapides","og_url":"https:\/\/dxplastiques.com\/fr\/services\/fabrication-de-moules\/","og_site_name":"DX Plastiques","article_modified_time":"2025-12-05T18:40:17+00:00","og_image":[{"width":1030,"height":466,"url":"https:\/\/dxplastiques.com\/wp-content\/uploads\/2025\/12\/fabrication_moules.jpg","type":"image\/jpeg"}],"twitter_card":"summary_large_image","twitter_misc":{"Dur\u00e9e de lecture estim\u00e9e":"3 minutes"},"schema":{"@context":"https:\/\/schema.org","@graph":[{"@type":"WebPage","@id":"https:\/\/dxplastiques.com\/fr\/services\/fabrication-de-moules\/","url":"https:\/\/dxplastiques.com\/fr\/services\/fabrication-de-moules\/","name":"Thermoformage : fabrication de moules","isPartOf":{"@id":"https:\/\/dxplastiques.com\/fr\/#website"},"primaryImageOfPage":{"@id":"https:\/\/dxplastiques.com\/fr\/services\/fabrication-de-moules\/#primaryimage"},"image":{"@id":"https:\/\/dxplastiques.com\/fr\/services\/fabrication-de-moules\/#primaryimage"},"thumbnailUrl":"https:\/\/dxplastiques.com\/wp-content\/uploads\/2025\/12\/fabrication_moules.jpg","datePublished":"2021-07-07T20:35:50+00:00","dateModified":"2025-12-05T18:40:17+00:00","description":"Plusieurs des moules que nous utilisons sont fabriqu\u00e9s \u00e0 l\u2019interne, vous assurant ainsi des d\u00e9lais de livraison plus rapides","breadcrumb":{"@id":"https:\/\/dxplastiques.com\/fr\/services\/fabrication-de-moules\/#breadcrumb"},"inLanguage":"fr-FR","potentialAction":[{"@type":"ReadAction","target":["https:\/\/dxplastiques.com\/fr\/services\/fabrication-de-moules\/"]}]},{"@type":"ImageObject","inLanguage":"fr-FR","@id":"https:\/\/dxplastiques.com\/fr\/services\/fabrication-de-moules\/#primaryimage","url":"https:\/\/dxplastiques.com\/wp-content\/uploads\/2025\/12\/fabrication_moules.jpg","contentUrl":"https:\/\/dxplastiques.com\/wp-content\/uploads\/2025\/12\/fabrication_moules.jpg"},{"@type":"BreadcrumbList","@id":"https:\/\/dxplastiques.com\/fr\/services\/fabrication-de-moules\/#breadcrumb","itemListElement":[{"@type":"ListItem","position":1,"name":"Accueil","item":"https:\/\/dxplastiques.com\/fr\/"},{"@type":"ListItem","position":2,"name":"Services","item":"https:\/\/dxplastiques.com\/fr\/services\/"},{"@type":"ListItem","position":3,"name":"Fabrication de moules"}]},{"@type":"WebSite","@id":"https:\/\/dxplastiques.com\/fr\/#website","url":"https:\/\/dxplastiques.com\/fr\/","name":"DX Plastiques","description":"","potentialAction":[{"@type":"SearchAction","target":{"@type":"EntryPoint","urlTemplate":"https:\/\/dxplastiques.com\/fr\/?s={search_term_string}"},"query-input":{"@type":"PropertyValueSpecification","valueRequired":true,"valueName":"search_term_string"}}],"inLanguage":"fr-FR"}]}},"_links":{"self":[{"href":"https:\/\/dxplastiques.com\/fr\/wp-json\/wp\/v2\/pages\/283","targetHints":{"allow":["GET"]}}],"collection":[{"href":"https:\/\/dxplastiques.com\/fr\/wp-json\/wp\/v2\/pages"}],"about":[{"href":"https:\/\/dxplastiques.com\/fr\/wp-json\/wp\/v2\/types\/page"}],"author":[{"embeddable":true,"href":"https:\/\/dxplastiques.com\/fr\/wp-json\/wp\/v2\/users\/1"}],"replies":[{"embeddable":true,"href":"https:\/\/dxplastiques.com\/fr\/wp-json\/wp\/v2\/comments?post=283"}],"version-history":[{"count":8,"href":"https:\/\/dxplastiques.com\/fr\/wp-json\/wp\/v2\/pages\/283\/revisions"}],"predecessor-version":[{"id":912,"href":"https:\/\/dxplastiques.com\/fr\/wp-json\/wp\/v2\/pages\/283\/revisions\/912"}],"up":[{"embeddable":true,"href":"https:\/\/dxplastiques.com\/fr\/wp-json\/wp\/v2\/pages\/260"}],"wp:attachment":[{"href":"https:\/\/dxplastiques.com\/fr\/wp-json\/wp\/v2\/media?parent=283"}],"curies":[{"name":"wp","href":"https:\/\/api.w.org\/{rel}","templated":true}]}}