{"id":262,"date":"2021-07-07T15:55:20","date_gmt":"2021-07-07T19:55:20","guid":{"rendered":"https:\/\/dxplastiques.com\/?page_id=262"},"modified":"2025-12-05T13:35:50","modified_gmt":"2025-12-05T18:35:50","slug":"support-a-la-conception","status":"publish","type":"page","link":"https:\/\/dxplastiques.com\/fr\/services\/support-a-la-conception\/","title":{"rendered":"Support \u00e0 la conception"},"content":{"rendered":"<div id=\"pl-262\"  class=\"panel-layout\" ><div id=\"pg-262-0\"  class=\"panel-grid panel-has-style\" ><div class=\"row_spacing panel-row-style panel-row-style-for-262-0\" ><div id=\"pgc-262-0-0\"  class=\"panel-grid-cell\" ><div id=\"panel-262-0-0-0\" class=\"so-panel widget widget_black-studio-tinymce widget_black_studio_tinymce panel-first-child panel-last-child\" data-index=\"0\" ><div class=\"textwidget\"><h1><span class=\"title_black_upp\">Support \u00e0 la conception de pi\u00e8ces en plastique par thermoformage<\/span><\/h1>\n<p><span class=\"title_box_grey\">DX Plastiques<\/span><\/p>\n<p>Notre \u00e9quipe peut vous accompagner dans le d\u00e9veloppement et la conception de vos pi\u00e8ces en plastique par thermoformage, que vous soyez \u00e0 l\u2019\u00e9tape de l\u2019\u00e9valuation de votre projet ou \u00e0 sa conception. Petits ou grands, simples ou complexes, \u00e0 partir d\u2019un croquis, d\u2019un dessin technique ou d\u2019un \u00e9chantillon de r\u00e9f\u00e9rence, nous avons l\u2019expertise pour vous aider.<\/p>\n<\/div><\/div><\/div><div id=\"pgc-262-0-1\"  class=\"panel-grid-cell panel-grid-cell-empty\" ><\/div><div id=\"pgc-262-0-2\"  class=\"panel-grid-cell\" ><div id=\"panel-262-0-2-0\" class=\"so-panel widget widget_black-studio-tinymce widget_black_studio_tinymce panel-first-child panel-last-child\" data-index=\"1\" ><div class=\"textwidget\"><p><img loading=\"lazy\" decoding=\"async\" src=\"https:\/\/dxplastiques.com\/wp-content\/uploads\/2025\/12\/support_conception_thermoformage.jpg\" alt=\"support_conception_thermoformage\" width=\"1030\" height=\"466\" class=\"alignnone size-full wp-image-905\" \/><\/p>\n<\/div><\/div><\/div><\/div><\/div><div id=\"pg-262-1\"  class=\"panel-grid panel-has-style\" ><div class=\"row_custom row_lines panel-row-style panel-row-style-for-262-1\" ><div id=\"pgc-262-1-0\"  class=\"panel-grid-cell\" ><div id=\"panel-262-1-0-0\" class=\"so-panel widget widget_black-studio-tinymce widget_black_studio_tinymce panel-first-child panel-last-child\" data-index=\"2\" ><div class=\"textwidget\"><p><img loading=\"lazy\" decoding=\"async\" class=\"alignnone size-full wp-image-271\" src=\"https:\/\/dxplastiques.com\/wp-content\/uploads\/2021\/07\/service_pieces.jpg\" alt=\"service pieces\" width=\"740\" height=\"466\" \/><\/p>\n<\/div><\/div><\/div><div id=\"pgc-262-1-1\"  class=\"panel-grid-cell\" ><div id=\"panel-262-1-1-0\" class=\"so-panel widget widget_black-studio-tinymce widget_black_studio_tinymce panel-first-child panel-last-child\" data-index=\"3\" ><div class=\"box_grey box_right_extra_width panel-widget-style panel-widget-style-for-262-1-1-0\" ><div class=\"textwidget\"><h2><span class=\"title_black_upp\">Service de d\u00e9veloppement de pi\u00e8ces<\/span><br \/>\n<span class=\"title_box_white\">Par thermoformage<\/span><\/h2>\n<p>Notre \u00e9quipe vous proposera une solution r\u00e9aliste pour la fabrication de vos pi\u00e8ces par thermoformage qui tient compte des contraintes li\u00e9es \u00e0 ce mode de production. Gr\u00e2ce \u00e0 la mod\u00e9lisation 3D (que nous pouvons faire pour vous si besoin avec nos partenaires sp\u00e9cialis\u00e9s dans le domaine), vous pourrez visualiser votre pi\u00e8ce \u00e0 toutes les \u00e9tapes de sa conception. Travailler avec vous, en \u00e9troite collaboration, voil\u00e0 la force de notre \u00e9quipe.<\/p>\n<\/div><\/div><\/div><\/div><\/div><\/div><div id=\"pg-262-2\"  class=\"panel-grid panel-has-style\" ><div class=\"row_spacing row_lines panel-row-style panel-row-style-for-262-2\" ><div id=\"pgc-262-2-0\"  class=\"panel-grid-cell\" ><div id=\"panel-262-2-0-0\" class=\"so-panel widget widget_black-studio-tinymce widget_black_studio_tinymce panel-first-child panel-last-child\" data-index=\"4\" ><div class=\"box_dark list_style box_left_extra_width panel-widget-style panel-widget-style-for-262-2-0-0\" ><div class=\"textwidget\"><h2><span class=\"big_text\">Pourquoi travailler la conception de vos pi\u00e8ces thermoform\u00e9es en collaboration avec nous?<\/span><\/h2>\n<p>L\u2019\u00e9quipe DX Plastiques vous accompagnera vers un choix judicieux pour vos pi\u00e8ces thermoform\u00e9es en prenant en compte un ensemble de facteurs\u00a0:<\/p>\n<ul>\n<li>Contraintes et limites du proc\u00e9d\u00e9 de thermoformage<\/li>\n<li>Mat\u00e9riel appropri\u00e9 en fonction des conditions d\u2019utilisation de vos pi\u00e8ces<\/li>\n<li>Mat\u00e9riaux de moules et outillages en fonction de vos besoins<\/li>\n<li>Nombre d\u2019empreintes de moules et gabarits adapt\u00e9 \u00e0 vos quantit\u00e9s afin de maximiser le rapport qualit\u00e9\/prix<\/li>\n<\/ul>\n<\/div><\/div><\/div><\/div><div id=\"pgc-262-2-1\"  class=\"panel-grid-cell\" ><div id=\"panel-262-2-1-0\" class=\"so-panel widget widget_black-studio-tinymce widget_black_studio_tinymce panel-first-child panel-last-child\" data-index=\"5\" ><div class=\"textwidget\"><p><img loading=\"lazy\" decoding=\"async\" class=\"alignnone size-full wp-image-274\" src=\"https:\/\/dxplastiques.com\/wp-content\/uploads\/2021\/07\/conception_thermoformage.jpg\" alt=\"conception thermoformage\" width=\"740\" height=\"466\" \/><\/p>\n<\/div><\/div><\/div><\/div><\/div><\/div>","protected":false},"excerpt":{"rendered":"<p>Support \u00e0 la conception de pi\u00e8ces en plastique par thermoformage DX Plastiques Notre \u00e9quipe peut vous accompagner dans le d\u00e9veloppement et la conception de vos pi\u00e8ces en plastique par thermoformage, que vous soyez \u00e0 l\u2019\u00e9tape de l\u2019\u00e9valuation de votre projet ou \u00e0 sa conception. Petits ou grands, simples ou complexes, \u00e0 partir d\u2019un croquis, d\u2019un [&hellip;]<\/p>\n","protected":false},"author":1,"featured_media":0,"parent":260,"menu_order":1,"comment_status":"closed","ping_status":"closed","template":"page-pre-footer.php","meta":{"_acf_changed":false,"footnotes":""},"class_list":["post-262","page","type-page","status-publish","hentry"],"acf":[],"yoast_head":"<!-- This site is optimized with the Yoast SEO plugin v27.4 - https:\/\/yoast.com\/product\/yoast-seo-wordpress\/ -->\n<title>Thermoformage : conception de pi\u00e8ces de plastique<\/title>\n<meta name=\"description\" content=\"D\u2019un simple croquis, d\u2019un dessin technique ou d\u2019une pi\u00e8ce existante, notre \u00e9quipe vous accompagne dans la conception de votre pi\u00e8ce thermoform\u00e9e\" \/>\n<meta name=\"robots\" content=\"index, follow, max-snippet:-1, max-image-preview:large, max-video-preview:-1\" \/>\n<link rel=\"canonical\" href=\"https:\/\/dxplastiques.com\/fr\/services\/support-a-la-conception\/\" \/>\n<meta property=\"og:locale\" content=\"fr_FR\" \/>\n<meta property=\"og:type\" content=\"article\" \/>\n<meta property=\"og:title\" content=\"Thermoformage : conception de pi\u00e8ces de plastique\" \/>\n<meta property=\"og:description\" content=\"D\u2019un simple croquis, d\u2019un dessin technique ou d\u2019une pi\u00e8ce existante, notre \u00e9quipe vous accompagne dans la conception de votre pi\u00e8ce thermoform\u00e9e\" \/>\n<meta property=\"og:url\" content=\"https:\/\/dxplastiques.com\/fr\/services\/support-a-la-conception\/\" \/>\n<meta property=\"og:site_name\" content=\"DX Plastiques\" \/>\n<meta property=\"article:modified_time\" content=\"2025-12-05T18:35:50+00:00\" \/>\n<meta property=\"og:image\" content=\"https:\/\/dxplastiques.com\/wp-content\/uploads\/2025\/12\/support_conception_thermoformage.jpg\" \/>\n\t<meta property=\"og:image:width\" content=\"1030\" \/>\n\t<meta property=\"og:image:height\" content=\"466\" \/>\n\t<meta property=\"og:image:type\" content=\"image\/jpeg\" \/>\n<meta name=\"twitter:card\" content=\"summary_large_image\" \/>\n<meta name=\"twitter:label1\" content=\"Dur\u00e9e de lecture estim\u00e9e\" \/>\n\t<meta name=\"twitter:data1\" content=\"2 minutes\" \/>\n<script type=\"application\/ld+json\" class=\"yoast-schema-graph\">{\"@context\":\"https:\\\/\\\/schema.org\",\"@graph\":[{\"@type\":\"WebPage\",\"@id\":\"https:\\\/\\\/dxplastiques.com\\\/fr\\\/services\\\/support-a-la-conception\\\/\",\"url\":\"https:\\\/\\\/dxplastiques.com\\\/fr\\\/services\\\/support-a-la-conception\\\/\",\"name\":\"Thermoformage : conception de pi\u00e8ces de plastique\",\"isPartOf\":{\"@id\":\"https:\\\/\\\/dxplastiques.com\\\/fr\\\/#website\"},\"primaryImageOfPage\":{\"@id\":\"https:\\\/\\\/dxplastiques.com\\\/fr\\\/services\\\/support-a-la-conception\\\/#primaryimage\"},\"image\":{\"@id\":\"https:\\\/\\\/dxplastiques.com\\\/fr\\\/services\\\/support-a-la-conception\\\/#primaryimage\"},\"thumbnailUrl\":\"https:\\\/\\\/dxplastiques.com\\\/wp-content\\\/uploads\\\/2025\\\/12\\\/support_conception_thermoformage.jpg\",\"datePublished\":\"2021-07-07T19:55:20+00:00\",\"dateModified\":\"2025-12-05T18:35:50+00:00\",\"description\":\"D\u2019un simple croquis, d\u2019un dessin technique ou d\u2019une pi\u00e8ce existante, notre \u00e9quipe vous accompagne dans la conception de votre pi\u00e8ce thermoform\u00e9e\",\"breadcrumb\":{\"@id\":\"https:\\\/\\\/dxplastiques.com\\\/fr\\\/services\\\/support-a-la-conception\\\/#breadcrumb\"},\"inLanguage\":\"fr-FR\",\"potentialAction\":[{\"@type\":\"ReadAction\",\"target\":[\"https:\\\/\\\/dxplastiques.com\\\/fr\\\/services\\\/support-a-la-conception\\\/\"]}]},{\"@type\":\"ImageObject\",\"inLanguage\":\"fr-FR\",\"@id\":\"https:\\\/\\\/dxplastiques.com\\\/fr\\\/services\\\/support-a-la-conception\\\/#primaryimage\",\"url\":\"https:\\\/\\\/dxplastiques.com\\\/wp-content\\\/uploads\\\/2025\\\/12\\\/support_conception_thermoformage.jpg\",\"contentUrl\":\"https:\\\/\\\/dxplastiques.com\\\/wp-content\\\/uploads\\\/2025\\\/12\\\/support_conception_thermoformage.jpg\"},{\"@type\":\"BreadcrumbList\",\"@id\":\"https:\\\/\\\/dxplastiques.com\\\/fr\\\/services\\\/support-a-la-conception\\\/#breadcrumb\",\"itemListElement\":[{\"@type\":\"ListItem\",\"position\":1,\"name\":\"Accueil\",\"item\":\"https:\\\/\\\/dxplastiques.com\\\/fr\\\/\"},{\"@type\":\"ListItem\",\"position\":2,\"name\":\"Services\",\"item\":\"https:\\\/\\\/dxplastiques.com\\\/fr\\\/services\\\/\"},{\"@type\":\"ListItem\",\"position\":3,\"name\":\"Support \u00e0 la conception\"}]},{\"@type\":\"WebSite\",\"@id\":\"https:\\\/\\\/dxplastiques.com\\\/fr\\\/#website\",\"url\":\"https:\\\/\\\/dxplastiques.com\\\/fr\\\/\",\"name\":\"DX Plastiques\",\"description\":\"\",\"potentialAction\":[{\"@type\":\"SearchAction\",\"target\":{\"@type\":\"EntryPoint\",\"urlTemplate\":\"https:\\\/\\\/dxplastiques.com\\\/fr\\\/?s={search_term_string}\"},\"query-input\":{\"@type\":\"PropertyValueSpecification\",\"valueRequired\":true,\"valueName\":\"search_term_string\"}}],\"inLanguage\":\"fr-FR\"}]}<\/script>\n<!-- \/ Yoast SEO plugin. -->","yoast_head_json":{"title":"Thermoformage : conception de pi\u00e8ces de plastique","description":"D\u2019un simple croquis, d\u2019un dessin technique ou d\u2019une pi\u00e8ce existante, notre \u00e9quipe vous accompagne dans la conception de votre pi\u00e8ce thermoform\u00e9e","robots":{"index":"index","follow":"follow","max-snippet":"max-snippet:-1","max-image-preview":"max-image-preview:large","max-video-preview":"max-video-preview:-1"},"canonical":"https:\/\/dxplastiques.com\/fr\/services\/support-a-la-conception\/","og_locale":"fr_FR","og_type":"article","og_title":"Thermoformage : conception de pi\u00e8ces de plastique","og_description":"D\u2019un simple croquis, d\u2019un dessin technique ou d\u2019une pi\u00e8ce existante, notre \u00e9quipe vous accompagne dans la conception de votre pi\u00e8ce thermoform\u00e9e","og_url":"https:\/\/dxplastiques.com\/fr\/services\/support-a-la-conception\/","og_site_name":"DX Plastiques","article_modified_time":"2025-12-05T18:35:50+00:00","og_image":[{"width":1030,"height":466,"url":"https:\/\/dxplastiques.com\/wp-content\/uploads\/2025\/12\/support_conception_thermoformage.jpg","type":"image\/jpeg"}],"twitter_card":"summary_large_image","twitter_misc":{"Dur\u00e9e de lecture estim\u00e9e":"2 minutes"},"schema":{"@context":"https:\/\/schema.org","@graph":[{"@type":"WebPage","@id":"https:\/\/dxplastiques.com\/fr\/services\/support-a-la-conception\/","url":"https:\/\/dxplastiques.com\/fr\/services\/support-a-la-conception\/","name":"Thermoformage : conception de pi\u00e8ces de plastique","isPartOf":{"@id":"https:\/\/dxplastiques.com\/fr\/#website"},"primaryImageOfPage":{"@id":"https:\/\/dxplastiques.com\/fr\/services\/support-a-la-conception\/#primaryimage"},"image":{"@id":"https:\/\/dxplastiques.com\/fr\/services\/support-a-la-conception\/#primaryimage"},"thumbnailUrl":"https:\/\/dxplastiques.com\/wp-content\/uploads\/2025\/12\/support_conception_thermoformage.jpg","datePublished":"2021-07-07T19:55:20+00:00","dateModified":"2025-12-05T18:35:50+00:00","description":"D\u2019un simple croquis, d\u2019un dessin technique ou d\u2019une pi\u00e8ce existante, notre \u00e9quipe vous accompagne dans la conception de votre pi\u00e8ce thermoform\u00e9e","breadcrumb":{"@id":"https:\/\/dxplastiques.com\/fr\/services\/support-a-la-conception\/#breadcrumb"},"inLanguage":"fr-FR","potentialAction":[{"@type":"ReadAction","target":["https:\/\/dxplastiques.com\/fr\/services\/support-a-la-conception\/"]}]},{"@type":"ImageObject","inLanguage":"fr-FR","@id":"https:\/\/dxplastiques.com\/fr\/services\/support-a-la-conception\/#primaryimage","url":"https:\/\/dxplastiques.com\/wp-content\/uploads\/2025\/12\/support_conception_thermoformage.jpg","contentUrl":"https:\/\/dxplastiques.com\/wp-content\/uploads\/2025\/12\/support_conception_thermoformage.jpg"},{"@type":"BreadcrumbList","@id":"https:\/\/dxplastiques.com\/fr\/services\/support-a-la-conception\/#breadcrumb","itemListElement":[{"@type":"ListItem","position":1,"name":"Accueil","item":"https:\/\/dxplastiques.com\/fr\/"},{"@type":"ListItem","position":2,"name":"Services","item":"https:\/\/dxplastiques.com\/fr\/services\/"},{"@type":"ListItem","position":3,"name":"Support \u00e0 la conception"}]},{"@type":"WebSite","@id":"https:\/\/dxplastiques.com\/fr\/#website","url":"https:\/\/dxplastiques.com\/fr\/","name":"DX Plastiques","description":"","potentialAction":[{"@type":"SearchAction","target":{"@type":"EntryPoint","urlTemplate":"https:\/\/dxplastiques.com\/fr\/?s={search_term_string}"},"query-input":{"@type":"PropertyValueSpecification","valueRequired":true,"valueName":"search_term_string"}}],"inLanguage":"fr-FR"}]}},"_links":{"self":[{"href":"https:\/\/dxplastiques.com\/fr\/wp-json\/wp\/v2\/pages\/262","targetHints":{"allow":["GET"]}}],"collection":[{"href":"https:\/\/dxplastiques.com\/fr\/wp-json\/wp\/v2\/pages"}],"about":[{"href":"https:\/\/dxplastiques.com\/fr\/wp-json\/wp\/v2\/types\/page"}],"author":[{"embeddable":true,"href":"https:\/\/dxplastiques.com\/fr\/wp-json\/wp\/v2\/users\/1"}],"replies":[{"embeddable":true,"href":"https:\/\/dxplastiques.com\/fr\/wp-json\/wp\/v2\/comments?post=262"}],"version-history":[{"count":7,"href":"https:\/\/dxplastiques.com\/fr\/wp-json\/wp\/v2\/pages\/262\/revisions"}],"predecessor-version":[{"id":907,"href":"https:\/\/dxplastiques.com\/fr\/wp-json\/wp\/v2\/pages\/262\/revisions\/907"}],"up":[{"embeddable":true,"href":"https:\/\/dxplastiques.com\/fr\/wp-json\/wp\/v2\/pages\/260"}],"wp:attachment":[{"href":"https:\/\/dxplastiques.com\/fr\/wp-json\/wp\/v2\/media?parent=262"}],"curies":[{"name":"wp","href":"https:\/\/api.w.org\/{rel}","templated":true}]}}