{"id":127,"date":"2021-07-06T11:35:33","date_gmt":"2021-07-06T15:35:33","guid":{"rendered":"https:\/\/dxplastiques.com\/?page_id=127"},"modified":"2025-12-05T13:29:59","modified_gmt":"2025-12-05T18:29:59","slug":"nous-joindre","status":"publish","type":"page","link":"https:\/\/dxplastiques.com\/fr\/nous-joindre\/","title":{"rendered":"Nous joindre"},"content":{"rendered":"<div id=\"pl-127\"  class=\"panel-layout\" ><div id=\"pg-127-0\"  class=\"panel-grid panel-has-style\" ><div class=\"row_spacing_top panel-row-style panel-row-style-for-127-0\" ><div id=\"pgc-127-0-0\"  class=\"panel-grid-cell\" ><div id=\"panel-127-0-0-0\" class=\"so-panel widget widget_black-studio-tinymce widget_black_studio_tinymce panel-first-child panel-last-child\" data-index=\"0\" ><div class=\"last_no_mb img_left_overlap_center panel-widget-style panel-widget-style-for-127-0-0-0\" ><div class=\"textwidget\"><h1><span class=\"title_black_upp\">Entreprise<br \/>\nde thermoformage <br \/>\nen sous-traitance<\/span><\/h1>\n<p><span class=\"title_box_grey\">DX Plastiques<\/span><\/p>\n<p><img loading=\"lazy\" decoding=\"async\" src=\"https:\/\/dxplastiques.com\/wp-content\/uploads\/2022\/05\/dx_plastique_nous_joindre.jpg\" alt=\"dx plastique\" width=\"740\" height=\"466\" class=\"alignnone size-full wp-image-816\" \/><\/p>\n<\/div><\/div><\/div><\/div><div id=\"pgc-127-0-1\"  class=\"panel-grid-cell panel-grid-cell-empty\" ><\/div><div id=\"pgc-127-0-2\"  class=\"panel-grid-cell\" ><div id=\"panel-127-0-2-0\" class=\"so-panel widget widget_black-studio-tinymce widget_black_studio_tinymce panel-first-child panel-last-child\" data-index=\"1\" ><div class=\"box_grey box_grey_line_left extension_left panel-widget-style panel-widget-style-for-127-0-2-0\" ><div class=\"textwidget\"><p style=\"text-align: center;\"><span class=\"title_box_white\">Questions? Commentaires?<\/span><\/p>\n<p style=\"text-align: center;\"><span class=\"big_text\">N\u2019h\u00e9sitez pas \u00e0 communiquer avec nous pour toute information et profitez de notre expertise!<\/span><\/p>\n\n<div class=\"wpcf7 no-js\" id=\"wpcf7-f132-o1\" lang=\"fr-FR\" dir=\"ltr\" data-wpcf7-id=\"132\">\n<div class=\"screen-reader-response\"><p role=\"status\" aria-live=\"polite\" aria-atomic=\"true\"><\/p> <ul><\/ul><\/div>\n<form action=\"\/fr\/wp-json\/wp\/v2\/pages\/127#wpcf7-f132-o1\" method=\"post\" class=\"wpcf7-form init\" aria-label=\"Formulaire de contact\" enctype=\"multipart\/form-data\" novalidate=\"novalidate\" data-status=\"init\">\n<fieldset class=\"hidden-fields-container\"><input type=\"hidden\" name=\"_wpcf7\" value=\"132\" \/><input type=\"hidden\" name=\"_wpcf7_version\" value=\"6.1.5\" \/><input type=\"hidden\" name=\"_wpcf7_locale\" value=\"fr_FR\" \/><input type=\"hidden\" name=\"_wpcf7_unit_tag\" value=\"wpcf7-f132-o1\" \/><input type=\"hidden\" name=\"_wpcf7_container_post\" value=\"0\" \/><input type=\"hidden\" name=\"_wpcf7_posted_data_hash\" value=\"\" \/><input type=\"hidden\" name=\"_wpcf7_recaptcha_response\" value=\"\" \/>\n<\/fieldset>\n<div class=\"form_left\">\n    <strong>Pr\u00e9nom*<\/strong><br \/>\n    <span class=\"wpcf7-form-control-wrap\" data-name=\"prenom\"><input size=\"40\" maxlength=\"400\" class=\"wpcf7-form-control wpcf7-text wpcf7-validates-as-required\" aria-required=\"true\" aria-invalid=\"false\" value=\"\" type=\"text\" name=\"prenom\" \/><\/span>\n<\/div>\n<div class=\"form_right\">\n    <strong>Nom*<\/strong><br \/>\n    <span class=\"wpcf7-form-control-wrap\" data-name=\"nom\"><input size=\"40\" maxlength=\"400\" class=\"wpcf7-form-control wpcf7-text wpcf7-validates-as-required\" aria-required=\"true\" aria-invalid=\"false\" value=\"\" type=\"text\" name=\"nom\" \/><\/span>\n<\/div>\n<div class=\"clear\"><\/div>\n<div class=\"form_left\">\n    <strong>Courriel*<\/strong><br \/>\n    <span class=\"wpcf7-form-control-wrap\" data-name=\"courriel\"><input size=\"40\" maxlength=\"400\" class=\"wpcf7-form-control wpcf7-email wpcf7-validates-as-required wpcf7-text wpcf7-validates-as-email\" aria-required=\"true\" aria-invalid=\"false\" value=\"\" type=\"email\" name=\"courriel\" \/><\/span>\n<\/div>\n<div class=\"form_right\">\n    <strong>Entreprise<\/strong><br \/>\n    <span class=\"wpcf7-form-control-wrap\" data-name=\"entreprise\"><input size=\"40\" maxlength=\"400\" class=\"wpcf7-form-control wpcf7-text\" aria-invalid=\"false\" value=\"\" type=\"text\" name=\"entreprise\" \/><\/span>\n<\/div>\n<div class=\"clear\"><\/div>\n<div class=\"form_full\">\n    <strong>Ajouter un fichier<\/strong><br \/>\n    <span class=\"wpcf7-form-control-wrap\" data-name=\"fichier\"><input size=\"40\" class=\"wpcf7-form-control wpcf7-file\" id=\"fichier_file\" accept=\".pdf,.txt,.doc,.docx,.rtf,.xls,.xlsx,.jpg,.png,.stp,.step,.igs,.iges\" aria-invalid=\"false\" type=\"file\" name=\"fichier\" \/><\/span><div class=\"clear\"><\/div>\n<\/div>\n<div class=\"form_full\">\n    <strong>Message*<\/strong><br \/>\n    <span class=\"wpcf7-form-control-wrap\" data-name=\"message\"><textarea cols=\"40\" rows=\"10\" maxlength=\"2000\" class=\"wpcf7-form-control wpcf7-textarea wpcf7-validates-as-required\" aria-required=\"true\" aria-invalid=\"false\" name=\"message\"><\/textarea><\/span>\n<\/div>\n<div class=\"clear\"><\/div>\n<div class=\"form_end\">\n<div class=\"btn_wrap\"><input class=\"wpcf7-form-control wpcf7-submit has-spinner\" type=\"submit\" value=\"ENVOYER +\" \/><\/div><p class=\"small_text\">*Champs obligatoires<br>Ce site est prot\u00e9g\u00e9 par reCAPTCHA et la <a target=\"_blank\" href=\"https:\/\/policies.google.com\/privacy?hl=fr\">Politique de confidentialit\u00e9<\/a> et les <a target=\"_blank\" href=\"https:\/\/policies.google.com\/terms?hl=fr\">Conditions d'utilisation<\/a> de Google s'appliquent.<\/p>\n<\/div><div class=\"wpcf7-response-output\" aria-hidden=\"true\"><\/div>\n<\/form>\n<\/div>\n<\/div><\/div><\/div><\/div><\/div><\/div><div id=\"pg-127-1\"  class=\"panel-grid panel-has-style\" ><div class=\"row_spacing_bottom panel-row-style panel-row-style-for-127-1\" ><div id=\"pgc-127-1-0\"  class=\"panel-grid-cell\" ><div id=\"panel-127-1-0-0\" class=\"so-panel widget widget_black-studio-tinymce widget_black_studio_tinymce panel-first-child panel-last-child\" data-index=\"2\" ><div class=\"box_map panel-widget-style panel-widget-style-for-127-1-0-0\" ><div class=\"textwidget\"><p><a href=\"https:\/\/www.google.com\/maps\/place\/1044+Rue+Renault,+Saint-Jean-Chrysostome,+QC+G6Z+2Y8\/@46.729794,-71.2190651,17z\/data=!3m1!4b1!4m5!3m4!1s0x4cb893a7a940d447:0x5927408cbdb34424!8m2!3d46.7297903!4d-71.2168711\" target=\"_blank\" rel=\"noopener\"><img loading=\"lazy\" decoding=\"async\" class=\"alignnone size-full wp-image-135\" src=\"https:\/\/dxplastiques.com\/wp-content\/uploads\/2021\/07\/map.png\" alt=\"map\" width=\"1250\" height=\"650\" \/><\/a><\/p>\n<\/div><\/div><\/div><\/div><div id=\"pgc-127-1-1\"  class=\"panel-grid-cell panel-grid-cell-empty\" ><\/div><div id=\"pgc-127-1-2\"  class=\"panel-grid-cell\" ><div id=\"panel-127-1-2-0\" class=\"so-panel widget widget_black-studio-tinymce widget_black_studio_tinymce panel-first-child\" data-index=\"3\" ><div class=\"box_contacts panel-widget-style panel-widget-style-for-127-1-2-0\" ><div class=\"textwidget\"><p><span class=\"icon_map\">1044, rue Renault, L\u00e9vis QC G6Z\u00a02Y8<\/span><\/p>\n<p><span class=\"icon_mail\"><a href=\"mailto:web@dxplastiques.com\">web@dxplastiques.com<\/a><\/span><\/p>\n<p><span class=\"icon_phone\"><a href=\"tel:4188344495\">418 834-4495<\/a><\/span><\/p>\n<p><span class=\"icon_fax\">418 834-4339<\/span><\/p>\n<\/div><\/div><\/div><div id=\"panel-127-1-2-1\" class=\"so-panel widget widget_black-studio-tinymce widget_black_studio_tinymce panel-last-child\" data-index=\"4\" ><div class=\"box_hours panel-widget-style panel-widget-style-for-127-1-2-1\" ><div class=\"textwidget\"><p><span class=\"title_box_red\">Heures d\u2019ouverture<\/span><\/p>\n<p>Lundi au jeudi 8h \u00e0 17h<br \/>\nVendredi 8h \u00e0 midi<\/p>\n<\/div><\/div><\/div><\/div><\/div><\/div><\/div>","protected":false},"excerpt":{"rendered":"<p>Entreprise de thermoformage en sous-traitance DX Plastiques Questions? Commentaires? N\u2019h\u00e9sitez pas \u00e0 communiquer avec nous pour toute information et profitez de notre expertise! 1044, rue Renault, L\u00e9vis QC G6Z\u00a02Y8 web@dxplastiques.com 418 834-4495 418 834-4339 Heures d\u2019ouverture Lundi au jeudi 8h \u00e0 17h Vendredi 8h \u00e0 midi<\/p>\n","protected":false},"author":1,"featured_media":0,"parent":0,"menu_order":4,"comment_status":"closed","ping_status":"closed","template":"","meta":{"_acf_changed":false,"footnotes":""},"class_list":["post-127","page","type-page","status-publish","hentry"],"acf":[],"yoast_head":"<!-- This site is optimized with the Yoast SEO plugin v27.3 - https:\/\/yoast.com\/product\/yoast-seo-wordpress\/ -->\n<title>Sous-traitant en moulage de plastique par thermoformage<\/title>\n<meta name=\"description\" content=\"Situ\u00e9e \u00e0 L\u00e9vis, notre entreprise de conception et fabrication de pi\u00e8ces en plastique thermoform\u00e9es est polyvalente\" \/>\n<meta name=\"robots\" content=\"index, follow, max-snippet:-1, max-image-preview:large, max-video-preview:-1\" \/>\n<link rel=\"canonical\" href=\"https:\/\/dxplastiques.com\/fr\/nous-joindre\/\" \/>\n<meta property=\"og:locale\" content=\"fr_FR\" \/>\n<meta property=\"og:type\" content=\"article\" \/>\n<meta property=\"og:title\" content=\"Sous-traitant en moulage de plastique par thermoformage\" \/>\n<meta property=\"og:description\" content=\"Situ\u00e9e \u00e0 L\u00e9vis, notre entreprise de conception et fabrication de pi\u00e8ces en plastique thermoform\u00e9es est polyvalente\" \/>\n<meta property=\"og:url\" content=\"https:\/\/dxplastiques.com\/fr\/nous-joindre\/\" \/>\n<meta property=\"og:site_name\" content=\"DX Plastiques\" \/>\n<meta property=\"article:modified_time\" content=\"2025-12-05T18:29:59+00:00\" \/>\n<meta property=\"og:image\" content=\"https:\/\/dxplastiques.com\/wp-content\/uploads\/2021\/07\/facebook_share.png\" \/>\n\t<meta property=\"og:image:width\" content=\"1200\" \/>\n\t<meta property=\"og:image:height\" content=\"628\" \/>\n\t<meta property=\"og:image:type\" content=\"image\/png\" \/>\n<meta name=\"twitter:card\" content=\"summary_large_image\" \/>\n<meta name=\"twitter:label1\" content=\"Dur\u00e9e de lecture estim\u00e9e\" \/>\n\t<meta name=\"twitter:data1\" content=\"1 minute\" \/>\n<script type=\"application\/ld+json\" class=\"yoast-schema-graph\">{\"@context\":\"https:\\\/\\\/schema.org\",\"@graph\":[{\"@type\":\"WebPage\",\"@id\":\"https:\\\/\\\/dxplastiques.com\\\/fr\\\/nous-joindre\\\/\",\"url\":\"https:\\\/\\\/dxplastiques.com\\\/fr\\\/nous-joindre\\\/\",\"name\":\"Sous-traitant en moulage de plastique par thermoformage\",\"isPartOf\":{\"@id\":\"https:\\\/\\\/dxplastiques.com\\\/fr\\\/#website\"},\"primaryImageOfPage\":{\"@id\":\"https:\\\/\\\/dxplastiques.com\\\/fr\\\/nous-joindre\\\/#primaryimage\"},\"image\":{\"@id\":\"https:\\\/\\\/dxplastiques.com\\\/fr\\\/nous-joindre\\\/#primaryimage\"},\"thumbnailUrl\":\"https:\\\/\\\/dxplastiques.com\\\/wp-content\\\/uploads\\\/2022\\\/05\\\/dx_plastique_nous_joindre.jpg\",\"datePublished\":\"2021-07-06T15:35:33+00:00\",\"dateModified\":\"2025-12-05T18:29:59+00:00\",\"description\":\"Situ\u00e9e \u00e0 L\u00e9vis, notre entreprise de conception et fabrication de pi\u00e8ces en plastique thermoform\u00e9es est polyvalente\",\"breadcrumb\":{\"@id\":\"https:\\\/\\\/dxplastiques.com\\\/fr\\\/nous-joindre\\\/#breadcrumb\"},\"inLanguage\":\"fr-FR\",\"potentialAction\":[{\"@type\":\"ReadAction\",\"target\":[\"https:\\\/\\\/dxplastiques.com\\\/fr\\\/nous-joindre\\\/\"]}]},{\"@type\":\"ImageObject\",\"inLanguage\":\"fr-FR\",\"@id\":\"https:\\\/\\\/dxplastiques.com\\\/fr\\\/nous-joindre\\\/#primaryimage\",\"url\":\"https:\\\/\\\/dxplastiques.com\\\/wp-content\\\/uploads\\\/2022\\\/05\\\/dx_plastique_nous_joindre.jpg\",\"contentUrl\":\"https:\\\/\\\/dxplastiques.com\\\/wp-content\\\/uploads\\\/2022\\\/05\\\/dx_plastique_nous_joindre.jpg\"},{\"@type\":\"BreadcrumbList\",\"@id\":\"https:\\\/\\\/dxplastiques.com\\\/fr\\\/nous-joindre\\\/#breadcrumb\",\"itemListElement\":[{\"@type\":\"ListItem\",\"position\":1,\"name\":\"Accueil\",\"item\":\"https:\\\/\\\/dxplastiques.com\\\/fr\\\/\"},{\"@type\":\"ListItem\",\"position\":2,\"name\":\"Nous joindre\"}]},{\"@type\":\"WebSite\",\"@id\":\"https:\\\/\\\/dxplastiques.com\\\/fr\\\/#website\",\"url\":\"https:\\\/\\\/dxplastiques.com\\\/fr\\\/\",\"name\":\"DX Plastiques\",\"description\":\"\",\"potentialAction\":[{\"@type\":\"SearchAction\",\"target\":{\"@type\":\"EntryPoint\",\"urlTemplate\":\"https:\\\/\\\/dxplastiques.com\\\/fr\\\/?s={search_term_string}\"},\"query-input\":{\"@type\":\"PropertyValueSpecification\",\"valueRequired\":true,\"valueName\":\"search_term_string\"}}],\"inLanguage\":\"fr-FR\"}]}<\/script>\n<!-- \/ Yoast SEO plugin. -->","yoast_head_json":{"title":"Sous-traitant en moulage de plastique par thermoformage","description":"Situ\u00e9e \u00e0 L\u00e9vis, notre entreprise de conception et fabrication de pi\u00e8ces en plastique thermoform\u00e9es est polyvalente","robots":{"index":"index","follow":"follow","max-snippet":"max-snippet:-1","max-image-preview":"max-image-preview:large","max-video-preview":"max-video-preview:-1"},"canonical":"https:\/\/dxplastiques.com\/fr\/nous-joindre\/","og_locale":"fr_FR","og_type":"article","og_title":"Sous-traitant en moulage de plastique par thermoformage","og_description":"Situ\u00e9e \u00e0 L\u00e9vis, notre entreprise de conception et fabrication de pi\u00e8ces en plastique thermoform\u00e9es est polyvalente","og_url":"https:\/\/dxplastiques.com\/fr\/nous-joindre\/","og_site_name":"DX Plastiques","article_modified_time":"2025-12-05T18:29:59+00:00","og_image":[{"width":1200,"height":628,"url":"https:\/\/dxplastiques.com\/wp-content\/uploads\/2021\/07\/facebook_share.png","type":"image\/png"}],"twitter_card":"summary_large_image","twitter_misc":{"Dur\u00e9e de lecture estim\u00e9e":"1 minute"},"schema":{"@context":"https:\/\/schema.org","@graph":[{"@type":"WebPage","@id":"https:\/\/dxplastiques.com\/fr\/nous-joindre\/","url":"https:\/\/dxplastiques.com\/fr\/nous-joindre\/","name":"Sous-traitant en moulage de plastique par thermoformage","isPartOf":{"@id":"https:\/\/dxplastiques.com\/fr\/#website"},"primaryImageOfPage":{"@id":"https:\/\/dxplastiques.com\/fr\/nous-joindre\/#primaryimage"},"image":{"@id":"https:\/\/dxplastiques.com\/fr\/nous-joindre\/#primaryimage"},"thumbnailUrl":"https:\/\/dxplastiques.com\/wp-content\/uploads\/2022\/05\/dx_plastique_nous_joindre.jpg","datePublished":"2021-07-06T15:35:33+00:00","dateModified":"2025-12-05T18:29:59+00:00","description":"Situ\u00e9e \u00e0 L\u00e9vis, notre entreprise de conception et fabrication de pi\u00e8ces en plastique thermoform\u00e9es est polyvalente","breadcrumb":{"@id":"https:\/\/dxplastiques.com\/fr\/nous-joindre\/#breadcrumb"},"inLanguage":"fr-FR","potentialAction":[{"@type":"ReadAction","target":["https:\/\/dxplastiques.com\/fr\/nous-joindre\/"]}]},{"@type":"ImageObject","inLanguage":"fr-FR","@id":"https:\/\/dxplastiques.com\/fr\/nous-joindre\/#primaryimage","url":"https:\/\/dxplastiques.com\/wp-content\/uploads\/2022\/05\/dx_plastique_nous_joindre.jpg","contentUrl":"https:\/\/dxplastiques.com\/wp-content\/uploads\/2022\/05\/dx_plastique_nous_joindre.jpg"},{"@type":"BreadcrumbList","@id":"https:\/\/dxplastiques.com\/fr\/nous-joindre\/#breadcrumb","itemListElement":[{"@type":"ListItem","position":1,"name":"Accueil","item":"https:\/\/dxplastiques.com\/fr\/"},{"@type":"ListItem","position":2,"name":"Nous joindre"}]},{"@type":"WebSite","@id":"https:\/\/dxplastiques.com\/fr\/#website","url":"https:\/\/dxplastiques.com\/fr\/","name":"DX Plastiques","description":"","potentialAction":[{"@type":"SearchAction","target":{"@type":"EntryPoint","urlTemplate":"https:\/\/dxplastiques.com\/fr\/?s={search_term_string}"},"query-input":{"@type":"PropertyValueSpecification","valueRequired":true,"valueName":"search_term_string"}}],"inLanguage":"fr-FR"}]}},"_links":{"self":[{"href":"https:\/\/dxplastiques.com\/fr\/wp-json\/wp\/v2\/pages\/127","targetHints":{"allow":["GET"]}}],"collection":[{"href":"https:\/\/dxplastiques.com\/fr\/wp-json\/wp\/v2\/pages"}],"about":[{"href":"https:\/\/dxplastiques.com\/fr\/wp-json\/wp\/v2\/types\/page"}],"author":[{"embeddable":true,"href":"https:\/\/dxplastiques.com\/fr\/wp-json\/wp\/v2\/users\/1"}],"replies":[{"embeddable":true,"href":"https:\/\/dxplastiques.com\/fr\/wp-json\/wp\/v2\/comments?post=127"}],"version-history":[{"count":8,"href":"https:\/\/dxplastiques.com\/fr\/wp-json\/wp\/v2\/pages\/127\/revisions"}],"predecessor-version":[{"id":903,"href":"https:\/\/dxplastiques.com\/fr\/wp-json\/wp\/v2\/pages\/127\/revisions\/903"}],"wp:attachment":[{"href":"https:\/\/dxplastiques.com\/fr\/wp-json\/wp\/v2\/media?parent=127"}],"curies":[{"name":"wp","href":"https:\/\/api.w.org\/{rel}","templated":true}]}}