{"id":118,"date":"2021-07-06T10:33:12","date_gmt":"2021-07-06T14:33:12","guid":{"rendered":"https:\/\/dxplastiques.com\/?page_id=118"},"modified":"2025-12-05T13:21:56","modified_gmt":"2025-12-05T18:21:56","slug":"carriere","status":"publish","type":"page","link":"https:\/\/dxplastiques.com\/fr\/carriere\/","title":{"rendered":"Carri\u00e8re"},"content":{"rendered":"<div id=\"pl-118\"  class=\"panel-layout\" ><div id=\"pg-118-0\"  class=\"panel-grid panel-has-style\" ><div class=\"row_spacing panel-row-style panel-row-style-for-118-0\" ><div id=\"pgc-118-0-0\"  class=\"panel-grid-cell\" ><div id=\"panel-118-0-0-0\" class=\"so-panel widget widget_black-studio-tinymce widget_black_studio_tinymce panel-first-child panel-last-child\" data-index=\"0\" ><div class=\"img_left_overlap_center panel-widget-style panel-widget-style-for-118-0-0-0\" ><div class=\"textwidget\"><h1><span class=\"title_black_upp\">Faites carri\u00e8re <br \/>\ndans l\u2019industrie<br \/>\ndu thermoformage<\/span><\/h1>\n<p><span class=\"title_box_grey\">DX Plastiques<\/span><\/p>\n<p>DX Plastiques, c\u2019est une entreprise \u00e0 hauteur humaine : une \u00e9quipe d\u2019une dizaine d\u2019employ\u00e9s qui prend plaisir \u00e0 r\u00e9aliser de la fa\u00e7on la plus performante possible les projets de sa client\u00e8le.<\/p>\n<p>DX Plastiques, c\u2019est aussi une entreprise en croissance qui propose des emplois stables et une flexibilit\u00e9 d\u2019horaire.<\/p>\n<p><img loading=\"lazy\" decoding=\"async\" class=\"alignnone size-full wp-image-122\" src=\"https:\/\/dxplastiques.com\/wp-content\/uploads\/2021\/07\/carriere_thermoformage.jpg\" alt=\"carriere thermoformage\" width=\"740\" height=\"466\" \/><\/p>\n<\/div><\/div><\/div><\/div><div id=\"pgc-118-0-1\"  class=\"panel-grid-cell panel-grid-cell-empty\" ><\/div><div id=\"pgc-118-0-2\"  class=\"panel-grid-cell\" ><div id=\"panel-118-0-2-0\" class=\"so-panel widget widget_black-studio-tinymce widget_black_studio_tinymce panel-first-child panel-last-child\" data-index=\"1\" ><div class=\"box_grey box_grey_line_left extension_left panel-widget-style panel-widget-style-for-118-0-2-0\" ><div class=\"textwidget\"><p style=\"text-align: center;\"><span class=\"title_box_white\">Vous aimeriez vous joindre \u00e0 nous?<\/span><\/p>\n<p style=\"text-align: center;\"><span style=\"font-size: 18.2px;\"><strong>Poste disponible :<\/strong> <\/span><\/p>\n<h2><strong style=\"font-size: 18pt;\">Journalier - Manoeuvre en usine<\/strong><\/h2>\n<p><strong>Profil recherch\u00e9 :<br \/>\n<\/strong><\/p>\n<div dir=\"auto\">Tes t\u00e2ches varieront selon les besoins : exp\u00e9dition et r\u00e9ception, assemblage de pi\u00e8ces, pr\u00e9paration de moules et gabarits, d\u00e9coupe de plastique, aide sur CNC, entretien des espaces ext\u00e9rieurs, et plus encore. Aucune semaine ne se ressemble!<\/div>\n<div dir=\"auto\">Nous recherchons une personne :<\/div>\n<ul>\n\t<li>D\u00e9brouillardise<\/li>\n\t<li>Autonome<\/li>\n\t<li>Ponctualit\u00e9<\/li>\n\t<li>Sens de l'organisation et des responsabilit\u00e9s<\/li>\n\t<li>Minutieux(euse) tout en ayant une cadence de production rencontrant les objectifs de rendement<\/li>\n\t<li>Rapidit\u00e9 d'ex\u00e9cution<\/li>\n<\/ul>\n<p><strong>D\u00e9tails du poste : <\/strong><\/p>\n<ul>\n\t<li>Quart de jour\u00a0<\/li>\n\t<li>22 $ \u00e0 24 $\/h\u00a0<\/li>\n\t<li>Poste permanent, 40 h\/semaine. Termine le vendredi midi<\/li>\n\t<li>Assurances collectives + RVER +\u00a0Cong\u00e9s suppl\u00e9mentaires<\/li>\n<\/ul>\n<p>&nbsp;<\/p>\n<p>\n<div class=\"wpcf7 no-js\" id=\"wpcf7-f4-o1\" lang=\"fr-FR\" dir=\"ltr\" data-wpcf7-id=\"4\">\n<div class=\"screen-reader-response\"><p role=\"status\" aria-live=\"polite\" aria-atomic=\"true\"><\/p> <ul><\/ul><\/div>\n<form action=\"\/fr\/wp-json\/wp\/v2\/pages\/118#wpcf7-f4-o1\" method=\"post\" class=\"wpcf7-form init\" aria-label=\"Formulaire de contact\" enctype=\"multipart\/form-data\" novalidate=\"novalidate\" data-status=\"init\">\n<fieldset class=\"hidden-fields-container\"><input type=\"hidden\" name=\"_wpcf7\" value=\"4\" \/><input type=\"hidden\" name=\"_wpcf7_version\" value=\"6.1.5\" \/><input type=\"hidden\" name=\"_wpcf7_locale\" value=\"fr_FR\" \/><input type=\"hidden\" name=\"_wpcf7_unit_tag\" value=\"wpcf7-f4-o1\" \/><input type=\"hidden\" name=\"_wpcf7_container_post\" value=\"0\" \/><input type=\"hidden\" name=\"_wpcf7_posted_data_hash\" value=\"\" \/><input type=\"hidden\" name=\"_wpcf7_recaptcha_response\" value=\"\" \/>\n<\/fieldset>\n<div class=\"form_left\">\n    <strong>Pr\u00e9nom*<\/strong><br \/>\n    <span class=\"wpcf7-form-control-wrap\" data-name=\"prenom\"><input size=\"40\" maxlength=\"400\" class=\"wpcf7-form-control wpcf7-text wpcf7-validates-as-required\" aria-required=\"true\" aria-invalid=\"false\" value=\"\" type=\"text\" name=\"prenom\" \/><\/span>\n<\/div>\n<div class=\"form_right\">\n    <strong>Nom*<\/strong><br \/>\n    <span class=\"wpcf7-form-control-wrap\" data-name=\"nom\"><input size=\"40\" maxlength=\"400\" class=\"wpcf7-form-control wpcf7-text wpcf7-validates-as-required\" aria-required=\"true\" aria-invalid=\"false\" value=\"\" type=\"text\" name=\"nom\" \/><\/span>\n<\/div>\n<div class=\"clear\"><\/div>\n<div class=\"form_left\">\n    <strong>Courriel*<\/strong><br \/>\n    <span class=\"wpcf7-form-control-wrap\" data-name=\"courriel\"><input size=\"40\" maxlength=\"400\" class=\"wpcf7-form-control wpcf7-email wpcf7-validates-as-required wpcf7-text wpcf7-validates-as-email\" aria-required=\"true\" aria-invalid=\"false\" value=\"\" type=\"email\" name=\"courriel\" \/><\/span>\n<\/div>\n<div class=\"form_right\">\n    <strong>T\u00e9l\u00e9phone<\/strong><br \/>\n    <span class=\"wpcf7-form-control-wrap\" data-name=\"telephone\"><input size=\"40\" maxlength=\"400\" class=\"wpcf7-form-control wpcf7-tel wpcf7-text wpcf7-validates-as-tel\" aria-invalid=\"false\" value=\"\" type=\"tel\" name=\"telephone\" \/><\/span>\n<\/div>\n<div class=\"clear\"><\/div>\n<div class=\"form_full\">\n    <strong>Joindre ton c.v.<\/strong><br \/>\n    <span class=\"wpcf7-form-control-wrap\" data-name=\"fichier\"><input size=\"40\" class=\"wpcf7-form-control wpcf7-file\" id=\"fichier_file\" accept=\".pdf,.txt,.doc,.docx,.rtf,.xls,.xlsx,.jpg,.png,.ai,.eps,.psd,.indd\" aria-invalid=\"false\" type=\"file\" name=\"fichier\" \/><\/span><div class=\"clear\"><\/div>\n<\/div>\n<div class=\"form_full\">\n    <strong>Message<\/strong><br \/>\n    <span class=\"wpcf7-form-control-wrap\" data-name=\"message\"><textarea cols=\"40\" rows=\"10\" maxlength=\"2000\" class=\"wpcf7-form-control wpcf7-textarea\" aria-invalid=\"false\" name=\"message\"><\/textarea><\/span>\n<\/div>\n<div class=\"clear\"><\/div>\n<div class=\"form_end\">\n<div class=\"btn_wrap\"><input class=\"wpcf7-form-control wpcf7-submit has-spinner\" type=\"submit\" value=\"ENVOYER +\" \/><\/div><p class=\"small_text\">*Champs obligatoires<br>Ce site est prot\u00e9g\u00e9 par reCAPTCHA et la <a target=\"_blank\" href=\"https:\/\/policies.google.com\/privacy?hl=fr\">Politique de confidentialit\u00e9<\/a> et les <a target=\"_blank\" href=\"https:\/\/policies.google.com\/terms?hl=fr\">Conditions d'utilisation<\/a> de Google s'appliquent.<\/p>\n<\/div><div class=\"wpcf7-response-output\" aria-hidden=\"true\"><\/div>\n<\/form>\n<\/div>\n<\/p><\/div><\/div><\/div><\/div><\/div><\/div><\/div>","protected":false},"excerpt":{"rendered":"<p>Faites carri\u00e8re dans l\u2019industrie du thermoformage DX Plastiques DX Plastiques, c\u2019est une entreprise \u00e0 hauteur humaine : une \u00e9quipe d\u2019une dizaine d\u2019employ\u00e9s qui prend plaisir \u00e0 r\u00e9aliser de la fa\u00e7on la plus performante possible les projets de sa client\u00e8le. DX Plastiques, c\u2019est aussi une entreprise en croissance qui propose des emplois stables et une flexibilit\u00e9 [&hellip;]<\/p>\n","protected":false},"author":1,"featured_media":0,"parent":0,"menu_order":2,"comment_status":"closed","ping_status":"closed","template":"","meta":{"_acf_changed":false,"footnotes":""},"class_list":["post-118","page","type-page","status-publish","hentry"],"acf":[],"yoast_head":"<!-- This site is optimized with the Yoast SEO plugin v27.4 - https:\/\/yoast.com\/product\/yoast-seo-wordpress\/ -->\n<title>Emploi en moulage de plastique par thermoformage<\/title>\n<meta name=\"description\" content=\"Des projets stimulants, une \u00e9quipe super et un travail stable avec une flexibilit\u00e9 d\u2019horaire : DX Plastiques, c\u2019est tout \u00e7a\" \/>\n<meta name=\"robots\" content=\"index, follow, max-snippet:-1, max-image-preview:large, max-video-preview:-1\" \/>\n<link rel=\"canonical\" href=\"https:\/\/dxplastiques.com\/fr\/carriere\/\" \/>\n<meta property=\"og:locale\" content=\"fr_FR\" \/>\n<meta property=\"og:type\" content=\"article\" \/>\n<meta property=\"og:title\" content=\"Emploi en moulage de plastique par thermoformage\" \/>\n<meta property=\"og:description\" content=\"Des projets stimulants, une \u00e9quipe super et un travail stable avec une flexibilit\u00e9 d\u2019horaire : DX Plastiques, c\u2019est tout \u00e7a\" \/>\n<meta property=\"og:url\" content=\"https:\/\/dxplastiques.com\/fr\/carriere\/\" \/>\n<meta property=\"og:site_name\" content=\"DX Plastiques\" \/>\n<meta property=\"article:modified_time\" content=\"2025-12-05T18:21:56+00:00\" \/>\n<meta property=\"og:image\" content=\"https:\/\/dxplastiques.com\/wp-content\/uploads\/2021\/07\/facebook_share.png\" \/>\n\t<meta property=\"og:image:width\" content=\"1200\" \/>\n\t<meta property=\"og:image:height\" content=\"628\" \/>\n\t<meta property=\"og:image:type\" content=\"image\/png\" \/>\n<meta name=\"twitter:card\" content=\"summary_large_image\" \/>\n<meta name=\"twitter:label1\" content=\"Dur\u00e9e de lecture estim\u00e9e\" \/>\n\t<meta name=\"twitter:data1\" content=\"2 minutes\" \/>\n<script type=\"application\/ld+json\" class=\"yoast-schema-graph\">{\"@context\":\"https:\\\/\\\/schema.org\",\"@graph\":[{\"@type\":\"WebPage\",\"@id\":\"https:\\\/\\\/dxplastiques.com\\\/fr\\\/carriere\\\/\",\"url\":\"https:\\\/\\\/dxplastiques.com\\\/fr\\\/carriere\\\/\",\"name\":\"Emploi en moulage de plastique par thermoformage\",\"isPartOf\":{\"@id\":\"https:\\\/\\\/dxplastiques.com\\\/fr\\\/#website\"},\"primaryImageOfPage\":{\"@id\":\"https:\\\/\\\/dxplastiques.com\\\/fr\\\/carriere\\\/#primaryimage\"},\"image\":{\"@id\":\"https:\\\/\\\/dxplastiques.com\\\/fr\\\/carriere\\\/#primaryimage\"},\"thumbnailUrl\":\"https:\\\/\\\/dxplastiques.com\\\/wp-content\\\/uploads\\\/2021\\\/07\\\/carriere_thermoformage.jpg\",\"datePublished\":\"2021-07-06T14:33:12+00:00\",\"dateModified\":\"2025-12-05T18:21:56+00:00\",\"description\":\"Des projets stimulants, une \u00e9quipe super et un travail stable avec une flexibilit\u00e9 d\u2019horaire : DX Plastiques, c\u2019est tout \u00e7a\",\"breadcrumb\":{\"@id\":\"https:\\\/\\\/dxplastiques.com\\\/fr\\\/carriere\\\/#breadcrumb\"},\"inLanguage\":\"fr-FR\",\"potentialAction\":[{\"@type\":\"ReadAction\",\"target\":[\"https:\\\/\\\/dxplastiques.com\\\/fr\\\/carriere\\\/\"]}]},{\"@type\":\"ImageObject\",\"inLanguage\":\"fr-FR\",\"@id\":\"https:\\\/\\\/dxplastiques.com\\\/fr\\\/carriere\\\/#primaryimage\",\"url\":\"https:\\\/\\\/dxplastiques.com\\\/wp-content\\\/uploads\\\/2021\\\/07\\\/carriere_thermoformage.jpg\",\"contentUrl\":\"https:\\\/\\\/dxplastiques.com\\\/wp-content\\\/uploads\\\/2021\\\/07\\\/carriere_thermoformage.jpg\"},{\"@type\":\"BreadcrumbList\",\"@id\":\"https:\\\/\\\/dxplastiques.com\\\/fr\\\/carriere\\\/#breadcrumb\",\"itemListElement\":[{\"@type\":\"ListItem\",\"position\":1,\"name\":\"Accueil\",\"item\":\"https:\\\/\\\/dxplastiques.com\\\/fr\\\/\"},{\"@type\":\"ListItem\",\"position\":2,\"name\":\"Carri\u00e8re\"}]},{\"@type\":\"WebSite\",\"@id\":\"https:\\\/\\\/dxplastiques.com\\\/fr\\\/#website\",\"url\":\"https:\\\/\\\/dxplastiques.com\\\/fr\\\/\",\"name\":\"DX Plastiques\",\"description\":\"\",\"potentialAction\":[{\"@type\":\"SearchAction\",\"target\":{\"@type\":\"EntryPoint\",\"urlTemplate\":\"https:\\\/\\\/dxplastiques.com\\\/fr\\\/?s={search_term_string}\"},\"query-input\":{\"@type\":\"PropertyValueSpecification\",\"valueRequired\":true,\"valueName\":\"search_term_string\"}}],\"inLanguage\":\"fr-FR\"}]}<\/script>\n<!-- \/ Yoast SEO plugin. -->","yoast_head_json":{"title":"Emploi en moulage de plastique par thermoformage","description":"Des projets stimulants, une \u00e9quipe super et un travail stable avec une flexibilit\u00e9 d\u2019horaire : DX Plastiques, c\u2019est tout \u00e7a","robots":{"index":"index","follow":"follow","max-snippet":"max-snippet:-1","max-image-preview":"max-image-preview:large","max-video-preview":"max-video-preview:-1"},"canonical":"https:\/\/dxplastiques.com\/fr\/carriere\/","og_locale":"fr_FR","og_type":"article","og_title":"Emploi en moulage de plastique par thermoformage","og_description":"Des projets stimulants, une \u00e9quipe super et un travail stable avec une flexibilit\u00e9 d\u2019horaire : DX Plastiques, c\u2019est tout \u00e7a","og_url":"https:\/\/dxplastiques.com\/fr\/carriere\/","og_site_name":"DX Plastiques","article_modified_time":"2025-12-05T18:21:56+00:00","og_image":[{"width":1200,"height":628,"url":"https:\/\/dxplastiques.com\/wp-content\/uploads\/2021\/07\/facebook_share.png","type":"image\/png"}],"twitter_card":"summary_large_image","twitter_misc":{"Dur\u00e9e de lecture estim\u00e9e":"2 minutes"},"schema":{"@context":"https:\/\/schema.org","@graph":[{"@type":"WebPage","@id":"https:\/\/dxplastiques.com\/fr\/carriere\/","url":"https:\/\/dxplastiques.com\/fr\/carriere\/","name":"Emploi en moulage de plastique par thermoformage","isPartOf":{"@id":"https:\/\/dxplastiques.com\/fr\/#website"},"primaryImageOfPage":{"@id":"https:\/\/dxplastiques.com\/fr\/carriere\/#primaryimage"},"image":{"@id":"https:\/\/dxplastiques.com\/fr\/carriere\/#primaryimage"},"thumbnailUrl":"https:\/\/dxplastiques.com\/wp-content\/uploads\/2021\/07\/carriere_thermoformage.jpg","datePublished":"2021-07-06T14:33:12+00:00","dateModified":"2025-12-05T18:21:56+00:00","description":"Des projets stimulants, une \u00e9quipe super et un travail stable avec une flexibilit\u00e9 d\u2019horaire : DX Plastiques, c\u2019est tout \u00e7a","breadcrumb":{"@id":"https:\/\/dxplastiques.com\/fr\/carriere\/#breadcrumb"},"inLanguage":"fr-FR","potentialAction":[{"@type":"ReadAction","target":["https:\/\/dxplastiques.com\/fr\/carriere\/"]}]},{"@type":"ImageObject","inLanguage":"fr-FR","@id":"https:\/\/dxplastiques.com\/fr\/carriere\/#primaryimage","url":"https:\/\/dxplastiques.com\/wp-content\/uploads\/2021\/07\/carriere_thermoformage.jpg","contentUrl":"https:\/\/dxplastiques.com\/wp-content\/uploads\/2021\/07\/carriere_thermoformage.jpg"},{"@type":"BreadcrumbList","@id":"https:\/\/dxplastiques.com\/fr\/carriere\/#breadcrumb","itemListElement":[{"@type":"ListItem","position":1,"name":"Accueil","item":"https:\/\/dxplastiques.com\/fr\/"},{"@type":"ListItem","position":2,"name":"Carri\u00e8re"}]},{"@type":"WebSite","@id":"https:\/\/dxplastiques.com\/fr\/#website","url":"https:\/\/dxplastiques.com\/fr\/","name":"DX Plastiques","description":"","potentialAction":[{"@type":"SearchAction","target":{"@type":"EntryPoint","urlTemplate":"https:\/\/dxplastiques.com\/fr\/?s={search_term_string}"},"query-input":{"@type":"PropertyValueSpecification","valueRequired":true,"valueName":"search_term_string"}}],"inLanguage":"fr-FR"}]}},"_links":{"self":[{"href":"https:\/\/dxplastiques.com\/fr\/wp-json\/wp\/v2\/pages\/118","targetHints":{"allow":["GET"]}}],"collection":[{"href":"https:\/\/dxplastiques.com\/fr\/wp-json\/wp\/v2\/pages"}],"about":[{"href":"https:\/\/dxplastiques.com\/fr\/wp-json\/wp\/v2\/types\/page"}],"author":[{"embeddable":true,"href":"https:\/\/dxplastiques.com\/fr\/wp-json\/wp\/v2\/users\/1"}],"replies":[{"embeddable":true,"href":"https:\/\/dxplastiques.com\/fr\/wp-json\/wp\/v2\/comments?post=118"}],"version-history":[{"count":8,"href":"https:\/\/dxplastiques.com\/fr\/wp-json\/wp\/v2\/pages\/118\/revisions"}],"predecessor-version":[{"id":897,"href":"https:\/\/dxplastiques.com\/fr\/wp-json\/wp\/v2\/pages\/118\/revisions\/897"}],"wp:attachment":[{"href":"https:\/\/dxplastiques.com\/fr\/wp-json\/wp\/v2\/media?parent=118"}],"curies":[{"name":"wp","href":"https:\/\/api.w.org\/{rel}","templated":true}]}}