{"id":113,"date":"2021-07-06T10:30:13","date_gmt":"2021-07-06T14:30:13","guid":{"rendered":"https:\/\/dxplastiques.com\/?page_id=113"},"modified":"2021-07-15T10:48:08","modified_gmt":"2021-07-15T14:48:08","slug":"environnement","status":"publish","type":"page","link":"https:\/\/dxplastiques.com\/fr\/a-propos\/environnement\/","title":{"rendered":"L&rsquo;environnement"},"content":{"rendered":"<div id=\"pl-113\"  class=\"panel-layout\" ><div id=\"pg-113-0\"  class=\"panel-grid panel-has-style\" ><div class=\"row_spacing panel-row-style panel-row-style-for-113-0\" ><div id=\"pgc-113-0-0\"  class=\"panel-grid-cell panel-grid-cell-empty\" ><\/div><div id=\"pgc-113-0-1\"  class=\"panel-grid-cell panel-grid-cell-mobile-last\" ><div id=\"panel-113-0-1-0\" class=\"so-panel widget widget_black-studio-tinymce widget_black_studio_tinymce panel-first-child panel-last-child\" data-index=\"0\" ><div class=\"textwidget\"><h1 style=\"text-align: center;\"><span class=\"title_black_upp\" style=\"color: #890029;\">DX Plastiques - L'environnement<\/span><\/h1>\n<p style=\"text-align: center;\"><span class=\"big_text\" style=\"color: #869ca5;\">Page en construction<\/span><\/p>\n<p style=\"text-align: center;\">Revenez consulter cette page bient\u00f4t!<\/p>\n<\/div><\/div><\/div><div id=\"pgc-113-0-2\"  class=\"panel-grid-cell panel-grid-cell-empty\" ><\/div><\/div><\/div><div id=\"pg-113-1\"  class=\"panel-grid panel-has-style\" ><div class=\"red_row row_spacing panel-row-style panel-row-style-for-113-1\" ><div id=\"pgc-113-1-0\"  class=\"panel-grid-cell\" ><div id=\"panel-113-1-0-0\" class=\"so-panel widget widget_black-studio-tinymce widget_black_studio_tinymce panel-first-child panel-last-child\" data-index=\"1\" ><div class=\"textwidget\"><p style=\"text-align: center;\"><span class=\"title_box_blue\">DX Plastiques<\/span><\/p>\n<p style=\"text-align: center;\"><span class=\"title_black_upp\" style=\"color: #869ca5;\">l\u2019exp\u00e9rience \u00e0 votre service!<\/span><\/p>\n<p style=\"text-align: center;\"><span class=\"big_text\">Vous avez un projet de thermoformage de plastique? Faites-en part \u00e0 notre \u00e9quipe.<\/span><\/p>\n<p style=\"text-align: center;\"><span class=\"btn_plus\"><a href=\"\/fr\/nous-joindre\">Nous joindre <em>+<\/em><\/a><\/span><\/p>\n<\/div><\/div><\/div><\/div><\/div><div id=\"pg-113-2\"  class=\"panel-grid panel-has-style\" ><div class=\"row_spacing_bottom panel-row-style panel-row-style-for-113-2\" ><div id=\"pgc-113-2-0\"  class=\"panel-grid-cell\" ><div id=\"panel-113-2-0-0\" class=\"widget_text so-panel widget widget_custom_html panel-first-child panel-last-child\" data-index=\"2\" ><div class=\"textwidget custom-html-widget\">&nbsp;<\/div><\/div><\/div><\/div><\/div><\/div>","protected":false},"excerpt":{"rendered":"<p>DX Plastiques &#8211; L&rsquo;environnement Page en construction Revenez consulter cette page bient\u00f4t! DX Plastiques l\u2019exp\u00e9rience \u00e0 votre service! Vous avez un projet de thermoformage de plastique? Faites-en part \u00e0 notre \u00e9quipe. Nous joindre +<\/p>\n","protected":false},"author":1,"featured_media":0,"parent":69,"menu_order":7,"comment_status":"closed","ping_status":"closed","template":"","meta":{"_acf_changed":false,"footnotes":""},"class_list":["post-113","page","type-page","status-publish","hentry"],"acf":[],"yoast_head":"<!-- This site is optimized with the Yoast SEO plugin v27.5 - https:\/\/yoast.com\/product\/yoast-seo-wordpress\/ -->\n<title>Prendre soin de l\u2019environnement est important pour DX Plastiques.<\/title>\n<meta name=\"description\" content=\"Plus de 90 % des rejets de plastique retournent chez notre fournisseur pour \u00eatre regranul\u00e9.\" \/>\n<meta name=\"robots\" content=\"index, follow, max-snippet:-1, max-image-preview:large, max-video-preview:-1\" \/>\n<link rel=\"canonical\" href=\"https:\/\/dxplastiques.com\/fr\/a-propos\/environnement\/\" \/>\n<meta property=\"og:locale\" content=\"fr_FR\" \/>\n<meta property=\"og:type\" content=\"article\" \/>\n<meta property=\"og:title\" content=\"Prendre soin de l\u2019environnement est important pour DX Plastiques.\" \/>\n<meta property=\"og:description\" content=\"Plus de 90 % des rejets de plastique retournent chez notre fournisseur pour \u00eatre regranul\u00e9.\" \/>\n<meta property=\"og:url\" content=\"https:\/\/dxplastiques.com\/fr\/a-propos\/environnement\/\" \/>\n<meta property=\"og:site_name\" content=\"DX Plastiques\" \/>\n<meta property=\"article:modified_time\" content=\"2021-07-15T14:48:08+00:00\" \/>\n<meta property=\"og:image\" content=\"https:\/\/dxplastiques.com\/wp-content\/uploads\/2021\/07\/facebook_share.png\" \/>\n\t<meta property=\"og:image:width\" content=\"1200\" \/>\n\t<meta property=\"og:image:height\" content=\"628\" \/>\n\t<meta property=\"og:image:type\" content=\"image\/png\" \/>\n<meta name=\"twitter:card\" content=\"summary_large_image\" \/>\n<meta name=\"twitter:label1\" content=\"Dur\u00e9e de lecture estim\u00e9e\" \/>\n\t<meta name=\"twitter:data1\" content=\"1 minute\" \/>\n<script type=\"application\/ld+json\" class=\"yoast-schema-graph\">{\"@context\":\"https:\\\/\\\/schema.org\",\"@graph\":[{\"@type\":\"WebPage\",\"@id\":\"https:\\\/\\\/dxplastiques.com\\\/fr\\\/a-propos\\\/environnement\\\/\",\"url\":\"https:\\\/\\\/dxplastiques.com\\\/fr\\\/a-propos\\\/environnement\\\/\",\"name\":\"Prendre soin de l\u2019environnement est important pour DX Plastiques.\",\"isPartOf\":{\"@id\":\"https:\\\/\\\/dxplastiques.com\\\/fr\\\/#website\"},\"datePublished\":\"2021-07-06T14:30:13+00:00\",\"dateModified\":\"2021-07-15T14:48:08+00:00\",\"description\":\"Plus de 90 % des rejets de plastique retournent chez notre fournisseur pour \u00eatre regranul\u00e9.\",\"breadcrumb\":{\"@id\":\"https:\\\/\\\/dxplastiques.com\\\/fr\\\/a-propos\\\/environnement\\\/#breadcrumb\"},\"inLanguage\":\"fr-FR\",\"potentialAction\":[{\"@type\":\"ReadAction\",\"target\":[\"https:\\\/\\\/dxplastiques.com\\\/fr\\\/a-propos\\\/environnement\\\/\"]}]},{\"@type\":\"BreadcrumbList\",\"@id\":\"https:\\\/\\\/dxplastiques.com\\\/fr\\\/a-propos\\\/environnement\\\/#breadcrumb\",\"itemListElement\":[{\"@type\":\"ListItem\",\"position\":1,\"name\":\"Accueil\",\"item\":\"https:\\\/\\\/dxplastiques.com\\\/fr\\\/\"},{\"@type\":\"ListItem\",\"position\":2,\"name\":\"\u00c0 propos\",\"item\":\"https:\\\/\\\/dxplastiques.com\\\/fr\\\/a-propos\\\/\"},{\"@type\":\"ListItem\",\"position\":3,\"name\":\"L&rsquo;environnement\"}]},{\"@type\":\"WebSite\",\"@id\":\"https:\\\/\\\/dxplastiques.com\\\/fr\\\/#website\",\"url\":\"https:\\\/\\\/dxplastiques.com\\\/fr\\\/\",\"name\":\"DX Plastiques\",\"description\":\"\",\"potentialAction\":[{\"@type\":\"SearchAction\",\"target\":{\"@type\":\"EntryPoint\",\"urlTemplate\":\"https:\\\/\\\/dxplastiques.com\\\/fr\\\/?s={search_term_string}\"},\"query-input\":{\"@type\":\"PropertyValueSpecification\",\"valueRequired\":true,\"valueName\":\"search_term_string\"}}],\"inLanguage\":\"fr-FR\"}]}<\/script>\n<!-- \/ Yoast SEO plugin. -->","yoast_head_json":{"title":"Prendre soin de l\u2019environnement est important pour DX Plastiques.","description":"Plus de 90 % des rejets de plastique retournent chez notre fournisseur pour \u00eatre regranul\u00e9.","robots":{"index":"index","follow":"follow","max-snippet":"max-snippet:-1","max-image-preview":"max-image-preview:large","max-video-preview":"max-video-preview:-1"},"canonical":"https:\/\/dxplastiques.com\/fr\/a-propos\/environnement\/","og_locale":"fr_FR","og_type":"article","og_title":"Prendre soin de l\u2019environnement est important pour DX Plastiques.","og_description":"Plus de 90 % des rejets de plastique retournent chez notre fournisseur pour \u00eatre regranul\u00e9.","og_url":"https:\/\/dxplastiques.com\/fr\/a-propos\/environnement\/","og_site_name":"DX Plastiques","article_modified_time":"2021-07-15T14:48:08+00:00","og_image":[{"width":1200,"height":628,"url":"https:\/\/dxplastiques.com\/wp-content\/uploads\/2021\/07\/facebook_share.png","type":"image\/png"}],"twitter_card":"summary_large_image","twitter_misc":{"Dur\u00e9e de lecture estim\u00e9e":"1 minute"},"schema":{"@context":"https:\/\/schema.org","@graph":[{"@type":"WebPage","@id":"https:\/\/dxplastiques.com\/fr\/a-propos\/environnement\/","url":"https:\/\/dxplastiques.com\/fr\/a-propos\/environnement\/","name":"Prendre soin de l\u2019environnement est important pour DX Plastiques.","isPartOf":{"@id":"https:\/\/dxplastiques.com\/fr\/#website"},"datePublished":"2021-07-06T14:30:13+00:00","dateModified":"2021-07-15T14:48:08+00:00","description":"Plus de 90 % des rejets de plastique retournent chez notre fournisseur pour \u00eatre regranul\u00e9.","breadcrumb":{"@id":"https:\/\/dxplastiques.com\/fr\/a-propos\/environnement\/#breadcrumb"},"inLanguage":"fr-FR","potentialAction":[{"@type":"ReadAction","target":["https:\/\/dxplastiques.com\/fr\/a-propos\/environnement\/"]}]},{"@type":"BreadcrumbList","@id":"https:\/\/dxplastiques.com\/fr\/a-propos\/environnement\/#breadcrumb","itemListElement":[{"@type":"ListItem","position":1,"name":"Accueil","item":"https:\/\/dxplastiques.com\/fr\/"},{"@type":"ListItem","position":2,"name":"\u00c0 propos","item":"https:\/\/dxplastiques.com\/fr\/a-propos\/"},{"@type":"ListItem","position":3,"name":"L&rsquo;environnement"}]},{"@type":"WebSite","@id":"https:\/\/dxplastiques.com\/fr\/#website","url":"https:\/\/dxplastiques.com\/fr\/","name":"DX Plastiques","description":"","potentialAction":[{"@type":"SearchAction","target":{"@type":"EntryPoint","urlTemplate":"https:\/\/dxplastiques.com\/fr\/?s={search_term_string}"},"query-input":{"@type":"PropertyValueSpecification","valueRequired":true,"valueName":"search_term_string"}}],"inLanguage":"fr-FR"}]}},"_links":{"self":[{"href":"https:\/\/dxplastiques.com\/fr\/wp-json\/wp\/v2\/pages\/113","targetHints":{"allow":["GET"]}}],"collection":[{"href":"https:\/\/dxplastiques.com\/fr\/wp-json\/wp\/v2\/pages"}],"about":[{"href":"https:\/\/dxplastiques.com\/fr\/wp-json\/wp\/v2\/types\/page"}],"author":[{"embeddable":true,"href":"https:\/\/dxplastiques.com\/fr\/wp-json\/wp\/v2\/users\/1"}],"replies":[{"embeddable":true,"href":"https:\/\/dxplastiques.com\/fr\/wp-json\/wp\/v2\/comments?post=113"}],"version-history":[{"count":9,"href":"https:\/\/dxplastiques.com\/fr\/wp-json\/wp\/v2\/pages\/113\/revisions"}],"predecessor-version":[{"id":117,"href":"https:\/\/dxplastiques.com\/fr\/wp-json\/wp\/v2\/pages\/113\/revisions\/117"}],"up":[{"embeddable":true,"href":"https:\/\/dxplastiques.com\/fr\/wp-json\/wp\/v2\/pages\/69"}],"wp:attachment":[{"href":"https:\/\/dxplastiques.com\/fr\/wp-json\/wp\/v2\/media?parent=113"}],"curies":[{"name":"wp","href":"https:\/\/api.w.org\/{rel}","templated":true}]}}