{"id":187,"date":"2021-07-06T10:30:13","date_gmt":"2021-07-06T14:30:13","guid":{"rendered":"https:\/\/dxplastiques.com\/about-us\/lenvironnement\/"},"modified":"2021-07-06T13:51:25","modified_gmt":"2021-07-06T17:51:25","slug":"environment","status":"publish","type":"page","link":"https:\/\/dxplastiques.com\/en\/about-us\/environment\/","title":{"rendered":"Environment"},"content":{"rendered":"<div id=\"pl-187\"  class=\"panel-layout\" ><div id=\"pg-187-0\"  class=\"panel-grid panel-has-style\" ><div class=\"row_spacing panel-row-style panel-row-style-for-187-0\" ><div id=\"pgc-187-0-0\"  class=\"panel-grid-cell panel-grid-cell-empty\" ><\/div><div id=\"pgc-187-0-1\"  class=\"panel-grid-cell panel-grid-cell-mobile-last\" ><div id=\"panel-187-0-1-0\" class=\"so-panel widget widget_black-studio-tinymce widget_black_studio_tinymce panel-first-child panel-last-child\" data-index=\"0\" ><div class=\"textwidget\"><h1 style=\"text-align: center;\"><span class=\"title_black_upp\" style=\"color: #890029;\">page en construction<\/span><\/h1>\n<p style=\"text-align: center;\"><span class=\"title_box_grey\">DX Plastiques<\/span><\/p>\n<p style=\"text-align: center;\">Revenez consulter cette page bient\u00f4t!<\/p>\n<\/div><\/div><\/div><div id=\"pgc-187-0-2\"  class=\"panel-grid-cell panel-grid-cell-empty\" ><\/div><\/div><\/div><div id=\"pg-187-1\"  class=\"panel-grid panel-has-style\" ><div class=\"red_row row_spacing panel-row-style panel-row-style-for-187-1\" ><div id=\"pgc-187-1-0\"  class=\"panel-grid-cell\" ><div id=\"panel-187-1-0-0\" class=\"so-panel widget widget_black-studio-tinymce widget_black_studio_tinymce panel-first-child panel-last-child\" data-index=\"1\" ><div class=\"textwidget\"><p style=\"text-align: center;\"><span class=\"title_box_blue\">DX Plastiques<\/span><\/p>\n<p style=\"text-align: center;\"><span class=\"title_black_upp\" style=\"color: #869ca5;\">l\u2019exp\u00e9rience \u00e0 votre service!<\/span><\/p>\n<p style=\"text-align: center;\"><span class=\"big_text\">Vous avez un projet de thermoformage de plastique? Faites-en part \u00e0 notre \u00e9quipe.<\/span><\/p>\n<p style=\"text-align: center;\"><span class=\"btn_plus\"><a href=\"\/nous-joindre\">Nous joindre <em>+<\/em><\/a><\/span><\/p>\n<\/div><\/div><\/div><\/div><\/div><div id=\"pg-187-2\"  class=\"panel-grid panel-has-style\" ><div class=\"row_spacing_bottom panel-row-style panel-row-style-for-187-2\" ><div id=\"pgc-187-2-0\"  class=\"panel-grid-cell\" ><div id=\"panel-187-2-0-0\" class=\"widget_text so-panel widget widget_custom_html panel-first-child panel-last-child\" data-index=\"2\" ><div class=\"textwidget custom-html-widget\">&nbsp;<\/div><\/div><\/div><\/div><\/div><\/div>","protected":false},"excerpt":{"rendered":"<p>page en construction DX Plastiques Revenez consulter cette page bient\u00f4t! DX Plastiques l\u2019exp\u00e9rience \u00e0 votre service! Vous avez un projet de thermoformage de plastique? Faites-en part \u00e0 notre \u00e9quipe. Nous joindre +<\/p>\n","protected":false},"author":1,"featured_media":0,"parent":173,"menu_order":7,"comment_status":"closed","ping_status":"closed","template":"","meta":{"_acf_changed":false,"footnotes":""},"class_list":["post-187","page","type-page","status-publish","hentry"],"acf":[],"yoast_head":"<!-- This site is optimized with the Yoast SEO plugin v27.5 - https:\/\/yoast.com\/product\/yoast-seo-wordpress\/ -->\n<title>Environment - DX Plastiques<\/title>\n<meta name=\"robots\" content=\"index, follow, max-snippet:-1, max-image-preview:large, max-video-preview:-1\" \/>\n<link rel=\"canonical\" href=\"https:\/\/dxplastiques.com\/en\/about-us\/environment\/\" \/>\n<meta property=\"og:locale\" content=\"en_US\" \/>\n<meta property=\"og:type\" content=\"article\" \/>\n<meta property=\"og:title\" content=\"Environment - DX Plastiques\" \/>\n<meta property=\"og:description\" content=\"page en construction DX Plastiques Revenez consulter cette page bient\u00f4t! DX Plastiques l\u2019exp\u00e9rience \u00e0 votre service! Vous avez un projet de thermoformage de plastique? Faites-en part \u00e0 notre \u00e9quipe. Nous joindre +\" \/>\n<meta property=\"og:url\" content=\"https:\/\/dxplastiques.com\/en\/about-us\/environment\/\" \/>\n<meta property=\"og:site_name\" content=\"DX Plastiques\" \/>\n<meta property=\"article:modified_time\" content=\"2021-07-06T17:51:25+00:00\" \/>\n<meta property=\"og:image\" content=\"https:\/\/dxplastiques.com\/wp-content\/uploads\/2021\/07\/facebook_share.png\" \/>\n\t<meta property=\"og:image:width\" content=\"1200\" \/>\n\t<meta property=\"og:image:height\" content=\"628\" \/>\n\t<meta property=\"og:image:type\" content=\"image\/png\" \/>\n<meta name=\"twitter:card\" content=\"summary_large_image\" \/>\n<meta name=\"twitter:label1\" content=\"Est. reading time\" \/>\n\t<meta name=\"twitter:data1\" content=\"1 minute\" \/>\n<script type=\"application\/ld+json\" class=\"yoast-schema-graph\">{\"@context\":\"https:\\\/\\\/schema.org\",\"@graph\":[{\"@type\":\"WebPage\",\"@id\":\"https:\\\/\\\/dxplastiques.com\\\/en\\\/about-us\\\/environment\\\/\",\"url\":\"https:\\\/\\\/dxplastiques.com\\\/en\\\/about-us\\\/environment\\\/\",\"name\":\"Environment - DX Plastiques\",\"isPartOf\":{\"@id\":\"https:\\\/\\\/dxplastiques.com\\\/en\\\/#website\"},\"datePublished\":\"2021-07-06T14:30:13+00:00\",\"dateModified\":\"2021-07-06T17:51:25+00:00\",\"breadcrumb\":{\"@id\":\"https:\\\/\\\/dxplastiques.com\\\/en\\\/about-us\\\/environment\\\/#breadcrumb\"},\"inLanguage\":\"en-US\",\"potentialAction\":[{\"@type\":\"ReadAction\",\"target\":[\"https:\\\/\\\/dxplastiques.com\\\/en\\\/about-us\\\/environment\\\/\"]}]},{\"@type\":\"BreadcrumbList\",\"@id\":\"https:\\\/\\\/dxplastiques.com\\\/en\\\/about-us\\\/environment\\\/#breadcrumb\",\"itemListElement\":[{\"@type\":\"ListItem\",\"position\":1,\"name\":\"Accueil\",\"item\":\"https:\\\/\\\/dxplastiques.com\\\/en\\\/\"},{\"@type\":\"ListItem\",\"position\":2,\"name\":\"About us\",\"item\":\"https:\\\/\\\/dxplastiques.com\\\/en\\\/about-us\\\/\"},{\"@type\":\"ListItem\",\"position\":3,\"name\":\"Environment\"}]},{\"@type\":\"WebSite\",\"@id\":\"https:\\\/\\\/dxplastiques.com\\\/en\\\/#website\",\"url\":\"https:\\\/\\\/dxplastiques.com\\\/en\\\/\",\"name\":\"DX Plastiques\",\"description\":\"\",\"potentialAction\":[{\"@type\":\"SearchAction\",\"target\":{\"@type\":\"EntryPoint\",\"urlTemplate\":\"https:\\\/\\\/dxplastiques.com\\\/en\\\/?s={search_term_string}\"},\"query-input\":{\"@type\":\"PropertyValueSpecification\",\"valueRequired\":true,\"valueName\":\"search_term_string\"}}],\"inLanguage\":\"en-US\"}]}<\/script>\n<!-- \/ Yoast SEO plugin. -->","yoast_head_json":{"title":"Environment - DX Plastiques","robots":{"index":"index","follow":"follow","max-snippet":"max-snippet:-1","max-image-preview":"max-image-preview:large","max-video-preview":"max-video-preview:-1"},"canonical":"https:\/\/dxplastiques.com\/en\/about-us\/environment\/","og_locale":"en_US","og_type":"article","og_title":"Environment - DX Plastiques","og_description":"page en construction DX Plastiques Revenez consulter cette page bient\u00f4t! DX Plastiques l\u2019exp\u00e9rience \u00e0 votre service! Vous avez un projet de thermoformage de plastique? Faites-en part \u00e0 notre \u00e9quipe. Nous joindre +","og_url":"https:\/\/dxplastiques.com\/en\/about-us\/environment\/","og_site_name":"DX Plastiques","article_modified_time":"2021-07-06T17:51:25+00:00","og_image":[{"width":1200,"height":628,"url":"https:\/\/dxplastiques.com\/wp-content\/uploads\/2021\/07\/facebook_share.png","type":"image\/png"}],"twitter_card":"summary_large_image","twitter_misc":{"Est. reading time":"1 minute"},"schema":{"@context":"https:\/\/schema.org","@graph":[{"@type":"WebPage","@id":"https:\/\/dxplastiques.com\/en\/about-us\/environment\/","url":"https:\/\/dxplastiques.com\/en\/about-us\/environment\/","name":"Environment - DX Plastiques","isPartOf":{"@id":"https:\/\/dxplastiques.com\/en\/#website"},"datePublished":"2021-07-06T14:30:13+00:00","dateModified":"2021-07-06T17:51:25+00:00","breadcrumb":{"@id":"https:\/\/dxplastiques.com\/en\/about-us\/environment\/#breadcrumb"},"inLanguage":"en-US","potentialAction":[{"@type":"ReadAction","target":["https:\/\/dxplastiques.com\/en\/about-us\/environment\/"]}]},{"@type":"BreadcrumbList","@id":"https:\/\/dxplastiques.com\/en\/about-us\/environment\/#breadcrumb","itemListElement":[{"@type":"ListItem","position":1,"name":"Accueil","item":"https:\/\/dxplastiques.com\/en\/"},{"@type":"ListItem","position":2,"name":"About us","item":"https:\/\/dxplastiques.com\/en\/about-us\/"},{"@type":"ListItem","position":3,"name":"Environment"}]},{"@type":"WebSite","@id":"https:\/\/dxplastiques.com\/en\/#website","url":"https:\/\/dxplastiques.com\/en\/","name":"DX Plastiques","description":"","potentialAction":[{"@type":"SearchAction","target":{"@type":"EntryPoint","urlTemplate":"https:\/\/dxplastiques.com\/en\/?s={search_term_string}"},"query-input":{"@type":"PropertyValueSpecification","valueRequired":true,"valueName":"search_term_string"}}],"inLanguage":"en-US"}]}},"_links":{"self":[{"href":"https:\/\/dxplastiques.com\/en\/wp-json\/wp\/v2\/pages\/187","targetHints":{"allow":["GET"]}}],"collection":[{"href":"https:\/\/dxplastiques.com\/en\/wp-json\/wp\/v2\/pages"}],"about":[{"href":"https:\/\/dxplastiques.com\/en\/wp-json\/wp\/v2\/types\/page"}],"author":[{"embeddable":true,"href":"https:\/\/dxplastiques.com\/en\/wp-json\/wp\/v2\/users\/1"}],"replies":[{"embeddable":true,"href":"https:\/\/dxplastiques.com\/en\/wp-json\/wp\/v2\/comments?post=187"}],"version-history":[{"count":2,"href":"https:\/\/dxplastiques.com\/en\/wp-json\/wp\/v2\/pages\/187\/revisions"}],"predecessor-version":[{"id":189,"href":"https:\/\/dxplastiques.com\/en\/wp-json\/wp\/v2\/pages\/187\/revisions\/189"}],"up":[{"embeddable":true,"href":"https:\/\/dxplastiques.com\/en\/wp-json\/wp\/v2\/pages\/173"}],"wp:attachment":[{"href":"https:\/\/dxplastiques.com\/en\/wp-json\/wp\/v2\/media?parent=187"}],"curies":[{"name":"wp","href":"https:\/\/api.w.org\/{rel}","templated":true}]}}